{"id":26373,"date":"2019-06-04T16:20:17","date_gmt":"2019-06-04T14:20:17","guid":{"rendered":"https:\/\/www.creaearredanegozi.it\/?post_type=product&#038;p=26373"},"modified":"2025-04-01T20:06:31","modified_gmt":"2025-04-01T18:06:31","slug":"schrank-waschbecken-schiebeturen-1-waschbecken-abtropfschale-links-edelstahl-aisi-430-tiefe-60-cm","status":"publish","type":"product","link":"https:\/\/www.creaearredanegozi.it\/de\/schrank-waschbecken-schiebeturen-1-waschbecken-abtropfschale-links-edelstahl-aisi-430-tiefe-60-cm\/","title":{"rendered":"Schiebet\u00fcrschrank Waschtisch 1 Becken Tropfschale links Edelstahl Aisi 430 Tiefe 60 cm"},"content":{"rendered":"<p style=\"text-align: center;\"><strong>Schiebet\u00fcrschrank Waschtisch 1 Becken Tropfschale links Edelstahl Aisi 430 Tiefe 60 cm<\/strong><\/p>\n<p>Waschbecken aus Edelstahl, Struktur aus Aisi 430, Platte und Becken aus AISI 304, auf Schrank mit Schiebet\u00fcren, offene R\u00fcckseite, mit 1 Becken und einer Abtropfschale links. 30 cm tiefes Waschbecken. Ohne Bohrung f\u00fcr Mischbatterie.<\/p>\n<ul>\n<li>Ausgestattet mit einer Spritzwand.<\/li>\n<li>Schranktiefe 60 cm.<\/li>\n<li>H\u00f6he 85 cm.<\/li>\n<\/ul>\n<p><img decoding=\"async\" class=\"alignnone size-medium wp-image-25897 aligncenter\" src=\"https:\/\/www.creaearredanegozi.it\/wp-content\/uploads\/2019\/05\/lavatoio-dim-500x282.png\" alt=\"\" width=\"500\" height=\"282\" title=\"\" srcset=\"https:\/\/www.creaearredanegozi.it\/wp-content\/uploads\/2019\/05\/lavatoio-dim.png 500w, https:\/\/www.creaearredanegozi.it\/wp-content\/uploads\/2019\/05\/lavatoio-dim-64x36.png 64w, https:\/\/www.creaearredanegozi.it\/wp-content\/uploads\/2019\/05\/lavatoio-dim-200x113.png 200w, https:\/\/www.creaearredanegozi.it\/wp-content\/uploads\/2019\/05\/lavatoio-dim-400x226.png 400w\" sizes=\"(max-width: 500px) 100vw, 500px\" \/><\/p>\n<p><strong>Verf\u00fcgbare Gr\u00f6\u00dfen:<\/strong><\/p>\n<ul>\n<li>100x60x85 cm. Wanne: 40x40x30 cm<\/li>\n<li>110x60x85 cm Wanne: 50x40x30 cm<\/li>\n<li>120x60x85 cm Wanne: 50x40x30 cm<\/li>\n<li>130x60x85 cm Wanne: 50x40x30 cm<\/li>\n<li>140x60x85 cm Wanne: 50x40x30 cm<\/li>\n<li>150x60x85 cm Wanne: 50x40x30 cm<\/li>\n<li>160x60x85 cm Wanne: 50x40x30 cm<\/li>\n<\/ul>","protected":false},"excerpt":{"rendered":"<p>Lavatoio armadiato porte scorrevoli 1 vasca gocciolatoio a sinistra acciaio inox Aisi 430 profondit\u00e0 60 cm Lavatoio in acciaio inox, struttura in Aisi 430, top e vasca in AISI 304, su armadio con porte scorrevoli, schienale aperto, con 1 vasca e un gocciolatoio a sinistra. Vasca profonda 30 cm. Senza foro per miscelatore. Dotato di [&#8230;]","protected":false},"featured_media":128800,"comment_status":"closed","ping_status":"closed","template":"","meta":{"_monsterinsights_skip_tracking":false,"_monsterinsights_sitenote_active":false,"_monsterinsights_sitenote_note":"","_monsterinsights_sitenote_category":0},"product_brand":[772],"product_cat":[18,119],"product_tag":[],"class_list":{"0":"post-26373","1":"product","2":"type-product","3":"status-publish","4":"has-post-thumbnail","6":"product_brand-crea-e-arreda-negozi","7":"product_cat-arredo-acciaio-inox","8":"product_cat-lavatoi","9":"pa_dotazione-con-alzatina","10":"pa_dotazione-con-gocciolatoio","11":"pa_dotazione-con-ripiano-inferiore","12":"pa_profondita-linea-60","13":"pa_tipo-acciaio-aisi-linea-hq-aisi-304","14":"pa_versione-armadiato-con-porte","16":"first","17":"instock","18":"taxable","19":"shipping-taxable","20":"purchasable","21":"product-type-variable"},"_links":{"self":[{"href":"https:\/\/www.creaearredanegozi.it\/de\/wp-json\/wp\/v2\/product\/26373","targetHints":{"allow":["GET"]}}],"collection":[{"href":"https:\/\/www.creaearredanegozi.it\/de\/wp-json\/wp\/v2\/product"}],"about":[{"href":"https:\/\/www.creaearredanegozi.it\/de\/wp-json\/wp\/v2\/types\/product"}],"replies":[{"embeddable":true,"href":"https:\/\/www.creaearredanegozi.it\/de\/wp-json\/wp\/v2\/comments?post=26373"}],"wp:featuredmedia":[{"embeddable":true,"href":"https:\/\/www.creaearredanegozi.it\/de\/wp-json\/wp\/v2\/media\/128800"}],"wp:attachment":[{"href":"https:\/\/www.creaearredanegozi.it\/de\/wp-json\/wp\/v2\/media?parent=26373"}],"wp:term":[{"taxonomy":"product_brand","embeddable":true,"href":"https:\/\/www.creaearredanegozi.it\/de\/wp-json\/wp\/v2\/product_brand?post=26373"},{"taxonomy":"product_cat","embeddable":true,"href":"https:\/\/www.creaearredanegozi.it\/de\/wp-json\/wp\/v2\/product_cat?post=26373"},{"taxonomy":"product_tag","embeddable":true,"href":"https:\/\/www.creaearredanegozi.it\/de\/wp-json\/wp\/v2\/product_tag?post=26373"}],"curies":[{"name":"wp","href":"https:\/\/api.w.org\/{rel}","templated":true}]}}