{"id":26447,"date":"2019-06-04T19:49:35","date_gmt":"2019-06-04T17:49:35","guid":{"rendered":"https:\/\/www.creaearredanegozi.it\/?post_type=product&#038;p=26447"},"modified":"2024-05-09T12:36:09","modified_gmt":"2024-05-09T10:36:09","slug":"waschbecken-2-becken-und-abtropfschale-rechte-schrankwand-schiebeturen-edelstahl-aisi-430-tiefe-60-cm","status":"publish","type":"product","link":"https:\/\/www.creaearredanegozi.it\/de\/waschbecken-2-becken-und-abtropfschale-rechte-schrankwand-schiebeturen-edelstahl-aisi-430-tiefe-60-cm\/","title":{"rendered":"Waschtisch 2 Becken und Abtropfschale auf der rechten Seite Schrank Schiebet\u00fcren Edelstahl Aisi 430 Tiefe 60 cm"},"content":{"rendered":"<p style=\"text-align: center;\"><strong>Waschtisch 2 Becken und Abtropfschale auf der rechten Seite Schrank Schiebet\u00fcren Edelstahl Aisi 430 Tiefe 60 cm<\/strong><\/p>\n<p>Waschtisch aus Edelstahl Aisi 430 mit Schiebet\u00fcren, mit 2 Becken und 1 Abtropfschale auf der rechten Seite. Tiefe des Beckens 30 cm.<\/p>\n<ul>\n<li>Ausgestattet mit Aufkantung und Abfluss<\/li>\n<li>Tiefe 60 cm.<\/li>\n<li>H\u00f6he 85 cm.<\/li>\n<\/ul>\n<p><a href=\"https:\/\/www.creaearredanegozi.it\/wp-content\/uploads\/2019\/06\/Dimensioni-lavello-armadiato.png\"><img decoding=\"async\" class=\"alignnone wp-image-126916 size-full aligncenter\" src=\"https:\/\/www.creaearredanegozi.it\/wp-content\/uploads\/2019\/06\/Dimensioni-lavello-armadiato.png\" alt=\"\" width=\"500\" height=\"283\" title=\"\" srcset=\"https:\/\/www.creaearredanegozi.it\/wp-content\/uploads\/2019\/06\/Dimensioni-lavello-armadiato.png 500w, https:\/\/www.creaearredanegozi.it\/wp-content\/uploads\/2019\/06\/Dimensioni-lavello-armadiato-64x36.png 64w\" sizes=\"(max-width: 500px) 100vw, 500px\" \/><\/a><\/p>\n<p><strong>Verf\u00fcgbare Gr\u00f6\u00dfen:<\/strong><\/p>\n<ul>\n<li>140x60x85 cm Wanne: 40x40x30 cm<\/li>\n<li>150x60x85 cm Wanne: 40x40x30 cm<\/li>\n<li>160x60x85 cm Wanne: 50x40x30 cm<\/li>\n<li>170x60x85 cm Wanne: 50x40x30 cm<\/li>\n<li>180x60x85 cm Wanne: 50x40x30 cm<\/li>\n<li>190x60x85 cm Wanne: 50x40x30 cm<\/li>\n<li>200x60x85 cm Wanne: 50x40x30 cm<\/li>\n<\/ul>","protected":false},"excerpt":{"rendered":"<p>Lavatoio 2 vasche e gocciolatoio a destra armadiato porte scorrevoli acciaio inox Aisi 430 profondit\u00e0 60 cm Lavatoio in acciaio inox Aisi 430 armadiato con porte scorrevoli, con 2 vasche e 1 gocciolatoio a destra. Profondit\u00e0 vasca 30 cm. Dotato di alzatina e pilette Profondit\u00e0 60 cm. Altezza 85 cm. Dimensioni disponibili: 140x60x85 cm Vasca: [&#8230;]","protected":false},"featured_media":127675,"comment_status":"closed","ping_status":"closed","template":"","meta":{"_monsterinsights_skip_tracking":false,"_monsterinsights_sitenote_active":false,"_monsterinsights_sitenote_note":"","_monsterinsights_sitenote_category":0},"product_brand":[772],"product_cat":[18,119],"product_tag":[],"class_list":{"0":"post-26447","1":"product","2":"type-product","3":"status-publish","4":"has-post-thumbnail","6":"product_brand-crea-e-arreda-negozi","7":"product_cat-arredo-acciaio-inox","8":"product_cat-lavatoi","9":"pa_dotazione-2-vasche","10":"pa_dotazione-con-alzatina","11":"pa_dotazione-con-gocciolatoio","12":"pa_dotazione-con-ripiano-inferiore","13":"pa_profondita-linea-60","14":"pa_tipo-acciaio-aisi-linea-eco-aisi-430","15":"pa_versione-armadiato-con-porte","17":"first","18":"instock","19":"taxable","20":"shipping-taxable","21":"purchasable","22":"product-type-variable"},"_links":{"self":[{"href":"https:\/\/www.creaearredanegozi.it\/de\/wp-json\/wp\/v2\/product\/26447","targetHints":{"allow":["GET"]}}],"collection":[{"href":"https:\/\/www.creaearredanegozi.it\/de\/wp-json\/wp\/v2\/product"}],"about":[{"href":"https:\/\/www.creaearredanegozi.it\/de\/wp-json\/wp\/v2\/types\/product"}],"replies":[{"embeddable":true,"href":"https:\/\/www.creaearredanegozi.it\/de\/wp-json\/wp\/v2\/comments?post=26447"}],"wp:featuredmedia":[{"embeddable":true,"href":"https:\/\/www.creaearredanegozi.it\/de\/wp-json\/wp\/v2\/media\/127675"}],"wp:attachment":[{"href":"https:\/\/www.creaearredanegozi.it\/de\/wp-json\/wp\/v2\/media?parent=26447"}],"wp:term":[{"taxonomy":"product_brand","embeddable":true,"href":"https:\/\/www.creaearredanegozi.it\/de\/wp-json\/wp\/v2\/product_brand?post=26447"},{"taxonomy":"product_cat","embeddable":true,"href":"https:\/\/www.creaearredanegozi.it\/de\/wp-json\/wp\/v2\/product_cat?post=26447"},{"taxonomy":"product_tag","embeddable":true,"href":"https:\/\/www.creaearredanegozi.it\/de\/wp-json\/wp\/v2\/product_tag?post=26447"}],"curies":[{"name":"wp","href":"https:\/\/api.w.org\/{rel}","templated":true}]}}