{"id":26493,"date":"2019-06-05T10:08:29","date_gmt":"2019-06-05T08:08:29","guid":{"rendered":"https:\/\/www.creaearredanegozi.it\/?post_type=product&#038;p=26493"},"modified":"2023-11-17T20:10:05","modified_gmt":"2023-11-17T19:10:05","slug":"lavatoio-1-vasca-acciaio-inox-aisi-430-ripiano-inferiore-profondita-70-cm","status":"publish","type":"product","link":"https:\/\/www.creaearredanegozi.it\/de\/lavatoio-1-vasca-acciaio-inox-aisi-430-ripiano-inferiore-profondita-70-cm\/","title":{"rendered":"Waschtisch 1 Becken Edelstahl Aisi 430 untere Ablagetiefe 70 cm"},"content":{"rendered":"<p><strong>Waschtisch 1 Becken Edelstahl Aisi 430 untere Ablagetiefe 70 cm<\/strong><\/p>\n<p>Lavatoio in acciaio inox Aisi 430 su 4 gambe quadrate, con 1 vasca e con ripiano inferiore. Vasca profondit\u00e0 50 cm e altezza 30 cm. Dotato di Alzatina.<\/p>\n<ul>\n<li>Tiefe 70 cm.<\/li>\n<li>H\u00f6he 85 cm.<\/li>\n<\/ul>\n<p><img decoding=\"async\" class=\"alignnone size-medium wp-image-25897 aligncenter\" src=\"https:\/\/www.creaearredanegozi.it\/wp-content\/uploads\/2019\/05\/lavatoio-dim-500x282.png\" alt=\"\" width=\"500\" height=\"282\" title=\"\" srcset=\"https:\/\/www.creaearredanegozi.it\/wp-content\/uploads\/2019\/05\/lavatoio-dim.png 500w, https:\/\/www.creaearredanegozi.it\/wp-content\/uploads\/2019\/05\/lavatoio-dim-64x36.png 64w, https:\/\/www.creaearredanegozi.it\/wp-content\/uploads\/2019\/05\/lavatoio-dim-200x113.png 200w, https:\/\/www.creaearredanegozi.it\/wp-content\/uploads\/2019\/05\/lavatoio-dim-400x226.png 400w\" sizes=\"(max-width: 500px) 100vw, 500px\" \/><\/p>\n<p style=\"text-align: center;\"><strong>Verf\u00fcgbare Gr\u00f6\u00dfen<\/strong><\/p>\n<table class=\"mtr-table mtr-thead-td\" style=\"width: 100%;\">\n<thead>\n<tr>\n<td class=\"mtr-td-tag\" style=\"text-align: center;\" data-mtr-content=\"Lunghezza (cm)\">\n<div class=\"mtr-cell-content\"><strong>L\u00e4nge (cm)<\/strong><\/div>\n<\/td>\n<td class=\"mtr-td-tag\" style=\"text-align: center;\" data-mtr-content=\"Profondit\u00e0 (cm)\">\n<div class=\"mtr-cell-content\"><strong>Tiefe (cm)<\/strong><\/div>\n<\/td>\n<td class=\"mtr-td-tag\" style=\"text-align: center;\" data-mtr-content=\"Altezza (cm)\">\n<div class=\"mtr-cell-content\"><strong>H\u00f6he (cm)<\/strong><\/div>\n<\/td>\n<td class=\"mtr-td-tag\" style=\"text-align: center;\" data-mtr-content=\"Dimensioni Vasca\">\n<div class=\"mtr-cell-content\"><strong>Abmessungen der Wanne<\/strong><\/div>\n<\/td>\n<td class=\"mtr-td-tag\" style=\"text-align: center;\" data-mtr-content=\"Kg\">\n<div class=\"mtr-cell-content\"><strong>Kg<\/strong><\/div>\n<\/td>\n<\/tr>\n<\/thead>\n<tbody>\n<tr>\n<td class=\"mtr-td-tag\" style=\"text-align: center;\" data-mtr-content=\"Lunghezza (cm)\">\n<div class=\"mtr-cell-content\">50<\/div>\n<\/td>\n<td class=\"mtr-td-tag\" style=\"text-align: center;\" data-mtr-content=\"Profondit\u00e0 (cm)\">\n<div class=\"mtr-cell-content\">70<\/div>\n<\/td>\n<td class=\"mtr-td-tag\" style=\"text-align: center;\" data-mtr-content=\"Altezza (cm)\">\n<div class=\"mtr-cell-content\">85<\/div>\n<\/td>\n<td class=\"mtr-td-tag\" style=\"text-align: center;\" data-mtr-content=\"Dimensioni Vasca\">\n<div class=\"mtr-cell-content\">40 x 50 x 30h cm<\/div>\n<\/td>\n<td class=\"mtr-td-tag\" style=\"text-align: center;\" data-mtr-content=\"Kg\">\n<div class=\"mtr-cell-content\">26<\/div>\n<\/td>\n<\/tr>\n<tr>\n<td class=\"mtr-td-tag\" style=\"text-align: center;\" data-mtr-content=\"Lunghezza (cm)\">\n<div class=\"mtr-cell-content\">60<\/div>\n<\/td>\n<td class=\"mtr-td-tag\" style=\"text-align: center;\" data-mtr-content=\"Profondit\u00e0 (cm)\">\n<div class=\"mtr-cell-content\">70<\/div>\n<\/td>\n<td class=\"mtr-td-tag\" style=\"text-align: center;\" data-mtr-content=\"Altezza (cm)\">\n<div class=\"mtr-cell-content\">85<\/div>\n<\/td>\n<td class=\"mtr-td-tag\" style=\"text-align: center;\" data-mtr-content=\"Dimensioni Vasca\">\n<div class=\"mtr-cell-content\">40 x 50 x 30h cm<\/div>\n<\/td>\n<td class=\"mtr-td-tag\" style=\"text-align: center;\" data-mtr-content=\"Kg\">\n<div class=\"mtr-cell-content\">27<\/div>\n<\/td>\n<\/tr>\n<tr>\n<td class=\"mtr-td-tag\" style=\"text-align: center;\" data-mtr-content=\"Lunghezza (cm)\">\n<div class=\"mtr-cell-content\">70<\/div>\n<\/td>\n<td class=\"mtr-td-tag\" style=\"text-align: center;\" data-mtr-content=\"Profondit\u00e0 (cm)\">\n<div class=\"mtr-cell-content\">70<\/div>\n<\/td>\n<td class=\"mtr-td-tag\" style=\"text-align: center;\" data-mtr-content=\"Altezza (cm)\">\n<div class=\"mtr-cell-content\">85<\/div>\n<\/td>\n<td class=\"mtr-td-tag\" style=\"text-align: center;\" data-mtr-content=\"Dimensioni Vasca\">\n<div class=\"mtr-cell-content\">60 x 50 x 30h cm<\/div>\n<\/td>\n<td class=\"mtr-td-tag\" style=\"text-align: center;\" data-mtr-content=\"Kg\">\n<div class=\"mtr-cell-content\">28<\/div>\n<\/td>\n<\/tr>\n<tr>\n<td class=\"mtr-td-tag\" style=\"text-align: center;\" data-mtr-content=\"Lunghezza (cm)\">\n<div class=\"mtr-cell-content\">80<\/div>\n<\/td>\n<td class=\"mtr-td-tag\" style=\"text-align: center;\" data-mtr-content=\"Profondit\u00e0 (cm)\">\n<div class=\"mtr-cell-content\">70<\/div>\n<\/td>\n<td class=\"mtr-td-tag\" style=\"text-align: center;\" data-mtr-content=\"Altezza (cm)\">\n<div class=\"mtr-cell-content\">85<\/div>\n<\/td>\n<td class=\"mtr-td-tag\" style=\"text-align: center;\" data-mtr-content=\"Dimensioni Vasca\">\n<div class=\"mtr-cell-content\">60 x 50 x 30h cm<\/div>\n<\/td>\n<td class=\"mtr-td-tag\" style=\"text-align: center;\" data-mtr-content=\"Kg\">\n<div class=\"mtr-cell-content\">33<\/div>\n<\/td>\n<\/tr>\n<\/tbody>\n<\/table>\n<p>&nbsp;<\/p>","protected":false},"excerpt":{"rendered":"<p>Lavatoio 1 vasca acciaio inox Aisi 430 ripiano inferiore profondit\u00e0 70 cm Lavatoio in acciaio inox Aisi 430 su 4 gambe quadrate, con 1 vasca e con ripiano inferiore. Vasca profondit\u00e0 50 cm e altezza 30 cm. Dotato di Alzatina. Profondit\u00e0 70 cm. Altezza 85 cm. Dimensioni disponibili Lunghezza (cm) Profondit\u00e0 (cm) Altezza (cm) Dimensioni [&#8230;]","protected":false},"featured_media":126234,"comment_status":"closed","ping_status":"closed","template":"","meta":{"_monsterinsights_skip_tracking":false,"_monsterinsights_sitenote_active":false,"_monsterinsights_sitenote_note":"","_monsterinsights_sitenote_category":0},"product_brand":[772],"product_cat":[18,119],"product_tag":[],"class_list":{"0":"post-26493","1":"product","2":"type-product","3":"status-publish","4":"has-post-thumbnail","6":"product_brand-crea-e-arreda-negozi","7":"product_cat-arredo-acciaio-inox","8":"product_cat-lavatoi","9":"pa_dotazione-con-alzatina","10":"pa_dotazione-con-ripiano-inferiore","11":"pa_profondita-linea-70","12":"pa_tipo-acciaio-aisi-linea-eco-aisi-430","13":"pa_versione-a-giorno","15":"first","16":"instock","17":"taxable","18":"shipping-taxable","19":"purchasable","20":"product-type-variable"},"_links":{"self":[{"href":"https:\/\/www.creaearredanegozi.it\/de\/wp-json\/wp\/v2\/product\/26493","targetHints":{"allow":["GET"]}}],"collection":[{"href":"https:\/\/www.creaearredanegozi.it\/de\/wp-json\/wp\/v2\/product"}],"about":[{"href":"https:\/\/www.creaearredanegozi.it\/de\/wp-json\/wp\/v2\/types\/product"}],"replies":[{"embeddable":true,"href":"https:\/\/www.creaearredanegozi.it\/de\/wp-json\/wp\/v2\/comments?post=26493"}],"wp:featuredmedia":[{"embeddable":true,"href":"https:\/\/www.creaearredanegozi.it\/de\/wp-json\/wp\/v2\/media\/126234"}],"wp:attachment":[{"href":"https:\/\/www.creaearredanegozi.it\/de\/wp-json\/wp\/v2\/media?parent=26493"}],"wp:term":[{"taxonomy":"product_brand","embeddable":true,"href":"https:\/\/www.creaearredanegozi.it\/de\/wp-json\/wp\/v2\/product_brand?post=26493"},{"taxonomy":"product_cat","embeddable":true,"href":"https:\/\/www.creaearredanegozi.it\/de\/wp-json\/wp\/v2\/product_cat?post=26493"},{"taxonomy":"product_tag","embeddable":true,"href":"https:\/\/www.creaearredanegozi.it\/de\/wp-json\/wp\/v2\/product_tag?post=26493"}],"curies":[{"name":"wp","href":"https:\/\/api.w.org\/{rel}","templated":true}]}}