{"id":26520,"date":"2019-06-05T10:36:05","date_gmt":"2019-06-05T08:36:05","guid":{"rendered":"https:\/\/www.creaearredanegozi.it\/?post_type=product&#038;p=26520"},"modified":"2024-02-14T19:28:15","modified_gmt":"2024-02-14T18:28:15","slug":"lavatoio-1-vasca-gocciolatoio-a-destra-ripiano-inferiore-acciaio-inox-aisi-304-profondita-70-cm","status":"publish","type":"product","link":"https:\/\/www.creaearredanegozi.it\/de\/lavatoio-1-vasca-gocciolatoio-a-destra-ripiano-inferiore-acciaio-inox-aisi-304-profondita-70-cm\/","title":{"rendered":"Waschtisch 1 Becken Tropfschale rechts untere Ablage Edelstahl Aisi 304 Tiefe 70 cm"},"content":{"rendered":"<p><strong>Waschtisch 1 Becken Tropfschale rechts untere Ablage Edelstahl Aisi 304 Tiefe 70 cm<\/strong><\/p>\n<p>Lavatoio in acciaio inox Aisi 304 su 4 gambe quadrate con ripiano inferiore, 1 vasca e un gocciolatoio a destra. Vasca profondit\u00e0 50 cm e altezza 30 cm. Dotato di alzatina.<\/p>\n<ul>\n<li>Tropfschale rechts<\/li>\n<li>Tiefe 70 cm.<\/li>\n<li>H\u00f6he 85 cm.<\/li>\n<li>Wird zerlegt geliefert<\/li>\n<\/ul>\n<p><img decoding=\"async\" class=\"alignnone size-medium wp-image-25897 aligncenter\" src=\"https:\/\/www.creaearredanegozi.it\/wp-content\/uploads\/2019\/05\/lavatoio-dim-500x282.png\" alt=\"\" width=\"500\" height=\"282\" title=\"\" srcset=\"https:\/\/www.creaearredanegozi.it\/wp-content\/uploads\/2019\/05\/lavatoio-dim.png 500w, https:\/\/www.creaearredanegozi.it\/wp-content\/uploads\/2019\/05\/lavatoio-dim-64x36.png 64w, https:\/\/www.creaearredanegozi.it\/wp-content\/uploads\/2019\/05\/lavatoio-dim-200x113.png 200w, https:\/\/www.creaearredanegozi.it\/wp-content\/uploads\/2019\/05\/lavatoio-dim-400x226.png 400w\" sizes=\"(max-width: 500px) 100vw, 500px\" \/><\/p>\n<p style=\"text-align: center;\"><strong>Verf\u00fcgbare Gr\u00f6\u00dfen<\/strong><\/p>\n<table width=\"100%\" cellspacing=\"0\" class=\"mtr-table mtr-tr-td\">\n<tbody>\n<tr>\n<td data-mtr-content=\"Modello\" class=\"mtr-td-tag\"><div class=\"mtr-cell-content\">\n<p class=\"s97\" style=\"text-align: center;\">Modell<\/p>\n<\/div><\/td>\n<td style=\"text-align: center;\" data-mtr-content=\"Peso (Kg)\" class=\"mtr-td-tag\"><div class=\"mtr-cell-content\">\n<p class=\"s97\">Gewicht (kg)<\/p>\n<\/div><\/td>\n<td data-mtr-content=\"Vasca LxPxH cm\" class=\"mtr-td-tag\"><div class=\"mtr-cell-content\">\n<p class=\"s97\" style=\"text-align: center;\">Wanne LxBxH cm<\/p>\n<\/div><\/td>\n<\/tr>\n<tr>\n<td bgcolor=\"#E6E7E8\" data-mtr-content=\"Modello\" class=\"mtr-td-tag\"><div class=\"mtr-cell-content\">\n<p class=\"s26\" style=\"text-align: center;\">100x70x85<\/p>\n<\/div><\/td>\n<td style=\"text-align: center;\" bgcolor=\"#E6E7E8\" data-mtr-content=\"Peso (Kg)\" class=\"mtr-td-tag\"><div class=\"mtr-cell-content\">\n<p class=\"s26\">43<\/p>\n<\/div><\/td>\n<td bgcolor=\"#E6E7E8\" data-mtr-content=\"Vasca LxPxH cm\" class=\"mtr-td-tag\"><div class=\"mtr-cell-content\">\n<p class=\"s26\" style=\"text-align: center;\">40x50x30<\/p>\n<\/div><\/td>\n<\/tr>\n<tr>\n<td data-mtr-content=\"Modello\" class=\"mtr-td-tag\"><div class=\"mtr-cell-content\">\n<p class=\"s26\" style=\"text-align: center;\">110x70x85<\/p>\n<\/div><\/td>\n<td style=\"text-align: center;\" data-mtr-content=\"Peso (Kg)\" class=\"mtr-td-tag\"><div class=\"mtr-cell-content\">\n<p class=\"s26\">44<\/p>\n<\/div><\/td>\n<td data-mtr-content=\"Vasca LxPxH cm\" class=\"mtr-td-tag\"><div class=\"mtr-cell-content\">\n<p class=\"s26\" style=\"text-align: center;\">40x50x30<\/p>\n<\/div><\/td>\n<\/tr>\n<tr>\n<td bgcolor=\"#E6E7E8\" data-mtr-content=\"Modello\" class=\"mtr-td-tag\"><div class=\"mtr-cell-content\">\n<p class=\"s26\" style=\"text-align: center;\">120x70x85<\/p>\n<\/div><\/td>\n<td style=\"text-align: center;\" bgcolor=\"#E6E7E8\" data-mtr-content=\"Peso (Kg)\" class=\"mtr-td-tag\"><div class=\"mtr-cell-content\">\n<p class=\"s26\">45<\/p>\n<\/div><\/td>\n<td bgcolor=\"#E6E7E8\" data-mtr-content=\"Vasca LxPxH cm\" class=\"mtr-td-tag\"><div class=\"mtr-cell-content\">\n<p class=\"s26\" style=\"text-align: center;\">50x50x30<\/p>\n<\/div><\/td>\n<\/tr>\n<tr>\n<td data-mtr-content=\"Modello\" class=\"mtr-td-tag\"><div class=\"mtr-cell-content\">\n<p class=\"s26\" style=\"text-align: center;\">130x70x85<\/p>\n<\/div><\/td>\n<td style=\"text-align: center;\" data-mtr-content=\"Peso (Kg)\" class=\"mtr-td-tag\"><div class=\"mtr-cell-content\">\n<p class=\"s26\">49<\/p>\n<\/div><\/td>\n<td data-mtr-content=\"Vasca LxPxH cm\" class=\"mtr-td-tag\"><div class=\"mtr-cell-content\">\n<p class=\"s26\" style=\"text-align: center;\">50x50x30<\/p>\n<\/div><\/td>\n<\/tr>\n<tr>\n<td bgcolor=\"#E6E7E8\" data-mtr-content=\"Modello\" class=\"mtr-td-tag\"><div class=\"mtr-cell-content\">\n<p class=\"s26\" style=\"text-align: center;\">140x70x85<\/p>\n<\/div><\/td>\n<td style=\"text-align: center;\" bgcolor=\"#E6E7E8\" data-mtr-content=\"Peso (Kg)\" class=\"mtr-td-tag\"><div class=\"mtr-cell-content\">\n<p class=\"s26\">54<\/p>\n<\/div><\/td>\n<td bgcolor=\"#E6E7E8\" data-mtr-content=\"Vasca LxPxH cm\" class=\"mtr-td-tag\"><div class=\"mtr-cell-content\">\n<p class=\"s26\" style=\"text-align: center;\">60x50x30<\/p>\n<\/div><\/td>\n<\/tr>\n<tr>\n<td data-mtr-content=\"Modello\" class=\"mtr-td-tag\"><div class=\"mtr-cell-content\">\n<p class=\"s26\" style=\"text-align: center;\">150x70x85<\/p>\n<\/div><\/td>\n<td style=\"text-align: center;\" data-mtr-content=\"Peso (Kg)\" class=\"mtr-td-tag\"><div class=\"mtr-cell-content\">\n<p class=\"s26\">58<\/p>\n<\/div><\/td>\n<td data-mtr-content=\"Vasca LxPxH cm\" class=\"mtr-td-tag\"><div class=\"mtr-cell-content\">\n<p class=\"s26\" style=\"text-align: center;\">60x50x30<\/p>\n<\/div><\/td>\n<\/tr>\n<tr>\n<td bgcolor=\"#E6E7E8\" data-mtr-content=\"Modello\" class=\"mtr-td-tag\"><div class=\"mtr-cell-content\">\n<p class=\"s26\" style=\"text-align: center;\">160x70x85<\/p>\n<\/div><\/td>\n<td style=\"text-align: center;\" bgcolor=\"#E6E7E8\" data-mtr-content=\"Peso (Kg)\" class=\"mtr-td-tag\"><div class=\"mtr-cell-content\">\n<p class=\"s26\">63<\/p>\n<\/div><\/td>\n<td bgcolor=\"#E6E7E8\" data-mtr-content=\"Vasca LxPxH cm\" class=\"mtr-td-tag\"><div class=\"mtr-cell-content\">\n<p class=\"s26\" style=\"text-align: center;\">60x50x30<\/p>\n<\/div><\/td>\n<\/tr>\n<\/tbody>\n<\/table>","protected":false},"excerpt":{"rendered":"<p>Lavatoio 1 vasca gocciolatoio a destra ripiano inferiore acciaio inox Aisi 304 profondit\u00e0 70 cm Lavatoio in acciaio inox Aisi 304 su 4 gambe quadrate con ripiano inferiore, 1 vasca e un gocciolatoio a destra. Vasca profondit\u00e0 50 cm e altezza 30 cm. Dotato di alzatina. Gocciolatoio a Destra Profondit\u00e0 70 cm. Altezza 85 cm. [&#8230;]","protected":false},"featured_media":126449,"comment_status":"closed","ping_status":"closed","template":"","meta":{"_monsterinsights_skip_tracking":false,"_monsterinsights_sitenote_active":false,"_monsterinsights_sitenote_note":"","_monsterinsights_sitenote_category":0},"product_brand":[772],"product_cat":[18,119],"product_tag":[],"class_list":{"0":"post-26520","1":"product","2":"type-product","3":"status-publish","4":"has-post-thumbnail","6":"product_brand-crea-e-arreda-negozi","7":"product_cat-arredo-acciaio-inox","8":"product_cat-lavatoi","9":"pa_dotazione-con-alzatina","10":"pa_dotazione-con-gocciolatoio","11":"pa_dotazione-con-ripiano-inferiore","12":"pa_profondita-linea-70","13":"pa_tipo-acciaio-aisi-linea-hq-aisi-304","14":"pa_versione-a-giorno","16":"first","17":"instock","18":"taxable","19":"shipping-taxable","20":"purchasable","21":"product-type-variable"},"_links":{"self":[{"href":"https:\/\/www.creaearredanegozi.it\/de\/wp-json\/wp\/v2\/product\/26520","targetHints":{"allow":["GET"]}}],"collection":[{"href":"https:\/\/www.creaearredanegozi.it\/de\/wp-json\/wp\/v2\/product"}],"about":[{"href":"https:\/\/www.creaearredanegozi.it\/de\/wp-json\/wp\/v2\/types\/product"}],"replies":[{"embeddable":true,"href":"https:\/\/www.creaearredanegozi.it\/de\/wp-json\/wp\/v2\/comments?post=26520"}],"wp:featuredmedia":[{"embeddable":true,"href":"https:\/\/www.creaearredanegozi.it\/de\/wp-json\/wp\/v2\/media\/126449"}],"wp:attachment":[{"href":"https:\/\/www.creaearredanegozi.it\/de\/wp-json\/wp\/v2\/media?parent=26520"}],"wp:term":[{"taxonomy":"product_brand","embeddable":true,"href":"https:\/\/www.creaearredanegozi.it\/de\/wp-json\/wp\/v2\/product_brand?post=26520"},{"taxonomy":"product_cat","embeddable":true,"href":"https:\/\/www.creaearredanegozi.it\/de\/wp-json\/wp\/v2\/product_cat?post=26520"},{"taxonomy":"product_tag","embeddable":true,"href":"https:\/\/www.creaearredanegozi.it\/de\/wp-json\/wp\/v2\/product_tag?post=26520"}],"curies":[{"name":"wp","href":"https:\/\/api.w.org\/{rel}","templated":true}]}}