{"id":26538,"date":"2019-06-05T11:07:51","date_gmt":"2019-06-05T09:07:51","guid":{"rendered":"https:\/\/www.creaearredanegozi.it\/?post_type=product&#038;p=26538"},"modified":"2024-04-10T21:04:25","modified_gmt":"2024-04-10T19:04:25","slug":"lavatoio-armadiato-2-vasche-ripiano-inferiore-acciaio-inox-aisi-304-profondita-70-cm","status":"publish","type":"product","link":"https:\/\/www.creaearredanegozi.it\/de\/lavatoio-armadiato-2-vasche-ripiano-inferiore-acciaio-inox-aisi-304-profondita-70-cm\/","title":{"rendered":"Schrank Sp\u00fcle 2 Becken untere Ablage Edelstahl Aisi 304 Tiefe 70 cm"},"content":{"rendered":"<p><strong>Schrank Sp\u00fcle 2 Becken untere Ablage Edelstahl Aisi 304 Tiefe 70 cm<\/strong><\/p>\n<p>Lavatoio in acciaio inox Aisi 304 su 4 gambe quadrate con ripiano inferiore, con 2 vasche. Vasca profondit\u00e0 50 cm e altezza 30 cm. Dotato di Alzatina.<\/p>\n<p>Tiefe 70 cm.<\/p>\n<p><strong>H\u00f6he 85 cm.<\/strong><\/p>\n<p><img decoding=\"async\" class=\"alignnone size-medium wp-image-25897\" src=\"https:\/\/www.creaearredanegozi.it\/wp-content\/uploads\/2019\/05\/lavatoio-dim-500x282.png\" alt=\"\" width=\"500\" height=\"282\" title=\"\" srcset=\"https:\/\/www.creaearredanegozi.it\/wp-content\/uploads\/2019\/05\/lavatoio-dim.png 500w, https:\/\/www.creaearredanegozi.it\/wp-content\/uploads\/2019\/05\/lavatoio-dim-64x36.png 64w, https:\/\/www.creaearredanegozi.it\/wp-content\/uploads\/2019\/05\/lavatoio-dim-200x113.png 200w, https:\/\/www.creaearredanegozi.it\/wp-content\/uploads\/2019\/05\/lavatoio-dim-400x226.png 400w\" sizes=\"(max-width: 500px) 100vw, 500px\" \/><\/p>\n<p><strong>Verf\u00fcgbare Gr\u00f6\u00dfen:<\/strong><\/p>\n<ul>\n<li>100x70x85 cm Wanne: 40x50x30 cm<\/li>\n<li>110x70x85 cm Wanne: 40x50x30 cm<\/li>\n<li>120x70x85 cm Wanne: 50x50x30 cm<\/li>\n<li>130x70x85 cm Wanne: 50x50x30 cm<\/li>\n<li>140x70x85 cm Wanne: 50x50x30 cm<\/li>\n<\/ul>","protected":false},"excerpt":{"rendered":"<p>Lavatoio armadiato 2 vasche ripiano inferiore acciaio inox Aisi 304 profondit\u00e0 70 cm Lavatoio in acciaio inox Aisi 304 su 4 gambe quadrate con ripiano inferiore, con 2 vasche. Vasca profondit\u00e0 50 cm e altezza 30 cm. Dotato di Alzatina. Profondit\u00e0 70 cm. Altezza 85 cm. Dimensioni disponibili: 100x70x85 cm Vasca: 40x50x30 cm 110x70x85 cm [&#8230;]","protected":false},"featured_media":26126,"comment_status":"closed","ping_status":"closed","template":"","meta":{"_monsterinsights_skip_tracking":false,"_monsterinsights_sitenote_active":false,"_monsterinsights_sitenote_note":"","_monsterinsights_sitenote_category":0},"product_brand":[],"product_cat":[18,119],"product_tag":[],"class_list":{"0":"post-26538","1":"product","2":"type-product","3":"status-publish","4":"has-post-thumbnail","6":"product_cat-arredo-acciaio-inox","7":"product_cat-lavatoi","8":"pa_dotazione-con-alzatina","9":"pa_dotazione-con-ripiano-inferiore","10":"pa_profondita-linea-60","11":"pa_tipo-acciaio-aisi-linea-hq-aisi-304","12":"pa_versione-a-giorno","14":"first","15":"instock","16":"taxable","17":"shipping-taxable","18":"purchasable","19":"product-type-variable"},"_links":{"self":[{"href":"https:\/\/www.creaearredanegozi.it\/de\/wp-json\/wp\/v2\/product\/26538","targetHints":{"allow":["GET"]}}],"collection":[{"href":"https:\/\/www.creaearredanegozi.it\/de\/wp-json\/wp\/v2\/product"}],"about":[{"href":"https:\/\/www.creaearredanegozi.it\/de\/wp-json\/wp\/v2\/types\/product"}],"replies":[{"embeddable":true,"href":"https:\/\/www.creaearredanegozi.it\/de\/wp-json\/wp\/v2\/comments?post=26538"}],"wp:featuredmedia":[{"embeddable":true,"href":"https:\/\/www.creaearredanegozi.it\/de\/wp-json\/wp\/v2\/media\/26126"}],"wp:attachment":[{"href":"https:\/\/www.creaearredanegozi.it\/de\/wp-json\/wp\/v2\/media?parent=26538"}],"wp:term":[{"taxonomy":"product_brand","embeddable":true,"href":"https:\/\/www.creaearredanegozi.it\/de\/wp-json\/wp\/v2\/product_brand?post=26538"},{"taxonomy":"product_cat","embeddable":true,"href":"https:\/\/www.creaearredanegozi.it\/de\/wp-json\/wp\/v2\/product_cat?post=26538"},{"taxonomy":"product_tag","embeddable":true,"href":"https:\/\/www.creaearredanegozi.it\/de\/wp-json\/wp\/v2\/product_tag?post=26538"}],"curies":[{"name":"wp","href":"https:\/\/api.w.org\/{rel}","templated":true}]}}