{"id":26582,"date":"2019-06-05T18:06:54","date_gmt":"2019-06-05T16:06:54","guid":{"rendered":"https:\/\/www.creaearredanegozi.it\/?post_type=product&#038;p=26582"},"modified":"2024-06-11T10:39:02","modified_gmt":"2024-06-11T08:39:02","slug":"waschbecken-2-becken-und-abtropfschale-rechts-untere-ablage-edelstahl-aisi-430-tiefe-70-cm-2","status":"publish","type":"product","link":"https:\/\/www.creaearredanegozi.it\/de\/waschbecken-2-becken-und-abtropfschale-rechts-untere-ablage-edelstahl-aisi-430-tiefe-70-cm-2\/","title":{"rendered":"Waschbecken 2 Becken und Tropfschale rechts unten Ablage aus Edelstahl Aisi 430 Tiefe 70 cm"},"content":{"rendered":"<p style=\"text-align: center;\"><strong>Waschbecken 2 Becken und Tropfschale rechts unten Ablage aus Edelstahl Aisi 430 Tiefe 70 cm<\/strong><\/p>\n<p>Sp\u00fcle aus rostfreiem Stahl, Oberteil und Wannen aus AISI 304, Rahmen und Ablage aus AISI 430, auf 4 quadratischen Beinen, mit unterer Ablage, 2 Wannen und 1 Tropfschale auf der rechten Seite. Tiefe des Beckens 30 cm.<\/p>\n<ul>\n<li>Ausgestattet mit Aufkantung und Abfluss,<\/li>\n<li>Tiefe 70 cm,<\/li>\n<li>H\u00f6he 85 cm,<\/li>\n<li>Wird zerlegt geliefert.<\/li>\n<\/ul>\n<p><img decoding=\"async\" class=\"alignnone size-medium wp-image-25897 aligncenter\" src=\"https:\/\/www.creaearredanegozi.it\/wp-content\/uploads\/2019\/05\/lavatoio-dim-500x282.png\" alt=\"\" width=\"500\" height=\"282\" title=\"\" srcset=\"https:\/\/www.creaearredanegozi.it\/wp-content\/uploads\/2019\/05\/lavatoio-dim.png 500w, https:\/\/www.creaearredanegozi.it\/wp-content\/uploads\/2019\/05\/lavatoio-dim-64x36.png 64w, https:\/\/www.creaearredanegozi.it\/wp-content\/uploads\/2019\/05\/lavatoio-dim-200x113.png 200w, https:\/\/www.creaearredanegozi.it\/wp-content\/uploads\/2019\/05\/lavatoio-dim-400x226.png 400w\" sizes=\"(max-width: 500px) 100vw, 500px\" \/><\/p>\n<p><strong>Verf\u00fcgbare Gr\u00f6\u00dfen:<\/strong><\/p>\n<ul>\n<li>140x70x85 cm Wanne: 40x50x30 cm<\/li>\n<li>150x70x85 cm Wanne: 40x50x30 cm<\/li>\n<li>160x70x85 cm Wanne: 50x50x30 cm<\/li>\n<li>170x70x85 cm Wanne: 50x50x30 cm<\/li>\n<li>180x70x85 cm Wanne: 50x50x30 cm<\/li>\n<li>190x70x85 cm Wanne: 50x50x30 cm<\/li>\n<li>200x70x85 cm Wanne: 60x50x30 cm<\/li>\n<\/ul>","protected":false},"excerpt":{"rendered":"<p>Lavatoio 2 vasche e gocciolatoio a destra ripiano inferiore acciaio inox Aisi 430 profondit\u00e0 70 cm Lavatoio in acciaio inox, top e vasche in AISI 304, struttura e ripiano in AISI 430, su 4 gambe quadrate, con ripiano inferiore, 2 vasche e 1 gocciolatoio a destra. Profondit\u00e0 vasca 30 cm. Dotato di Alzatina e pilette, [&#8230;]","protected":false},"featured_media":127835,"comment_status":"closed","ping_status":"closed","template":"","meta":{"_monsterinsights_skip_tracking":false,"_monsterinsights_sitenote_active":false,"_monsterinsights_sitenote_note":"","_monsterinsights_sitenote_category":0},"product_brand":[772],"product_cat":[18,119],"product_tag":[],"class_list":{"0":"post-26582","1":"product","2":"type-product","3":"status-publish","4":"has-post-thumbnail","6":"product_brand-crea-e-arreda-negozi","7":"product_cat-arredo-acciaio-inox","8":"product_cat-lavatoi","9":"pa_dotazione-con-alzatina","10":"pa_dotazione-con-gocciolatoio","11":"pa_dotazione-con-ripiano-inferiore","12":"pa_profondita-linea-70","13":"pa_tipo-acciaio-aisi-linea-eco-aisi-430","14":"pa_versione-a-giorno","16":"first","17":"instock","18":"taxable","19":"shipping-taxable","20":"purchasable","21":"product-type-variable"},"_links":{"self":[{"href":"https:\/\/www.creaearredanegozi.it\/de\/wp-json\/wp\/v2\/product\/26582","targetHints":{"allow":["GET"]}}],"collection":[{"href":"https:\/\/www.creaearredanegozi.it\/de\/wp-json\/wp\/v2\/product"}],"about":[{"href":"https:\/\/www.creaearredanegozi.it\/de\/wp-json\/wp\/v2\/types\/product"}],"replies":[{"embeddable":true,"href":"https:\/\/www.creaearredanegozi.it\/de\/wp-json\/wp\/v2\/comments?post=26582"}],"wp:featuredmedia":[{"embeddable":true,"href":"https:\/\/www.creaearredanegozi.it\/de\/wp-json\/wp\/v2\/media\/127835"}],"wp:attachment":[{"href":"https:\/\/www.creaearredanegozi.it\/de\/wp-json\/wp\/v2\/media?parent=26582"}],"wp:term":[{"taxonomy":"product_brand","embeddable":true,"href":"https:\/\/www.creaearredanegozi.it\/de\/wp-json\/wp\/v2\/product_brand?post=26582"},{"taxonomy":"product_cat","embeddable":true,"href":"https:\/\/www.creaearredanegozi.it\/de\/wp-json\/wp\/v2\/product_cat?post=26582"},{"taxonomy":"product_tag","embeddable":true,"href":"https:\/\/www.creaearredanegozi.it\/de\/wp-json\/wp\/v2\/product_tag?post=26582"}],"curies":[{"name":"wp","href":"https:\/\/api.w.org\/{rel}","templated":true}]}}