{"id":26628,"date":"2019-06-07T09:27:03","date_gmt":"2019-06-07T07:27:03","guid":{"rendered":"https:\/\/www.creaearredanegozi.it\/?post_type=product&#038;p=26628"},"modified":"2023-12-18T17:04:44","modified_gmt":"2023-12-18T16:04:44","slug":"lavatoio-1-vasca-acciaio-inox-aisi-304-ripiano-inferiore-profondita-70-cm-gambe-tonde","status":"publish","type":"product","link":"https:\/\/www.creaearredanegozi.it\/de\/lavatoio-1-vasca-acciaio-inox-aisi-304-ripiano-inferiore-profondita-70-cm-gambe-tonde\/","title":{"rendered":"Waschtisch 1 Becken Edelstahl Aisi 304 untere Ablagetiefe 70 cm runde Beine"},"content":{"rendered":"<p><strong>Waschtisch 1 Becken Edelstahl Aisi 304 untere Ablagetiefe 70 cm runde Beine<\/strong><\/p>\n<p>Lavatoio in acciaio inox Aisi 304 su 4 gambe tonde \u00f8 50 cm, con 1 vasca e con ripiano inferiore. Vasca profondit\u00e0 50 cm e altezza 30 cm. Dotato di Alzatina.<\/p>\n<ul>\n<li>Tiefe 70 cm.<\/li>\n<li>H\u00f6he 85 cm.<\/li>\n<\/ul>\n<p><img decoding=\"async\" class=\"alignnone size-medium wp-image-25897 aligncenter\" src=\"https:\/\/www.creaearredanegozi.it\/wp-content\/uploads\/2019\/05\/lavatoio-dim-500x282.png\" alt=\"\" width=\"500\" height=\"282\" title=\"\" srcset=\"https:\/\/www.creaearredanegozi.it\/wp-content\/uploads\/2019\/05\/lavatoio-dim.png 500w, https:\/\/www.creaearredanegozi.it\/wp-content\/uploads\/2019\/05\/lavatoio-dim-64x36.png 64w, https:\/\/www.creaearredanegozi.it\/wp-content\/uploads\/2019\/05\/lavatoio-dim-200x113.png 200w, https:\/\/www.creaearredanegozi.it\/wp-content\/uploads\/2019\/05\/lavatoio-dim-400x226.png 400w\" sizes=\"(max-width: 500px) 100vw, 500px\" \/><\/p>\n<p style=\"text-align: center;\"><strong>Verf\u00fcgbare Gr\u00f6\u00dfen<\/strong><\/p>\n<table class=\"table table-striped mtr-table mtr-tr-td\" width=\"100%\">\n<tbody>\n<tr>\n<td data-mtr-content=\"Dimensioni CMLxPxH\" class=\"mtr-td-tag\"><div class=\"mtr-cell-content\">\n<p style=\"text-align: center;\">CM-Abmessungen<br>\nBxTxH<\/p>\n<\/div><\/td>\n<td data-mtr-content=\"PesoKg\" class=\"mtr-td-tag\"><div class=\"mtr-cell-content\">\n<p style=\"text-align: center;\">Gewicht<br>\nKg<\/p>\n<\/div><\/td>\n<td data-mtr-content=\"Vasca CMLxPxH\" class=\"mtr-td-tag\"><div class=\"mtr-cell-content\">\n<p style=\"text-align: center;\">CM-Tank<br>\nBxTxH<\/p>\n<\/div><\/td>\n<\/tr>\n<tr>\n<td data-mtr-content=\"Dimensioni CMLxPxH\" class=\"mtr-td-tag\"><div class=\"mtr-cell-content\">\n<p style=\"text-align: center;\">50x70x85 cm<\/p>\n<\/div><\/td>\n<td style=\"text-align: center;\" data-mtr-content=\"PesoKg\" class=\"mtr-td-tag\"><div class=\"mtr-cell-content\">26<\/div><\/td>\n<td style=\"text-align: center;\" data-mtr-content=\"Vasca CMLxPxH\" class=\"mtr-td-tag\"><div class=\"mtr-cell-content\">40x50x30<\/div><\/td>\n<\/tr>\n<tr>\n<td data-mtr-content=\"Dimensioni CMLxPxH\" class=\"mtr-td-tag\"><div class=\"mtr-cell-content\">\n<p style=\"text-align: center;\">60x70x85 cm<\/p>\n<\/div><\/td>\n<td data-mtr-content=\"PesoKg\" class=\"mtr-td-tag\"><div class=\"mtr-cell-content\">\n<p style=\"text-align: center;\">27<\/p>\n<\/div><\/td>\n<td data-mtr-content=\"Vasca CMLxPxH\" class=\"mtr-td-tag\"><div class=\"mtr-cell-content\">\n<p style=\"text-align: center;\">40x50x30<\/p>\n<\/div><\/td>\n<\/tr>\n<tr>\n<td data-mtr-content=\"Dimensioni CMLxPxH\" class=\"mtr-td-tag\"><div class=\"mtr-cell-content\">\n<p style=\"text-align: center;\">70x70x85 cm<\/p>\n<\/div><\/td>\n<td data-mtr-content=\"PesoKg\" class=\"mtr-td-tag\"><div class=\"mtr-cell-content\">\n<p style=\"text-align: center;\">28<\/p>\n<\/div><\/td>\n<td data-mtr-content=\"Vasca CMLxPxH\" class=\"mtr-td-tag\"><div class=\"mtr-cell-content\">\n<p style=\"text-align: center;\">60x50x30<\/p>\n<\/div><\/td>\n<\/tr>\n<tr>\n<td style=\"text-align: center;\" data-mtr-content=\"Dimensioni CMLxPxH\" class=\"mtr-td-tag\"><div class=\"mtr-cell-content\">80x70x85 cm<\/div><\/td>\n<td style=\"text-align: center;\" data-mtr-content=\"PesoKg\" class=\"mtr-td-tag\"><div class=\"mtr-cell-content\">\n<p class=\"s26\">33<\/p>\n<\/div><\/td>\n<td data-mtr-content=\"Vasca CMLxPxH\" class=\"mtr-td-tag\"><div class=\"mtr-cell-content\">\n<p style=\"text-align: center;\">60x50x30<\/p>\n<\/div><\/td>\n<\/tr>\n<\/tbody>\n<\/table>","protected":false},"excerpt":{"rendered":"<p>Lavatoio 1 vasca acciaio inox Aisi 304 ripiano inferiore profondit\u00e0 70 cm gambe tonde Lavatoio in acciaio inox Aisi 304 su 4 gambe tonde \u00f8 50 cm, con 1 vasca e con ripiano inferiore. Vasca profondit\u00e0 50 cm e altezza 30 cm. Dotato di Alzatina. Profondit\u00e0 70 cm. Altezza 85 cm. Dimensioni disponibili Dimensioni CM [&#8230;]","protected":false},"featured_media":126440,"comment_status":"closed","ping_status":"closed","template":"","meta":{"_monsterinsights_skip_tracking":false,"_monsterinsights_sitenote_active":false,"_monsterinsights_sitenote_note":"","_monsterinsights_sitenote_category":0},"product_brand":[772],"product_cat":[18,119],"product_tag":[],"class_list":{"0":"post-26628","1":"product","2":"type-product","3":"status-publish","4":"has-post-thumbnail","6":"product_brand-crea-e-arreda-negozi","7":"product_cat-arredo-acciaio-inox","8":"product_cat-lavatoi","9":"pa_dotazione-con-alzatina","10":"pa_dotazione-con-ripiano-inferiore","11":"pa_profondita-linea-70","12":"pa_tipo-acciaio-aisi-linea-hq-aisi-304","13":"pa_versione-a-giorno","15":"first","16":"instock","17":"taxable","18":"shipping-taxable","19":"purchasable","20":"product-type-variable"},"_links":{"self":[{"href":"https:\/\/www.creaearredanegozi.it\/de\/wp-json\/wp\/v2\/product\/26628","targetHints":{"allow":["GET"]}}],"collection":[{"href":"https:\/\/www.creaearredanegozi.it\/de\/wp-json\/wp\/v2\/product"}],"about":[{"href":"https:\/\/www.creaearredanegozi.it\/de\/wp-json\/wp\/v2\/types\/product"}],"replies":[{"embeddable":true,"href":"https:\/\/www.creaearredanegozi.it\/de\/wp-json\/wp\/v2\/comments?post=26628"}],"wp:featuredmedia":[{"embeddable":true,"href":"https:\/\/www.creaearredanegozi.it\/de\/wp-json\/wp\/v2\/media\/126440"}],"wp:attachment":[{"href":"https:\/\/www.creaearredanegozi.it\/de\/wp-json\/wp\/v2\/media?parent=26628"}],"wp:term":[{"taxonomy":"product_brand","embeddable":true,"href":"https:\/\/www.creaearredanegozi.it\/de\/wp-json\/wp\/v2\/product_brand?post=26628"},{"taxonomy":"product_cat","embeddable":true,"href":"https:\/\/www.creaearredanegozi.it\/de\/wp-json\/wp\/v2\/product_cat?post=26628"},{"taxonomy":"product_tag","embeddable":true,"href":"https:\/\/www.creaearredanegozi.it\/de\/wp-json\/wp\/v2\/product_tag?post=26628"}],"curies":[{"name":"wp","href":"https:\/\/api.w.org\/{rel}","templated":true}]}}