{"id":26667,"date":"2019-06-07T10:05:44","date_gmt":"2019-06-07T08:05:44","guid":{"rendered":"https:\/\/www.creaearredanegozi.it\/?post_type=product&#038;p=26667"},"modified":"2024-02-28T12:20:25","modified_gmt":"2024-02-28T11:20:25","slug":"waschtisch-1-becken-abtropfschale-rechts-untere-ablage-runde-beine-edelstahl-aisi-430-tiefe-70-cm","status":"publish","type":"product","link":"https:\/\/www.creaearredanegozi.it\/de\/waschtisch-1-becken-abtropfschale-rechts-untere-ablage-runde-beine-edelstahl-aisi-430-tiefe-70-cm\/","title":{"rendered":"Waschtisch 1 Becken Tropfschale rechts unten Ablagefl\u00e4che runde Beine Edelstahl Aisi 430 Tiefe 70 cm"},"content":{"rendered":"<p><strong>Waschtisch 1 Becken Tropfschale rechts unten Ablagefl\u00e4che runde Beine Edelstahl Aisi 430 Tiefe 70 cm<\/strong><\/p>\n<p>Waschbecken aus rostfreiem Stahl Aisi 430 auf 4 runden Beinen \u00f8 50 mm mit unterer Ablage, mit 1 Becken und einer Tropfschale auf der rechten Seite. Tiefe der Wanne 30 cm. Ausgestattet mit Spritzschutz.<\/p>\n<ul>\n<li>Tiefe 70 cm.<\/li>\n<li>H\u00f6he 85 cm.<\/li>\n<li>Demontiert geliefert<\/li>\n<\/ul>\n<p><img decoding=\"async\" class=\"alignnone size-medium wp-image-25897 aligncenter\" src=\"https:\/\/www.creaearredanegozi.it\/wp-content\/uploads\/2019\/05\/lavatoio-dim-500x282.png\" alt=\"\" width=\"500\" height=\"282\" title=\"\" srcset=\"https:\/\/www.creaearredanegozi.it\/wp-content\/uploads\/2019\/05\/lavatoio-dim.png 500w, https:\/\/www.creaearredanegozi.it\/wp-content\/uploads\/2019\/05\/lavatoio-dim-64x36.png 64w, https:\/\/www.creaearredanegozi.it\/wp-content\/uploads\/2019\/05\/lavatoio-dim-200x113.png 200w, https:\/\/www.creaearredanegozi.it\/wp-content\/uploads\/2019\/05\/lavatoio-dim-400x226.png 400w\" sizes=\"(max-width: 500px) 100vw, 500px\" \/><\/p>\n<p><strong>Verf\u00fcgbare Gr\u00f6\u00dfen:<\/strong><\/p>\n<ul>\n<li>100x70x85 cm. Wanne: 40x50x30 cm<\/li>\n<li>110x70x85 cm Wanne: 50x50x30 cm<\/li>\n<li>120x70x85 cm Wanne: 50x50x30 cm<\/li>\n<li>130x70x85 cm Wanne: 50x50x30 cm<\/li>\n<li>140x70x85 cm Wanne: 60x50x30 cm<\/li>\n<li>150x70x85 cm Wanne: 60x50x30 cm<\/li>\n<li>160x70x85 cm Wanne: 60x50x30 cm<\/li>\n<\/ul>","protected":false},"excerpt":{"rendered":"<p>Lavatoio 1 vasca gocciolatoio a destra ripiano inferiore gambe tonde acciaio inox Aisi 430 profondit\u00e0 70 cm Lavatoio in acciaio inox Aisi 430 su 4 gambe tonde \u00f8 50 mm con ripiano inferiore, con 1 vasca e un gocciolatoio a destra. Profondit\u00e0 vasca 30 cm. Dotato di alzatina. Profondit\u00e0 70 cm. Altezza 85 cm. Fornito [&#8230;]","protected":false},"featured_media":126924,"comment_status":"closed","ping_status":"closed","template":"","meta":{"_monsterinsights_skip_tracking":false,"_monsterinsights_sitenote_active":false,"_monsterinsights_sitenote_note":"","_monsterinsights_sitenote_category":0},"product_brand":[772],"product_cat":[18,119],"product_tag":[],"class_list":{"0":"post-26667","1":"product","2":"type-product","3":"status-publish","4":"has-post-thumbnail","6":"product_brand-crea-e-arreda-negozi","7":"product_cat-arredo-acciaio-inox","8":"product_cat-lavatoi","9":"pa_dotazione-1-vasca","10":"pa_dotazione-con-alzatina","11":"pa_dotazione-con-gocciolatoio","12":"pa_dotazione-con-ripiano-inferiore","13":"pa_profondita-linea-70","14":"pa_tipo-acciaio-aisi-linea-eco-aisi-430","15":"pa_versione-a-giorno","17":"first","18":"instock","19":"taxable","20":"shipping-taxable","21":"purchasable","22":"product-type-variable"},"_links":{"self":[{"href":"https:\/\/www.creaearredanegozi.it\/de\/wp-json\/wp\/v2\/product\/26667","targetHints":{"allow":["GET"]}}],"collection":[{"href":"https:\/\/www.creaearredanegozi.it\/de\/wp-json\/wp\/v2\/product"}],"about":[{"href":"https:\/\/www.creaearredanegozi.it\/de\/wp-json\/wp\/v2\/types\/product"}],"replies":[{"embeddable":true,"href":"https:\/\/www.creaearredanegozi.it\/de\/wp-json\/wp\/v2\/comments?post=26667"}],"wp:featuredmedia":[{"embeddable":true,"href":"https:\/\/www.creaearredanegozi.it\/de\/wp-json\/wp\/v2\/media\/126924"}],"wp:attachment":[{"href":"https:\/\/www.creaearredanegozi.it\/de\/wp-json\/wp\/v2\/media?parent=26667"}],"wp:term":[{"taxonomy":"product_brand","embeddable":true,"href":"https:\/\/www.creaearredanegozi.it\/de\/wp-json\/wp\/v2\/product_brand?post=26667"},{"taxonomy":"product_cat","embeddable":true,"href":"https:\/\/www.creaearredanegozi.it\/de\/wp-json\/wp\/v2\/product_cat?post=26667"},{"taxonomy":"product_tag","embeddable":true,"href":"https:\/\/www.creaearredanegozi.it\/de\/wp-json\/wp\/v2\/product_tag?post=26667"}],"curies":[{"name":"wp","href":"https:\/\/api.w.org\/{rel}","templated":true}]}}