{"id":26804,"date":"2019-06-11T09:25:59","date_gmt":"2019-06-11T07:25:59","guid":{"rendered":"https:\/\/www.creaearredanegozi.it\/?post_type=product&#038;p=26804"},"modified":"2024-03-13T19:35:47","modified_gmt":"2024-03-13T18:35:47","slug":"waschbecken-1-waschbecken-auf-edelstahl-aisi-430-seiten-untere-ablage-tiefe-70","status":"publish","type":"product","link":"https:\/\/www.creaearredanegozi.it\/de\/waschbecken-1-waschbecken-auf-edelstahl-aisi-430-seiten-untere-ablage-tiefe-70\/","title":{"rendered":"Sp\u00fcle 1 Becken auf Edelstahl Aisi 430 Seiten untere Ablage Tiefe 70"},"content":{"rendered":"<p><strong>Sp\u00fcle 1 Becken auf Edelstahl Aisi 430 Seiten untere Ablage Tiefe 70<\/strong><\/p>\n<p>Seitenwaschbecken aus Edelstahl Aisi 430, mit 1 Becken und unterer Ablage. Tiefe der Wanne 30 cm.<\/p>\n<ul>\n<li>Ausgestattet mit Aufkantung und \u00dcberlaufrinne<\/li>\n<li>Tiefe 70 cm.<\/li>\n<li>H\u00f6he 85 cm + 10 cm Aufkantung<\/li>\n<\/ul>\n<p><img decoding=\"async\" class=\"alignnone size-medium wp-image-25897 aligncenter\" src=\"https:\/\/www.creaearredanegozi.it\/wp-content\/uploads\/2019\/05\/lavatoio-dim-500x282.png\" alt=\"\" width=\"500\" height=\"282\" title=\"\" srcset=\"https:\/\/www.creaearredanegozi.it\/wp-content\/uploads\/2019\/05\/lavatoio-dim.png 500w, https:\/\/www.creaearredanegozi.it\/wp-content\/uploads\/2019\/05\/lavatoio-dim-64x36.png 64w, https:\/\/www.creaearredanegozi.it\/wp-content\/uploads\/2019\/05\/lavatoio-dim-200x113.png 200w, https:\/\/www.creaearredanegozi.it\/wp-content\/uploads\/2019\/05\/lavatoio-dim-400x226.png 400w\" sizes=\"(max-width: 500px) 100vw, 500px\" \/><\/p>\n<p><strong>Verf\u00fcgbare Gr\u00f6\u00dfen<\/strong><\/p>\n<table class=\"mtr-table mtr-tr-td\" style=\"width: 100%;\">\n<tbody>\n<tr>\n<td class=\"mtr-td-tag\" style=\"text-align: center;\" data-mtr-content=\"Lunghezza (cm)\">\n<div class=\"mtr-cell-content\"><strong>L\u00e4nge (cm)<\/strong><\/div>\n<\/td>\n<td class=\"mtr-td-tag\" style=\"text-align: center;\" data-mtr-content=\"Profondit\u00e0 (cm)\">\n<div class=\"mtr-cell-content\"><strong>Tiefe (cm)<\/strong><\/div>\n<\/td>\n<td class=\"mtr-td-tag\" style=\"text-align: center;\" data-mtr-content=\"Altezza (cm)\">\n<div class=\"mtr-cell-content\"><strong>H\u00f6he (cm)<\/strong><\/div>\n<\/td>\n<td class=\"mtr-td-tag\" style=\"text-align: center;\" data-mtr-content=\"Dim. Vasca (cm)\">\n<div class=\"mtr-cell-content\"><strong>Wannengr\u00f6\u00dfe (cm)<\/strong><\/div>\n<\/td>\n<td class=\"mtr-td-tag\" style=\"text-align: center;\" data-mtr-content=\"Peso (kg)\">\n<div class=\"mtr-cell-content\"><strong>Gewicht (kg)<\/strong><\/div>\n<\/td>\n<\/tr>\n<tr>\n<td class=\"mtr-td-tag\" style=\"text-align: center;\" data-mtr-content=\"Lunghezza (cm)\">\n<div class=\"mtr-cell-content\">50<\/div>\n<\/td>\n<td class=\"mtr-td-tag\" style=\"text-align: center;\" data-mtr-content=\"Profondit\u00e0 (cm)\">\n<div class=\"mtr-cell-content\">70<\/div>\n<\/td>\n<td class=\"mtr-td-tag\" style=\"text-align: center;\" data-mtr-content=\"Altezza (cm)\">\n<div class=\"mtr-cell-content\">85+10<\/div>\n<\/td>\n<td class=\"mtr-td-tag\" style=\"text-align: center;\" data-mtr-content=\"Dim. Vasca (cm)\">\n<div class=\"mtr-cell-content\">40 x 50 x 30<\/div>\n<\/td>\n<td class=\"mtr-td-tag\" style=\"text-align: center;\" data-mtr-content=\"Peso (kg)\">\n<div class=\"mtr-cell-content\">29<\/div>\n<\/td>\n<\/tr>\n<tr>\n<td class=\"mtr-td-tag\" style=\"text-align: center;\" data-mtr-content=\"Lunghezza (cm)\">\n<div class=\"mtr-cell-content\">60<\/div>\n<\/td>\n<td class=\"mtr-td-tag\" style=\"text-align: center;\" data-mtr-content=\"Profondit\u00e0 (cm)\">\n<div class=\"mtr-cell-content\">70<\/div>\n<\/td>\n<td class=\"mtr-td-tag\" style=\"text-align: center;\" data-mtr-content=\"Altezza (cm)\">\n<div class=\"mtr-cell-content\">85+10<\/div>\n<\/td>\n<td class=\"mtr-td-tag\" style=\"text-align: center;\" data-mtr-content=\"Dim. Vasca (cm)\">\n<div class=\"mtr-cell-content\">40 x 50 x 30<\/div>\n<\/td>\n<td class=\"mtr-td-tag\" style=\"text-align: center;\" data-mtr-content=\"Peso (kg)\">\n<div class=\"mtr-cell-content\">31<\/div>\n<\/td>\n<\/tr>\n<tr>\n<td class=\"mtr-td-tag\" style=\"text-align: center;\" data-mtr-content=\"Lunghezza (cm)\">\n<div class=\"mtr-cell-content\">70<\/div>\n<\/td>\n<td class=\"mtr-td-tag\" style=\"text-align: center;\" data-mtr-content=\"Profondit\u00e0 (cm)\">\n<div class=\"mtr-cell-content\">70<\/div>\n<\/td>\n<td class=\"mtr-td-tag\" style=\"text-align: center;\" data-mtr-content=\"Altezza (cm)\">\n<div class=\"mtr-cell-content\">85+10<\/div>\n<\/td>\n<td class=\"mtr-td-tag\" style=\"text-align: center;\" data-mtr-content=\"Dim. Vasca (cm)\">\n<div class=\"mtr-cell-content\">60 x 50 x 30<\/div>\n<\/td>\n<td class=\"mtr-td-tag\" style=\"text-align: center;\" data-mtr-content=\"Peso (kg)\">\n<div class=\"mtr-cell-content\">34<\/div>\n<\/td>\n<\/tr>\n<tr>\n<td class=\"mtr-td-tag\" style=\"text-align: center;\" data-mtr-content=\"Lunghezza (cm)\">\n<div class=\"mtr-cell-content\">80<\/div>\n<\/td>\n<td class=\"mtr-td-tag\" style=\"text-align: center;\" data-mtr-content=\"Profondit\u00e0 (cm)\">\n<div class=\"mtr-cell-content\">70<\/div>\n<\/td>\n<td class=\"mtr-td-tag\" style=\"text-align: center;\" data-mtr-content=\"Altezza (cm)\">\n<div class=\"mtr-cell-content\">85+10<\/div>\n<\/td>\n<td class=\"mtr-td-tag\" style=\"text-align: center;\" data-mtr-content=\"Dim. Vasca (cm)\">\n<div class=\"mtr-cell-content\">60 x 50 x 30<\/div>\n<\/td>\n<td class=\"mtr-td-tag\" style=\"text-align: center;\" data-mtr-content=\"Peso (kg)\">\n<div class=\"mtr-cell-content\">38<\/div>\n<\/td>\n<\/tr>\n<\/tbody>\n<\/table>","protected":false},"excerpt":{"rendered":"<p>Lavatoio 1 vasca su fianchi acciaio inox Aisi 430 ripiano inferiore profondit\u00e0 70 Lavatoio in acciaio inox Aisi 430 su fianchi, con 1 vasca e con ripiano inferiore. Profondit\u00e0 vasca 30 cm. Dotato di Alzatina e piletta troppopieno Profondit\u00e0 70 cm. Altezza 85 cm + 10 cm alzatina Dimensioni disponibili Lunghezza (cm) Profondit\u00e0 (cm) Altezza [&#8230;]","protected":false},"featured_media":127250,"comment_status":"closed","ping_status":"closed","template":"","meta":{"_monsterinsights_skip_tracking":false,"_monsterinsights_sitenote_active":false,"_monsterinsights_sitenote_note":"","_monsterinsights_sitenote_category":0},"product_brand":[772],"product_cat":[18,119],"product_tag":[],"class_list":{"0":"post-26804","1":"product","2":"type-product","3":"status-publish","4":"has-post-thumbnail","6":"product_brand-crea-e-arreda-negozi","7":"product_cat-arredo-acciaio-inox","8":"product_cat-lavatoi","9":"pa_dotazione-1-vasca","10":"pa_dotazione-con-alzatina","11":"pa_dotazione-con-ripiano-inferiore","12":"pa_profondita-linea-70","13":"pa_tipo-acciaio-aisi-linea-eco-aisi-430","14":"pa_versione-armadiato","16":"first","17":"instock","18":"taxable","19":"shipping-taxable","20":"purchasable","21":"product-type-variable"},"_links":{"self":[{"href":"https:\/\/www.creaearredanegozi.it\/de\/wp-json\/wp\/v2\/product\/26804","targetHints":{"allow":["GET"]}}],"collection":[{"href":"https:\/\/www.creaearredanegozi.it\/de\/wp-json\/wp\/v2\/product"}],"about":[{"href":"https:\/\/www.creaearredanegozi.it\/de\/wp-json\/wp\/v2\/types\/product"}],"replies":[{"embeddable":true,"href":"https:\/\/www.creaearredanegozi.it\/de\/wp-json\/wp\/v2\/comments?post=26804"}],"wp:featuredmedia":[{"embeddable":true,"href":"https:\/\/www.creaearredanegozi.it\/de\/wp-json\/wp\/v2\/media\/127250"}],"wp:attachment":[{"href":"https:\/\/www.creaearredanegozi.it\/de\/wp-json\/wp\/v2\/media?parent=26804"}],"wp:term":[{"taxonomy":"product_brand","embeddable":true,"href":"https:\/\/www.creaearredanegozi.it\/de\/wp-json\/wp\/v2\/product_brand?post=26804"},{"taxonomy":"product_cat","embeddable":true,"href":"https:\/\/www.creaearredanegozi.it\/de\/wp-json\/wp\/v2\/product_cat?post=26804"},{"taxonomy":"product_tag","embeddable":true,"href":"https:\/\/www.creaearredanegozi.it\/de\/wp-json\/wp\/v2\/product_tag?post=26804"}],"curies":[{"name":"wp","href":"https:\/\/api.w.org\/{rel}","templated":true}]}}