{"id":26879,"date":"2019-06-11T10:27:52","date_gmt":"2019-06-11T08:27:52","guid":{"rendered":"https:\/\/www.creaearredanegozi.it\/?post_type=product&#038;p=26879"},"modified":"2024-06-11T12:41:07","modified_gmt":"2024-06-11T10:41:07","slug":"waschbecken-2-becken-und-abtropfschale-rechts-unten-ablage-auf-seitenwanden-edelstahl-aisi-304-tiefe-70-cm","status":"publish","type":"product","link":"https:\/\/www.creaearredanegozi.it\/de\/waschbecken-2-becken-und-abtropfschale-rechts-unten-ablage-auf-seitenwanden-edelstahl-aisi-304-tiefe-70-cm\/","title":{"rendered":"Waschbecken 2 Becken und Abtropfschale rechts unten Ablage auf Aisi 304 Edelstahl Seiten Tiefe 70 cm"},"content":{"rendered":"<p><strong>Waschbecken 2 Becken und Abtropfschale rechts unten Ablage auf Aisi 304 Edelstahl Seiten Tiefe 70 cm<\/strong><\/p>\n<p>Edelstahlsp\u00fcle Aisi 304 mit geschlossenen W\u00e4nden, mit Bodenplatte, 2 Becken und 1 Tropfschale rechts, Beckentiefe 30 cm.<\/p>\n<ul>\n<li>Ausgestattet mit Steigleitungen und Abl\u00e4ufen<\/li>\n<li>Tiefe 70 cm.<\/li>\n<li>H\u00f6he 85 cm.<\/li>\n<li>Wird zerlegt geliefert<\/li>\n<\/ul>\n<p><img decoding=\"async\" class=\"alignnone size-medium wp-image-25897 aligncenter\" src=\"https:\/\/www.creaearredanegozi.it\/wp-content\/uploads\/2019\/05\/lavatoio-dim-500x282.png\" alt=\"\" width=\"500\" height=\"282\" title=\"\" srcset=\"https:\/\/www.creaearredanegozi.it\/wp-content\/uploads\/2019\/05\/lavatoio-dim.png 500w, https:\/\/www.creaearredanegozi.it\/wp-content\/uploads\/2019\/05\/lavatoio-dim-64x36.png 64w, https:\/\/www.creaearredanegozi.it\/wp-content\/uploads\/2019\/05\/lavatoio-dim-200x113.png 200w, https:\/\/www.creaearredanegozi.it\/wp-content\/uploads\/2019\/05\/lavatoio-dim-400x226.png 400w\" sizes=\"(max-width: 500px) 100vw, 500px\" \/><\/p>\n<p><strong>Verf\u00fcgbare Gr\u00f6\u00dfen<\/strong><\/p>\n<table style=\"border-collapse: collapse; width: 100%;\" class=\"mtr-table mtr-tr-td\">\n<tbody>\n<tr>\n<td style=\"width: 20%; text-align: center;\" data-mtr-content=\"Lunghezza (cm)\" class=\"mtr-td-tag\"><div class=\"mtr-cell-content\"><strong>L\u00e4nge (cm)<\/strong><\/div><\/td>\n<td style=\"width: 20%; text-align: center;\" data-mtr-content=\"Profondit\u00e0 (cm)\" class=\"mtr-td-tag\"><div class=\"mtr-cell-content\"><strong>Tiefe (cm)<\/strong><\/div><\/td>\n<td style=\"text-align: center; width: 15%;\" data-mtr-content=\"Altezza (cm)\" class=\"mtr-td-tag\"><div class=\"mtr-cell-content\"><strong>H\u00f6he (cm)<\/strong><\/div><\/td>\n<td style=\"text-align: center; width: 25%;\" data-mtr-content=\"Dim. Vasca (LxPxH cm)\" class=\"mtr-td-tag\"><div class=\"mtr-cell-content\"><strong>Gr\u00f6\u00dfe der Badewanne (BxTxH cm)<\/strong><\/div><\/td>\n<td style=\"width: 20%; text-align: center;\" data-mtr-content=\"Peso (Kg)\" class=\"mtr-td-tag\"><div class=\"mtr-cell-content\"><strong>Gewicht (kg)<\/strong><\/div><\/td>\n<\/tr>\n<tr>\n<td style=\"width: 20%; text-align: center;\" data-mtr-content=\"Lunghezza (cm)\" class=\"mtr-td-tag\"><div class=\"mtr-cell-content\">140<\/div><\/td>\n<td style=\"width: 20%; text-align: center;\" data-mtr-content=\"Profondit\u00e0 (cm)\" class=\"mtr-td-tag\"><div class=\"mtr-cell-content\">70<\/div><\/td>\n<td style=\"text-align: center; width: 15%;\" data-mtr-content=\"Altezza (cm)\" class=\"mtr-td-tag\"><div class=\"mtr-cell-content\">85<\/div><\/td>\n<td style=\"text-align: center; width: 25%;\" data-mtr-content=\"Dim. Vasca (LxPxH cm)\" class=\"mtr-td-tag\"><div class=\"mtr-cell-content\">40x50x30<\/div><\/td>\n<td style=\"width: 20%; text-align: center;\" data-mtr-content=\"Peso (Kg)\" class=\"mtr-td-tag\"><div class=\"mtr-cell-content\">59<\/div><\/td>\n<\/tr>\n<tr>\n<td style=\"width: 20%; text-align: center;\" data-mtr-content=\"Lunghezza (cm)\" class=\"mtr-td-tag\"><div class=\"mtr-cell-content\">150<\/div><\/td>\n<td style=\"width: 20%; text-align: center;\" data-mtr-content=\"Profondit\u00e0 (cm)\" class=\"mtr-td-tag\"><div class=\"mtr-cell-content\">70<\/div><\/td>\n<td style=\"text-align: center; width: 15%;\" data-mtr-content=\"Altezza (cm)\" class=\"mtr-td-tag\"><div class=\"mtr-cell-content\">85<\/div><\/td>\n<td style=\"text-align: center; width: 25%;\" data-mtr-content=\"Dim. Vasca (LxPxH cm)\" class=\"mtr-td-tag\"><div class=\"mtr-cell-content\">40x50x30<\/div><\/td>\n<td style=\"width: 20%; text-align: center;\" data-mtr-content=\"Peso (Kg)\" class=\"mtr-td-tag\"><div class=\"mtr-cell-content\">62<\/div><\/td>\n<\/tr>\n<tr>\n<td style=\"width: 20%; text-align: center;\" data-mtr-content=\"Lunghezza (cm)\" class=\"mtr-td-tag\"><div class=\"mtr-cell-content\">160<\/div><\/td>\n<td style=\"width: 20%; text-align: center;\" data-mtr-content=\"Profondit\u00e0 (cm)\" class=\"mtr-td-tag\"><div class=\"mtr-cell-content\">70<\/div><\/td>\n<td style=\"text-align: center; width: 15%;\" data-mtr-content=\"Altezza (cm)\" class=\"mtr-td-tag\"><div class=\"mtr-cell-content\">85<\/div><\/td>\n<td style=\"text-align: center; width: 25%;\" data-mtr-content=\"Dim. Vasca (LxPxH cm)\" class=\"mtr-td-tag\"><div class=\"mtr-cell-content\">50x50x30<\/div><\/td>\n<td style=\"width: 20%; text-align: center;\" data-mtr-content=\"Peso (Kg)\" class=\"mtr-td-tag\"><div class=\"mtr-cell-content\">65<\/div><\/td>\n<\/tr>\n<tr>\n<td style=\"width: 20%; text-align: center;\" data-mtr-content=\"Lunghezza (cm)\" class=\"mtr-td-tag\"><div class=\"mtr-cell-content\">170<\/div><\/td>\n<td style=\"width: 20%; text-align: center;\" data-mtr-content=\"Profondit\u00e0 (cm)\" class=\"mtr-td-tag\"><div class=\"mtr-cell-content\">70<\/div><\/td>\n<td style=\"text-align: center; width: 15%;\" data-mtr-content=\"Altezza (cm)\" class=\"mtr-td-tag\"><div class=\"mtr-cell-content\">85<\/div><\/td>\n<td style=\"text-align: center; width: 25%;\" data-mtr-content=\"Dim. Vasca (LxPxH cm)\" class=\"mtr-td-tag\"><div class=\"mtr-cell-content\">50x50x30<\/div><\/td>\n<td style=\"width: 20%; text-align: center;\" data-mtr-content=\"Peso (Kg)\" class=\"mtr-td-tag\"><div class=\"mtr-cell-content\">68<\/div><\/td>\n<\/tr>\n<tr>\n<td style=\"width: 20%; text-align: center;\" data-mtr-content=\"Lunghezza (cm)\" class=\"mtr-td-tag\"><div class=\"mtr-cell-content\">180<\/div><\/td>\n<td style=\"width: 20%; text-align: center;\" data-mtr-content=\"Profondit\u00e0 (cm)\" class=\"mtr-td-tag\"><div class=\"mtr-cell-content\">70<\/div><\/td>\n<td style=\"text-align: center; width: 15%;\" data-mtr-content=\"Altezza (cm)\" class=\"mtr-td-tag\"><div class=\"mtr-cell-content\">85<\/div><\/td>\n<td style=\"text-align: center; width: 25%;\" data-mtr-content=\"Dim. Vasca (LxPxH cm)\" class=\"mtr-td-tag\"><div class=\"mtr-cell-content\">50x50x30<\/div><\/td>\n<td style=\"width: 20%; text-align: center;\" data-mtr-content=\"Peso (Kg)\" class=\"mtr-td-tag\"><div class=\"mtr-cell-content\">72<\/div><\/td>\n<\/tr>\n<tr>\n<td style=\"width: 20%; text-align: center;\" data-mtr-content=\"Lunghezza (cm)\" class=\"mtr-td-tag\"><div class=\"mtr-cell-content\">190<\/div><\/td>\n<td style=\"width: 20%; text-align: center;\" data-mtr-content=\"Profondit\u00e0 (cm)\" class=\"mtr-td-tag\"><div class=\"mtr-cell-content\">70<\/div><\/td>\n<td style=\"text-align: center; width: 15%;\" data-mtr-content=\"Altezza (cm)\" class=\"mtr-td-tag\"><div class=\"mtr-cell-content\">85<\/div><\/td>\n<td style=\"text-align: center; width: 25%;\" data-mtr-content=\"Dim. Vasca (LxPxH cm)\" class=\"mtr-td-tag\"><div class=\"mtr-cell-content\">50x50x30<\/div><\/td>\n<td style=\"width: 20%; text-align: center;\" data-mtr-content=\"Peso (Kg)\" class=\"mtr-td-tag\"><div class=\"mtr-cell-content\">75<\/div><\/td>\n<\/tr>\n<tr>\n<td style=\"width: 20%; text-align: center;\" data-mtr-content=\"Lunghezza (cm)\" class=\"mtr-td-tag\"><div class=\"mtr-cell-content\">200<\/div><\/td>\n<td style=\"width: 20%; text-align: center;\" data-mtr-content=\"Profondit\u00e0 (cm)\" class=\"mtr-td-tag\"><div class=\"mtr-cell-content\">70<\/div><\/td>\n<td style=\"text-align: center; width: 15%;\" data-mtr-content=\"Altezza (cm)\" class=\"mtr-td-tag\"><div class=\"mtr-cell-content\">85<\/div><\/td>\n<td style=\"text-align: center; width: 25%;\" data-mtr-content=\"Dim. Vasca (LxPxH cm)\" class=\"mtr-td-tag\"><div class=\"mtr-cell-content\">60x50x30<\/div><\/td>\n<td style=\"width: 20%; text-align: center;\" data-mtr-content=\"Peso (Kg)\" class=\"mtr-td-tag\"><div class=\"mtr-cell-content\">78<\/div><\/td>\n<\/tr>\n<\/tbody>\n<\/table>","protected":false},"excerpt":{"rendered":"<p>Lavatoio 2 vasche e gocciolatoio a destra ripiano inferiore su fianchi acciaio inox Aisi 304 profondit\u00e0 70 cm Lavatoio in acciaio inox Aisi 304 con fianchi chiusi, con ripiano inferiore, 2 vasche e 1 gocciolatoio a destra, profondit\u00e0 vasca 30 cm. Dotato di Alzatina e pilette Profondit\u00e0 70 cm. Altezza 85 cm. Fornito smontato Dimensioni [&#8230;]","protected":false},"featured_media":128220,"comment_status":"closed","ping_status":"closed","template":"","meta":{"_monsterinsights_skip_tracking":false,"_monsterinsights_sitenote_active":false,"_monsterinsights_sitenote_note":"","_monsterinsights_sitenote_category":0},"product_brand":[772],"product_cat":[18,119],"product_tag":[],"class_list":{"0":"post-26879","1":"product","2":"type-product","3":"status-publish","4":"has-post-thumbnail","6":"product_brand-crea-e-arreda-negozi","7":"product_cat-arredo-acciaio-inox","8":"product_cat-lavatoi","9":"pa_dotazione-2-vasche","10":"pa_dotazione-con-alzatina","11":"pa_dotazione-con-gocciolatoio","12":"pa_dotazione-con-ripiano-inferiore","13":"pa_profondita-linea-70","14":"pa_tipo-acciaio-aisi-linea-hq-aisi-304","15":"pa_versione-a-giorno","16":"pa_versione-su-fianchi","18":"first","19":"instock","20":"taxable","21":"shipping-taxable","22":"purchasable","23":"product-type-variable"},"_links":{"self":[{"href":"https:\/\/www.creaearredanegozi.it\/de\/wp-json\/wp\/v2\/product\/26879","targetHints":{"allow":["GET"]}}],"collection":[{"href":"https:\/\/www.creaearredanegozi.it\/de\/wp-json\/wp\/v2\/product"}],"about":[{"href":"https:\/\/www.creaearredanegozi.it\/de\/wp-json\/wp\/v2\/types\/product"}],"replies":[{"embeddable":true,"href":"https:\/\/www.creaearredanegozi.it\/de\/wp-json\/wp\/v2\/comments?post=26879"}],"wp:featuredmedia":[{"embeddable":true,"href":"https:\/\/www.creaearredanegozi.it\/de\/wp-json\/wp\/v2\/media\/128220"}],"wp:attachment":[{"href":"https:\/\/www.creaearredanegozi.it\/de\/wp-json\/wp\/v2\/media?parent=26879"}],"wp:term":[{"taxonomy":"product_brand","embeddable":true,"href":"https:\/\/www.creaearredanegozi.it\/de\/wp-json\/wp\/v2\/product_brand?post=26879"},{"taxonomy":"product_cat","embeddable":true,"href":"https:\/\/www.creaearredanegozi.it\/de\/wp-json\/wp\/v2\/product_cat?post=26879"},{"taxonomy":"product_tag","embeddable":true,"href":"https:\/\/www.creaearredanegozi.it\/de\/wp-json\/wp\/v2\/product_tag?post=26879"}],"curies":[{"name":"wp","href":"https:\/\/api.w.org\/{rel}","templated":true}]}}