{"id":26925,"date":"2019-06-11T11:00:38","date_gmt":"2019-06-11T09:00:38","guid":{"rendered":"https:\/\/www.creaearredanegozi.it\/?post_type=product&#038;p=26925"},"modified":"2025-12-03T17:52:18","modified_gmt":"2025-12-03T16:52:18","slug":"waschbecken-1-waschbeckenschrank-edelstahl-aisi-304-untere-ablagetiefe-70","status":"publish","type":"product","link":"https:\/\/www.creaearredanegozi.it\/de\/waschbecken-1-waschbeckenschrank-edelstahl-aisi-304-untere-ablagetiefe-70\/","title":{"rendered":"Sp\u00fcle 1 Becken Schrank Edelstahl Aisi 304 untere Ablage Tiefe 70"},"content":{"rendered":"<p><strong>Sp\u00fcle 1 Becken Schrank Edelstahl Aisi 304 untere Ablage Tiefe 70<\/strong><\/p>\n<p>Waschtisch aus Edelstahl Aisi 304 mit Fl\u00fcgelt\u00fcr, mit 1 Waschbecken. Tiefe des Beckens 50 cm und H\u00f6he 30 cm. Ausgestattet mit Spritzschutz.<\/p>\n<ul>\n<li>Tiefe 70 cm.<\/li>\n<li>H\u00f6he 85 cm.<\/li>\n<\/ul>\n<p><a href=\"https:\/\/www.creaearredanegozi.it\/wp-content\/uploads\/2019\/06\/DSLA1V056-scheda-1.jpg\"><img decoding=\"async\" class=\"aligncenter size-full wp-image-129093\" src=\"https:\/\/www.creaearredanegozi.it\/wp-content\/uploads\/2019\/06\/DSLA1V056-scheda-1.jpg\" alt=\"\" width=\"799\" height=\"496\" title=\"\" srcset=\"https:\/\/www.creaearredanegozi.it\/wp-content\/uploads\/2019\/06\/DSLA1V056-scheda-1.jpg 799w, https:\/\/www.creaearredanegozi.it\/wp-content\/uploads\/2019\/06\/DSLA1V056-scheda-1-516x320.jpg 516w, https:\/\/www.creaearredanegozi.it\/wp-content\/uploads\/2019\/06\/DSLA1V056-scheda-1-64x40.jpg 64w, https:\/\/www.creaearredanegozi.it\/wp-content\/uploads\/2019\/06\/DSLA1V056-scheda-1-644x400.jpg 644w, https:\/\/www.creaearredanegozi.it\/wp-content\/uploads\/2019\/06\/DSLA1V056-scheda-1-768x477.jpg 768w, https:\/\/www.creaearredanegozi.it\/wp-content\/uploads\/2019\/06\/DSLA1V056-scheda-1-18x12.jpg 18w\" sizes=\"(max-width: 799px) 100vw, 799px\" \/><\/a><img decoding=\"async\" class=\"alignnone size-full wp-image-126433 aligncenter\" src=\"https:\/\/www.creaearredanegozi.it\/wp-content\/uploads\/2019\/06\/43-21.png\" alt=\"\" width=\"500\" height=\"283\" title=\"\" srcset=\"https:\/\/www.creaearredanegozi.it\/wp-content\/uploads\/2019\/06\/43-21.png 500w, https:\/\/www.creaearredanegozi.it\/wp-content\/uploads\/2019\/06\/43-21-64x36.png 64w\" sizes=\"(max-width: 500px) 100vw, 500px\" \/><\/p>\n<p><strong>Verf\u00fcgbare Gr\u00f6\u00dfen:<\/strong><\/p>\n<ul>\n<li>50x70x85 cm Wanne: 40x50x30 cm<\/li>\n<li>60x70x85 cm Wanne: 40x50x30 cm<\/li>\n<li>70x70x85 cm Wanne: 60x50x30 cm<\/li>\n<li>80x70x85 cm Wanne: 60x50x30 cm<\/li>\n<\/ul>","protected":false},"excerpt":{"rendered":"<p>Lavatoio 1 vasca armadiato acciaio inox Aisi 304 ripiano inferiore profondit\u00e0 70 Lavatoio in acciaio inox Aisi 304 armadiato con porta a battente, con 1 vasca. Vasca profondit\u00e0 50 cm e altezza 30 cm. Dotato di Alzatina. Profondit\u00e0 70 cm. Altezza 85 cm. Dimensioni disponibili: 50x70x85 cm Vasca: 40x50x30 cm 60x70x85 cm Vasca: 40x50x30 cm [&#8230;]","protected":false},"featured_media":126429,"comment_status":"closed","ping_status":"closed","template":"","meta":{"_monsterinsights_skip_tracking":false,"_monsterinsights_sitenote_active":false,"_monsterinsights_sitenote_note":"","_monsterinsights_sitenote_category":0},"product_brand":[772],"product_cat":[18,119],"product_tag":[],"class_list":{"0":"post-26925","1":"product","2":"type-product","3":"status-publish","4":"has-post-thumbnail","6":"product_brand-crea-e-arreda-negozi","7":"product_cat-arredo-acciaio-inox","8":"product_cat-lavatoi","9":"pa_dotazione-con-alzatina","10":"pa_profondita-linea-70","11":"pa_tipo-acciaio-aisi-linea-hq-aisi-304","12":"pa_versione-armadiato-con-porte","14":"first","15":"instock","16":"taxable","17":"shipping-taxable","18":"purchasable","19":"product-type-variable"},"_links":{"self":[{"href":"https:\/\/www.creaearredanegozi.it\/de\/wp-json\/wp\/v2\/product\/26925","targetHints":{"allow":["GET"]}}],"collection":[{"href":"https:\/\/www.creaearredanegozi.it\/de\/wp-json\/wp\/v2\/product"}],"about":[{"href":"https:\/\/www.creaearredanegozi.it\/de\/wp-json\/wp\/v2\/types\/product"}],"replies":[{"embeddable":true,"href":"https:\/\/www.creaearredanegozi.it\/de\/wp-json\/wp\/v2\/comments?post=26925"}],"wp:featuredmedia":[{"embeddable":true,"href":"https:\/\/www.creaearredanegozi.it\/de\/wp-json\/wp\/v2\/media\/126429"}],"wp:attachment":[{"href":"https:\/\/www.creaearredanegozi.it\/de\/wp-json\/wp\/v2\/media?parent=26925"}],"wp:term":[{"taxonomy":"product_brand","embeddable":true,"href":"https:\/\/www.creaearredanegozi.it\/de\/wp-json\/wp\/v2\/product_brand?post=26925"},{"taxonomy":"product_cat","embeddable":true,"href":"https:\/\/www.creaearredanegozi.it\/de\/wp-json\/wp\/v2\/product_cat?post=26925"},{"taxonomy":"product_tag","embeddable":true,"href":"https:\/\/www.creaearredanegozi.it\/de\/wp-json\/wp\/v2\/product_tag?post=26925"}],"curies":[{"name":"wp","href":"https:\/\/api.w.org\/{rel}","templated":true}]}}