{"id":26946,"date":"2019-06-11T11:16:06","date_gmt":"2019-06-11T09:16:06","guid":{"rendered":"https:\/\/www.creaearredanegozi.it\/?post_type=product&#038;p=26946"},"modified":"2024-02-26T13:48:03","modified_gmt":"2024-02-26T12:48:03","slug":"lavatoio-1-vasca-gocciolatoio-a-sinistra-armadiato-acciaio-inox-aisi-430-profondita-70-cm","status":"publish","type":"product","link":"https:\/\/www.creaearredanegozi.it\/de\/lavatoio-1-vasca-gocciolatoio-a-sinistra-armadiato-acciaio-inox-aisi-430-profondita-70-cm\/","title":{"rendered":"Waschtisch 1 Becken Tropfschale links Schrank Edelstahl Aisi 430 Tiefe 70 cm"},"content":{"rendered":"<p style=\"text-align: center;\"><strong>Waschtisch 1 Abtropffl\u00e4che links mit Schiebet\u00fcren Edelstahl Aisi 430 Tiefe 70 cm<\/strong><\/p>\n<p>Lavatoio in acciaio inox. Struttura in Aisi 430, top e vasca in AISI 304, armadiato con porte scorrevoli, con 1 vasca, gocciolatoio a sinistra. Profondit\u00e0 vasca 30 cm. Dotato di alzatina.<\/p>\n<ul>\n<li>Tiefe 70 cm.<\/li>\n<li>H\u00f6he 85 cm.<\/li>\n<\/ul>\n<p><a href=\"https:\/\/www.creaearredanegozi.it\/wp-content\/uploads\/2019\/06\/Dimensioni-lavello-armadiato.png\"><img decoding=\"async\" width=\"500\" height=\"283\" class=\"alignnone wp-image-126916 size-full aligncenter\" style=\"width: 100%; max-width: 500px; height: auto;\" src=\"https:\/\/www.creaearredanegozi.it\/wp-content\/uploads\/2019\/06\/Dimensioni-lavello-armadiato.png\" alt=\"\" title=\"\" srcset=\"https:\/\/www.creaearredanegozi.it\/wp-content\/uploads\/2019\/06\/Dimensioni-lavello-armadiato.png 500w, https:\/\/www.creaearredanegozi.it\/wp-content\/uploads\/2019\/06\/Dimensioni-lavello-armadiato-64x36.png 64w\" sizes=\"(max-width: 500px) 100vw, 500px\" \/><\/a><\/p>\n<p><strong>Verf\u00fcgbare Gr\u00f6\u00dfen:<\/strong><\/p>\n<table class=\"table table-striped mtr-table mtr-thead-td\" style=\"border-collapse: collapse; width: 100%;\">\n<thead>\n<tr>\n<td style=\"width: 14.2857%; text-align: center;\" data-mtr-content=\"Lunghezza (L \u2013 cm)\" class=\"mtr-td-tag\"><div class=\"mtr-cell-content\"><strong>Lunghezza (L \u2013 cm)<\/strong><\/div><\/td>\n<td style=\"width: 14.2857%; text-align: center;\" data-mtr-content=\"Profondit\u00e0 (P \u2013 cm)\" class=\"mtr-td-tag\"><div class=\"mtr-cell-content\"><strong>Profondit\u00e0 (P \u2013 cm)<\/strong><\/div><\/td>\n<td style=\"width: 14.2857%; text-align: center;\" data-mtr-content=\"Altezza (cm)\" class=\"mtr-td-tag\"><div class=\"mtr-cell-content\"><strong>H\u00f6he (cm)<\/strong><\/div><\/td>\n<td style=\"width: 14.2857%; text-align: center;\" data-mtr-content=\"Dim. Vasca (cm)\" class=\"mtr-td-tag\"><div class=\"mtr-cell-content\"><strong>Wannengr\u00f6\u00dfe (cm)<\/strong><\/div><\/td>\n<td style=\"width: 14.2857%; text-align: center;\" data-mtr-content=\"Peso (kg)\" class=\"mtr-td-tag\"><div class=\"mtr-cell-content\"><strong>Gewicht (kg)<\/strong><\/div><\/td>\n<\/tr>\n<\/thead>\n<tbody>\n<tr>\n<td style=\"width: 14.2857%; text-align: center;\" data-mtr-content=\"Lunghezza (L \u2013 cm)\" class=\"mtr-td-tag\"><div class=\"mtr-cell-content\">100<\/div><\/td>\n<td style=\"text-align: center; width: 14.2857%;\" data-mtr-content=\"Profondit\u00e0 (P \u2013 cm)\" class=\"mtr-td-tag\"><div class=\"mtr-cell-content\">70<\/div><\/td>\n<td style=\"text-align: center; width: 14.2857%;\" data-mtr-content=\"Altezza (cm)\" class=\"mtr-td-tag\"><div class=\"mtr-cell-content\">85+10<\/div><\/td>\n<td style=\"width: 14.2857%; text-align: center;\" data-mtr-content=\"Dim. Vasca (cm)\" class=\"mtr-td-tag\"><div class=\"mtr-cell-content\">40x50x30<\/div><\/td>\n<td style=\"width: 14.2857%; text-align: center;\" data-mtr-content=\"Peso (kg)\" class=\"mtr-td-tag\"><div class=\"mtr-cell-content\">58<\/div><\/td>\n<\/tr>\n<tr>\n<td style=\"width: 14.2857%; text-align: center;\" data-mtr-content=\"Lunghezza (L \u2013 cm)\" class=\"mtr-td-tag\"><div class=\"mtr-cell-content\">110<\/div><\/td>\n<td style=\"text-align: center; width: 14.2857%;\" data-mtr-content=\"Profondit\u00e0 (P \u2013 cm)\" class=\"mtr-td-tag\"><div class=\"mtr-cell-content\">70<\/div><\/td>\n<td style=\"text-align: center; width: 14.2857%;\" data-mtr-content=\"Altezza (cm)\" class=\"mtr-td-tag\"><div class=\"mtr-cell-content\">85+10<\/div><\/td>\n<td style=\"width: 14.2857%; text-align: center;\" data-mtr-content=\"Dim. Vasca (cm)\" class=\"mtr-td-tag\"><div class=\"mtr-cell-content\">40x50x30<\/div><\/td>\n<td style=\"width: 14.2857%; text-align: center;\" data-mtr-content=\"Peso (kg)\" class=\"mtr-td-tag\"><div class=\"mtr-cell-content\">59<\/div><\/td>\n<\/tr>\n<tr>\n<td style=\"width: 14.2857%; text-align: center;\" data-mtr-content=\"Lunghezza (L \u2013 cm)\" class=\"mtr-td-tag\"><div class=\"mtr-cell-content\">120<\/div><\/td>\n<td style=\"text-align: center; width: 14.2857%;\" data-mtr-content=\"Profondit\u00e0 (P \u2013 cm)\" class=\"mtr-td-tag\"><div class=\"mtr-cell-content\">70<\/div><\/td>\n<td style=\"text-align: center; width: 14.2857%;\" data-mtr-content=\"Altezza (cm)\" class=\"mtr-td-tag\"><div class=\"mtr-cell-content\">85+10<\/div><\/td>\n<td style=\"width: 14.2857%; text-align: center;\" data-mtr-content=\"Dim. Vasca (cm)\" class=\"mtr-td-tag\"><div class=\"mtr-cell-content\">50x50x30<\/div><\/td>\n<td style=\"width: 14.2857%; text-align: center;\" data-mtr-content=\"Peso (kg)\" class=\"mtr-td-tag\"><div class=\"mtr-cell-content\">60<\/div><\/td>\n<\/tr>\n<tr>\n<td style=\"width: 14.2857%; text-align: center;\" data-mtr-content=\"Lunghezza (L \u2013 cm)\" class=\"mtr-td-tag\"><div class=\"mtr-cell-content\">130<\/div><\/td>\n<td style=\"text-align: center; width: 14.2857%;\" data-mtr-content=\"Profondit\u00e0 (P \u2013 cm)\" class=\"mtr-td-tag\"><div class=\"mtr-cell-content\">70<\/div><\/td>\n<td style=\"text-align: center; width: 14.2857%;\" data-mtr-content=\"Altezza (cm)\" class=\"mtr-td-tag\"><div class=\"mtr-cell-content\">85+10<\/div><\/td>\n<td style=\"width: 14.2857%; text-align: center;\" data-mtr-content=\"Dim. Vasca (cm)\" class=\"mtr-td-tag\"><div class=\"mtr-cell-content\">50x50x30<\/div><\/td>\n<td style=\"width: 14.2857%; text-align: center;\" data-mtr-content=\"Peso (kg)\" class=\"mtr-td-tag\"><div class=\"mtr-cell-content\">64<\/div><\/td>\n<\/tr>\n<tr>\n<td style=\"width: 14.2857%; text-align: center;\" data-mtr-content=\"Lunghezza (L \u2013 cm)\" class=\"mtr-td-tag\"><div class=\"mtr-cell-content\">140<\/div><\/td>\n<td style=\"text-align: center; width: 14.2857%;\" data-mtr-content=\"Profondit\u00e0 (P \u2013 cm)\" class=\"mtr-td-tag\"><div class=\"mtr-cell-content\">70<\/div><\/td>\n<td style=\"text-align: center; width: 14.2857%;\" data-mtr-content=\"Altezza (cm)\" class=\"mtr-td-tag\"><div class=\"mtr-cell-content\">85+10<\/div><\/td>\n<td style=\"width: 14.2857%; text-align: center;\" data-mtr-content=\"Dim. Vasca (cm)\" class=\"mtr-td-tag\"><div class=\"mtr-cell-content\">60x50x30<\/div><\/td>\n<td style=\"width: 14.2857%; text-align: center;\" data-mtr-content=\"Peso (kg)\" class=\"mtr-td-tag\"><div class=\"mtr-cell-content\">68<\/div><\/td>\n<\/tr>\n<tr>\n<td style=\"width: 14.2857%; text-align: center;\" data-mtr-content=\"Lunghezza (L \u2013 cm)\" class=\"mtr-td-tag\"><div class=\"mtr-cell-content\">150<\/div><\/td>\n<td style=\"text-align: center; width: 14.2857%;\" data-mtr-content=\"Profondit\u00e0 (P \u2013 cm)\" class=\"mtr-td-tag\"><div class=\"mtr-cell-content\">70<\/div><\/td>\n<td style=\"text-align: center; width: 14.2857%;\" data-mtr-content=\"Altezza (cm)\" class=\"mtr-td-tag\"><div class=\"mtr-cell-content\">85+10<\/div><\/td>\n<td style=\"width: 14.2857%; text-align: center;\" data-mtr-content=\"Dim. Vasca (cm)\" class=\"mtr-td-tag\"><div class=\"mtr-cell-content\">60x50x30<\/div><\/td>\n<td style=\"width: 14.2857%; text-align: center;\" data-mtr-content=\"Peso (kg)\" class=\"mtr-td-tag\"><div class=\"mtr-cell-content\">72<\/div><\/td>\n<\/tr>\n<tr>\n<td style=\"width: 14.2857%; text-align: center;\" data-mtr-content=\"Lunghezza (L \u2013 cm)\" class=\"mtr-td-tag\"><div class=\"mtr-cell-content\">160<\/div><\/td>\n<td style=\"text-align: center; width: 14.2857%;\" data-mtr-content=\"Profondit\u00e0 (P \u2013 cm)\" class=\"mtr-td-tag\"><div class=\"mtr-cell-content\">70<\/div><\/td>\n<td style=\"text-align: center; width: 14.2857%;\" data-mtr-content=\"Altezza (cm)\" class=\"mtr-td-tag\"><div class=\"mtr-cell-content\">85+10<\/div><\/td>\n<td style=\"width: 14.2857%; text-align: center;\" data-mtr-content=\"Dim. Vasca (cm)\" class=\"mtr-td-tag\"><div class=\"mtr-cell-content\">60x50x30<\/div><\/td>\n<td style=\"width: 14.2857%; text-align: center;\" data-mtr-content=\"Peso (kg)\" class=\"mtr-td-tag\"><div class=\"mtr-cell-content\">76<\/div><\/td>\n<\/tr>\n<\/tbody>\n<\/table>","protected":false},"excerpt":{"rendered":"<p>Lavatoio 1 vasca gocciolatoio a sinistra con porte scorrevoli acciaio inox Aisi 430 profondit\u00e0 70 cm Lavatoio in acciaio inox. Struttura in Aisi 430, top e vasca in AISI 304, armadiato con porte scorrevoli, con 1 vasca, gocciolatoio a sinistra. Profondit\u00e0 vasca 30 cm. Dotato di alzatina. Profondit\u00e0 70 cm. Altezza 85 cm. Dimensioni disponibili: [&#8230;]","protected":false},"featured_media":126915,"comment_status":"closed","ping_status":"closed","template":"","meta":{"_monsterinsights_skip_tracking":false,"_monsterinsights_sitenote_active":false,"_monsterinsights_sitenote_note":"","_monsterinsights_sitenote_category":0},"product_brand":[772],"product_cat":[119,18],"product_tag":[],"class_list":{"0":"post-26946","1":"product","2":"type-product","3":"status-publish","4":"has-post-thumbnail","6":"product_brand-crea-e-arreda-negozi","7":"product_cat-lavatoi","8":"product_cat-arredo-acciaio-inox","9":"pa_dotazione-1-vasca","10":"pa_dotazione-con-alzatina","11":"pa_dotazione-con-gocciolatoio","12":"pa_dotazione-con-ripiano-inferiore","13":"pa_profondita-linea-70","14":"pa_tipo-acciaio-aisi-linea-eco-aisi-430","15":"pa_versione-armadiato-con-porte","17":"first","18":"instock","19":"taxable","20":"shipping-taxable","21":"purchasable","22":"product-type-variable"},"_links":{"self":[{"href":"https:\/\/www.creaearredanegozi.it\/de\/wp-json\/wp\/v2\/product\/26946","targetHints":{"allow":["GET"]}}],"collection":[{"href":"https:\/\/www.creaearredanegozi.it\/de\/wp-json\/wp\/v2\/product"}],"about":[{"href":"https:\/\/www.creaearredanegozi.it\/de\/wp-json\/wp\/v2\/types\/product"}],"replies":[{"embeddable":true,"href":"https:\/\/www.creaearredanegozi.it\/de\/wp-json\/wp\/v2\/comments?post=26946"}],"wp:featuredmedia":[{"embeddable":true,"href":"https:\/\/www.creaearredanegozi.it\/de\/wp-json\/wp\/v2\/media\/126915"}],"wp:attachment":[{"href":"https:\/\/www.creaearredanegozi.it\/de\/wp-json\/wp\/v2\/media?parent=26946"}],"wp:term":[{"taxonomy":"product_brand","embeddable":true,"href":"https:\/\/www.creaearredanegozi.it\/de\/wp-json\/wp\/v2\/product_brand?post=26946"},{"taxonomy":"product_cat","embeddable":true,"href":"https:\/\/www.creaearredanegozi.it\/de\/wp-json\/wp\/v2\/product_cat?post=26946"},{"taxonomy":"product_tag","embeddable":true,"href":"https:\/\/www.creaearredanegozi.it\/de\/wp-json\/wp\/v2\/product_tag?post=26946"}],"curies":[{"name":"wp","href":"https:\/\/api.w.org\/{rel}","templated":true}]}}