{"id":26955,"date":"2019-06-11T11:20:08","date_gmt":"2019-06-11T09:20:08","guid":{"rendered":"https:\/\/www.creaearredanegozi.it\/?post_type=product&#038;p=26955"},"modified":"2024-02-14T19:28:19","modified_gmt":"2024-02-14T18:28:19","slug":"lavatoio-1-vasca-gocciolatoio-a-destra-armadiato-acciaio-inox-aisi-304-profondita-70-cm","status":"publish","type":"product","link":"https:\/\/www.creaearredanegozi.it\/de\/lavatoio-1-vasca-gocciolatoio-a-destra-armadiato-acciaio-inox-aisi-304-profondita-70-cm\/","title":{"rendered":"Waschbecken 1 Becken rechts Abtropffl\u00e4che Schrank aus Edelstahl Aisi 304 Tiefe 70 cm"},"content":{"rendered":"<p><strong>Waschbecken 1 Becken rechts Abtropffl\u00e4che Schrank aus Edelstahl Aisi 304 Tiefe 70 cm<\/strong><\/p>\n<p>Lavatoio in acciaio inox Aisi 304 armadiato con porte scorrevoli, con 1 vasca e un gocciolatoio a destra. Vasca profondit\u00e0 50 cm e altezza 30 cm. Dotato di alzatina.<\/p>\n<p>Tiefe 70 cm.<\/p>\n<p><strong>H\u00f6he 85 cm.<\/strong><\/p>\n<p><img decoding=\"async\" class=\"wp-image-126433 size-full aligncenter\" src=\"https:\/\/www.creaearredanegozi.it\/wp-content\/uploads\/2019\/06\/43-21.png\" alt=\"\" width=\"500\" height=\"283\" title=\"\" srcset=\"https:\/\/www.creaearredanegozi.it\/wp-content\/uploads\/2019\/06\/43-21.png 500w, https:\/\/www.creaearredanegozi.it\/wp-content\/uploads\/2019\/06\/43-21-64x36.png 64w\" sizes=\"(max-width: 500px) 100vw, 500px\" \/><\/p>\n<p><strong>Verf\u00fcgbare Gr\u00f6\u00dfen:<\/strong><\/p>\n<ul>\n<li>100x70x85 cm. Wanne: 40x50x30 cm<\/li>\n<li>110x70x85 cm Wanne: 50x50x30 cm<\/li>\n<li>120x70x85 cm Wanne: 50x50x30 cm<\/li>\n<li>130x70x85 cm Wanne: 50x50x30 cm<\/li>\n<li>140x70x85 cm Wanne: 50x50x30 cm<\/li>\n<li>150x70x85 cm Vasca: 50x50x30 cm<\/li>\n<li>160x70x85 cm Wanne: 50x50x30 cm<\/li>\n<\/ul>\n<table width=\"100%\" class=\"mtr-table mtr-tr-td\">\n<tbody>\n<tr>\n<td data-mtr-content=\"Modello\" class=\"mtr-td-tag\"><div class=\"mtr-cell-content\">\n<p class=\"s97\" style=\"text-align: center;\">Modell<\/p>\n<\/div><\/td>\n<td style=\"text-align: center;\" data-mtr-content=\"Peso (Kg)*\" class=\"mtr-td-tag\"><div class=\"mtr-cell-content\">\n<p class=\"s97\">Peso (Kg)*<\/p>\n<\/div><\/td>\n<td data-mtr-content=\"Vasca LxPxH (cm)\" class=\"mtr-td-tag\"><div class=\"mtr-cell-content\">\n<p class=\"s97\" style=\"text-align: center;\">Wanne LxBxH (cm)<\/p>\n<\/div><\/td>\n<\/tr>\n<tr>\n<td bgcolor=\"#E6E7E8\" data-mtr-content=\"Modello\" class=\"mtr-td-tag\"><div class=\"mtr-cell-content\">\n<p class=\"s26\" style=\"text-align: center;\">100x70x85<\/p>\n<\/div><\/td>\n<td style=\"text-align: center;\" bgcolor=\"#E6E7E8\" data-mtr-content=\"Peso (Kg)*\" class=\"mtr-td-tag\"><div class=\"mtr-cell-content\">\n<p class=\"s26\">58<\/p>\n<\/div><\/td>\n<td bgcolor=\"#E6E7E8\" data-mtr-content=\"Vasca LxPxH (cm)\" class=\"mtr-td-tag\"><div class=\"mtr-cell-content\">\n<p class=\"s26\" style=\"text-align: center;\">40x50x30<\/p>\n<\/div><\/td>\n<\/tr>\n<tr>\n<td data-mtr-content=\"Modello\" class=\"mtr-td-tag\"><div class=\"mtr-cell-content\">\n<p class=\"s26\" style=\"text-align: center;\">110x70x85<\/p>\n<\/div><\/td>\n<td style=\"text-align: center;\" data-mtr-content=\"Peso (Kg)*\" class=\"mtr-td-tag\"><div class=\"mtr-cell-content\">\n<p class=\"s26\">59<\/p>\n<\/div><\/td>\n<td data-mtr-content=\"Vasca LxPxH (cm)\" class=\"mtr-td-tag\"><div class=\"mtr-cell-content\">\n<p class=\"s26\" style=\"text-align: center;\">40x50x30<\/p>\n<\/div><\/td>\n<\/tr>\n<tr>\n<td bgcolor=\"#E6E7E8\" data-mtr-content=\"Modello\" class=\"mtr-td-tag\"><div class=\"mtr-cell-content\">\n<p class=\"s26\" style=\"text-align: center;\">120x70x85<\/p>\n<\/div><\/td>\n<td style=\"text-align: center;\" bgcolor=\"#E6E7E8\" data-mtr-content=\"Peso (Kg)*\" class=\"mtr-td-tag\"><div class=\"mtr-cell-content\">\n<p class=\"s26\">60<\/p>\n<\/div><\/td>\n<td bgcolor=\"#E6E7E8\" data-mtr-content=\"Vasca LxPxH (cm)\" class=\"mtr-td-tag\"><div class=\"mtr-cell-content\">\n<p class=\"s26\" style=\"text-align: center;\">50x50x30<\/p>\n<\/div><\/td>\n<\/tr>\n<tr>\n<td data-mtr-content=\"Modello\" class=\"mtr-td-tag\"><div class=\"mtr-cell-content\">\n<p class=\"s26\" style=\"text-align: center;\">130x70x85<\/p>\n<\/div><\/td>\n<td style=\"text-align: center;\" data-mtr-content=\"Peso (Kg)*\" class=\"mtr-td-tag\"><div class=\"mtr-cell-content\">\n<p class=\"s26\">64<\/p>\n<\/div><\/td>\n<td data-mtr-content=\"Vasca LxPxH (cm)\" class=\"mtr-td-tag\"><div class=\"mtr-cell-content\">\n<p class=\"s26\" style=\"text-align: center;\">50x50x30<\/p>\n<\/div><\/td>\n<\/tr>\n<tr>\n<td bgcolor=\"#E6E7E8\" data-mtr-content=\"Modello\" class=\"mtr-td-tag\"><div class=\"mtr-cell-content\">\n<p class=\"s26\" style=\"text-align: center;\">140x70x85<\/p>\n<\/div><\/td>\n<td style=\"text-align: center;\" bgcolor=\"#E6E7E8\" data-mtr-content=\"Peso (Kg)*\" class=\"mtr-td-tag\"><div class=\"mtr-cell-content\">\n<p class=\"s26\">68<\/p>\n<\/div><\/td>\n<td bgcolor=\"#E6E7E8\" data-mtr-content=\"Vasca LxPxH (cm)\" class=\"mtr-td-tag\"><div class=\"mtr-cell-content\">\n<p class=\"s26\" style=\"text-align: center;\">60x50x30<\/p>\n<\/div><\/td>\n<\/tr>\n<tr>\n<td data-mtr-content=\"Modello\" class=\"mtr-td-tag\"><div class=\"mtr-cell-content\">\n<p class=\"s26\" style=\"text-align: center;\">150x70x85<\/p>\n<\/div><\/td>\n<td data-mtr-content=\"Peso (Kg)*\" class=\"mtr-td-tag\"><div class=\"mtr-cell-content\">\n<p class=\"s26\" style=\"text-align: center;\">72<\/p>\n<\/div><\/td>\n<td data-mtr-content=\"Vasca LxPxH (cm)\" class=\"mtr-td-tag\"><div class=\"mtr-cell-content\">\n<p class=\"s26\" style=\"text-align: center;\">60x50x30<\/p>\n<\/div><\/td>\n<\/tr>\n<tr>\n<td bgcolor=\"#E6E7E8\" data-mtr-content=\"Modello\" class=\"mtr-td-tag\"><div class=\"mtr-cell-content\">\n<p class=\"s26\" style=\"text-align: center;\">160x70x85<\/p>\n<\/div><\/td>\n<td style=\"text-align: center;\" bgcolor=\"#E6E7E8\" data-mtr-content=\"Peso (Kg)*\" class=\"mtr-td-tag\"><div class=\"mtr-cell-content\">\n<p class=\"s26\">76<\/p>\n<\/div><\/td>\n<td bgcolor=\"#E6E7E8\" data-mtr-content=\"Vasca LxPxH (cm)\" class=\"mtr-td-tag\"><div class=\"mtr-cell-content\">\n<p class=\"s26\" style=\"text-align: center;\">60x50x30<\/p>\n<\/div><\/td>\n<\/tr>\n<\/tbody>\n<\/table>","protected":false},"excerpt":{"rendered":"<p>Lavatoio 1 vasca gocciolatoio a destra armadiato acciaio inox Aisi 304 profondit\u00e0 70 cm Lavatoio in acciaio inox Aisi 304 armadiato con porte scorrevoli, con 1 vasca e un gocciolatoio a destra. Vasca profondit\u00e0 50 cm e altezza 30 cm. Dotato di alzatina. Profondit\u00e0 70 cm. Altezza 85 cm. Dimensioni disponibili: 100x70x85 cm. Vasca: 40x50x30 [&#8230;]","protected":false},"featured_media":126454,"comment_status":"closed","ping_status":"closed","template":"","meta":{"_monsterinsights_skip_tracking":false,"_monsterinsights_sitenote_active":false,"_monsterinsights_sitenote_note":"","_monsterinsights_sitenote_category":0},"product_brand":[772],"product_cat":[18,119],"product_tag":[],"class_list":{"0":"post-26955","1":"product","2":"type-product","3":"status-publish","4":"has-post-thumbnail","6":"product_brand-crea-e-arreda-negozi","7":"product_cat-arredo-acciaio-inox","8":"product_cat-lavatoi","9":"pa_dotazione-con-alzatina","10":"pa_dotazione-con-gocciolatoio","11":"pa_dotazione-con-ripiano-inferiore","12":"pa_profondita-linea-70","13":"pa_tipo-acciaio-aisi-linea-hq-aisi-304","14":"pa_versione-armadiato-con-porte","16":"first","17":"instock","18":"taxable","19":"shipping-taxable","20":"purchasable","21":"product-type-variable"},"_links":{"self":[{"href":"https:\/\/www.creaearredanegozi.it\/de\/wp-json\/wp\/v2\/product\/26955","targetHints":{"allow":["GET"]}}],"collection":[{"href":"https:\/\/www.creaearredanegozi.it\/de\/wp-json\/wp\/v2\/product"}],"about":[{"href":"https:\/\/www.creaearredanegozi.it\/de\/wp-json\/wp\/v2\/types\/product"}],"replies":[{"embeddable":true,"href":"https:\/\/www.creaearredanegozi.it\/de\/wp-json\/wp\/v2\/comments?post=26955"}],"wp:featuredmedia":[{"embeddable":true,"href":"https:\/\/www.creaearredanegozi.it\/de\/wp-json\/wp\/v2\/media\/126454"}],"wp:attachment":[{"href":"https:\/\/www.creaearredanegozi.it\/de\/wp-json\/wp\/v2\/media?parent=26955"}],"wp:term":[{"taxonomy":"product_brand","embeddable":true,"href":"https:\/\/www.creaearredanegozi.it\/de\/wp-json\/wp\/v2\/product_brand?post=26955"},{"taxonomy":"product_cat","embeddable":true,"href":"https:\/\/www.creaearredanegozi.it\/de\/wp-json\/wp\/v2\/product_cat?post=26955"},{"taxonomy":"product_tag","embeddable":true,"href":"https:\/\/www.creaearredanegozi.it\/de\/wp-json\/wp\/v2\/product_tag?post=26955"}],"curies":[{"name":"wp","href":"https:\/\/api.w.org\/{rel}","templated":true}]}}