{"id":27005,"date":"2019-06-11T12:05:52","date_gmt":"2019-06-11T10:05:52","guid":{"rendered":"https:\/\/www.creaearredanegozi.it\/?post_type=product&#038;p=27005"},"modified":"2024-04-10T20:21:23","modified_gmt":"2024-04-10T18:21:23","slug":"lavatoio-2-vasche-e-gocciolatoio-a-destra-armadiato-acciaio-inox-aisi-304-profondita-70-cm","status":"publish","type":"product","link":"https:\/\/www.creaearredanegozi.it\/de\/lavatoio-2-vasche-e-gocciolatoio-a-destra-armadiato-acciaio-inox-aisi-304-profondita-70-cm\/","title":{"rendered":"Waschbecken 2 Becken und Tropfschale auf der rechten Seite Schrank aus Edelstahl Aisi 304 Tiefe 70 cm"},"content":{"rendered":"<p style=\"text-align: center;\"><strong>Waschbecken 2 Becken und Tropfschale auf der rechten Seite Schrank aus Edelstahl Aisi 304 Tiefe 70 cm<\/strong><\/p>\n<p>Lavatoio in acciaio inox Aisi 304 armadiato con porte scorrevoli, con 2 vasche e 1 gocciolatoio a destra. Vasca profondit\u00e0 50 cm e altezza 30 cm.<\/p>\n<ul>\n<li>Ausgestattet mit Steigleitungen und Abl\u00e4ufen<\/li>\n<li>Tiefe 70 cm.<\/li>\n<li>H\u00f6he 85 cm.<\/li>\n<\/ul>\n<p><a href=\"https:\/\/www.creaearredanegozi.it\/wp-content\/uploads\/2019\/06\/Dimensioni-lavello-armadiato.png\"><img decoding=\"async\" class=\"alignnone wp-image-126916 size-full aligncenter\" src=\"https:\/\/www.creaearredanegozi.it\/wp-content\/uploads\/2019\/06\/Dimensioni-lavello-armadiato.png\" alt=\"\" width=\"500\" height=\"283\" title=\"\" srcset=\"https:\/\/www.creaearredanegozi.it\/wp-content\/uploads\/2019\/06\/Dimensioni-lavello-armadiato.png 500w, https:\/\/www.creaearredanegozi.it\/wp-content\/uploads\/2019\/06\/Dimensioni-lavello-armadiato-64x36.png 64w\" sizes=\"(max-width: 500px) 100vw, 500px\" \/><\/a><\/p>\n<p><strong>Verf\u00fcgbare Gr\u00f6\u00dfen<\/strong><\/p>\n<table style=\"border-collapse: collapse; width: 100%;\" class=\"mtr-table mtr-tr-td\">\n<tbody>\n<tr>\n<td style=\"width: 20%; text-align: center;\" data-mtr-content=\"Lunghezza (cm)\" class=\"mtr-td-tag\"><div class=\"mtr-cell-content\"><strong>L\u00e4nge (cm)<\/strong><\/div><\/td>\n<td style=\"width: 20%; text-align: center;\" data-mtr-content=\"Profondit\u00e0 (cm)\" class=\"mtr-td-tag\"><div class=\"mtr-cell-content\"><strong>Tiefe (cm)<\/strong><\/div><\/td>\n<td style=\"width: 20%; text-align: center;\" data-mtr-content=\"Altezza (cm)\" class=\"mtr-td-tag\"><div class=\"mtr-cell-content\"><strong>H\u00f6he (cm)<\/strong><\/div><\/td>\n<td style=\"width: 20%; text-align: center;\" data-mtr-content=\"Dim. Vasca (LxPxH cm)\" class=\"mtr-td-tag\"><div class=\"mtr-cell-content\"><strong>Gr\u00f6\u00dfe der Badewanne (BxTxH cm)<\/strong><\/div><\/td>\n<td style=\"width: 20%; text-align: center;\" data-mtr-content=\"Peso (kg)\" class=\"mtr-td-tag\"><div class=\"mtr-cell-content\"><strong>Gewicht (kg)<\/strong><\/div><\/td>\n<\/tr>\n<tr>\n<td style=\"width: 20%; text-align: center;\" data-mtr-content=\"Lunghezza (cm)\" class=\"mtr-td-tag\"><div class=\"mtr-cell-content\">140<\/div><\/td>\n<td style=\"width: 20%; text-align: center;\" data-mtr-content=\"Profondit\u00e0 (cm)\" class=\"mtr-td-tag\"><div class=\"mtr-cell-content\">70<\/div><\/td>\n<td style=\"width: 20%; text-align: center;\" data-mtr-content=\"Altezza (cm)\" class=\"mtr-td-tag\"><div class=\"mtr-cell-content\">85<\/div><\/td>\n<td style=\"width: 20%; text-align: center;\" data-mtr-content=\"Dim. Vasca (LxPxH cm)\" class=\"mtr-td-tag\"><div class=\"mtr-cell-content\">40x50x30<\/div><\/td>\n<td style=\"width: 20%; text-align: center;\" data-mtr-content=\"Peso (kg)\" class=\"mtr-td-tag\"><div class=\"mtr-cell-content\">68<\/div><\/td>\n<\/tr>\n<tr>\n<td style=\"width: 20%; text-align: center;\" data-mtr-content=\"Lunghezza (cm)\" class=\"mtr-td-tag\"><div class=\"mtr-cell-content\">150<\/div><\/td>\n<td style=\"width: 20%; text-align: center;\" data-mtr-content=\"Profondit\u00e0 (cm)\" class=\"mtr-td-tag\"><div class=\"mtr-cell-content\">70<\/div><\/td>\n<td style=\"width: 20%; text-align: center;\" data-mtr-content=\"Altezza (cm)\" class=\"mtr-td-tag\"><div class=\"mtr-cell-content\">85<\/div><\/td>\n<td style=\"width: 20%; text-align: center;\" data-mtr-content=\"Dim. Vasca (LxPxH cm)\" class=\"mtr-td-tag\"><div class=\"mtr-cell-content\">40x50x30<\/div><\/td>\n<td style=\"width: 20%; text-align: center;\" data-mtr-content=\"Peso (kg)\" class=\"mtr-td-tag\"><div class=\"mtr-cell-content\">72<\/div><\/td>\n<\/tr>\n<tr>\n<td style=\"width: 20%; text-align: center;\" data-mtr-content=\"Lunghezza (cm)\" class=\"mtr-td-tag\"><div class=\"mtr-cell-content\">160<\/div><\/td>\n<td style=\"width: 20%; text-align: center;\" data-mtr-content=\"Profondit\u00e0 (cm)\" class=\"mtr-td-tag\"><div class=\"mtr-cell-content\">70<\/div><\/td>\n<td style=\"width: 20%; text-align: center;\" data-mtr-content=\"Altezza (cm)\" class=\"mtr-td-tag\"><div class=\"mtr-cell-content\">85<\/div><\/td>\n<td style=\"width: 20%; text-align: center;\" data-mtr-content=\"Dim. Vasca (LxPxH cm)\" class=\"mtr-td-tag\"><div class=\"mtr-cell-content\">50x50x30<\/div><\/td>\n<td style=\"width: 20%; text-align: center;\" data-mtr-content=\"Peso (kg)\" class=\"mtr-td-tag\"><div class=\"mtr-cell-content\">76<\/div><\/td>\n<\/tr>\n<tr>\n<td style=\"width: 20%; text-align: center;\" data-mtr-content=\"Lunghezza (cm)\" class=\"mtr-td-tag\"><div class=\"mtr-cell-content\">170<\/div><\/td>\n<td style=\"width: 20%; text-align: center;\" data-mtr-content=\"Profondit\u00e0 (cm)\" class=\"mtr-td-tag\"><div class=\"mtr-cell-content\">70<\/div><\/td>\n<td style=\"width: 20%; text-align: center;\" data-mtr-content=\"Altezza (cm)\" class=\"mtr-td-tag\"><div class=\"mtr-cell-content\">85<\/div><\/td>\n<td style=\"width: 20%; text-align: center;\" data-mtr-content=\"Dim. Vasca (LxPxH cm)\" class=\"mtr-td-tag\"><div class=\"mtr-cell-content\">50x50x30<\/div><\/td>\n<td style=\"width: 20%; text-align: center;\" data-mtr-content=\"Peso (kg)\" class=\"mtr-td-tag\"><div class=\"mtr-cell-content\">80<\/div><\/td>\n<\/tr>\n<tr>\n<td style=\"width: 20%; text-align: center;\" data-mtr-content=\"Lunghezza (cm)\" class=\"mtr-td-tag\"><div class=\"mtr-cell-content\">180<\/div><\/td>\n<td style=\"width: 20%; text-align: center;\" data-mtr-content=\"Profondit\u00e0 (cm)\" class=\"mtr-td-tag\"><div class=\"mtr-cell-content\">70<\/div><\/td>\n<td style=\"width: 20%; text-align: center;\" data-mtr-content=\"Altezza (cm)\" class=\"mtr-td-tag\"><div class=\"mtr-cell-content\">85<\/div><\/td>\n<td style=\"width: 20%; text-align: center;\" data-mtr-content=\"Dim. Vasca (LxPxH cm)\" class=\"mtr-td-tag\"><div class=\"mtr-cell-content\">50x50x30<\/div><\/td>\n<td style=\"width: 20%; text-align: center;\" data-mtr-content=\"Peso (kg)\" class=\"mtr-td-tag\"><div class=\"mtr-cell-content\">84<\/div><\/td>\n<\/tr>\n<tr>\n<td style=\"width: 20%; text-align: center;\" data-mtr-content=\"Lunghezza (cm)\" class=\"mtr-td-tag\"><div class=\"mtr-cell-content\">190<\/div><\/td>\n<td style=\"width: 20%; text-align: center;\" data-mtr-content=\"Profondit\u00e0 (cm)\" class=\"mtr-td-tag\"><div class=\"mtr-cell-content\">70<\/div><\/td>\n<td style=\"width: 20%; text-align: center;\" data-mtr-content=\"Altezza (cm)\" class=\"mtr-td-tag\"><div class=\"mtr-cell-content\">85<\/div><\/td>\n<td style=\"width: 20%; text-align: center;\" data-mtr-content=\"Dim. Vasca (LxPxH cm)\" class=\"mtr-td-tag\"><div class=\"mtr-cell-content\">50x50x30<\/div><\/td>\n<td style=\"width: 20%; text-align: center;\" data-mtr-content=\"Peso (kg)\" class=\"mtr-td-tag\"><div class=\"mtr-cell-content\">88<\/div><\/td>\n<\/tr>\n<tr>\n<td style=\"width: 20%; text-align: center;\" data-mtr-content=\"Lunghezza (cm)\" class=\"mtr-td-tag\"><div class=\"mtr-cell-content\">200<\/div><\/td>\n<td style=\"width: 20%; text-align: center;\" data-mtr-content=\"Profondit\u00e0 (cm)\" class=\"mtr-td-tag\"><div class=\"mtr-cell-content\">70<\/div><\/td>\n<td style=\"width: 20%; text-align: center;\" data-mtr-content=\"Altezza (cm)\" class=\"mtr-td-tag\"><div class=\"mtr-cell-content\">85<\/div><\/td>\n<td style=\"width: 20%; text-align: center;\" data-mtr-content=\"Dim. Vasca (LxPxH cm)\" class=\"mtr-td-tag\"><div class=\"mtr-cell-content\">60x50x30<\/div><\/td>\n<td style=\"width: 20%; text-align: center;\" data-mtr-content=\"Peso (kg)\" class=\"mtr-td-tag\"><div class=\"mtr-cell-content\">92<\/div><\/td>\n<\/tr>\n<\/tbody>\n<\/table>","protected":false},"excerpt":{"rendered":"<p>Lavatoio 2 vasche e gocciolatoio a destra armadiato acciaio inox Aisi 304 profondit\u00e0 70 cm Lavatoio in acciaio inox Aisi 304 armadiato con porte scorrevoli, con 2 vasche e 1 gocciolatoio a destra. Vasca profondit\u00e0 50 cm e altezza 30 cm. Dotato di Alzatina e pilette Profondit\u00e0 70 cm. Altezza 85 cm. Dimensioni disponibili Lunghezza [&#8230;]","protected":false},"featured_media":127674,"comment_status":"closed","ping_status":"closed","template":"","meta":{"_monsterinsights_skip_tracking":false,"_monsterinsights_sitenote_active":false,"_monsterinsights_sitenote_note":"","_monsterinsights_sitenote_category":0},"product_brand":[772],"product_cat":[18,119],"product_tag":[],"class_list":{"0":"post-27005","1":"product","2":"type-product","3":"status-publish","4":"has-post-thumbnail","6":"product_brand-crea-e-arreda-negozi","7":"product_cat-arredo-acciaio-inox","8":"product_cat-lavatoi","9":"pa_dotazione-2-vasche","10":"pa_dotazione-con-alzatina","11":"pa_dotazione-con-gocciolatoio","12":"pa_dotazione-con-ripiano-inferiore","13":"pa_profondita-linea-70","14":"pa_tipo-acciaio-aisi-linea-hq-aisi-304","15":"pa_versione-armadiato-con-porte","17":"first","18":"instock","19":"taxable","20":"shipping-taxable","21":"purchasable","22":"product-type-variable"},"_links":{"self":[{"href":"https:\/\/www.creaearredanegozi.it\/de\/wp-json\/wp\/v2\/product\/27005","targetHints":{"allow":["GET"]}}],"collection":[{"href":"https:\/\/www.creaearredanegozi.it\/de\/wp-json\/wp\/v2\/product"}],"about":[{"href":"https:\/\/www.creaearredanegozi.it\/de\/wp-json\/wp\/v2\/types\/product"}],"replies":[{"embeddable":true,"href":"https:\/\/www.creaearredanegozi.it\/de\/wp-json\/wp\/v2\/comments?post=27005"}],"wp:featuredmedia":[{"embeddable":true,"href":"https:\/\/www.creaearredanegozi.it\/de\/wp-json\/wp\/v2\/media\/127674"}],"wp:attachment":[{"href":"https:\/\/www.creaearredanegozi.it\/de\/wp-json\/wp\/v2\/media?parent=27005"}],"wp:term":[{"taxonomy":"product_brand","embeddable":true,"href":"https:\/\/www.creaearredanegozi.it\/de\/wp-json\/wp\/v2\/product_brand?post=27005"},{"taxonomy":"product_cat","embeddable":true,"href":"https:\/\/www.creaearredanegozi.it\/de\/wp-json\/wp\/v2\/product_cat?post=27005"},{"taxonomy":"product_tag","embeddable":true,"href":"https:\/\/www.creaearredanegozi.it\/de\/wp-json\/wp\/v2\/product_tag?post=27005"}],"curies":[{"name":"wp","href":"https:\/\/api.w.org\/{rel}","templated":true}]}}