{"id":27036,"date":"2019-06-11T12:30:27","date_gmt":"2019-06-11T10:30:27","guid":{"rendered":"https:\/\/www.creaearredanegozi.it\/?post_type=product&#038;p=27036"},"modified":"2023-12-18T17:38:17","modified_gmt":"2023-12-18T16:38:17","slug":"lavatoio-1-vasca-armadiato-acciaio-inox-aisi-304-profondita-70-cm","status":"publish","type":"product","link":"https:\/\/www.creaearredanegozi.it\/de\/lavatoio-1-vasca-armadiato-acciaio-inox-aisi-304-profondita-70-cm\/","title":{"rendered":"Waschbecken 1 Waschbeckenschrank Edelstahl Aisi 304 Tiefe 70 cm"},"content":{"rendered":"<h2 style=\"text-align: center;\"><strong>Lavatoio armadiato 1 vascone acciaio inox Aisi 304 profondit\u00e0 70 cm<\/strong><\/h2>\n<p>Waschtisch aus Edelstahl Aisi 304 mit Schiebet\u00fcren, mit 1 Waschbecken. Tiefe des Beckens 50 cm und H\u00f6he 35 cm. Ausgestattet mit Aufkantung.<\/p>\n<ul>\n<li>Struttura e vasca realizzati interamente in acciaio inox AISI 304<\/li>\n<li>Piletta troppopieno inclusa<\/li>\n<li>Tiefe 70 cm.<\/li>\n<li>H\u00f6he 85 cm.<\/li>\n<\/ul>\n<p><img decoding=\"async\" class=\"wp-image-126433 size-full aligncenter\" src=\"https:\/\/www.creaearredanegozi.it\/wp-content\/uploads\/2019\/06\/43-21.png\" alt=\"\" width=\"500\" height=\"283\" title=\"\" srcset=\"https:\/\/www.creaearredanegozi.it\/wp-content\/uploads\/2019\/06\/43-21.png 500w, https:\/\/www.creaearredanegozi.it\/wp-content\/uploads\/2019\/06\/43-21-64x36.png 64w\" sizes=\"(max-width: 500px) 100vw, 500px\" \/><\/p>\n<p style=\"text-align: center;\"><strong>Verf\u00fcgbare Gr\u00f6\u00dfen<\/strong><\/p>\n<table class=\"table table-striped mtr-table mtr-tr-td\" width=\"100%\">\n<tbody>\n<tr>\n<td style=\"text-align: center;\" data-mtr-content=\"Dimensioni\" class=\"mtr-td-tag\"><div class=\"mtr-cell-content\">Abmessungen<\/div><\/td>\n<td style=\"text-align: center;\" data-mtr-content=\"Peso (Kg)\" class=\"mtr-td-tag\"><div class=\"mtr-cell-content\">Gewicht (kg)<\/div><\/td>\n<td style=\"text-align: center;\" data-mtr-content=\"Vasca LxPxH (cm)\" class=\"mtr-td-tag\"><div class=\"mtr-cell-content\">Wanne LxBxH (cm)<\/div><\/td>\n<\/tr>\n<tr>\n<td data-mtr-content=\"Dimensioni\" class=\"mtr-td-tag\"><div class=\"mtr-cell-content\">\n<p style=\"text-align: center;\">100x70x85<\/p>\n<\/div><\/td>\n<td data-mtr-content=\"Peso (Kg)\" class=\"mtr-td-tag\"><div class=\"mtr-cell-content\">\n<p style=\"text-align: center;\">52<\/p>\n<\/div><\/td>\n<td data-mtr-content=\"Vasca LxPxH (cm)\" class=\"mtr-td-tag\"><div class=\"mtr-cell-content\">\n<p style=\"text-align: center;\">80x50x35<\/p>\n<\/div><\/td>\n<\/tr>\n<tr>\n<td data-mtr-content=\"Dimensioni\" class=\"mtr-td-tag\"><div class=\"mtr-cell-content\">\n<p style=\"text-align: center;\">120x70x85<\/p>\n<\/div><\/td>\n<td style=\"text-align: center;\" data-mtr-content=\"Peso (Kg)\" class=\"mtr-td-tag\"><div class=\"mtr-cell-content\">56<\/div><\/td>\n<td data-mtr-content=\"Vasca LxPxH (cm)\" class=\"mtr-td-tag\"><div class=\"mtr-cell-content\">\n<p style=\"text-align: center;\">95x50x35<\/p>\n<\/div><\/td>\n<\/tr>\n<tr>\n<td data-mtr-content=\"Dimensioni\" class=\"mtr-td-tag\"><div class=\"mtr-cell-content\">\n<p style=\"text-align: center;\">140x70x85<\/p>\n<\/div><\/td>\n<td style=\"text-align: center;\" data-mtr-content=\"Peso (Kg)\" class=\"mtr-td-tag\"><div class=\"mtr-cell-content\">60<\/div><\/td>\n<td data-mtr-content=\"Vasca LxPxH (cm)\" class=\"mtr-td-tag\"><div class=\"mtr-cell-content\">\n<p style=\"text-align: center;\">120x50x35<\/p>\n<\/div><\/td>\n<\/tr>\n<tr>\n<td data-mtr-content=\"Dimensioni\" class=\"mtr-td-tag\"><div class=\"mtr-cell-content\">\n<p style=\"text-align: center;\">160x70x85<\/p>\n<\/div><\/td>\n<td style=\"text-align: center;\" data-mtr-content=\"Peso (Kg)\" class=\"mtr-td-tag\"><div class=\"mtr-cell-content\">64<\/div><\/td>\n<td data-mtr-content=\"Vasca LxPxH (cm)\" class=\"mtr-td-tag\"><div class=\"mtr-cell-content\">\n<p style=\"text-align: center;\">140x50x35<\/p>\n<\/div><\/td>\n<\/tr>\n<tr>\n<td style=\"text-align: center;\" data-mtr-content=\"Dimensioni\" class=\"mtr-td-tag\"><div class=\"mtr-cell-content\">180x70x85<\/div><\/td>\n<td style=\"text-align: center;\" data-mtr-content=\"Peso (Kg)\" class=\"mtr-td-tag\"><div class=\"mtr-cell-content\">68<\/div><\/td>\n<td data-mtr-content=\"Vasca LxPxH (cm)\" class=\"mtr-td-tag\"><div class=\"mtr-cell-content\">\n<p style=\"text-align: center;\">160x50x35<\/p>\n<\/div><\/td>\n<\/tr>\n<tr>\n<td style=\"text-align: center;\" data-mtr-content=\"Dimensioni\" class=\"mtr-td-tag\"><div class=\"mtr-cell-content\">200x70x85<\/div><\/td>\n<td style=\"text-align: center;\" data-mtr-content=\"Peso (Kg)\" class=\"mtr-td-tag\"><div class=\"mtr-cell-content\">72<\/div><\/td>\n<td data-mtr-content=\"Vasca LxPxH (cm)\" class=\"mtr-td-tag\"><div class=\"mtr-cell-content\">\n<p style=\"text-align: center;\">160x50x35<\/p>\n<\/div><\/td>\n<\/tr>\n<\/tbody>\n<\/table>","protected":false},"excerpt":{"rendered":"<p>Lavatoio armadiato 1 vascone acciaio inox Aisi 304 profondit\u00e0 70 cm Lavatoio in acciaio inox Aisi 304 armadiato con porte scorrevoli, con 1 vasca. Vasca profondit\u00e0 50 cm e altezza 35 cm. Dotato di Alzatina. Struttura e vasca realizzati interamente in acciaio inox AISI 304 Piletta troppopieno inclusa Profondit\u00e0 70 cm. Altezza 85 cm. Dimensioni [&#8230;]","protected":false},"featured_media":126445,"comment_status":"closed","ping_status":"closed","template":"","meta":{"_monsterinsights_skip_tracking":false,"_monsterinsights_sitenote_active":false,"_monsterinsights_sitenote_note":"","_monsterinsights_sitenote_category":0},"product_brand":[772],"product_cat":[18,119],"product_tag":[],"class_list":{"0":"post-27036","1":"product","2":"type-product","3":"status-publish","4":"has-post-thumbnail","6":"product_brand-crea-e-arreda-negozi","7":"product_cat-arredo-acciaio-inox","8":"product_cat-lavatoi","9":"pa_dotazione-con-alzatina","10":"pa_dotazione-con-ripiano-inferiore","11":"pa_profondita-linea-70","12":"pa_tipo-acciaio-aisi-linea-hq-aisi-304","13":"pa_versione-armadiato-con-porte","15":"first","16":"instock","17":"taxable","18":"shipping-taxable","19":"purchasable","20":"product-type-variable"},"_links":{"self":[{"href":"https:\/\/www.creaearredanegozi.it\/de\/wp-json\/wp\/v2\/product\/27036","targetHints":{"allow":["GET"]}}],"collection":[{"href":"https:\/\/www.creaearredanegozi.it\/de\/wp-json\/wp\/v2\/product"}],"about":[{"href":"https:\/\/www.creaearredanegozi.it\/de\/wp-json\/wp\/v2\/types\/product"}],"replies":[{"embeddable":true,"href":"https:\/\/www.creaearredanegozi.it\/de\/wp-json\/wp\/v2\/comments?post=27036"}],"wp:featuredmedia":[{"embeddable":true,"href":"https:\/\/www.creaearredanegozi.it\/de\/wp-json\/wp\/v2\/media\/126445"}],"wp:attachment":[{"href":"https:\/\/www.creaearredanegozi.it\/de\/wp-json\/wp\/v2\/media?parent=27036"}],"wp:term":[{"taxonomy":"product_brand","embeddable":true,"href":"https:\/\/www.creaearredanegozi.it\/de\/wp-json\/wp\/v2\/product_brand?post=27036"},{"taxonomy":"product_cat","embeddable":true,"href":"https:\/\/www.creaearredanegozi.it\/de\/wp-json\/wp\/v2\/product_cat?post=27036"},{"taxonomy":"product_tag","embeddable":true,"href":"https:\/\/www.creaearredanegozi.it\/de\/wp-json\/wp\/v2\/product_tag?post=27036"}],"curies":[{"name":"wp","href":"https:\/\/api.w.org\/{rel}","templated":true}]}}