{"id":27294,"date":"2019-07-06T18:58:21","date_gmt":"2019-07-06T16:58:21","guid":{"rendered":"https:\/\/www.creaearredanegozi.it\/?post_type=product&#038;p=27294"},"modified":"2024-04-10T20:48:32","modified_gmt":"2024-04-10T18:48:32","slug":"lavatoio-a-giorno-2-vasconi-acciaio-inox-aisi-430-gambe-tonde-profondita-60-cm-copia","status":"publish","type":"product","link":"https:\/\/www.creaearredanegozi.it\/de\/lavatoio-a-giorno-2-vasconi-acciaio-inox-aisi-430-gambe-tonde-profondita-60-cm-copia\/","title":{"rendered":"Offener Waschtisch 2 Becken Edelstahl Aisi 430 runde Beine Tiefe 60 cm"},"content":{"rendered":"<p><strong>Offener Waschtisch 2 Becken Edelstahl Aisi 430 runde Beine Tiefe 60 cm<\/strong><\/p>\n<p>Lavatoio in acciaio inox Aisi 430 a giorno su 4 gambe tonde \u00f8 50 cm con ripiano inferiore, con 2 vasconi. Vasca profondit\u00e0 50 cm e altezza 35 cm. Dotato di Alzatina.<\/p>\n<p>Tiefe 60 cm.<\/p>\n<p><strong>H\u00f6he 85 cm.<\/strong><\/p>\n<p><img decoding=\"async\" class=\"alignnone size-medium wp-image-25897\" src=\"https:\/\/www.creaearredanegozi.it\/wp-content\/uploads\/2019\/05\/lavatoio-dim-500x282.png\" alt=\"\" width=\"500\" height=\"282\" title=\"\" srcset=\"https:\/\/www.creaearredanegozi.it\/wp-content\/uploads\/2019\/05\/lavatoio-dim.png 500w, https:\/\/www.creaearredanegozi.it\/wp-content\/uploads\/2019\/05\/lavatoio-dim-64x36.png 64w, https:\/\/www.creaearredanegozi.it\/wp-content\/uploads\/2019\/05\/lavatoio-dim-200x113.png 200w, https:\/\/www.creaearredanegozi.it\/wp-content\/uploads\/2019\/05\/lavatoio-dim-400x226.png 400w\" sizes=\"(max-width: 500px) 100vw, 500px\" \/><\/p>\n<p><strong>Verf\u00fcgbare Gr\u00f6\u00dfen:<\/strong><\/p>\n<ul>\n<li>160x60x85 cm Wanne: 70x50x35 cm<\/li>\n<li>180x60x85 cm Wanne: 80x50x35 cm<\/li>\n<li>200x60x85 cm Wanne: 80x50x35 cm<\/li>\n<\/ul>","protected":false},"excerpt":{"rendered":"<p>Lavatoio a giorno 2 vasconi acciaio inox Aisi 430 gambe tonde profondit\u00e0 60 cm Lavatoio in acciaio inox Aisi 430 a giorno su 4 gambe tonde \u00f8 50 cm con ripiano inferiore, con 2 vasconi. Vasca profondit\u00e0 50 cm e altezza 35 cm. Dotato di Alzatina. Profondit\u00e0 60 cm. Altezza 85 cm. Dimensioni disponibili: 160x60x85 [&#8230;]","protected":false},"featured_media":27292,"comment_status":"closed","ping_status":"closed","template":"","meta":{"_monsterinsights_skip_tracking":false,"_monsterinsights_sitenote_active":false,"_monsterinsights_sitenote_note":"","_monsterinsights_sitenote_category":0},"product_brand":[],"product_cat":[18,119],"product_tag":[],"class_list":{"0":"post-27294","1":"product","2":"type-product","3":"status-publish","4":"has-post-thumbnail","6":"product_cat-arredo-acciaio-inox","7":"product_cat-lavatoi","8":"pa_dotazione-con-alzatina","9":"pa_dotazione-con-ripiano-inferiore","10":"pa_profondita-linea-60","11":"pa_tipo-acciaio-aisi-linea-eco-aisi-430","12":"pa_versione-a-giorno","14":"first","15":"instock","16":"taxable","17":"shipping-taxable","18":"purchasable","19":"product-type-variable"},"_links":{"self":[{"href":"https:\/\/www.creaearredanegozi.it\/de\/wp-json\/wp\/v2\/product\/27294","targetHints":{"allow":["GET"]}}],"collection":[{"href":"https:\/\/www.creaearredanegozi.it\/de\/wp-json\/wp\/v2\/product"}],"about":[{"href":"https:\/\/www.creaearredanegozi.it\/de\/wp-json\/wp\/v2\/types\/product"}],"replies":[{"embeddable":true,"href":"https:\/\/www.creaearredanegozi.it\/de\/wp-json\/wp\/v2\/comments?post=27294"}],"wp:featuredmedia":[{"embeddable":true,"href":"https:\/\/www.creaearredanegozi.it\/de\/wp-json\/wp\/v2\/media\/27292"}],"wp:attachment":[{"href":"https:\/\/www.creaearredanegozi.it\/de\/wp-json\/wp\/v2\/media?parent=27294"}],"wp:term":[{"taxonomy":"product_brand","embeddable":true,"href":"https:\/\/www.creaearredanegozi.it\/de\/wp-json\/wp\/v2\/product_brand?post=27294"},{"taxonomy":"product_cat","embeddable":true,"href":"https:\/\/www.creaearredanegozi.it\/de\/wp-json\/wp\/v2\/product_cat?post=27294"},{"taxonomy":"product_tag","embeddable":true,"href":"https:\/\/www.creaearredanegozi.it\/de\/wp-json\/wp\/v2\/product_tag?post=27294"}],"curies":[{"name":"wp","href":"https:\/\/api.w.org\/{rel}","templated":true}]}}