{"id":2736,"date":"2015-06-27T11:33:35","date_gmt":"2015-06-27T09:33:35","guid":{"rendered":"https:\/\/www.creaearredanegozi.it\/?post_type=product&#038;p=2736"},"modified":"2024-12-01T00:00:04","modified_gmt":"2024-11-30T23:00:04","slug":"blender-blender-28-000-rpm-lexan-glas-2lt-1500w-bl020b-easyline-fimar","status":"publish","type":"product","link":"https:\/\/www.creaearredanegozi.it\/de\/blender-blender-28-000-rpm-lexan-glas-2lt-1500w-bl020b-easyline-fimar\/","title":{"rendered":"Blender Blender 28.000 RPM Lexan Sch\u00fcssel 2Lt 1500W BL020B Easyline Fimar"},"content":{"rendered":"<h2 style=\"text-align: center;\">Mixer 28.000 U\/min Becher 2Lt 1500W BL020B Fimar<\/h2>\n<p>Mixer f\u00fcr die Zubereitung von Smoothies<\/p>\n<ul>\n<li>2 Liter transparentes Lexanglas.<\/li>\n<li>Deckel zum Hinzuf\u00fcgen von Zutaten w\u00e4hrend der Arbeit<\/li>\n<li>4-Klingen-Edelstahlmesser<\/li>\n<li>Sicherheitsmikroschalter auf dem Glas.<\/li>\n<li>Verchromtes Kunststoffgeh\u00e4use<\/li>\n<li>Drehzahlregler<\/li>\n<li>Taste \"Puls\".<\/li>\n<\/ul>\n<p>Optional: COV002 - Ger\u00e4uschd\u00e4mpfender transparenter Polycarbonat-Schallabsorber f\u00fcr das 80%, BINOX - Becher aus Edelstahl<\/p>\n<table class=\"table table-striped\">\n<tbody>\n<tr>\n<td colspan=\"2\"><strong>TECHNISCHE MERKMALE<\/strong><\/td>\n<\/tr>\n<tr>\n<td>MODELL<\/td>\n<td>BL020B<\/td>\n<\/tr>\n<tr>\n<td>POWER<\/td>\n<td>1500 W<\/td>\n<\/tr>\n<tr>\n<td>SUPPLY<\/td>\n<td>220-240V\/1N\/50-60Hz<\/td>\n<\/tr>\n<tr>\n<td>SPEED<\/td>\n<td>Maximal 2800 U\/min.<\/td>\n<\/tr>\n<tr>\n<td>FASSUNGSVERM\u00d6GEN DES BECHERS<\/td>\n<td>2 Lt.<\/td>\n<\/tr>\n<tr>\n<td>ABMESSUNGEN<\/td>\n<td>190x220x490h (mm)<\/td>\n<\/tr>\n<tr>\n<td>NETTOGEWICHT<\/td>\n<td>4,2 kg<\/td>\n<\/tr>\n<tr>\n<td>BRUTTOGEWICHT<\/td>\n<td>5,2 kg<\/td>\n<\/tr>\n<tr>\n<td>VERPACKUNGSMASSE<\/td>\n<td>330x260x530h (mm)<\/td>\n<\/tr>\n<tr>\n<td>VERPACKUNGSVOLUMEN<\/td>\n<td>0,045 m\u00b3<\/td>\n<\/tr>\n<\/tbody>\n<\/table>","protected":false},"excerpt":{"rendered":"<p>Blender 28.000 RPM Bicchiere 2Lt 1500W BL020B Fimar Frullatore per la preparazione di frullati Bicchiere in lexan trasparente da 2 Lt. Tappo sul coperchio per aggiungere ingredienti in fase di lavoro Coltello a 4 lame in acciaio inox Microinterruttore di sicurezza sul bicchiere. Carcassa in plastica cromata Regolatore di velocit\u00e0 Tasto \u201cpulse\u201d. Optional: COV002\u00a0 \u2013 [&#8230;]","protected":false},"featured_media":120779,"comment_status":"closed","ping_status":"closed","template":"","meta":{"_monsterinsights_skip_tracking":false,"_monsterinsights_sitenote_active":false,"_monsterinsights_sitenote_note":"","_monsterinsights_sitenote_category":0},"product_brand":[623,628],"product_cat":[65,814],"product_tag":[],"class_list":{"0":"post-2736","1":"product","2":"type-product","3":"status-publish","4":"has-post-thumbnail","6":"product_brand-easyline","7":"product_brand-fimar","8":"product_cat-frullatori","9":"product_cat-mixer-frullatori","10":"product_shipping_class-f","11":"pa_marca-easyline-by-fimar","13":"first","14":"instock","15":"taxable","16":"shipping-taxable","17":"purchasable","18":"product-type-simple"},"_links":{"self":[{"href":"https:\/\/www.creaearredanegozi.it\/de\/wp-json\/wp\/v2\/product\/2736","targetHints":{"allow":["GET"]}}],"collection":[{"href":"https:\/\/www.creaearredanegozi.it\/de\/wp-json\/wp\/v2\/product"}],"about":[{"href":"https:\/\/www.creaearredanegozi.it\/de\/wp-json\/wp\/v2\/types\/product"}],"replies":[{"embeddable":true,"href":"https:\/\/www.creaearredanegozi.it\/de\/wp-json\/wp\/v2\/comments?post=2736"}],"wp:featuredmedia":[{"embeddable":true,"href":"https:\/\/www.creaearredanegozi.it\/de\/wp-json\/wp\/v2\/media\/120779"}],"wp:attachment":[{"href":"https:\/\/www.creaearredanegozi.it\/de\/wp-json\/wp\/v2\/media?parent=2736"}],"wp:term":[{"taxonomy":"product_brand","embeddable":true,"href":"https:\/\/www.creaearredanegozi.it\/de\/wp-json\/wp\/v2\/product_brand?post=2736"},{"taxonomy":"product_cat","embeddable":true,"href":"https:\/\/www.creaearredanegozi.it\/de\/wp-json\/wp\/v2\/product_cat?post=2736"},{"taxonomy":"product_tag","embeddable":true,"href":"https:\/\/www.creaearredanegozi.it\/de\/wp-json\/wp\/v2\/product_tag?post=2736"}],"curies":[{"name":"wp","href":"https:\/\/api.w.org\/{rel}","templated":true}]}}