{"id":2752,"date":"2015-06-27T12:39:39","date_gmt":"2015-06-27T10:39:39","guid":{"rendered":"https:\/\/www.creaearredanegozi.it\/?post_type=product&#038;p=2752"},"modified":"2024-12-01T00:00:04","modified_gmt":"2024-11-30T23:00:04","slug":"professionelle-gusseiserne-kochplatte-1800-watt-p25eg01-easyline-fimar","status":"publish","type":"product","link":"https:\/\/www.creaearredanegozi.it\/de\/professionelle-gusseiserne-kochplatte-1800-watt-p25eg01-easyline-fimar\/","title":{"rendered":"Professionelle Gusseisen-Kochplatte 1800 Watt P25EG01 Easyline Fimar"},"content":{"rendered":"<h3>Professionelle Gusseisen Griddle Edelstahl Struktur<\/h3>\n<p><strong>Modell P25EG01 Easyline Fimar<\/strong><\/p>\n<p>Ger\u00e4t zum Kochen und Aufw\u00e4rmen von Fleisch, Fisch, Gem\u00fcse, gef\u00fcllten Toasts, Sandwiches usw.<\/p>\n<p>Struktur aus rostfreiem Stahl.<\/p>\n<p>Kochplatte aus Gusseisen<\/p>\n<p>Selbstbalancierende obere Platte<\/p>\n<p>Einzelne Rippenplatte.<\/p>\n<p><strong>TECHNISCHE MERKMALE<\/strong><\/p>\n<table style=\"border-collapse: collapse; width: 100%;\">\n<tbody>\n<tr>\n<td style=\"width: 50%;\">POWER<\/td>\n<td style=\"width: 50%;\">1800 W<\/td>\n<\/tr>\n<tr>\n<td style=\"width: 50%;\">SUPPLY<\/td>\n<td style=\"width: 50%;\">220-240V\/1N\/50-60Hz<\/td>\n<\/tr>\n<tr>\n<td style=\"width: 50%;\">HOB-GR\u00d6SSE<\/td>\n<td style=\"width: 50%;\">240\u00d7230 mm<\/td>\n<\/tr>\n<tr>\n<td style=\"width: 50%;\">ARBEITSTEMPERATUR<\/td>\n<td style=\"width: 50%;\">\u00a050\u00f7300 \u00b0C<\/td>\n<\/tr>\n<tr>\n<td style=\"width: 50%;\">ABMESSUNGEN<\/td>\n<td style=\"width: 50%;\">300x340x210\/500h mm<\/td>\n<\/tr>\n<tr>\n<td style=\"width: 50%;\">NETTOGEWICHT<\/td>\n<td style=\"width: 50%;\">\u00a012,5 kg<\/td>\n<\/tr>\n<tr>\n<td style=\"width: 50%;\">BRUTTOGEWICHT<\/td>\n<td style=\"width: 50%;\">\u00a014 kg<\/td>\n<\/tr>\n<tr>\n<td style=\"width: 50%;\">VERPACKUNGSMASSE<\/td>\n<td style=\"width: 50%;\">360x460x280h mm<\/td>\n<\/tr>\n<\/tbody>\n<\/table>\n<p>&nbsp;<\/p>","protected":false},"excerpt":{"rendered":"<p>Piastra di Cottura in Ghisa Professionale Struttura in Acciaio Inox Modello P25EG01 Easyline Fimar Macchina per cuocere e riscaldare carne, pesce, verdure, toast farciti, panini, ecc. Struttura in acciaio inox. Piastra di cottura in ghisa Piastra superiore auto bilanciata Piastra singola rigata. CARATTERISTICHE TECNICHE POTENZA 1800 W ALIMENTAZIONE 220-240V\/1N\/50-60Hz DIMENSIONE PIANO COTTURA 240&#215;230 mm TEMPERATURA [&#8230;]","protected":false},"featured_media":120824,"comment_status":"closed","ping_status":"closed","template":"","meta":{"_monsterinsights_skip_tracking":false,"_monsterinsights_sitenote_active":false,"_monsterinsights_sitenote_note":"","_monsterinsights_sitenote_category":0},"product_brand":[623,628],"product_cat":[9,89,86],"product_tag":[],"class_list":{"0":"post-2752","1":"product","2":"type-product","3":"status-publish","4":"has-post-thumbnail","6":"product_brand-easyline","7":"product_brand-fimar","8":"product_cat-attrezzature-pub","9":"product_cat-in-ghisa","10":"product_cat-piastre","11":"product_shipping_class-206","13":"first","14":"instock","15":"taxable","16":"shipping-taxable","17":"purchasable","18":"product-type-simple"},"_links":{"self":[{"href":"https:\/\/www.creaearredanegozi.it\/de\/wp-json\/wp\/v2\/product\/2752","targetHints":{"allow":["GET"]}}],"collection":[{"href":"https:\/\/www.creaearredanegozi.it\/de\/wp-json\/wp\/v2\/product"}],"about":[{"href":"https:\/\/www.creaearredanegozi.it\/de\/wp-json\/wp\/v2\/types\/product"}],"replies":[{"embeddable":true,"href":"https:\/\/www.creaearredanegozi.it\/de\/wp-json\/wp\/v2\/comments?post=2752"}],"wp:featuredmedia":[{"embeddable":true,"href":"https:\/\/www.creaearredanegozi.it\/de\/wp-json\/wp\/v2\/media\/120824"}],"wp:attachment":[{"href":"https:\/\/www.creaearredanegozi.it\/de\/wp-json\/wp\/v2\/media?parent=2752"}],"wp:term":[{"taxonomy":"product_brand","embeddable":true,"href":"https:\/\/www.creaearredanegozi.it\/de\/wp-json\/wp\/v2\/product_brand?post=2752"},{"taxonomy":"product_cat","embeddable":true,"href":"https:\/\/www.creaearredanegozi.it\/de\/wp-json\/wp\/v2\/product_cat?post=2752"},{"taxonomy":"product_tag","embeddable":true,"href":"https:\/\/www.creaearredanegozi.it\/de\/wp-json\/wp\/v2\/product_tag?post=2752"}],"curies":[{"name":"wp","href":"https:\/\/api.w.org\/{rel}","templated":true}]}}