{"id":2754,"date":"2015-06-27T12:42:39","date_gmt":"2015-06-27T10:42:39","guid":{"rendered":"https:\/\/www.creaearredanegozi.it\/?post_type=product&#038;p=2754"},"modified":"2024-12-01T00:00:04","modified_gmt":"2024-11-30T23:00:04","slug":"professionelle-gusseiserne-kochplatte-2200-watt-p35eg02-easyline-fimar","status":"publish","type":"product","link":"https:\/\/www.creaearredanegozi.it\/de\/professionelle-gusseiserne-kochplatte-2200-watt-p35eg02-easyline-fimar\/","title":{"rendered":"Professionelles Gusseisen-Kochfeld 2200 Watt P35EG02 Easyline Fimar"},"content":{"rendered":"<h2 style=\"text-align: center;\">Professionelle Gusseisen-Kochplatte 2200 Watt Edelstahlstruktur<\/h2>\n<p><strong>Modell P35EG02 Easyline Fimar<\/strong><\/p>\n<p>Ger\u00e4t zum Kochen und Aufw\u00e4rmen von Fleisch, Fisch, Gem\u00fcse, gef\u00fcllten Toasts, Sandwiches usw.<\/p>\n<ul>\n<li>Struktur aus rostfreiem Stahl.<\/li>\n<li>Kochplatte aus Gusseisen.<\/li>\n<li>Thermostat 50\u00f7300 \u00b0C.<\/li>\n<li>Selbstbalancierende obere Platte.<\/li>\n<li>Einzelne Rippenplatten.<\/li>\n<\/ul>\n<hr \/>\n<p><strong>TECHNISCHE MERKMALE<\/strong><\/p>\n<table style=\"border-collapse: collapse; width: 100%;\">\n<tbody>\n<tr>\n<td style=\"width: 50%;\">MODELL<\/td>\n<td style=\"width: 50%;\">P35EG02<\/td>\n<\/tr>\n<tr>\n<td style=\"width: 50%;\">POWER<\/td>\n<td style=\"width: 50%;\">2200 W<\/td>\n<\/tr>\n<tr>\n<td style=\"width: 50%;\">SUPPLY<\/td>\n<td style=\"width: 50%;\">220-240V\/1N\/50-60Hz<\/td>\n<\/tr>\n<tr>\n<td style=\"width: 50%;\">HOB-GR\u00d6SSE<\/td>\n<td style=\"width: 50%;\">340\u00d7230 mm<\/td>\n<\/tr>\n<tr>\n<td style=\"width: 50%;\">ARBEITSTEMPERATUR<\/td>\n<td style=\"width: 50%;\">50\u00f7300 \u00b0C<\/td>\n<\/tr>\n<tr>\n<td style=\"width: 50%;\">ABMESSUNGEN<\/td>\n<td style=\"width: 50%;\">410x305x210\/500h mm<\/td>\n<\/tr>\n<tr>\n<td style=\"width: 50%;\">NETTOGEWICHT<\/td>\n<td style=\"width: 50%;\">19 kg<\/td>\n<\/tr>\n<tr>\n<td style=\"width: 50%;\">BRUTTOGEWICHT<\/td>\n<td style=\"width: 50%;\">21 Kg<\/td>\n<\/tr>\n<tr>\n<td style=\"width: 50%;\">VERPACKUNGSMASSE<\/td>\n<td style=\"width: 50%;\">480x460x280h mm<\/td>\n<\/tr>\n<\/tbody>\n<\/table>\n<p>&nbsp;<\/p>","protected":false},"excerpt":{"rendered":"<p>Piastra di cottura in ghisa Professionale 2200 Watt Struttura in Acciaio Inox Modello P35EG02 Easyline Fimar Macchina per cuocere e riscaldare carne, pesce, verdure, toast farciti, panini, ecc. Struttura in acciaio inox. Piastra di cottura in ghisa. Termostato 50\u00f7300 \u00b0C. Piastra superiore auto bilanciata. Piastre singola rigata. CARATTERISTICHE TECNICHE MODELLO P35EG02 POTENZA 2200 W ALIMENTAZIONE [&#8230;]","protected":false},"featured_media":2753,"comment_status":"closed","ping_status":"closed","template":"","meta":{"_monsterinsights_skip_tracking":false,"_monsterinsights_sitenote_active":false,"_monsterinsights_sitenote_note":"","_monsterinsights_sitenote_category":0},"product_brand":[623,628],"product_cat":[9,89,86],"product_tag":[],"class_list":{"0":"post-2754","1":"product","2":"type-product","3":"status-publish","4":"has-post-thumbnail","6":"product_brand-easyline","7":"product_brand-fimar","8":"product_cat-attrezzature-pub","9":"product_cat-in-ghisa","10":"product_cat-piastre","11":"product_shipping_class-206","13":"first","14":"instock","15":"taxable","16":"shipping-taxable","17":"purchasable","18":"product-type-simple"},"_links":{"self":[{"href":"https:\/\/www.creaearredanegozi.it\/de\/wp-json\/wp\/v2\/product\/2754","targetHints":{"allow":["GET"]}}],"collection":[{"href":"https:\/\/www.creaearredanegozi.it\/de\/wp-json\/wp\/v2\/product"}],"about":[{"href":"https:\/\/www.creaearredanegozi.it\/de\/wp-json\/wp\/v2\/types\/product"}],"replies":[{"embeddable":true,"href":"https:\/\/www.creaearredanegozi.it\/de\/wp-json\/wp\/v2\/comments?post=2754"}],"wp:featuredmedia":[{"embeddable":true,"href":"https:\/\/www.creaearredanegozi.it\/de\/wp-json\/wp\/v2\/media\/2753"}],"wp:attachment":[{"href":"https:\/\/www.creaearredanegozi.it\/de\/wp-json\/wp\/v2\/media?parent=2754"}],"wp:term":[{"taxonomy":"product_brand","embeddable":true,"href":"https:\/\/www.creaearredanegozi.it\/de\/wp-json\/wp\/v2\/product_brand?post=2754"},{"taxonomy":"product_cat","embeddable":true,"href":"https:\/\/www.creaearredanegozi.it\/de\/wp-json\/wp\/v2\/product_cat?post=2754"},{"taxonomy":"product_tag","embeddable":true,"href":"https:\/\/www.creaearredanegozi.it\/de\/wp-json\/wp\/v2\/product_tag?post=2754"}],"curies":[{"name":"wp","href":"https:\/\/api.w.org\/{rel}","templated":true}]}}