{"id":2756,"date":"2015-06-27T12:45:57","date_gmt":"2015-06-27T10:45:57","guid":{"rendered":"https:\/\/www.creaearredanegozi.it\/?post_type=product&#038;p=2756"},"modified":"2024-12-01T00:00:13","modified_gmt":"2024-11-30T23:00:13","slug":"professionelle-gusseiserne-doppelkochplatte-3600-watt-p50eg03-und-p50eg03m-easyline-fimar","status":"publish","type":"product","link":"https:\/\/www.creaearredanegozi.it\/de\/professionelle-gusseiserne-doppelkochplatte-3600-watt-p50eg03-und-p50eg03m-easyline-fimar\/","title":{"rendered":"Professionelle gusseiserne Doppelkochplatte 3600 Watt P50EG03 und P50EG03M Easyline Fimar"},"content":{"rendered":"<h3>Professionelle Gusseisen-Kochplatte 3600 Watt<\/h3>\n<p><strong>Modell P50EG03 Easyline Fimar Doppelrillenplatten<\/strong><\/p>\n<p><strong>Modell P50EG03M Easyline Fimar gemischte Doppelplatten<\/strong><\/p>\n<p>Ger\u00e4t zum Kochen und Aufw\u00e4rmen von Fleisch, Fisch, Gem\u00fcse, gef\u00fcllten Toasts, Sandwiches usw.<\/p>\n<ul>\n<li>Konstruktion aus rostfreiem Stahl<\/li>\n<li>Kochplatte aus Gusseisen<\/li>\n<li>Thermostat 0\u00f7300 \u00b0C<\/li>\n<li>Selbstbalancierende obere Platte<\/li>\n<li>Modell EG03 Doppelt gerippte Platte<\/li>\n<li>Modell EG03M Gemischte, gerillte und glatte Platte<\/li>\n<\/ul>\n<hr \/>\n<p><strong>TECHNISCHE MERKMALE<\/strong><\/p>\n<table class=\"table table-striped\" width=\"425\">\n<tbody>\n<tr>\n<td width=\"263\">MODELL<\/td>\n<td width=\"163\">P50EG03 \/ P50EG03M<\/td>\n<\/tr>\n<tr>\n<td>Platten<\/td>\n<td>Gestreift \/ Gemischt<\/td>\n<\/tr>\n<tr>\n<td width=\"263\">POWER<\/td>\n<td width=\"163\">3600 W<\/td>\n<\/tr>\n<tr>\n<td width=\"263\">SUPPLY<\/td>\n<td width=\"163\">220-240V\/1N\/50-60Hz<\/td>\n<\/tr>\n<tr>\n<td width=\"263\">HOB-GR\u00d6SSE<\/td>\n<td width=\"163\">475 x 230 mm<\/td>\n<\/tr>\n<tr>\n<td width=\"263\">ARBEITSTEMPERATUR<\/td>\n<td width=\"163\">50\u00f7300 \u00b0C<\/td>\n<\/tr>\n<tr>\n<td width=\"263\">ABMESSUNGEN<\/td>\n<td width=\"163\">570 x 305 x 210\/500h mm<\/td>\n<\/tr>\n<tr>\n<td width=\"263\">NETTOGEWICHT<\/td>\n<td width=\"163\">25 kg<\/td>\n<\/tr>\n<tr>\n<td width=\"263\">BRUTTOGEWICHT<\/td>\n<td width=\"163\">\u00a032 kg<\/td>\n<\/tr>\n<tr>\n<td width=\"263\">VERPACKUNGSMASSE<\/td>\n<td width=\"163\">630 x 460 x 410 h (mm)<\/td>\n<\/tr>\n<\/tbody>\n<\/table>","protected":false},"excerpt":{"rendered":"<p>Erh\u00e4ltlich sowohl mit Gewehr als auch gemischt<br \/>\nRR\/RR<br \/>\nRR\/RL<\/p>","protected":false},"featured_media":120827,"comment_status":"closed","ping_status":"closed","template":"","meta":{"_monsterinsights_skip_tracking":false,"_monsterinsights_sitenote_active":false,"_monsterinsights_sitenote_note":"","_monsterinsights_sitenote_category":0},"product_brand":[623,628],"product_cat":[9,89,86],"product_tag":[],"class_list":{"0":"post-2756","1":"product","2":"type-product","3":"status-publish","4":"has-post-thumbnail","6":"product_brand-easyline","7":"product_brand-fimar","8":"product_cat-attrezzature-pub","9":"product_cat-in-ghisa","10":"product_cat-piastre","11":"product_shipping_class-38","12":"pa_marca-easyline-by-fimar","14":"first","15":"instock","16":"taxable","17":"shipping-taxable","18":"purchasable","19":"product-type-variable"},"_links":{"self":[{"href":"https:\/\/www.creaearredanegozi.it\/de\/wp-json\/wp\/v2\/product\/2756","targetHints":{"allow":["GET"]}}],"collection":[{"href":"https:\/\/www.creaearredanegozi.it\/de\/wp-json\/wp\/v2\/product"}],"about":[{"href":"https:\/\/www.creaearredanegozi.it\/de\/wp-json\/wp\/v2\/types\/product"}],"replies":[{"embeddable":true,"href":"https:\/\/www.creaearredanegozi.it\/de\/wp-json\/wp\/v2\/comments?post=2756"}],"wp:featuredmedia":[{"embeddable":true,"href":"https:\/\/www.creaearredanegozi.it\/de\/wp-json\/wp\/v2\/media\/120827"}],"wp:attachment":[{"href":"https:\/\/www.creaearredanegozi.it\/de\/wp-json\/wp\/v2\/media?parent=2756"}],"wp:term":[{"taxonomy":"product_brand","embeddable":true,"href":"https:\/\/www.creaearredanegozi.it\/de\/wp-json\/wp\/v2\/product_brand?post=2756"},{"taxonomy":"product_cat","embeddable":true,"href":"https:\/\/www.creaearredanegozi.it\/de\/wp-json\/wp\/v2\/product_cat?post=2756"},{"taxonomy":"product_tag","embeddable":true,"href":"https:\/\/www.creaearredanegozi.it\/de\/wp-json\/wp\/v2\/product_tag?post=2756"}],"curies":[{"name":"wp","href":"https:\/\/api.w.org\/{rel}","templated":true}]}}