{"id":27570,"date":"2019-07-07T11:18:48","date_gmt":"2019-07-07T09:18:48","guid":{"rendered":"https:\/\/www.creaearredanegozi.it\/?post_type=product&#038;p=27570"},"modified":"2024-04-10T20:48:36","modified_gmt":"2024-04-10T18:48:36","slug":"lavatoio-armadiato-2-vasche-vano-lavastoviglie-a-destra-acciaio-inox-aisi-430-profondita-70-cm","status":"publish","type":"product","link":"https:\/\/www.creaearredanegozi.it\/de\/lavatoio-armadiato-2-vasche-vano-lavastoviglie-a-destra-acciaio-inox-aisi-430-profondita-70-cm\/","title":{"rendered":"Schrankwaschtisch 2 Becken Geschirrsp\u00fclerfach rechts Edelstahl Aisi 430 Tiefe 70 cm"},"content":{"rendered":"<p><strong>Schrankwaschtisch 2 Becken Geschirrsp\u00fclerfach rechts Edelstahl Aisi 430 Tiefe 70 cm<\/strong><\/p>\n<ul>\n<li>Lavello in acciaio inox<\/li>\n<li>Struttura in acciaio Aisi 430.<\/li>\n<li>Top, vasche e gocciolatoio in acciaio AISI 304<\/li>\n<li>armadiato con porte scorrevoli<\/li>\n<li>2 Wannen<\/li>\n<li>con goggiolatoio e vano lavastoviglie a destra.<\/li>\n<li>Vasca profondit\u00e0 50 cm e altezza 30 cm.<\/li>\n<li>Ausgestattet mit einem Riser.<\/li>\n<li>Tiefe 70 cm.<\/li>\n<li>H\u00f6he 85 cm.<\/li>\n<\/ul>\n<p><img decoding=\"async\" class=\"wp-image-125578 size-full aligncenter\" src=\"https:\/\/www.creaearredanegozi.it\/wp-content\/uploads\/2019\/07\/misure_lavello_armadiato.jpg\" alt=\"\" width=\"100%\" height=\"auto\" title=\"\" srcset=\"https:\/\/www.creaearredanegozi.it\/wp-content\/uploads\/2019\/07\/misure_lavello_armadiato.jpg 1000w, https:\/\/www.creaearredanegozi.it\/wp-content\/uploads\/2019\/07\/misure_lavello_armadiato-516x297.jpg 516w, https:\/\/www.creaearredanegozi.it\/wp-content\/uploads\/2019\/07\/misure_lavello_armadiato-64x37.jpg 64w, https:\/\/www.creaearredanegozi.it\/wp-content\/uploads\/2019\/07\/misure_lavello_armadiato-696x400.jpg 696w, https:\/\/www.creaearredanegozi.it\/wp-content\/uploads\/2019\/07\/misure_lavello_armadiato-768x442.jpg 768w\" sizes=\"(max-width: 1000px) 100vw, 1000px\" \/><\/p>\n<p><strong>Verf\u00fcgbare Gr\u00f6\u00dfen:<\/strong><\/p>\n<ul>\n<li>160x70x85 cm Wanne: 40x50x30 cm<\/li>\n<li>180x70x85 cm Wanne: 50x50x30 cm<\/li>\n<li>200x70x85 cm Wanne: 60x50x30 cm<\/li>\n<\/ul>","protected":false},"excerpt":{"rendered":"<p>Lavatoio armadiato 2 vasche vano lavastoviglie a destra acciaio inox Aisi 430 profondit\u00e0 70 cm Lavello in acciaio inox Struttura in acciaio Aisi 430. Top, vasche e gocciolatoio in acciaio AISI 304 armadiato con porte scorrevoli 2 vasche con goggiolatoio e vano lavastoviglie a destra. Vasca profondit\u00e0 50 cm e altezza 30 cm. Dotato di [&#8230;]","protected":false},"featured_media":125579,"comment_status":"closed","ping_status":"closed","template":"","meta":{"_monsterinsights_skip_tracking":false,"_monsterinsights_sitenote_active":false,"_monsterinsights_sitenote_note":"","_monsterinsights_sitenote_category":0},"product_brand":[],"product_cat":[119,18],"product_tag":[],"class_list":{"0":"post-27570","1":"product","2":"type-product","3":"status-publish","4":"has-post-thumbnail","6":"product_cat-lavatoi","7":"product_cat-arredo-acciaio-inox","8":"pa_dotazione-con-alzatina","9":"pa_dotazione-con-ripiano-inferiore","10":"pa_dotazione-vano-lavastoviglie","11":"pa_profondita-linea-70","12":"pa_tipo-acciaio-aisi-linea-eco-aisi-430","13":"pa_versione-armadiato","15":"first","16":"instock","17":"taxable","18":"shipping-taxable","19":"purchasable","20":"product-type-variable"},"_links":{"self":[{"href":"https:\/\/www.creaearredanegozi.it\/de\/wp-json\/wp\/v2\/product\/27570","targetHints":{"allow":["GET"]}}],"collection":[{"href":"https:\/\/www.creaearredanegozi.it\/de\/wp-json\/wp\/v2\/product"}],"about":[{"href":"https:\/\/www.creaearredanegozi.it\/de\/wp-json\/wp\/v2\/types\/product"}],"replies":[{"embeddable":true,"href":"https:\/\/www.creaearredanegozi.it\/de\/wp-json\/wp\/v2\/comments?post=27570"}],"wp:featuredmedia":[{"embeddable":true,"href":"https:\/\/www.creaearredanegozi.it\/de\/wp-json\/wp\/v2\/media\/125579"}],"wp:attachment":[{"href":"https:\/\/www.creaearredanegozi.it\/de\/wp-json\/wp\/v2\/media?parent=27570"}],"wp:term":[{"taxonomy":"product_brand","embeddable":true,"href":"https:\/\/www.creaearredanegozi.it\/de\/wp-json\/wp\/v2\/product_brand?post=27570"},{"taxonomy":"product_cat","embeddable":true,"href":"https:\/\/www.creaearredanegozi.it\/de\/wp-json\/wp\/v2\/product_cat?post=27570"},{"taxonomy":"product_tag","embeddable":true,"href":"https:\/\/www.creaearredanegozi.it\/de\/wp-json\/wp\/v2\/product_tag?post=27570"}],"curies":[{"name":"wp","href":"https:\/\/api.w.org\/{rel}","templated":true}]}}