{"id":27590,"date":"2019-07-07T11:28:17","date_gmt":"2019-07-07T09:28:17","guid":{"rendered":"https:\/\/www.creaearredanegozi.it\/?post_type=product&#038;p=27590"},"modified":"2024-04-10T20:48:36","modified_gmt":"2024-04-10T18:48:36","slug":"lavatoio-a-giorno-vano-pattumiera-a-destra-acciaio-inox-aisi-430-profondita-60-cm","status":"publish","type":"product","link":"https:\/\/www.creaearredanegozi.it\/de\/lavatoio-a-giorno-vano-pattumiera-a-destra-acciaio-inox-aisi-430-profondita-60-cm\/","title":{"rendered":"Offenes Waschbeckenfach rechts Edelstahl Aisi 430 Tiefe 60 cm"},"content":{"rendered":"<p><strong>Offenes Waschbeckenfach rechts Edelstahl Aisi 430 Tiefe 60 cm<\/strong><\/p>\n<p>Lavatoio in acciaio inox Aisi 430 a giorno 1 vasca su 4 gambe quadrate e ripiano inferiore, con vano pattumiera e gocciolatoio a destra. Vasca 50&#215;40 cm e altezza 30 cm. Dotato di Alzatina.<\/p>\n<p>Tiefe 60 cm.<\/p>\n<p><strong>H\u00f6he 85 cm.<\/strong><\/p>\n<p><img decoding=\"async\" class=\"alignnone size-medium wp-image-25897\" src=\"https:\/\/www.creaearredanegozi.it\/wp-content\/uploads\/2019\/05\/lavatoio-dim-500x282.png\" alt=\"\" width=\"500\" height=\"282\" title=\"\" srcset=\"https:\/\/www.creaearredanegozi.it\/wp-content\/uploads\/2019\/05\/lavatoio-dim.png 500w, https:\/\/www.creaearredanegozi.it\/wp-content\/uploads\/2019\/05\/lavatoio-dim-64x36.png 64w, https:\/\/www.creaearredanegozi.it\/wp-content\/uploads\/2019\/05\/lavatoio-dim-200x113.png 200w, https:\/\/www.creaearredanegozi.it\/wp-content\/uploads\/2019\/05\/lavatoio-dim-400x226.png 400w\" sizes=\"(max-width: 500px) 100vw, 500px\" \/><\/p>\n<p><strong>Verf\u00fcgbare Gr\u00f6\u00dfen:<\/strong><\/p>\n<ul>\n<li>120x60x85 cm Wanne: 50x40x30 cm<\/li>\n<li>140x60x85 cm Wanne: 50x40x30 cm<\/li>\n<\/ul>","protected":false},"excerpt":{"rendered":"<p>Lavatoio a giorno vano pattumiera a destra acciaio inox Aisi 430 profondit\u00e0 60 cm Lavatoio in acciaio inox Aisi 430 a giorno 1 vasca su 4 gambe quadrate e ripiano inferiore, con vano pattumiera e gocciolatoio a destra. Vasca 50&#215;40 cm e altezza 30 cm. Dotato di Alzatina. Profondit\u00e0 60 cm. Altezza 85 cm. Dimensioni [&#8230;]","protected":false},"featured_media":27588,"comment_status":"closed","ping_status":"closed","template":"","meta":{"_monsterinsights_skip_tracking":false,"_monsterinsights_sitenote_active":false,"_monsterinsights_sitenote_note":"","_monsterinsights_sitenote_category":0},"product_brand":[],"product_cat":[18,119],"product_tag":[],"class_list":{"0":"post-27590","1":"product","2":"type-product","3":"status-publish","4":"has-post-thumbnail","6":"product_cat-arredo-acciaio-inox","7":"product_cat-lavatoi","8":"pa_dotazione-con-alzatina","9":"pa_dotazione-con-ripiano-inferiore","10":"pa_dotazione-vano-pattumiera","11":"pa_profondita-linea-60","12":"pa_tipo-acciaio-aisi-linea-eco-aisi-430","13":"pa_versione-a-giorno","15":"first","16":"instock","17":"taxable","18":"shipping-taxable","19":"purchasable","20":"product-type-variable"},"_links":{"self":[{"href":"https:\/\/www.creaearredanegozi.it\/de\/wp-json\/wp\/v2\/product\/27590","targetHints":{"allow":["GET"]}}],"collection":[{"href":"https:\/\/www.creaearredanegozi.it\/de\/wp-json\/wp\/v2\/product"}],"about":[{"href":"https:\/\/www.creaearredanegozi.it\/de\/wp-json\/wp\/v2\/types\/product"}],"replies":[{"embeddable":true,"href":"https:\/\/www.creaearredanegozi.it\/de\/wp-json\/wp\/v2\/comments?post=27590"}],"wp:featuredmedia":[{"embeddable":true,"href":"https:\/\/www.creaearredanegozi.it\/de\/wp-json\/wp\/v2\/media\/27588"}],"wp:attachment":[{"href":"https:\/\/www.creaearredanegozi.it\/de\/wp-json\/wp\/v2\/media?parent=27590"}],"wp:term":[{"taxonomy":"product_brand","embeddable":true,"href":"https:\/\/www.creaearredanegozi.it\/de\/wp-json\/wp\/v2\/product_brand?post=27590"},{"taxonomy":"product_cat","embeddable":true,"href":"https:\/\/www.creaearredanegozi.it\/de\/wp-json\/wp\/v2\/product_cat?post=27590"},{"taxonomy":"product_tag","embeddable":true,"href":"https:\/\/www.creaearredanegozi.it\/de\/wp-json\/wp\/v2\/product_tag?post=27590"}],"curies":[{"name":"wp","href":"https:\/\/api.w.org\/{rel}","templated":true}]}}