{"id":2766,"date":"2015-06-29T15:34:45","date_gmt":"2015-06-29T13:34:45","guid":{"rendered":"https:\/\/www.creaearredanegozi.it\/?post_type=product&#038;p=2766"},"modified":"2024-12-01T00:00:05","modified_gmt":"2024-11-30T23:00:05","slug":"glaskeramik-induktionskochfeld-2700watt-pfd27-easyline-fimar","status":"publish","type":"product","link":"https:\/\/www.creaearredanegozi.it\/de\/glaskeramik-induktionskochfeld-2700watt-pfd27-easyline-fimar\/","title":{"rendered":"Glaskeramik-Induktionskochfeld 2700 Watt PFD27N Easyline Fimar"},"content":{"rendered":"<h2 style=\"text-align: center;\">Glaskeramik-Induktionskochfeld 2700 Watt<\/h2>\n<p><strong>Profi-Induktionskochfeld Modell PFD27N Easyline Fimar<\/strong><\/p>\n<p>Induktionsplatte mit Induktionskochsystem, das die W\u00e4rme von der Platte in den Beh\u00e4lter leitet (Typ Metall).<\/p>\n<p>Kurzes Kochger\u00e4t ohne Flamme, mit Induktionssystem f\u00fcr die W\u00e4rme\u00fcbertragung von der Platte zum Beh\u00e4lter. Nach der Entnahme des Beh\u00e4lters, der unbedingt aus Metall sein muss, stoppt die Maschine.<\/p>\n<ul>\n<li>Konstruktion aus rostfreiem Stahl<\/li>\n<li>Glaskeramik-Kochfeld<\/li>\n<li>Betrieb im Leistungsstufenmodus oder im Temperaturmodus (\u00b0C)<\/li>\n<li>Induktives Flachteil \u00f8 140\u00f7220mm<\/li>\n<li>Digitale Zeitschaltuhr<\/li>\n<li>Ber\u00fchrungssteuerung.<\/li>\n<\/ul>\n<hr \/>\n<table class=\"table table-striped\">\n<tbody>\n<tr>\n<td colspan=\"2\" width=\"317\"><strong>TECHNISCHE MERKMALE<\/strong><\/td>\n<\/tr>\n<tr>\n<td>MODELL<\/td>\n<td>PFD27N<\/td>\n<\/tr>\n<tr>\n<td>POWER<\/td>\n<td>2,7 kW<\/td>\n<\/tr>\n<tr>\n<td>SUPPLY<\/td>\n<td>230V\/1N\/50-Hz<\/td>\n<\/tr>\n<tr>\n<td>POWER RESOURCE<\/td>\n<td>800 \u00f7 2700 (W)<\/td>\n<\/tr>\n<tr>\n<td>INDUKTIVE OBERFL\u00c4CHE<\/td>\n<td>\u00f8 140 \u00f7 \u00f8 220 mm<\/td>\n<\/tr>\n<tr>\n<td>ABMESSUNGEN<\/td>\n<td>325x370x105h (mm)<\/td>\n<\/tr>\n<tr>\n<td>NETTOGEWICHT<\/td>\n<td>5 kg<\/td>\n<\/tr>\n<tr>\n<td>BRUTTOGEWICHT<\/td>\n<td>8 kg<\/td>\n<\/tr>\n<tr>\n<td>VERPACKUNGSMASSE<\/td>\n<td>430x370x160h (mm)<\/td>\n<\/tr>\n<tr>\n<td>VERPACKUNGSVOLUMEN<\/td>\n<td>0,025 m\u00b3<\/td>\n<\/tr>\n<\/tbody>\n<\/table>\n<p>&nbsp;<\/p>","protected":false},"excerpt":{"rendered":"<p>Piastra ad induzione in Vetroceramica 2700 Watt Piastra induzione professionale Modello PFD27N Easyline Fimar Piastra a induzione con sistema di cottura ad induzione di calore dalla piastra al contenitore (di tipo metallico). Macchina per cuocere in breve tempo, senza fiamma, con sistema ad induzione di calore dalla piastra al contenitore. Rimosso il contenitore, che deve [&#8230;]","protected":false},"featured_media":120834,"comment_status":"closed","ping_status":"closed","template":"","meta":{"_monsterinsights_skip_tracking":false,"_monsterinsights_sitenote_active":false,"_monsterinsights_sitenote_note":"","_monsterinsights_sitenote_category":0},"product_brand":[623,628],"product_cat":[88,9,86],"product_tag":[],"class_list":{"0":"post-2766","1":"product","2":"type-product","3":"status-publish","4":"has-post-thumbnail","6":"product_brand-easyline","7":"product_brand-fimar","8":"product_cat-a-induzione","9":"product_cat-attrezzature-pub","10":"product_cat-piastre","11":"product_shipping_class-f","13":"first","14":"instock","15":"taxable","16":"shipping-taxable","17":"purchasable","18":"product-type-simple"},"_links":{"self":[{"href":"https:\/\/www.creaearredanegozi.it\/de\/wp-json\/wp\/v2\/product\/2766","targetHints":{"allow":["GET"]}}],"collection":[{"href":"https:\/\/www.creaearredanegozi.it\/de\/wp-json\/wp\/v2\/product"}],"about":[{"href":"https:\/\/www.creaearredanegozi.it\/de\/wp-json\/wp\/v2\/types\/product"}],"replies":[{"embeddable":true,"href":"https:\/\/www.creaearredanegozi.it\/de\/wp-json\/wp\/v2\/comments?post=2766"}],"wp:featuredmedia":[{"embeddable":true,"href":"https:\/\/www.creaearredanegozi.it\/de\/wp-json\/wp\/v2\/media\/120834"}],"wp:attachment":[{"href":"https:\/\/www.creaearredanegozi.it\/de\/wp-json\/wp\/v2\/media?parent=2766"}],"wp:term":[{"taxonomy":"product_brand","embeddable":true,"href":"https:\/\/www.creaearredanegozi.it\/de\/wp-json\/wp\/v2\/product_brand?post=2766"},{"taxonomy":"product_cat","embeddable":true,"href":"https:\/\/www.creaearredanegozi.it\/de\/wp-json\/wp\/v2\/product_cat?post=2766"},{"taxonomy":"product_tag","embeddable":true,"href":"https:\/\/www.creaearredanegozi.it\/de\/wp-json\/wp\/v2\/product_tag?post=2766"}],"curies":[{"name":"wp","href":"https:\/\/api.w.org\/{rel}","templated":true}]}}