{"id":2768,"date":"2015-06-29T15:37:44","date_gmt":"2015-06-29T13:37:44","guid":{"rendered":"https:\/\/www.creaearredanegozi.it\/?post_type=product&#038;p=2768"},"modified":"2024-12-01T00:00:05","modified_gmt":"2024-11-30T23:00:05","slug":"3500-watt-pfd35n-easyline-fimar-glaskeramik-induktionskochfeld","status":"publish","type":"product","link":"https:\/\/www.creaearredanegozi.it\/de\/3500-watt-pfd35n-easyline-fimar-glaskeramik-induktionskochfeld\/","title":{"rendered":"Glaskeramik-Induktionskochfeld 3500 Watt PFD35N Easyline Fimar"},"content":{"rendered":"<h3>Professionelles Glaskeramik-Induktionskochfeld 3,5 kw<\/h3>\n<p><strong>Modell PFD35N Easyline Fimar<\/strong><\/p>\n<p>Maschine mit Induktionskochsystem von der Platte zum Beh\u00e4lter (Metalltyp).<\/p>\n<p>Kurzes Kochger\u00e4t ohne Flamme, mit Induktionssystem f\u00fcr die W\u00e4rme\u00fcbertragung von der Platte zum Beh\u00e4lter. Nach der Entnahme des Beh\u00e4lters, der unbedingt aus Metall sein muss, stoppt die Maschine.<\/p>\n<ul>\n<li>Konstruktion aus rostfreiem Stahl<\/li>\n<li>Glaskeramik-Kochfeld<\/li>\n<li>Betrieb im Leistungsstufenmodus oder im Temperaturmodus (\u00b0C)<\/li>\n<li>Induktives Flachteil \u00f8 140\u00f7220mm<\/li>\n<li>Digitale Zeitschaltuhr<\/li>\n<li>Ber\u00fchrungssteuerung.<\/li>\n<\/ul>\n<table class=\"table table-striped\">\n<tbody>\n<tr>\n<td colspan=\"2\">TECHNISCHE MERKMALE<\/td>\n<\/tr>\n<tr>\n<td>MODELL<\/td>\n<td>PFD35N<\/td>\n<\/tr>\n<tr>\n<td>POWER<\/td>\n<td>3,5 kW<\/td>\n<\/tr>\n<tr>\n<td>SUPPLY<\/td>\n<td>230V\/1N\/50-Hz<\/td>\n<\/tr>\n<tr>\n<td>POWER RESOURCE<\/td>\n<td>800 \u00f7 3500 (W)<\/td>\n<\/tr>\n<tr>\n<td>INDUKTIVE OBERFL\u00c4CHE<\/td>\n<td>\u00f8 140 \u00f7 \u00f8 220 mm<\/td>\n<\/tr>\n<tr>\n<td>ABMESSUNGEN<\/td>\n<td>343x440x120h (mm)<\/td>\n<\/tr>\n<tr>\n<td>NETTOGEWICHT<\/td>\n<td>8 kg<\/td>\n<\/tr>\n<tr>\n<td>BRUTTOGEWICHT<\/td>\n<td>11 kg<\/td>\n<\/tr>\n<tr>\n<td>VERPACKUNGSMASSE<\/td>\n<td>510x420x190h (mm)<\/td>\n<\/tr>\n<tr>\n<td>VERPACKUNGSVOLUMEN<\/td>\n<td>0,041 m\u00b3<\/td>\n<\/tr>\n<\/tbody>\n<\/table>","protected":false},"excerpt":{"rendered":"<p>Piastra ad Induzione Professionale in Vetroceramica 3,5 kw Modello PFD35N Easyline Fimar Macchina con sistema di cottura ad induzione di calore dalla piastra al contenitore (di tipo metallico). Macchina per cuocere in breve tempo, senza fiamma, con sistema ad induzione di calore dalla piastra al contenitore. Rimosso il contenitore, che deve essere assolutamente di tipo [&#8230;]","protected":false},"featured_media":7983,"comment_status":"closed","ping_status":"closed","template":"","meta":{"_monsterinsights_skip_tracking":false,"_monsterinsights_sitenote_active":false,"_monsterinsights_sitenote_note":"","_monsterinsights_sitenote_category":0},"product_brand":[623,628],"product_cat":[88,9,86],"product_tag":[],"class_list":{"0":"post-2768","1":"product","2":"type-product","3":"status-publish","4":"has-post-thumbnail","6":"product_brand-easyline","7":"product_brand-fimar","8":"product_cat-a-induzione","9":"product_cat-attrezzature-pub","10":"product_cat-piastre","11":"product_shipping_class-f","13":"first","14":"instock","15":"taxable","16":"shipping-taxable","17":"purchasable","18":"product-type-simple"},"_links":{"self":[{"href":"https:\/\/www.creaearredanegozi.it\/de\/wp-json\/wp\/v2\/product\/2768","targetHints":{"allow":["GET"]}}],"collection":[{"href":"https:\/\/www.creaearredanegozi.it\/de\/wp-json\/wp\/v2\/product"}],"about":[{"href":"https:\/\/www.creaearredanegozi.it\/de\/wp-json\/wp\/v2\/types\/product"}],"replies":[{"embeddable":true,"href":"https:\/\/www.creaearredanegozi.it\/de\/wp-json\/wp\/v2\/comments?post=2768"}],"wp:featuredmedia":[{"embeddable":true,"href":"https:\/\/www.creaearredanegozi.it\/de\/wp-json\/wp\/v2\/media\/7983"}],"wp:attachment":[{"href":"https:\/\/www.creaearredanegozi.it\/de\/wp-json\/wp\/v2\/media?parent=2768"}],"wp:term":[{"taxonomy":"product_brand","embeddable":true,"href":"https:\/\/www.creaearredanegozi.it\/de\/wp-json\/wp\/v2\/product_brand?post=2768"},{"taxonomy":"product_cat","embeddable":true,"href":"https:\/\/www.creaearredanegozi.it\/de\/wp-json\/wp\/v2\/product_cat?post=2768"},{"taxonomy":"product_tag","embeddable":true,"href":"https:\/\/www.creaearredanegozi.it\/de\/wp-json\/wp\/v2\/product_tag?post=2768"}],"curies":[{"name":"wp","href":"https:\/\/api.w.org\/{rel}","templated":true}]}}