{"id":2782,"date":"2015-06-29T16:15:18","date_gmt":"2015-06-29T14:15:18","guid":{"rendered":"https:\/\/www.creaearredanegozi.it\/?post_type=product&#038;p=2782"},"modified":"2024-12-01T00:00:05","modified_gmt":"2024-11-30T23:00:05","slug":"professionelle-salamischneidemaschine-mit-schwerkraftzufuhr-und-30mm-klinge-hbs300-easyline-fimar","status":"publish","type":"product","link":"https:\/\/www.creaearredanegozi.it\/de\/professionelle-salamischneidemaschine-mit-schwerkraftzufuhr-und-30mm-klinge-hbs300-easyline-fimar\/","title":{"rendered":"Professionelle Schwerkraft-Salamischneider Klinge 300 mm HBS300 Easyline Fimar"},"content":{"rendered":"<h3>Professionelle Schwerkraft-Salamischneidemaschine HBS300 Fimar<\/h3>\n<p>Maschine zum Schneiden von Aufschnitt, K\u00e4se usw. Leichte Struktur aus anodisierter Aluminiumlegierung<\/p>\n<ul>\n<li>Fester Klingenschutzring<\/li>\n<li>Abnehmbarer Klingenschutz<\/li>\n<li>Segeleinstellknopf mit Skala<\/li>\n<li>Festes Sch\u00e4rfger\u00e4t mit zwei Schleifk\u00f6rpern zum Sch\u00e4rfen der Klinge.<\/li>\n<li>Wohnblock<\/li>\n<li>Segeln<\/li>\n<\/ul>\n<p>Nur nach CE-Norm erh\u00e4ltlich.<\/p>\n<table class=\"table table-striped\">\n<tbody>\n<tr>\n<td style=\"text-align: left;\" colspan=\"2\"><strong>TECHNISCHE MERKMALE<\/strong><\/td>\n<\/tr>\n<tr>\n<td>MODELL<\/td>\n<td>HBS300<\/td>\n<\/tr>\n<tr>\n<td>POWER<\/td>\n<td>250 W<\/td>\n<\/tr>\n<tr>\n<td>SUPPLY<\/td>\n<td>230V\/1N\/50Hz<\/td>\n<\/tr>\n<tr>\n<td>BLADE-DIAMETER<\/td>\n<td>300 mm<\/td>\n<\/tr>\n<tr>\n<td>SCHNITTST\u00c4RKE<\/td>\n<td>0\u00f716 mm<\/td>\n<\/tr>\n<tr>\n<td>SCHNITTL\u00c4NGE<\/td>\n<td>165X175h mm<\/td>\n<\/tr>\n<tr>\n<td>ARBEITSPLATTENMASSE<\/td>\n<td>430 x 300 mm<\/td>\n<\/tr>\n<tr>\n<td>ABMESSUNGEN DER MASCHINE<\/td>\n<td>560 x 490 x 450(h) mm<\/td>\n<\/tr>\n<tr>\n<td>NETTOGEWICHT<\/td>\n<td>23 kg<\/td>\n<\/tr>\n<tr>\n<td>BRUTTOGEWICHT<\/td>\n<td>26 kg<\/td>\n<\/tr>\n<tr>\n<td>VERPACKUNGSMASSE<\/td>\n<td>615 x 525 x 510 h (mm)<\/td>\n<\/tr>\n<tr>\n<td>VERPACKUNGSVOLUMEN<\/td>\n<td>0,165 m\u00b3<\/td>\n<\/tr>\n<\/tbody>\n<\/table>","protected":false},"excerpt":{"rendered":"<p>Affettatrice Professionale per Salumi a Gravit\u00e0 HBS300 Fimar Macchina per affettare salumi, formaggi, ecc. Struttura in lega leggera di alluminio anodizzato Anello fisso protezione lama Paralama estraibile Pomello regolazione vela con scala graduata Affilatoio fisso con coppia di smerigli per l\u2019affilatura della lama. Blocco piatto Vela Disponibili solo a norme CE. CARATTERISTICHE TECNICHE MODELLO HBS300 [&#8230;]","protected":false},"featured_media":120945,"comment_status":"closed","ping_status":"closed","template":"","meta":{"_monsterinsights_skip_tracking":false,"_monsterinsights_sitenote_active":false,"_monsterinsights_sitenote_note":"","_monsterinsights_sitenote_category":0},"product_brand":[623,628],"product_cat":[678,51,677,26],"product_tag":[],"class_list":{"0":"post-2782","1":"product","2":"type-product","3":"status-publish","4":"has-post-thumbnail","6":"product_brand-easyline","7":"product_brand-fimar","8":"product_cat-affettatrici-salumi","9":"product_cat-affettatrici","10":"product_cat-affettatrici-professionali","11":"product_cat-macelleria-e-gastronomia","12":"product_shipping_class-38","13":"pa_diametro-lama-300-mm","14":"pa_marca-easyline-by-fimar","15":"pa_marca-fimar","16":"pa_tipo-piatto-salumi","17":"pa_versione-elettrica","19":"first","20":"instock","21":"taxable","22":"shipping-taxable","23":"purchasable","24":"product-type-simple"},"_links":{"self":[{"href":"https:\/\/www.creaearredanegozi.it\/de\/wp-json\/wp\/v2\/product\/2782","targetHints":{"allow":["GET"]}}],"collection":[{"href":"https:\/\/www.creaearredanegozi.it\/de\/wp-json\/wp\/v2\/product"}],"about":[{"href":"https:\/\/www.creaearredanegozi.it\/de\/wp-json\/wp\/v2\/types\/product"}],"replies":[{"embeddable":true,"href":"https:\/\/www.creaearredanegozi.it\/de\/wp-json\/wp\/v2\/comments?post=2782"}],"wp:featuredmedia":[{"embeddable":true,"href":"https:\/\/www.creaearredanegozi.it\/de\/wp-json\/wp\/v2\/media\/120945"}],"wp:attachment":[{"href":"https:\/\/www.creaearredanegozi.it\/de\/wp-json\/wp\/v2\/media?parent=2782"}],"wp:term":[{"taxonomy":"product_brand","embeddable":true,"href":"https:\/\/www.creaearredanegozi.it\/de\/wp-json\/wp\/v2\/product_brand?post=2782"},{"taxonomy":"product_cat","embeddable":true,"href":"https:\/\/www.creaearredanegozi.it\/de\/wp-json\/wp\/v2\/product_cat?post=2782"},{"taxonomy":"product_tag","embeddable":true,"href":"https:\/\/www.creaearredanegozi.it\/de\/wp-json\/wp\/v2\/product_tag?post=2782"}],"curies":[{"name":"wp","href":"https:\/\/api.w.org\/{rel}","templated":true}]}}