{"id":27867,"date":"2019-07-09T14:23:53","date_gmt":"2019-07-09T12:23:53","guid":{"rendered":"https:\/\/www.creaearredanegozi.it\/?post_type=product&#038;p=27867"},"modified":"2023-12-18T16:34:10","modified_gmt":"2023-12-18T15:34:10","slug":"kombiniertes-handwaschbecken-mit-einlochanlage-edelstahl-aisi-304-hohe-85-cm","status":"publish","type":"product","link":"https:\/\/www.creaearredanegozi.it\/de\/kombiniertes-handwaschbecken-mit-einlochanlage-edelstahl-aisi-304-hohe-85-cm\/","title":{"rendered":"Kombinierte Handwaschanlage mit Einlochanlage Edelstahl Aisi 304 H\u00f6he 85 cm"},"content":{"rendered":"<h2 style=\"text-align: center;\"><strong>Kombinierte Handwaschanlage mit Einlochanlage Edelstahl Aisi 304 H\u00f6he 85 cm<\/strong><\/h2>\n<p>Kombi-Sp\u00fcle mit Ein-Loch-Einheit aus Edelstahl Aisi 304 ohne Mischbatterie<\/p>\n<p><strong>Verf\u00fcgbare Gr\u00f6\u00dfen:<\/strong><\/p>\n<ul>\n<li>50x60x85 cm<\/li>\n<li>50x70x85 cm<\/li>\n<\/ul>","protected":false},"excerpt":{"rendered":"<p>Lavamani combinato con gruppo monoforo acciaio inox Aisi 304 altezza 85 cm Lavamani combinato con lavello con gruppo monoforo in acciaio inox Aisi 304 senza miscelatore Dimensioni disponibili: 50x60x85 cm 50x70x85 cm<\/p>","protected":false},"featured_media":126435,"comment_status":"closed","ping_status":"closed","template":"","meta":{"_monsterinsights_skip_tracking":false,"_monsterinsights_sitenote_active":false,"_monsterinsights_sitenote_note":"","_monsterinsights_sitenote_category":0},"product_brand":[772],"product_cat":[18,119],"product_tag":[],"class_list":{"0":"post-27867","1":"product","2":"type-product","3":"status-publish","4":"has-post-thumbnail","6":"product_brand-crea-e-arreda-negozi","7":"product_cat-arredo-acciaio-inox","8":"product_cat-lavatoi","9":"pa_dotazione-con-alzatina","10":"pa_tipo-acciaio-aisi-linea-hq-aisi-304","12":"first","13":"instock","14":"taxable","15":"shipping-taxable","16":"purchasable","17":"product-type-variable"},"_links":{"self":[{"href":"https:\/\/www.creaearredanegozi.it\/de\/wp-json\/wp\/v2\/product\/27867","targetHints":{"allow":["GET"]}}],"collection":[{"href":"https:\/\/www.creaearredanegozi.it\/de\/wp-json\/wp\/v2\/product"}],"about":[{"href":"https:\/\/www.creaearredanegozi.it\/de\/wp-json\/wp\/v2\/types\/product"}],"replies":[{"embeddable":true,"href":"https:\/\/www.creaearredanegozi.it\/de\/wp-json\/wp\/v2\/comments?post=27867"}],"wp:featuredmedia":[{"embeddable":true,"href":"https:\/\/www.creaearredanegozi.it\/de\/wp-json\/wp\/v2\/media\/126435"}],"wp:attachment":[{"href":"https:\/\/www.creaearredanegozi.it\/de\/wp-json\/wp\/v2\/media?parent=27867"}],"wp:term":[{"taxonomy":"product_brand","embeddable":true,"href":"https:\/\/www.creaearredanegozi.it\/de\/wp-json\/wp\/v2\/product_brand?post=27867"},{"taxonomy":"product_cat","embeddable":true,"href":"https:\/\/www.creaearredanegozi.it\/de\/wp-json\/wp\/v2\/product_cat?post=27867"},{"taxonomy":"product_tag","embeddable":true,"href":"https:\/\/www.creaearredanegozi.it\/de\/wp-json\/wp\/v2\/product_tag?post=27867"}],"curies":[{"name":"wp","href":"https:\/\/api.w.org\/{rel}","templated":true}]}}