{"id":2796,"date":"2015-06-29T17:20:25","date_gmt":"2015-06-29T15:20:25","guid":{"rendered":"https:\/\/www.creaearredanegozi.it\/?post_type=product&#038;p=2796"},"modified":"2024-11-20T13:03:03","modified_gmt":"2024-11-20T12:03:03","slug":"professionelle-vakuum-lebensmittelmaschine-30-cm-schweisbalken-sbs300p-fimar-easyline","status":"publish","type":"product","link":"https:\/\/www.creaearredanegozi.it\/de\/professionelle-vakuum-lebensmittelmaschine-30-cm-schweisbalken-sbs300p-fimar-easyline\/","title":{"rendered":"Professionelle Lebensmittel-Vakuumiermaschine Versiegelungsschiene 30 cm SBS300P Fimar Easyline"},"content":{"rendered":"<p>Professionelle Lebensmittel-Vakuumiermaschine 30 cm Schwei\u00dfbalken<\/p>\n<p>Modell SBS300P Fimar Easyline<\/p>\n<p>Professionelle Maschine zur Verl\u00e4ngerung der Konservierungszeit von Lebensmitteln unter Beibehaltung der organoleptischen Eigenschaften. Durch die Verwendung von speziellen gepr\u00e4gten Beuteln oder Beh\u00e4ltern wird ein Vakuum erzeugt, das die Vermehrung von Bakterien verhindert. Geh\u00e4use aus ABS-Kunststoff - Trockenpumpe - digitales Bedienfeld mit automatischem und\/oder manuellem Arbeitszyklus - 5 mm Dichtung.<br \/>\nZubeh\u00f6r: gepr\u00e4gte Beutel in verschiedenen Formaten - gepr\u00e4gte Rollen, um Beutel in der gew\u00fcnschten L\u00e4nge zu erhalten.<\/p>\n<ul>\n<li>ABS-Kunststoffgeh\u00e4use<\/li>\n<li>Trockene Pumpe<\/li>\n<li>Digitales Bedienfeld mit automatischem und\/oder manuellem Arbeitszyklus<\/li>\n<li>5 mm Schwei\u00dfnaht<\/li>\n<\/ul>\n<p><strong>TECHNISCHE MERKMALE<\/strong><\/p>\n<ul>\n<li>MODELL SBS300P<\/li>\n<li>LEISTUNG: 0,19 KW (0,25 PS)<\/li>\n<li>STROMVERSORGUNG: 230V\/1N\/50Hz<\/li>\n<li>SCHWEI\u00dfSTAB: 300 (mm)<\/li>\n<li>VAKUUMPUMPE: 0,6 m\u00b3\/h<\/li>\n<li>MAX. ERREICHBARES VAKUUM: 80%<\/li>\n<li>ABMESSUNGEN: 380 x 180 x 80 h (mm)<\/li>\n<li>NETTOGEWICHT: 2,0 kg<\/li>\n<li>BRUTTOGEWICHT: 2,5 kg<\/li>\n<li>ABMESSUNGEN DER VERPACKUNG: 440 x 260 x 120 h (mm)<\/li>\n<li>VERPACKUNGSVOLUMEN: 0,014 m\u00b3<\/li>\n<\/ul>\n<p style=\"text-align: center;\"><iframe loading=\"lazy\" src=\"https:\/\/www.youtube.com\/embed\/IGvF5g1gyVg\" width=\"560\" height=\"315\" frameborder=\"0\" allowfullscreen=\"allowfullscreen\"><\/iframe><\/p>","protected":false},"excerpt":{"rendered":"<p>Macchina Sottovuoto Professionale Per Alimenti Barra Saldante 30 cm Modello SBS300P Fimar Easyline Macchina professionale per prolungare i tempi di conservazione degli alimenti mantenendone intatte le caratteristiche organolettiche. Tramite l\u2019utilizzo di apposite buste goffrate o contenitori si crea un livello di vuoto tale da impedire la proliferazione batterica. Carcassa in plastica ABS \u2013 pompa a [&#8230;]","protected":false},"featured_media":120725,"comment_status":"closed","ping_status":"closed","template":"","meta":{"_monsterinsights_skip_tracking":false,"_monsterinsights_sitenote_active":false,"_monsterinsights_sitenote_note":"","_monsterinsights_sitenote_category":0},"product_brand":[623,628],"product_cat":[106,14],"product_tag":[],"class_list":{"0":"post-2796","1":"product","2":"type-product","3":"status-publish","4":"has-post-thumbnail","6":"product_brand-easyline","7":"product_brand-fimar","8":"product_cat-sottovuoto","9":"product_cat-confezionamento","10":"product_shipping_class-215","11":"pa_marca-easyline-by-fimar","13":"first","14":"instock","15":"sale","16":"taxable","17":"shipping-taxable","18":"purchasable","19":"product-type-simple"},"_links":{"self":[{"href":"https:\/\/www.creaearredanegozi.it\/de\/wp-json\/wp\/v2\/product\/2796","targetHints":{"allow":["GET"]}}],"collection":[{"href":"https:\/\/www.creaearredanegozi.it\/de\/wp-json\/wp\/v2\/product"}],"about":[{"href":"https:\/\/www.creaearredanegozi.it\/de\/wp-json\/wp\/v2\/types\/product"}],"replies":[{"embeddable":true,"href":"https:\/\/www.creaearredanegozi.it\/de\/wp-json\/wp\/v2\/comments?post=2796"}],"wp:featuredmedia":[{"embeddable":true,"href":"https:\/\/www.creaearredanegozi.it\/de\/wp-json\/wp\/v2\/media\/120725"}],"wp:attachment":[{"href":"https:\/\/www.creaearredanegozi.it\/de\/wp-json\/wp\/v2\/media?parent=2796"}],"wp:term":[{"taxonomy":"product_brand","embeddable":true,"href":"https:\/\/www.creaearredanegozi.it\/de\/wp-json\/wp\/v2\/product_brand?post=2796"},{"taxonomy":"product_cat","embeddable":true,"href":"https:\/\/www.creaearredanegozi.it\/de\/wp-json\/wp\/v2\/product_cat?post=2796"},{"taxonomy":"product_tag","embeddable":true,"href":"https:\/\/www.creaearredanegozi.it\/de\/wp-json\/wp\/v2\/product_tag?post=2796"}],"curies":[{"name":"wp","href":"https:\/\/api.w.org\/{rel}","templated":true}]}}