{"id":2798,"date":"2015-06-29T17:25:46","date_gmt":"2015-06-29T15:25:46","guid":{"rendered":"https:\/\/www.creaearredanegozi.it\/?post_type=product&#038;p=2798"},"modified":"2024-11-20T13:38:20","modified_gmt":"2024-11-20T12:38:20","slug":"vakuumkammermaschine-30cm-scc300-easyline-fimar-schweisbalken","status":"publish","type":"product","link":"https:\/\/www.creaearredanegozi.it\/de\/vakuumkammermaschine-30cm-scc300-easyline-fimar-schweisbalken\/","title":{"rendered":"Vakuum-Verpackungsmaschine mit Glockenstange 30CM SCC300 Easyline Fimar"},"content":{"rendered":"<p><strong>VAKUUMKAMMERMASCHINE 30CM SCHWEISSBALKEN\u00a0<\/strong><\/p>\n<p>Ger\u00e4t zur Verl\u00e4ngerung der Haltbarkeitsdauer von Lebensmitteln unter Beibehaltung der organisch-elektrischen Eigenschaften und zur Verhinderung der Vermehrung von Bakterien. Rahmen und Beh\u00e4lter aus rostfreiem Stahl - abnehmbare Dichtungsleiste - transparenter Plexiglasdeckel - \u00d6lbadpumpen - digitales Bedienfeld mit 3 voreingestellten Programmen - kann f\u00fcr die Verwendung von Inertgas vorbereitet werden.<br \/>\nZubeh\u00f6r: einfache und Kochbeutel in verschiedenen Formaten.<\/p>\n<ul>\n<li>Konstruktion aus rostfreiem Stahl<\/li>\n<li>Geformter Tank aus Edelstahl<\/li>\n<li>Abnehmbare Schwei\u00dfleiste<\/li>\n<li>Transparenter Plexiglasdeckel<\/li>\n<li>\u00d6lbadpumpen<\/li>\n<li>Digitales Bedienfeld mit 6 speicherbaren Programmen<\/li>\n<li>M\u00f6glicherweise ist die Verwendung von Inertgasen vorgesehen.<\/li>\n<\/ul>\n<p><strong>TECHNISCHE MERKMALE<\/strong><\/p>\n<ul>\n<li>MODELL SCC300<\/li>\n<li>LEISTUNG 0,45 KW (0,6 PS)<\/li>\n<li>STROMVERSORGUNG 230V\/1N\/50Hz<\/li>\n<li>SCHWEI\u00dfSTAB 300 (mm)<\/li>\n<li>VAKUUMPUMPE 8 m\u00b3\/h<\/li>\n<li>N\u00dcTZLICHE RAUMABMESSUNGEN 310x350x190h (mm)<\/li>\n<li>MAX. ERREICHBARES VAKUUM 98%<\/li>\n<li>ABMESSUNGEN 460 x 410 x 430 h (mm)<\/li>\n<li>NETTOGEWICHT 34 kg<\/li>\n<li>BRUTTOGEWICHT 40 kg<\/li>\n<li>ABMESSUNGEN DER VERPACKUNG 600 x 800 x 640 h (mm)<\/li>\n<li>VERPACKUNGSVOLUMEN 0,307 m\u00b3<\/li>\n<\/ul>","protected":false},"excerpt":{"rendered":"<p>MACCHINA SOTTOVUOTO A CAMPANA BARRA SALDANTE 30CM\u00a0 Macchina per prolungare i tempi di conservazione degli alimenti mantenendone intatte le caratteristiche organoelettiche e impedendo la proliferazione batterica. Struttura e vasca stampata in acciaio inox \u2013 barra saldante estraibile \u2013 coperchio in plexiglass trasparente \u2013 pompe a bagno d\u2019olio \u2013 pannello comandi digitale con 3 programmi pre-impostati [&#8230;]","protected":false},"featured_media":120718,"comment_status":"closed","ping_status":"closed","template":"","meta":{"_monsterinsights_skip_tracking":false,"_monsterinsights_sitenote_active":false,"_monsterinsights_sitenote_note":"","_monsterinsights_sitenote_category":0},"product_brand":[623,628],"product_cat":[106,14],"product_tag":[],"class_list":{"0":"post-2798","1":"product","2":"type-product","3":"status-publish","4":"has-post-thumbnail","6":"product_brand-easyline","7":"product_brand-fimar","8":"product_cat-sottovuoto","9":"product_cat-confezionamento","10":"product_shipping_class-32","12":"first","13":"instock","14":"sale","15":"taxable","16":"shipping-taxable","17":"purchasable","18":"product-type-simple"},"_links":{"self":[{"href":"https:\/\/www.creaearredanegozi.it\/de\/wp-json\/wp\/v2\/product\/2798","targetHints":{"allow":["GET"]}}],"collection":[{"href":"https:\/\/www.creaearredanegozi.it\/de\/wp-json\/wp\/v2\/product"}],"about":[{"href":"https:\/\/www.creaearredanegozi.it\/de\/wp-json\/wp\/v2\/types\/product"}],"replies":[{"embeddable":true,"href":"https:\/\/www.creaearredanegozi.it\/de\/wp-json\/wp\/v2\/comments?post=2798"}],"wp:featuredmedia":[{"embeddable":true,"href":"https:\/\/www.creaearredanegozi.it\/de\/wp-json\/wp\/v2\/media\/120718"}],"wp:attachment":[{"href":"https:\/\/www.creaearredanegozi.it\/de\/wp-json\/wp\/v2\/media?parent=2798"}],"wp:term":[{"taxonomy":"product_brand","embeddable":true,"href":"https:\/\/www.creaearredanegozi.it\/de\/wp-json\/wp\/v2\/product_brand?post=2798"},{"taxonomy":"product_cat","embeddable":true,"href":"https:\/\/www.creaearredanegozi.it\/de\/wp-json\/wp\/v2\/product_cat?post=2798"},{"taxonomy":"product_tag","embeddable":true,"href":"https:\/\/www.creaearredanegozi.it\/de\/wp-json\/wp\/v2\/product_tag?post=2798"}],"curies":[{"name":"wp","href":"https:\/\/api.w.org\/{rel}","templated":true}]}}