{"id":2800,"date":"2015-06-29T17:28:16","date_gmt":"2015-06-29T15:28:16","guid":{"rendered":"https:\/\/www.creaearredanegozi.it\/?post_type=product&#038;p=2800"},"modified":"2024-11-20T13:38:20","modified_gmt":"2024-11-20T12:38:20","slug":"scc400-easyline-fimar-40cm-siegelschiene-vakuumkammermaschine","status":"publish","type":"product","link":"https:\/\/www.creaearredanegozi.it\/de\/scc400-easyline-fimar-40cm-siegelschiene-vakuumkammermaschine\/","title":{"rendered":"Vakuum-Verpackungsmaschine mit Glockensiegelung Bar 40CM SCC400 Easyline Fimar"},"content":{"rendered":"<p>Vakuumverpackungsmaschine 40Cm Easyline Fimar<\/p>\n<p>Ger\u00e4t zur Verl\u00e4ngerung der Haltbarkeitsdauer von Lebensmitteln unter Beibehaltung der organisch-elektrischen Eigenschaften und zur Verhinderung der Vermehrung von Bakterien. Rahmen und Beh\u00e4lter aus rostfreiem Stahl - abnehmbare Dichtungsleiste - transparenter Plexiglasdeckel - \u00d6lbadpumpen - digitales Bedienfeld mit 3 voreingestellten Programmen - kann f\u00fcr die Verwendung von Inertgas vorbereitet werden.<br \/>\nZubeh\u00f6r: einfache und Kochbeutel in verschiedenen Formaten.<\/p>\n<p>TECHNISCHE MERKMALE<\/p>\n<p>MODELL SCC400<\/p>\n<p>LEISTUNG 0,75 KW ( 1 PS)<\/p>\n<p>STROMVERSORGUNG 230V\/1N\/50Hz<\/p>\n<p>SCHWEI\u00dfSTAB 400 (mm)<\/p>\n<p>VAKUUMPUMPE 20 m\u00b3\/h<\/p>\n<p>N\u00dcTZLICHE RAUMABMESSUNGEN 410x450x220h (mm)<\/p>\n<p>MAX. ERREICHBARES VAKUUM 98%<\/p>\n<p>ABMESSUNGEN 560x510x460h (mm)<\/p>\n<p>NETTOGEWICHT 50 kg<\/p>\n<p>BRUTTOGEWICHT 58 kg<\/p>\n<p>VERPACKUNGSABMESSUNGEN 600x800x680h (mm)<\/p>\n<p>VERPACKUNGSVOLUMEN 0,326 m\u00b3<\/p>","protected":false},"excerpt":{"rendered":"<p>Macchina sottovuoto 40Cm Easyline Fimar Macchina per prolungare i tempi di conservazione degli alimenti mantenendone intatte le caratteristiche organoelettiche e impedendo la proliferazione batterica. Struttura e vasca stampata in acciaio inox \u2013 barra saldante estraibile \u2013 coperchio in plexiglass trasparente \u2013 pompe a bagno d\u2019olio \u2013 pannello comandi digitale con 3 programmi pre-impostati \u2013 possibile [&#8230;]","protected":false},"featured_media":120718,"comment_status":"closed","ping_status":"closed","template":"","meta":{"_monsterinsights_skip_tracking":false,"_monsterinsights_sitenote_active":false,"_monsterinsights_sitenote_note":"","_monsterinsights_sitenote_category":0},"product_brand":[623,628],"product_cat":[106,14],"product_tag":[],"class_list":{"0":"post-2800","1":"product","2":"type-product","3":"status-publish","4":"has-post-thumbnail","6":"product_brand-easyline","7":"product_brand-fimar","8":"product_cat-sottovuoto","9":"product_cat-confezionamento","10":"product_shipping_class-744","12":"first","13":"instock","14":"sale","15":"taxable","16":"shipping-taxable","17":"purchasable","18":"product-type-simple"},"_links":{"self":[{"href":"https:\/\/www.creaearredanegozi.it\/de\/wp-json\/wp\/v2\/product\/2800","targetHints":{"allow":["GET"]}}],"collection":[{"href":"https:\/\/www.creaearredanegozi.it\/de\/wp-json\/wp\/v2\/product"}],"about":[{"href":"https:\/\/www.creaearredanegozi.it\/de\/wp-json\/wp\/v2\/types\/product"}],"replies":[{"embeddable":true,"href":"https:\/\/www.creaearredanegozi.it\/de\/wp-json\/wp\/v2\/comments?post=2800"}],"wp:featuredmedia":[{"embeddable":true,"href":"https:\/\/www.creaearredanegozi.it\/de\/wp-json\/wp\/v2\/media\/120718"}],"wp:attachment":[{"href":"https:\/\/www.creaearredanegozi.it\/de\/wp-json\/wp\/v2\/media?parent=2800"}],"wp:term":[{"taxonomy":"product_brand","embeddable":true,"href":"https:\/\/www.creaearredanegozi.it\/de\/wp-json\/wp\/v2\/product_brand?post=2800"},{"taxonomy":"product_cat","embeddable":true,"href":"https:\/\/www.creaearredanegozi.it\/de\/wp-json\/wp\/v2\/product_cat?post=2800"},{"taxonomy":"product_tag","embeddable":true,"href":"https:\/\/www.creaearredanegozi.it\/de\/wp-json\/wp\/v2\/product_tag?post=2800"}],"curies":[{"name":"wp","href":"https:\/\/api.w.org\/{rel}","templated":true}]}}