{"id":28004,"date":"2019-07-09T16:48:42","date_gmt":"2019-07-09T14:48:42","guid":{"rendered":"https:\/\/www.creaearredanegozi.it\/?post_type=product&#038;p=28004"},"modified":"2025-06-09T13:39:11","modified_gmt":"2025-06-09T11:39:11","slug":"schrankwand-flugeltur-1-fachboden-hohe-80-cm-edelstahl-aisi-430","status":"publish","type":"product","link":"https:\/\/www.creaearredanegozi.it\/de\/schrankwand-flugeltur-1-fachboden-hohe-80-cm-edelstahl-aisi-430\/","title":{"rendered":"Fl\u00fcgelt\u00fcrschrank 1 Fachboden H\u00f6he 80 cm Edelstahl Aisi 430"},"content":{"rendered":"<h2 style=\"text-align: center;\">Scharnier-Edelstahl-H\u00e4ngeschrank 1 Fachboden H\u00f6he 80 cm Edelstahl Aisi 430<\/h2>\n<p>H\u00e4ngeschrank aus Edelstahl Aisi 430 mit Fl\u00fcgelt\u00fcr und 1 verschiebbaren Zwischenboden.<\/p>\n<p><strong>H\u00f6he 80 cm<\/strong><\/p>\n<p><img decoding=\"async\" class=\"alignnone wp-image-27894 aligncenter\" src=\"https:\/\/www.creaearredanegozi.it\/wp-content\/uploads\/2019\/07\/PENSILE-A-GIORNI-DIM-500x258.png\" alt=\"\" width=\"414\" height=\"214\" title=\"\" srcset=\"https:\/\/www.creaearredanegozi.it\/wp-content\/uploads\/2019\/07\/PENSILE-A-GIORNI-DIM.png 500w, https:\/\/www.creaearredanegozi.it\/wp-content\/uploads\/2019\/07\/PENSILE-A-GIORNI-DIM-64x33.png 64w, https:\/\/www.creaearredanegozi.it\/wp-content\/uploads\/2019\/07\/PENSILE-A-GIORNI-DIM-200x103.png 200w, https:\/\/www.creaearredanegozi.it\/wp-content\/uploads\/2019\/07\/PENSILE-A-GIORNI-DIM-400x206.png 400w\" sizes=\"(max-width: 414px) 100vw, 414px\" \/><\/p>\n<p><strong>Verf\u00fcgbare Gr\u00f6\u00dfen:<\/strong><\/p>\n<ul>\n<li>40x40x80 cm N.1 Fl\u00fcgelt\u00fcr<\/li>\n<li>50x40x80 cm N.1 Fl\u00fcgelt\u00fcr<\/li>\n<li>60x40x80 cm N.1 Fl\u00fcgelt\u00fcr<\/li>\n<li>70x40x80 cm N.1 Fl\u00fcgelt\u00fcr<\/li>\n<li>80x40x80 cm Nr.<strong>2<\/strong> Fl\u00fcgelt\u00fcren<\/li>\n<li>90x40x80 cm Nr.<strong>2<\/strong> Fl\u00fcgelt\u00fcren<\/li>\n<li>100x40x80 cm Nr.<strong>2<\/strong> Fl\u00fcgelt\u00fcren<\/li>\n<li>120x40x80 cm Nr.<strong>2<\/strong> Fl\u00fcgelt\u00fcren<\/li>\n<\/ul>","protected":false},"excerpt":{"rendered":"<p>Pensile inox porta battente 1 ripiano altezza 80 cm acciaio inox Aisi 430 Pensile in acciaio inox Aisi 430 con porta battente ed 1 ripiano intermedio riposizionabile. Altezza 80 cm Dimensioni disponibili: 40x40x80 cm\u00a0 \u00a0N.1 Porta battente 50x40x80 cm\u00a0 \u00a0N.1 Porta battente 60x40x80 cm\u00a0 \u00a0N.1 Porta battente 70x40x80 cm\u00a0 \u00a0N.1 Porta battente 80x40x80 cm\u00a0 \u00a0N.2 [&#8230;]","protected":false},"featured_media":128857,"comment_status":"closed","ping_status":"closed","template":"","meta":{"_monsterinsights_skip_tracking":false,"_monsterinsights_sitenote_active":false,"_monsterinsights_sitenote_note":"","_monsterinsights_sitenote_category":0},"product_brand":[772],"product_cat":[116,18],"product_tag":[],"class_list":{"0":"post-28004","1":"product","2":"type-product","3":"status-publish","4":"has-post-thumbnail","6":"product_brand-crea-e-arreda-negozi","7":"product_cat-pensili","8":"product_cat-arredo-acciaio-inox","9":"pa_tipo-acciaio-aisi-linea-eco-aisi-430","10":"pa_versione-armadiato-con-porte","11":"pa_versione-pensile","13":"first","14":"instock","15":"taxable","16":"shipping-taxable","17":"purchasable","18":"product-type-variable"},"_links":{"self":[{"href":"https:\/\/www.creaearredanegozi.it\/de\/wp-json\/wp\/v2\/product\/28004","targetHints":{"allow":["GET"]}}],"collection":[{"href":"https:\/\/www.creaearredanegozi.it\/de\/wp-json\/wp\/v2\/product"}],"about":[{"href":"https:\/\/www.creaearredanegozi.it\/de\/wp-json\/wp\/v2\/types\/product"}],"replies":[{"embeddable":true,"href":"https:\/\/www.creaearredanegozi.it\/de\/wp-json\/wp\/v2\/comments?post=28004"}],"wp:featuredmedia":[{"embeddable":true,"href":"https:\/\/www.creaearredanegozi.it\/de\/wp-json\/wp\/v2\/media\/128857"}],"wp:attachment":[{"href":"https:\/\/www.creaearredanegozi.it\/de\/wp-json\/wp\/v2\/media?parent=28004"}],"wp:term":[{"taxonomy":"product_brand","embeddable":true,"href":"https:\/\/www.creaearredanegozi.it\/de\/wp-json\/wp\/v2\/product_brand?post=28004"},{"taxonomy":"product_cat","embeddable":true,"href":"https:\/\/www.creaearredanegozi.it\/de\/wp-json\/wp\/v2\/product_cat?post=28004"},{"taxonomy":"product_tag","embeddable":true,"href":"https:\/\/www.creaearredanegozi.it\/de\/wp-json\/wp\/v2\/product_tag?post=28004"}],"curies":[{"name":"wp","href":"https:\/\/api.w.org\/{rel}","templated":true}]}}