{"id":28013,"date":"2019-07-09T16:56:31","date_gmt":"2019-07-09T14:56:31","guid":{"rendered":"https:\/\/www.creaearredanegozi.it\/?post_type=product&#038;p=28013"},"modified":"2025-06-05T14:29:16","modified_gmt":"2025-06-05T12:29:16","slug":"flugeltur-hangeschrank-2-fachboden-hohe-100-cm-edelstahl-aisi-304","status":"publish","type":"product","link":"https:\/\/www.creaearredanegozi.it\/de\/flugeltur-hangeschrank-2-fachboden-hohe-100-cm-edelstahl-aisi-304\/","title":{"rendered":"Fl\u00fcgelt\u00fcrschrank 2 Fachb\u00f6den H\u00f6he 100 cm Edelstahl Aisi 304"},"content":{"rendered":"<p style=\"text-align: center;\"><strong>Fl\u00fcgelt\u00fcrschrank 2 Fachb\u00f6den H\u00f6he 100 cm Edelstahl Aisi 304<\/strong><\/p>\n<p>Wandschrank aus Edelstahl Aisi 304 mit Fl\u00fcgelt\u00fcr und 2 Zwischenb\u00f6den.<\/p>\n<p><strong>H\u00f6he 100 cm<\/strong><\/p>\n<p><img decoding=\"async\" class=\"alignnone wp-image-27894 aligncenter\" src=\"https:\/\/www.creaearredanegozi.it\/wp-content\/uploads\/2019\/07\/PENSILE-A-GIORNI-DIM-500x258.png\" alt=\"\" width=\"414\" height=\"214\" title=\"\" srcset=\"https:\/\/www.creaearredanegozi.it\/wp-content\/uploads\/2019\/07\/PENSILE-A-GIORNI-DIM.png 500w, https:\/\/www.creaearredanegozi.it\/wp-content\/uploads\/2019\/07\/PENSILE-A-GIORNI-DIM-64x33.png 64w, https:\/\/www.creaearredanegozi.it\/wp-content\/uploads\/2019\/07\/PENSILE-A-GIORNI-DIM-200x103.png 200w, https:\/\/www.creaearredanegozi.it\/wp-content\/uploads\/2019\/07\/PENSILE-A-GIORNI-DIM-400x206.png 400w\" sizes=\"(max-width: 414px) 100vw, 414px\" \/><\/p>\n<p><strong>Verf\u00fcgbare Gr\u00f6\u00dfen:<\/strong><\/p>\n<style>\nth, td { width: 25%; }<br \/><\/style>\n<table class=\"table table-striped mtr-table mtr-tr-th\" width=\"100%\" align=\"center\">\n<tbody>\n<tr>\n<th data-mtr-content=\"Lunghezza (cm)\" class=\"mtr-th-tag\"><div class=\"mtr-cell-content\">L\u00e4nge (cm)<\/div><\/th>\n<th data-mtr-content=\"Profondit\u00e0 (cm)\" class=\"mtr-th-tag\"><div class=\"mtr-cell-content\">Tiefe (cm)<\/div><\/th>\n<th data-mtr-content=\"Altezza (cm)\" class=\"mtr-th-tag\"><div class=\"mtr-cell-content\">H\u00f6he (cm)<\/div><\/th>\n<th data-mtr-content=\"N. Porte\" class=\"mtr-th-tag\"><div class=\"mtr-cell-content\">N. T\u00fcren<\/div><\/th>\n<\/tr>\n<tr>\n<td data-mtr-content=\"Lunghezza (cm)\" class=\"mtr-td-tag\"><div class=\"mtr-cell-content\">40<\/div><\/td>\n<td data-mtr-content=\"Profondit\u00e0 (cm)\" class=\"mtr-td-tag\"><div class=\"mtr-cell-content\">40<\/div><\/td>\n<td data-mtr-content=\"Altezza (cm)\" class=\"mtr-td-tag\"><div class=\"mtr-cell-content\">100<\/div><\/td>\n<td data-mtr-content=\"N. Porte\" class=\"mtr-td-tag\"><div class=\"mtr-cell-content\">1<\/div><\/td>\n<\/tr>\n<tr>\n<td data-mtr-content=\"Lunghezza (cm)\" class=\"mtr-td-tag\"><div class=\"mtr-cell-content\">50<\/div><\/td>\n<td data-mtr-content=\"Profondit\u00e0 (cm)\" class=\"mtr-td-tag\"><div class=\"mtr-cell-content\">40<\/div><\/td>\n<td data-mtr-content=\"Altezza (cm)\" class=\"mtr-td-tag\"><div class=\"mtr-cell-content\">100<\/div><\/td>\n<td data-mtr-content=\"N. Porte\" class=\"mtr-td-tag\"><div class=\"mtr-cell-content\">1<\/div><\/td>\n<\/tr>\n<tr>\n<td data-mtr-content=\"Lunghezza (cm)\" class=\"mtr-td-tag\"><div class=\"mtr-cell-content\">60<\/div><\/td>\n<td data-mtr-content=\"Profondit\u00e0 (cm)\" class=\"mtr-td-tag\"><div class=\"mtr-cell-content\">40<\/div><\/td>\n<td data-mtr-content=\"Altezza (cm)\" class=\"mtr-td-tag\"><div class=\"mtr-cell-content\">100<\/div><\/td>\n<td data-mtr-content=\"N. Porte\" class=\"mtr-td-tag\"><div class=\"mtr-cell-content\">1<\/div><\/td>\n<\/tr>\n<tr>\n<td data-mtr-content=\"Lunghezza (cm)\" class=\"mtr-td-tag\"><div class=\"mtr-cell-content\">70<\/div><\/td>\n<td data-mtr-content=\"Profondit\u00e0 (cm)\" class=\"mtr-td-tag\"><div class=\"mtr-cell-content\">40<\/div><\/td>\n<td data-mtr-content=\"Altezza (cm)\" class=\"mtr-td-tag\"><div class=\"mtr-cell-content\">100<\/div><\/td>\n<td data-mtr-content=\"N. Porte\" class=\"mtr-td-tag\"><div class=\"mtr-cell-content\">1<\/div><\/td>\n<\/tr>\n<tr>\n<td data-mtr-content=\"Lunghezza (cm)\" class=\"mtr-td-tag\"><div class=\"mtr-cell-content\">80<\/div><\/td>\n<td data-mtr-content=\"Profondit\u00e0 (cm)\" class=\"mtr-td-tag\"><div class=\"mtr-cell-content\">40<\/div><\/td>\n<td data-mtr-content=\"Altezza (cm)\" class=\"mtr-td-tag\"><div class=\"mtr-cell-content\">100<\/div><\/td>\n<td data-mtr-content=\"N. Porte\" class=\"mtr-td-tag\"><div class=\"mtr-cell-content\">2<\/div><\/td>\n<\/tr>\n<tr>\n<td data-mtr-content=\"Lunghezza (cm)\" class=\"mtr-td-tag\"><div class=\"mtr-cell-content\">90<\/div><\/td>\n<td data-mtr-content=\"Profondit\u00e0 (cm)\" class=\"mtr-td-tag\"><div class=\"mtr-cell-content\">40<\/div><\/td>\n<td data-mtr-content=\"Altezza (cm)\" class=\"mtr-td-tag\"><div class=\"mtr-cell-content\">100<\/div><\/td>\n<td data-mtr-content=\"N. Porte\" class=\"mtr-td-tag\"><div class=\"mtr-cell-content\">2<\/div><\/td>\n<\/tr>\n<tr>\n<td data-mtr-content=\"Lunghezza (cm)\" class=\"mtr-td-tag\"><div class=\"mtr-cell-content\">100<\/div><\/td>\n<td data-mtr-content=\"Profondit\u00e0 (cm)\" class=\"mtr-td-tag\"><div class=\"mtr-cell-content\">40<\/div><\/td>\n<td data-mtr-content=\"Altezza (cm)\" class=\"mtr-td-tag\"><div class=\"mtr-cell-content\">100<\/div><\/td>\n<td data-mtr-content=\"N. Porte\" class=\"mtr-td-tag\"><div class=\"mtr-cell-content\">2<\/div><\/td>\n<\/tr>\n<tr>\n<td data-mtr-content=\"Lunghezza (cm)\" class=\"mtr-td-tag\"><div class=\"mtr-cell-content\">120<\/div><\/td>\n<td data-mtr-content=\"Profondit\u00e0 (cm)\" class=\"mtr-td-tag\"><div class=\"mtr-cell-content\">40<\/div><\/td>\n<td data-mtr-content=\"Altezza (cm)\" class=\"mtr-td-tag\"><div class=\"mtr-cell-content\">100<\/div><\/td>\n<td data-mtr-content=\"N. Porte\" class=\"mtr-td-tag\"><div class=\"mtr-cell-content\">2<\/div><\/td>\n<\/tr>\n<\/tbody>\n<\/table>","protected":false},"excerpt":{"rendered":"<p>Pensile porta battente 2 ripiani altezza 100 cm acciaio inox Aisi 304 Pensile in acciaio inox Aisi 304 con porta battente e 2 ripiani intermedi. Altezza 100 cm Dimensioni disponibili: Lunghezza (cm) Profondit\u00e0 (cm) Altezza (cm) N. Porte 40 40 100 1 50 40 100 1 60 40 100 1 70 40 100 1 80 [&#8230;]","protected":false},"featured_media":128759,"comment_status":"closed","ping_status":"closed","template":"","meta":{"_monsterinsights_skip_tracking":false,"_monsterinsights_sitenote_active":false,"_monsterinsights_sitenote_note":"","_monsterinsights_sitenote_category":0},"product_brand":[772],"product_cat":[116,18],"product_tag":[],"class_list":{"0":"post-28013","1":"product","2":"type-product","3":"status-publish","4":"has-post-thumbnail","6":"product_brand-crea-e-arreda-negozi","7":"product_cat-pensili","8":"product_cat-arredo-acciaio-inox","9":"pa_tipo-acciaio-aisi-linea-hq-aisi-304","10":"pa_versione-armadiato-con-porte","11":"pa_versione-pensile","13":"first","14":"instock","15":"taxable","16":"shipping-taxable","17":"purchasable","18":"product-type-variable"},"_links":{"self":[{"href":"https:\/\/www.creaearredanegozi.it\/de\/wp-json\/wp\/v2\/product\/28013","targetHints":{"allow":["GET"]}}],"collection":[{"href":"https:\/\/www.creaearredanegozi.it\/de\/wp-json\/wp\/v2\/product"}],"about":[{"href":"https:\/\/www.creaearredanegozi.it\/de\/wp-json\/wp\/v2\/types\/product"}],"replies":[{"embeddable":true,"href":"https:\/\/www.creaearredanegozi.it\/de\/wp-json\/wp\/v2\/comments?post=28013"}],"wp:featuredmedia":[{"embeddable":true,"href":"https:\/\/www.creaearredanegozi.it\/de\/wp-json\/wp\/v2\/media\/128759"}],"wp:attachment":[{"href":"https:\/\/www.creaearredanegozi.it\/de\/wp-json\/wp\/v2\/media?parent=28013"}],"wp:term":[{"taxonomy":"product_brand","embeddable":true,"href":"https:\/\/www.creaearredanegozi.it\/de\/wp-json\/wp\/v2\/product_brand?post=28013"},{"taxonomy":"product_cat","embeddable":true,"href":"https:\/\/www.creaearredanegozi.it\/de\/wp-json\/wp\/v2\/product_cat?post=28013"},{"taxonomy":"product_tag","embeddable":true,"href":"https:\/\/www.creaearredanegozi.it\/de\/wp-json\/wp\/v2\/product_tag?post=28013"}],"curies":[{"name":"wp","href":"https:\/\/api.w.org\/{rel}","templated":true}]}}