{"id":28041,"date":"2019-07-09T17:20:20","date_gmt":"2019-07-09T15:20:20","guid":{"rendered":"https:\/\/www.creaearredanegozi.it\/?post_type=product&#038;p=28041"},"modified":"2024-01-08T19:24:52","modified_gmt":"2024-01-08T18:24:52","slug":"pensile-porte-scorrevoli-1-ripiano-altezza-65-cm-acciaio-inox-aisi-304","status":"publish","type":"product","link":"https:\/\/www.creaearredanegozi.it\/de\/pensile-porte-scorrevoli-1-ripiano-altezza-65-cm-acciaio-inox-aisi-304\/","title":{"rendered":"Wandschrank Schiebet\u00fcren 1 Fachboden H\u00f6he 65 cm Edelstahl Aisi 304"},"content":{"rendered":"<p><strong>Wandschrank Schiebet\u00fcren 1 Fachboden H\u00f6he 65 cm Edelstahl Aisi 304<\/strong><\/p>\n<p>Pensile con porte scorrevoli con 1 ripiano intermedio in acciaio inox Aisi 304.<\/p>\n<p><strong>H\u00f6he 65 cm<\/strong><\/p>\n<p><img decoding=\"async\" class=\"alignnone wp-image-27894 aligncenter\" src=\"https:\/\/www.creaearredanegozi.it\/wp-content\/uploads\/2019\/07\/PENSILE-A-GIORNI-DIM-500x258.png\" alt=\"\" width=\"414\" height=\"214\" title=\"\" srcset=\"https:\/\/www.creaearredanegozi.it\/wp-content\/uploads\/2019\/07\/PENSILE-A-GIORNI-DIM.png 500w, https:\/\/www.creaearredanegozi.it\/wp-content\/uploads\/2019\/07\/PENSILE-A-GIORNI-DIM-64x33.png 64w, https:\/\/www.creaearredanegozi.it\/wp-content\/uploads\/2019\/07\/PENSILE-A-GIORNI-DIM-200x103.png 200w, https:\/\/www.creaearredanegozi.it\/wp-content\/uploads\/2019\/07\/PENSILE-A-GIORNI-DIM-400x206.png 400w\" sizes=\"(max-width: 414px) 100vw, 414px\" \/><\/p>\n<p><strong>Verf\u00fcgbare Gr\u00f6\u00dfen:<\/strong><\/p>\n<ul>\n<li>100x40x65 cm<\/li>\n<li>110x40x65 cm<\/li>\n<li>120x40x65 cm<\/li>\n<li>130x40x65 cm<\/li>\n<li>140x40x65 cm<\/li>\n<li>150x40x65 cm<\/li>\n<li>160x40x65 cm<\/li>\n<li>170x40x65 cm<\/li>\n<li>180x40x65 cm<\/li>\n<li>190x40x65 cm<\/li>\n<li>200x40x65 cm<\/li>\n<\/ul>","protected":false},"excerpt":{"rendered":"<p>Pensile porte scorrevoli 1 ripiano altezza 65 cm acciaio inox Aisi 304 Pensile con porte scorrevoli con 1 ripiano intermedio in acciaio inox Aisi 304. Altezza 65 cm Dimensioni disponibili: 100x40x65 cm 110x40x65 cm 120x40x65 cm 130x40x65 cm 140x40x65 cm 150x40x65 cm 160x40x65 cm 170x40x65 cm 180x40x65 cm 190x40x65 cm 200x40x65 cm<\/p>","protected":false},"featured_media":126485,"comment_status":"closed","ping_status":"closed","template":"","meta":{"_monsterinsights_skip_tracking":false,"_monsterinsights_sitenote_active":false,"_monsterinsights_sitenote_note":"","_monsterinsights_sitenote_category":0},"product_brand":[772],"product_cat":[18,116],"product_tag":[],"class_list":{"0":"post-28041","1":"product","2":"type-product","3":"status-publish","4":"has-post-thumbnail","6":"product_brand-crea-e-arreda-negozi","7":"product_cat-arredo-acciaio-inox","8":"product_cat-pensili","9":"pa_tipo-acciaio-aisi-linea-hq-aisi-304","10":"pa_versione-armadiato-con-porte","12":"first","13":"instock","14":"taxable","15":"shipping-taxable","16":"purchasable","17":"product-type-variable"},"_links":{"self":[{"href":"https:\/\/www.creaearredanegozi.it\/de\/wp-json\/wp\/v2\/product\/28041","targetHints":{"allow":["GET"]}}],"collection":[{"href":"https:\/\/www.creaearredanegozi.it\/de\/wp-json\/wp\/v2\/product"}],"about":[{"href":"https:\/\/www.creaearredanegozi.it\/de\/wp-json\/wp\/v2\/types\/product"}],"replies":[{"embeddable":true,"href":"https:\/\/www.creaearredanegozi.it\/de\/wp-json\/wp\/v2\/comments?post=28041"}],"wp:featuredmedia":[{"embeddable":true,"href":"https:\/\/www.creaearredanegozi.it\/de\/wp-json\/wp\/v2\/media\/126485"}],"wp:attachment":[{"href":"https:\/\/www.creaearredanegozi.it\/de\/wp-json\/wp\/v2\/media?parent=28041"}],"wp:term":[{"taxonomy":"product_brand","embeddable":true,"href":"https:\/\/www.creaearredanegozi.it\/de\/wp-json\/wp\/v2\/product_brand?post=28041"},{"taxonomy":"product_cat","embeddable":true,"href":"https:\/\/www.creaearredanegozi.it\/de\/wp-json\/wp\/v2\/product_cat?post=28041"},{"taxonomy":"product_tag","embeddable":true,"href":"https:\/\/www.creaearredanegozi.it\/de\/wp-json\/wp\/v2\/product_tag?post=28041"}],"curies":[{"name":"wp","href":"https:\/\/api.w.org\/{rel}","templated":true}]}}