{"id":28199,"date":"2019-07-09T19:39:19","date_gmt":"2019-07-09T17:39:19","guid":{"rendered":"https:\/\/www.creaearredanegozi.it\/?post_type=product&#038;p=28199"},"modified":"2023-07-03T20:15:53","modified_gmt":"2023-07-03T18:15:53","slug":"pensile-porte-scorrevoli-con-sgocciolatoio-1-ripiano-altezza-80-cm-acciaio-inox-aisi-430","status":"publish","type":"product","link":"https:\/\/www.creaearredanegozi.it\/de\/pensile-porte-scorrevoli-con-sgocciolatoio-1-ripiano-altezza-80-cm-acciaio-inox-aisi-430\/","title":{"rendered":"Oberschrank Schiebet\u00fcren mit Abtropffl\u00e4che 1 Fachboden H\u00f6he 80 cm Edelstahl Aisi 430"},"content":{"rendered":"<p><strong>Oberschrank Schiebet\u00fcren mit Abtropffl\u00e4che 1 Fachboden H\u00f6he 80 cm Edelstahl Aisi 430<\/strong><\/p>\n<p>Schiebet\u00fcrschrank mit Abtropffl\u00e4che, 1 Fachboden.<\/p>\n<p>Rostfreier Stahl Aisi 430.<\/p>\n<p><strong>H\u00f6he 80 cm<\/strong><\/p>\n<p><img decoding=\"async\" class=\"alignnone wp-image-27894\" src=\"https:\/\/www.creaearredanegozi.it\/wp-content\/uploads\/2019\/07\/PENSILE-A-GIORNI-DIM-500x258.png\" alt=\"\" width=\"414\" height=\"214\" title=\"\" srcset=\"https:\/\/www.creaearredanegozi.it\/wp-content\/uploads\/2019\/07\/PENSILE-A-GIORNI-DIM.png 500w, https:\/\/www.creaearredanegozi.it\/wp-content\/uploads\/2019\/07\/PENSILE-A-GIORNI-DIM-64x33.png 64w, https:\/\/www.creaearredanegozi.it\/wp-content\/uploads\/2019\/07\/PENSILE-A-GIORNI-DIM-200x103.png 200w, https:\/\/www.creaearredanegozi.it\/wp-content\/uploads\/2019\/07\/PENSILE-A-GIORNI-DIM-400x206.png 400w\" sizes=\"(max-width: 414px) 100vw, 414px\" \/><\/p>\n<p><strong>Verf\u00fcgbare Gr\u00f6\u00dfen:<\/strong><\/p>\n<ul>\n<li>100x40x80 cm<\/li>\n<li>110x40x80 cm<\/li>\n<li>120x40x80 cm<\/li>\n<li>130x40x80 cm<\/li>\n<li>140x40x80 cm<\/li>\n<li>150x40x80 cm<\/li>\n<li>160x40x80 cm<\/li>\n<\/ul>","protected":false},"excerpt":{"rendered":"<p>Pensile porte scorrevoli con sgocciolatoio 1 ripiano altezza 80 cm acciaio inox Aisi 430 Pensile porte scorrevoli con sgocciolatoio, 1 ripiano. Acciaio inox Aisi 430. Altezza 80 cm Dimensioni disponibili: 100x40x80 cm 110x40x80 cm 120x40x80 cm 130x40x80 cm 140x40x80 cm 150x40x80 cm 160x40x80 cm<\/p>","protected":false},"featured_media":28057,"comment_status":"closed","ping_status":"closed","template":"","meta":{"_monsterinsights_skip_tracking":false,"_monsterinsights_sitenote_active":false,"_monsterinsights_sitenote_note":"","_monsterinsights_sitenote_category":0},"product_brand":[],"product_cat":[18,116],"product_tag":[],"class_list":{"0":"post-28199","1":"product","2":"type-product","3":"status-publish","4":"has-post-thumbnail","6":"product_cat-arredo-acciaio-inox","7":"product_cat-pensili","8":"pa_tipo-acciaio-aisi-linea-eco-aisi-430","9":"pa_versione-armadiato-con-porte","11":"first","12":"instock","13":"taxable","14":"shipping-taxable","15":"purchasable","16":"product-type-variable"},"_links":{"self":[{"href":"https:\/\/www.creaearredanegozi.it\/de\/wp-json\/wp\/v2\/product\/28199","targetHints":{"allow":["GET"]}}],"collection":[{"href":"https:\/\/www.creaearredanegozi.it\/de\/wp-json\/wp\/v2\/product"}],"about":[{"href":"https:\/\/www.creaearredanegozi.it\/de\/wp-json\/wp\/v2\/types\/product"}],"replies":[{"embeddable":true,"href":"https:\/\/www.creaearredanegozi.it\/de\/wp-json\/wp\/v2\/comments?post=28199"}],"wp:featuredmedia":[{"embeddable":true,"href":"https:\/\/www.creaearredanegozi.it\/de\/wp-json\/wp\/v2\/media\/28057"}],"wp:attachment":[{"href":"https:\/\/www.creaearredanegozi.it\/de\/wp-json\/wp\/v2\/media?parent=28199"}],"wp:term":[{"taxonomy":"product_brand","embeddable":true,"href":"https:\/\/www.creaearredanegozi.it\/de\/wp-json\/wp\/v2\/product_brand?post=28199"},{"taxonomy":"product_cat","embeddable":true,"href":"https:\/\/www.creaearredanegozi.it\/de\/wp-json\/wp\/v2\/product_cat?post=28199"},{"taxonomy":"product_tag","embeddable":true,"href":"https:\/\/www.creaearredanegozi.it\/de\/wp-json\/wp\/v2\/product_tag?post=28199"}],"curies":[{"name":"wp","href":"https:\/\/api.w.org\/{rel}","templated":true}]}}