{"id":28251,"date":"2019-07-09T20:53:19","date_gmt":"2019-07-09T18:53:19","guid":{"rendered":"https:\/\/www.creaearredanegozi.it\/?post_type=product&#038;p=28251"},"modified":"2025-06-10T11:02:48","modified_gmt":"2025-06-10T09:02:48","slug":"eckwandschrank-flugeltur-2-einlegeboden-hohe-100-cm-edelstahl-aisi-304","status":"publish","type":"product","link":"https:\/\/www.creaearredanegozi.it\/de\/eckwandschrank-flugeltur-2-einlegeboden-hohe-100-cm-edelstahl-aisi-304\/","title":{"rendered":"Eck-H\u00e4ngeschrank Fl\u00fcgelt\u00fcr 2 Einlegeb\u00f6den H\u00f6he 100 cm Edelstahl Aisi 304"},"content":{"rendered":"<h2 style=\"text-align: center;\">Eck-H\u00e4ngeschrank Fl\u00fcgelt\u00fcr 2 Einlegeb\u00f6den H\u00f6he 100 cm Edelstahl Aisi 304<\/h2>\n<p>Edelstahl-Eckwandschrank mit Fl\u00fcgelt\u00fcr und 2 verschiebbaren Zwischenb\u00f6den.<\/p>\n<p>Die Struktur besteht vollst\u00e4ndig aus rostfreiem Stahl Aisi 304.<\/p>\n<p><b>Abmessungen: 70x70x100 cm<\/b><\/p>\n<p>&nbsp;<\/p>","protected":false},"excerpt":{"rendered":"<p>Pensile angolo porta battente 2 ripiani altezza 100 cm acciaio inox Aisi 304 Pensile inox ad angolo con porta a battente e 2 ripiani intermedi riposizionabili. Struttura interamente in acciaio inox Aisi 304. Dimensioni: 70x70x100 cm &nbsp;<\/p>","protected":false},"featured_media":128887,"comment_status":"closed","ping_status":"closed","template":"","meta":{"_monsterinsights_skip_tracking":false,"_monsterinsights_sitenote_active":false,"_monsterinsights_sitenote_note":"","_monsterinsights_sitenote_category":0},"product_brand":[772],"product_cat":[18,116],"product_tag":[],"class_list":{"0":"post-28251","1":"product","2":"type-product","3":"status-publish","4":"has-post-thumbnail","6":"product_brand-crea-e-arreda-negozi","7":"product_cat-arredo-acciaio-inox","8":"product_cat-pensili","9":"product_shipping_class-33","10":"pa_tipo-acciaio-aisi-linea-hq-aisi-304","11":"pa_versione-armadiato-con-porte","12":"pa_versione-pensile","14":"first","15":"instock","16":"taxable","17":"shipping-taxable","18":"purchasable","19":"product-type-simple"},"_links":{"self":[{"href":"https:\/\/www.creaearredanegozi.it\/de\/wp-json\/wp\/v2\/product\/28251","targetHints":{"allow":["GET"]}}],"collection":[{"href":"https:\/\/www.creaearredanegozi.it\/de\/wp-json\/wp\/v2\/product"}],"about":[{"href":"https:\/\/www.creaearredanegozi.it\/de\/wp-json\/wp\/v2\/types\/product"}],"replies":[{"embeddable":true,"href":"https:\/\/www.creaearredanegozi.it\/de\/wp-json\/wp\/v2\/comments?post=28251"}],"wp:featuredmedia":[{"embeddable":true,"href":"https:\/\/www.creaearredanegozi.it\/de\/wp-json\/wp\/v2\/media\/128887"}],"wp:attachment":[{"href":"https:\/\/www.creaearredanegozi.it\/de\/wp-json\/wp\/v2\/media?parent=28251"}],"wp:term":[{"taxonomy":"product_brand","embeddable":true,"href":"https:\/\/www.creaearredanegozi.it\/de\/wp-json\/wp\/v2\/product_brand?post=28251"},{"taxonomy":"product_cat","embeddable":true,"href":"https:\/\/www.creaearredanegozi.it\/de\/wp-json\/wp\/v2\/product_cat?post=28251"},{"taxonomy":"product_tag","embeddable":true,"href":"https:\/\/www.creaearredanegozi.it\/de\/wp-json\/wp\/v2\/product_tag?post=28251"}],"curies":[{"name":"wp","href":"https:\/\/api.w.org\/{rel}","templated":true}]}}