{"id":28525,"date":"2019-09-05T11:43:51","date_gmt":"2019-09-05T09:43:51","guid":{"rendered":"https:\/\/www.creaearredanegozi.it\/?post_type=product&#038;p=28525"},"modified":"2025-02-21T12:27:13","modified_gmt":"2025-02-21T11:27:13","slug":"doppelregal-hohe-70-cm-tiefe-40-cm-aisi-304-edelstahl","status":"publish","type":"product","link":"https:\/\/www.creaearredanegozi.it\/de\/doppelregal-hohe-70-cm-tiefe-40-cm-aisi-304-edelstahl\/","title":{"rendered":"Doppelboden H\u00f6he 70 cm Tiefe 40 cm Edelstahl Aisi 304"},"content":{"rendered":"<p><strong>Doppelboden H\u00f6he 70 cm Tiefe 40 cm Edelstahl Aisi 304<\/strong><\/p>\n<p>Regalh\u00f6he 70 cm mit 2 Regalb\u00f6den aus Edelstahl 304.<\/p>\n<p><strong>Verf\u00fcgbare Gr\u00f6\u00dfen:<\/strong><\/p>\n<ul>\n<li>60x40x4 cm<\/li>\n<li>70x40x4 cm<\/li>\n<li>80x40x4 cm<\/li>\n<li>90x40x4 cm<\/li>\n<li>100x40x4 cm<\/li>\n<li>110x40x4 cm<\/li>\n<li>120x40x4 cm<\/li>\n<li>130x40x4 cm<\/li>\n<li>140x40x4 cm<\/li>\n<li>150x40x4 cm<\/li>\n<li>160x40x4 cm<\/li>\n<li>170x40x4 cm<\/li>\n<li>180x40x4 cm<\/li>\n<li>190x40x4 cm<\/li>\n<li>200x40x4 cm<\/li>\n<\/ul>","protected":false},"excerpt":{"rendered":"<p>Mensola doppia altezza 70 cm profondit\u00e0 40 cm acciaio inox Aisi 304 Mensola altezza 70 cm con 2 ripiani in acciaio inox 304. Dimensioni disponibili: 60x40x4 cm 70x40x4 cm 80x40x4 cm 90x40x4 cm 100x40x4 cm 110x40x4 cm 120x40x4 cm 130x40x4 cm 140x40x4 cm 150x40x4 cm 160x40x4 cm 170x40x4 cm 180x40x4 cm 190x40x4 cm 200x40x4 cm<\/p>","protected":false},"featured_media":28488,"comment_status":"closed","ping_status":"closed","template":"","meta":{"_monsterinsights_skip_tracking":false,"_monsterinsights_sitenote_active":false,"_monsterinsights_sitenote_note":"","_monsterinsights_sitenote_category":0},"product_brand":[],"product_cat":[116],"product_tag":[],"class_list":{"0":"post-28525","1":"product","2":"type-product","3":"status-publish","4":"has-post-thumbnail","6":"product_cat-pensili","7":"pa_tipo-acciaio-aisi-linea-hq-aisi-304","9":"first","10":"instock","11":"taxable","12":"shipping-taxable","13":"purchasable","14":"product-type-variable"},"_links":{"self":[{"href":"https:\/\/www.creaearredanegozi.it\/de\/wp-json\/wp\/v2\/product\/28525","targetHints":{"allow":["GET"]}}],"collection":[{"href":"https:\/\/www.creaearredanegozi.it\/de\/wp-json\/wp\/v2\/product"}],"about":[{"href":"https:\/\/www.creaearredanegozi.it\/de\/wp-json\/wp\/v2\/types\/product"}],"replies":[{"embeddable":true,"href":"https:\/\/www.creaearredanegozi.it\/de\/wp-json\/wp\/v2\/comments?post=28525"}],"wp:featuredmedia":[{"embeddable":true,"href":"https:\/\/www.creaearredanegozi.it\/de\/wp-json\/wp\/v2\/media\/28488"}],"wp:attachment":[{"href":"https:\/\/www.creaearredanegozi.it\/de\/wp-json\/wp\/v2\/media?parent=28525"}],"wp:term":[{"taxonomy":"product_brand","embeddable":true,"href":"https:\/\/www.creaearredanegozi.it\/de\/wp-json\/wp\/v2\/product_brand?post=28525"},{"taxonomy":"product_cat","embeddable":true,"href":"https:\/\/www.creaearredanegozi.it\/de\/wp-json\/wp\/v2\/product_cat?post=28525"},{"taxonomy":"product_tag","embeddable":true,"href":"https:\/\/www.creaearredanegozi.it\/de\/wp-json\/wp\/v2\/product_tag?post=28525"}],"curies":[{"name":"wp","href":"https:\/\/api.w.org\/{rel}","templated":true}]}}