{"id":28559,"date":"2019-09-05T12:05:58","date_gmt":"2019-09-05T10:05:58","guid":{"rendered":"https:\/\/www.creaearredanegozi.it\/?post_type=product&#038;p=28559"},"modified":"2025-02-21T12:27:13","modified_gmt":"2025-02-21T11:27:13","slug":"gelochtes-regal-hohe-70-cm-edelstahl-aisi-304","status":"publish","type":"product","link":"https:\/\/www.creaearredanegozi.it\/de\/gelochtes-regal-hohe-70-cm-edelstahl-aisi-304\/","title":{"rendered":"Perforierte Ablage H\u00f6he 70 cm Edelstahl Aisi 304"},"content":{"rendered":"<p><strong>Perforierte Ablage H\u00f6he 70 cm Edelstahl Aisi 304<\/strong><\/p>\n<p>Regalh\u00f6he 70 cm mit 1 gelochten Boden aus Edelstahl 304.<\/p>\n<p><strong>Verf\u00fcgbare Gr\u00f6\u00dfen:<\/strong><\/p>\n<ul>\n<li>60x30x4 cm<\/li>\n<li>70x30x4 cm<\/li>\n<li>80x30x4 cm<\/li>\n<li>90x30x4 cm<\/li>\n<li>100x30x4 cm<\/li>\n<li>110x30x4 cm<\/li>\n<li>120x30x4 cm<\/li>\n<li>130x30x4 cm<\/li>\n<li>140x30x4 cm<\/li>\n<li>150x30x4 cm<\/li>\n<li>160x30x4 cm<\/li>\n<li>170x30x4 cm<\/li>\n<li>180x30x4 cm<\/li>\n<li>190x30x4 cm<\/li>\n<li>200x30x4 cm<\/li>\n<\/ul>","protected":false},"excerpt":{"rendered":"<p>Mensola forata altezza 70 cm acciaio inox Aisi 304 Mensola altezza 70 cm con 1 ripiano forato in acciaio inox 304. Dimensioni disponibili: 60x30x4 cm 70x30x4 cm 80x30x4 cm 90x30x4 cm 100x30x4 cm 110x30x4 cm 120x30x4 cm 130x30x4 cm 140x30x4 cm 150x30x4 cm 160x30x4 cm 170x30x4 cm 180x30x4 cm 190x30x4 cm 200x30x4 cm<\/p>","protected":false},"featured_media":28575,"comment_status":"closed","ping_status":"closed","template":"","meta":{"_monsterinsights_skip_tracking":false,"_monsterinsights_sitenote_active":false,"_monsterinsights_sitenote_note":"","_monsterinsights_sitenote_category":0},"product_brand":[],"product_cat":[116],"product_tag":[],"class_list":{"0":"post-28559","1":"product","2":"type-product","3":"status-publish","4":"has-post-thumbnail","6":"product_cat-pensili","7":"pa_tipo-acciaio-aisi-linea-hq-aisi-304","9":"first","10":"instock","11":"taxable","12":"shipping-taxable","13":"purchasable","14":"product-type-variable"},"_links":{"self":[{"href":"https:\/\/www.creaearredanegozi.it\/de\/wp-json\/wp\/v2\/product\/28559","targetHints":{"allow":["GET"]}}],"collection":[{"href":"https:\/\/www.creaearredanegozi.it\/de\/wp-json\/wp\/v2\/product"}],"about":[{"href":"https:\/\/www.creaearredanegozi.it\/de\/wp-json\/wp\/v2\/types\/product"}],"replies":[{"embeddable":true,"href":"https:\/\/www.creaearredanegozi.it\/de\/wp-json\/wp\/v2\/comments?post=28559"}],"wp:featuredmedia":[{"embeddable":true,"href":"https:\/\/www.creaearredanegozi.it\/de\/wp-json\/wp\/v2\/media\/28575"}],"wp:attachment":[{"href":"https:\/\/www.creaearredanegozi.it\/de\/wp-json\/wp\/v2\/media?parent=28559"}],"wp:term":[{"taxonomy":"product_brand","embeddable":true,"href":"https:\/\/www.creaearredanegozi.it\/de\/wp-json\/wp\/v2\/product_brand?post=28559"},{"taxonomy":"product_cat","embeddable":true,"href":"https:\/\/www.creaearredanegozi.it\/de\/wp-json\/wp\/v2\/product_cat?post=28559"},{"taxonomy":"product_tag","embeddable":true,"href":"https:\/\/www.creaearredanegozi.it\/de\/wp-json\/wp\/v2\/product_tag?post=28559"}],"curies":[{"name":"wp","href":"https:\/\/api.w.org\/{rel}","templated":true}]}}