{"id":28752,"date":"2019-09-07T11:48:29","date_gmt":"2019-09-07T09:48:29","guid":{"rendered":"https:\/\/www.creaearredanegozi.it\/?post_type=product&#038;p=28752"},"modified":"2023-07-03T20:16:32","modified_gmt":"2023-07-03T18:16:32","slug":"armadio-1-porta-battente-3-ripiani-altezza-15-cm-profondita-70-cm-acciaio-inox-aisi-430","status":"publish","type":"product","link":"https:\/\/www.creaearredanegozi.it\/de\/armadio-1-porta-battente-3-ripiani-altezza-15-cm-profondita-70-cm-acciaio-inox-aisi-430\/","title":{"rendered":"Schrank 1 Fl\u00fcgelt\u00fcr 3 Einlegeb\u00f6den H\u00f6he 150 cm Tiefe 70 cm Edelstahl Aisi 430"},"content":{"rendered":"<p><strong>Schrank 1 Fl\u00fcgelt\u00fcr 3 Einlegeb\u00f6den H\u00f6he 150 cm Tiefe 70 cm Edelstahl Aisi 430<\/strong><\/p>\n<p>Schrank aus Edelstahl Aisi 430 mit 1 Fl\u00fcgelt\u00fcr und 3 Einlegeb\u00f6den.<\/p>\n<p>H\u00f6he 150 cm.<\/p>\n<p>Tiefe 70 cm.<\/p>\n<p><strong>Verf\u00fcgbare Gr\u00f6\u00dfen:<\/strong><\/p>\n<table style=\"width: 100%; border-collapse: collapse;\" class=\"mtr-table mtr-tr-td\">\n<tbody>\n<tr>\n<td style=\"width: 33.3333%; text-align: center;\" data-mtr-content=\"Lunghezza (cm)\" class=\"mtr-td-tag\"><div class=\"mtr-cell-content\"><strong>L\u00e4nge (cm)<\/strong><\/div><\/td>\n<td style=\"width: 33.3333%; text-align: center;\" data-mtr-content=\"Profondit\u00e0 (cm)\" class=\"mtr-td-tag\"><div class=\"mtr-cell-content\"><strong>Tiefe (cm)<\/strong><\/div><\/td>\n<td style=\"width: 33.3333%; text-align: center;\" data-mtr-content=\"Altezza (cm)\" class=\"mtr-td-tag\"><div class=\"mtr-cell-content\"><strong>H\u00f6he (cm)<\/strong><\/div><\/td>\n<\/tr>\n<tr>\n<td style=\"width: 33.3333%; text-align: center;\" data-mtr-content=\"Lunghezza (cm)\" class=\"mtr-td-tag\"><div class=\"mtr-cell-content\"><strong>50<\/strong><\/div><\/td>\n<td style=\"width: 33.3333%; text-align: center;\" data-mtr-content=\"Profondit\u00e0 (cm)\" class=\"mtr-td-tag\"><div class=\"mtr-cell-content\">70<\/div><\/td>\n<td style=\"width: 33.3333%; text-align: center;\" data-mtr-content=\"Altezza (cm)\" class=\"mtr-td-tag\"><div class=\"mtr-cell-content\">150<\/div><\/td>\n<\/tr>\n<tr>\n<td style=\"width: 33.3333%; text-align: center;\" data-mtr-content=\"Lunghezza (cm)\" class=\"mtr-td-tag\"><div class=\"mtr-cell-content\"><strong>60<\/strong><\/div><\/td>\n<td style=\"width: 33.3333%; text-align: center;\" data-mtr-content=\"Profondit\u00e0 (cm)\" class=\"mtr-td-tag\"><div class=\"mtr-cell-content\">70<\/div><\/td>\n<td style=\"width: 33.3333%; text-align: center;\" data-mtr-content=\"Altezza (cm)\" class=\"mtr-td-tag\"><div class=\"mtr-cell-content\">150<\/div><\/td>\n<\/tr>\n<tr>\n<td style=\"width: 33.3333%; text-align: center;\" data-mtr-content=\"Lunghezza (cm)\" class=\"mtr-td-tag\"><div class=\"mtr-cell-content\"><strong>70<\/strong><\/div><\/td>\n<td style=\"width: 33.3333%; text-align: center;\" data-mtr-content=\"Profondit\u00e0 (cm)\" class=\"mtr-td-tag\"><div class=\"mtr-cell-content\">70<\/div><\/td>\n<td style=\"width: 33.3333%; text-align: center;\" data-mtr-content=\"Altezza (cm)\" class=\"mtr-td-tag\"><div class=\"mtr-cell-content\">150<\/div><\/td>\n<\/tr>\n<\/tbody>\n<\/table>","protected":false},"excerpt":{"rendered":"<p>Armadio 1 porta battente 3 ripiani altezza 150 cm profondit\u00e0 70 cm acciaio inox Aisi 430 Armadietto in acciaio inox Aisi 430, con 1 porta battente e 3 ripiani. Altezza 150 cm. Profondit\u00e0 70 cm. Dimensioni disponibili: Lunghezza (cm) Profondit\u00e0 (cm) Altezza (cm) 50 70 150 60 70 150 70 70 150<\/p>","protected":false},"featured_media":124697,"comment_status":"closed","ping_status":"closed","template":"","meta":{"_monsterinsights_skip_tracking":false,"_monsterinsights_sitenote_active":false,"_monsterinsights_sitenote_note":"","_monsterinsights_sitenote_category":0},"product_brand":[],"product_cat":[117],"product_tag":[],"class_list":{"0":"post-28752","1":"product","2":"type-product","3":"status-publish","4":"has-post-thumbnail","6":"product_cat-armadi-refrigerati-lavorazione-inox","7":"pa_tipo-acciaio-aisi-linea-eco-aisi-430","9":"first","10":"instock","11":"taxable","12":"shipping-taxable","13":"purchasable","14":"product-type-variable"},"_links":{"self":[{"href":"https:\/\/www.creaearredanegozi.it\/de\/wp-json\/wp\/v2\/product\/28752","targetHints":{"allow":["GET"]}}],"collection":[{"href":"https:\/\/www.creaearredanegozi.it\/de\/wp-json\/wp\/v2\/product"}],"about":[{"href":"https:\/\/www.creaearredanegozi.it\/de\/wp-json\/wp\/v2\/types\/product"}],"replies":[{"embeddable":true,"href":"https:\/\/www.creaearredanegozi.it\/de\/wp-json\/wp\/v2\/comments?post=28752"}],"wp:featuredmedia":[{"embeddable":true,"href":"https:\/\/www.creaearredanegozi.it\/de\/wp-json\/wp\/v2\/media\/124697"}],"wp:attachment":[{"href":"https:\/\/www.creaearredanegozi.it\/de\/wp-json\/wp\/v2\/media?parent=28752"}],"wp:term":[{"taxonomy":"product_brand","embeddable":true,"href":"https:\/\/www.creaearredanegozi.it\/de\/wp-json\/wp\/v2\/product_brand?post=28752"},{"taxonomy":"product_cat","embeddable":true,"href":"https:\/\/www.creaearredanegozi.it\/de\/wp-json\/wp\/v2\/product_cat?post=28752"},{"taxonomy":"product_tag","embeddable":true,"href":"https:\/\/www.creaearredanegozi.it\/de\/wp-json\/wp\/v2\/product_tag?post=28752"}],"curies":[{"name":"wp","href":"https:\/\/api.w.org\/{rel}","templated":true}]}}