{"id":29017,"date":"2019-09-09T14:44:56","date_gmt":"2019-09-09T12:44:56","guid":{"rendered":"https:\/\/www.creaearredanegozi.it\/?post_type=product&#038;p=29017"},"modified":"2023-07-03T20:17:17","modified_gmt":"2023-07-03T18:17:17","slug":"zwischenboden-tiefe-60-cm-fur-schranke-edelstahl-aisi-430","status":"publish","type":"product","link":"https:\/\/www.creaearredanegozi.it\/de\/zwischenboden-tiefe-60-cm-fur-schranke-edelstahl-aisi-430\/","title":{"rendered":"Zwischenboden Tiefe 60 cm f\u00fcr Schr\u00e4nke aus Edelstahl Aisi 430"},"content":{"rendered":"<p><strong>Zwischenboden Tiefe 60 cm f\u00fcr Schr\u00e4nke aus Edelstahl Aisi 430<\/strong><\/p>\n<p><strong>Verf\u00fcgbare Gr\u00f6\u00dfen:<\/strong><\/p>\n<ul>\n<li>100x60x4 cm<\/li>\n<li>110x60x4 cm<\/li>\n<li>120x60x4 cm<\/li>\n<li>130x60x4 cm<\/li>\n<li>140x60x4 cm<\/li>\n<li>150x60x4 cm<\/li>\n<li>160x60x4 cm<\/li>\n<\/ul>","protected":false},"excerpt":{"rendered":"<p>Ripiano intermedio profondit\u00e0 60 cm per armadi acciaio inox Aisi 430 Dimensioni disponibili: 100x60x4 cm 110x60x4 cm 120x60x4 cm 130x60x4 cm 140x60x4 cm 150x60x4 cm 160x60x4 cm<\/p>","protected":false},"featured_media":28978,"comment_status":"closed","ping_status":"closed","template":"","meta":{"_monsterinsights_skip_tracking":false,"_monsterinsights_sitenote_active":false,"_monsterinsights_sitenote_note":"","_monsterinsights_sitenote_category":0},"product_brand":[],"product_cat":[18],"product_tag":[],"class_list":{"0":"post-29017","1":"product","2":"type-product","3":"status-publish","4":"has-post-thumbnail","6":"product_cat-arredo-acciaio-inox","7":"pa_tipo-acciaio-aisi-linea-eco-aisi-430","9":"first","10":"instock","11":"taxable","12":"shipping-taxable","13":"purchasable","14":"product-type-variable"},"_links":{"self":[{"href":"https:\/\/www.creaearredanegozi.it\/de\/wp-json\/wp\/v2\/product\/29017","targetHints":{"allow":["GET"]}}],"collection":[{"href":"https:\/\/www.creaearredanegozi.it\/de\/wp-json\/wp\/v2\/product"}],"about":[{"href":"https:\/\/www.creaearredanegozi.it\/de\/wp-json\/wp\/v2\/types\/product"}],"replies":[{"embeddable":true,"href":"https:\/\/www.creaearredanegozi.it\/de\/wp-json\/wp\/v2\/comments?post=29017"}],"wp:featuredmedia":[{"embeddable":true,"href":"https:\/\/www.creaearredanegozi.it\/de\/wp-json\/wp\/v2\/media\/28978"}],"wp:attachment":[{"href":"https:\/\/www.creaearredanegozi.it\/de\/wp-json\/wp\/v2\/media?parent=29017"}],"wp:term":[{"taxonomy":"product_brand","embeddable":true,"href":"https:\/\/www.creaearredanegozi.it\/de\/wp-json\/wp\/v2\/product_brand?post=29017"},{"taxonomy":"product_cat","embeddable":true,"href":"https:\/\/www.creaearredanegozi.it\/de\/wp-json\/wp\/v2\/product_cat?post=29017"},{"taxonomy":"product_tag","embeddable":true,"href":"https:\/\/www.creaearredanegozi.it\/de\/wp-json\/wp\/v2\/product_tag?post=29017"}],"curies":[{"name":"wp","href":"https:\/\/api.w.org\/{rel}","templated":true}]}}