{"id":29072,"date":"2019-09-09T18:17:57","date_gmt":"2019-09-09T16:17:57","guid":{"rendered":"https:\/\/www.creaearredanegozi.it\/?post_type=product&#038;p=29072"},"modified":"2025-12-17T10:16:08","modified_gmt":"2025-12-17T09:16:08","slug":"regalhohe-150-cm-glatte-regalboden-tiefe-50-cm-edelstahl-aisi-430","status":"publish","type":"product","link":"https:\/\/www.creaearredanegozi.it\/de\/regalhohe-150-cm-glatte-regalboden-tiefe-50-cm-edelstahl-aisi-430\/","title":{"rendered":"Regalh\u00f6he 150 cm glatte B\u00f6den Tiefe 50 cm Edelstahl Aisi 430"},"content":{"rendered":"<p><strong>Regalh\u00f6he 150 cm glatte B\u00f6den Tiefe 50 cm Edelstahl Aisi 430<\/strong><\/p>\n<p>Regal aus rostfreiem Stahl Aisi 430, mit glatten B\u00f6den.<\/p>\n<p><strong>Verf\u00fcgbare Gr\u00f6\u00dfen:<\/strong><\/p>\n<ul>\n<li>80x50x150 cm<\/li>\n<li>90x50x150 cm<\/li>\n<li>100x50x150 cm<\/li>\n<li>110x50x150 cm<\/li>\n<li>120x50x150 cm<\/li>\n<li>130x50x150 cm<\/li>\n<li>140x50x150 cm<\/li>\n<li>150x50x150 cm<\/li>\n<li>160x50x150 cm<\/li>\n<li>170x50x150 cm<\/li>\n<li>180x50x150 cm<\/li>\n<li>190x50x150 cm<\/li>\n<li>200x50x150 cm<\/li>\n<\/ul>","protected":false},"excerpt":{"rendered":"<p>Scaffale altezza 150 cm ripiani lisci profondit\u00e0 50 cm acciaio inox Aisi 430 Scaffale in acciaio inox Aisi 430, con ripiani lisci. Dimensioni disponibili: 80x50x150 cm 90x50x150 cm 100x50x150 cm 110x50x150 cm 120x50x150 cm 130x50x150 cm 140x50x150 cm 150x50x150 cm 160x50x150 cm 170x50x150 cm 180x50x150 cm 190x50x150 cm 200x50x150 cm<\/p>","protected":false},"featured_media":129137,"comment_status":"closed","ping_status":"closed","template":"","meta":{"_monsterinsights_skip_tracking":false,"_monsterinsights_sitenote_active":false,"_monsterinsights_sitenote_note":"","_monsterinsights_sitenote_category":0},"product_brand":[772],"product_cat":[120],"product_tag":[],"class_list":{"0":"post-29072","1":"product","2":"type-product","3":"status-publish","4":"has-post-thumbnail","6":"product_brand-crea-e-arreda-negozi","7":"product_cat-scaffali","8":"pa_tipo-acciaio-aisi-linea-eco-aisi-430","10":"first","11":"instock","12":"taxable","13":"shipping-taxable","14":"purchasable","15":"product-type-variable"},"_links":{"self":[{"href":"https:\/\/www.creaearredanegozi.it\/de\/wp-json\/wp\/v2\/product\/29072","targetHints":{"allow":["GET"]}}],"collection":[{"href":"https:\/\/www.creaearredanegozi.it\/de\/wp-json\/wp\/v2\/product"}],"about":[{"href":"https:\/\/www.creaearredanegozi.it\/de\/wp-json\/wp\/v2\/types\/product"}],"replies":[{"embeddable":true,"href":"https:\/\/www.creaearredanegozi.it\/de\/wp-json\/wp\/v2\/comments?post=29072"}],"wp:featuredmedia":[{"embeddable":true,"href":"https:\/\/www.creaearredanegozi.it\/de\/wp-json\/wp\/v2\/media\/129137"}],"wp:attachment":[{"href":"https:\/\/www.creaearredanegozi.it\/de\/wp-json\/wp\/v2\/media?parent=29072"}],"wp:term":[{"taxonomy":"product_brand","embeddable":true,"href":"https:\/\/www.creaearredanegozi.it\/de\/wp-json\/wp\/v2\/product_brand?post=29072"},{"taxonomy":"product_cat","embeddable":true,"href":"https:\/\/www.creaearredanegozi.it\/de\/wp-json\/wp\/v2\/product_cat?post=29072"},{"taxonomy":"product_tag","embeddable":true,"href":"https:\/\/www.creaearredanegozi.it\/de\/wp-json\/wp\/v2\/product_tag?post=29072"}],"curies":[{"name":"wp","href":"https:\/\/api.w.org\/{rel}","templated":true}]}}