{"id":2922,"date":"2015-06-30T12:00:45","date_gmt":"2015-06-30T10:00:45","guid":{"rendered":"https:\/\/www.creaearredanegozi.it\/?post_type=product&#038;p=2922"},"modified":"2023-07-11T16:34:53","modified_gmt":"2023-07-11T14:34:53","slug":"eisbehalter-kapazitat-350-kg-t830-ntf","status":"publish","type":"product","link":"https:\/\/www.creaearredanegozi.it\/de\/eisbehalter-kapazitat-350-kg-t830-ntf\/","title":{"rendered":"Fassungsverm\u00f6gen des Eisbeh\u00e4lters 350 kg T830 NTF"},"content":{"rendered":"<p>Eisbeh\u00e4lter T830 mit bis zu 350 kg Fassungsverm\u00f6gen<\/p>\n<p>Ausf\u00fchrung: Rostfreier Stahl 18\/8 Scotch Brite<\/p>\n<table class=\"table table-striped\">\n<tbody>\n<tr>\n<td colspan=\"2\" width=\"120\"><strong>TECHNISCHE DATEN<\/strong><\/td>\n<\/tr>\n<tr>\n<td width=\"120\">Container<\/td>\n<td>350 kg<\/td>\n<\/tr>\n<tr>\n<td>Gewicht [netto\/brutto]<\/td>\n<td>102 \/ 120 kg<\/td>\n<\/tr>\n<tr>\n<td>Abmessungen [BxTxH]<\/td>\n<td>1250 x 815 x 1000 mm<\/td>\n<\/tr>\n<tr>\n<td>Abmessungen der Verpackung [BxTxH].<\/td>\n<td>1300 x 850 x 1180 mm<\/td>\n<\/tr>\n<tr>\n<td>Kann mit den folgenden Eisbereiter-Modellen verwendet werden<\/td>\n<td width=\"197\">CM350-650 - CM650 Split - CV475-900-1650 - GM600-1200 - GM1200 Split - GM1500 Split CO<sub>2<\/sub>\u00a0- MGT560-900 - SM500-750-1300 - Split750-1300 - Split1300 CO<sub>2<\/sub><\/td>\n<\/tr>\n<\/tbody>\n<\/table>","protected":false},"excerpt":{"rendered":"<p>Contenitore di ghiaccio Bin T830 fino a 350kg di storage Finitura: Acciaio inox 18\/8 scotch brite DATI TECNICI Contenitore 350 kg Peso [netto\/lordo] 102 \/ 120 kg Dimensioni [LxPxH] 1250 x 815 x 1000 mm Dimensioni imballo [LxPxH] 1300 x 850 x 1180 mm Utilizzabile con i seguenti modelli di produttori di ghiaccio CM350-650 &#8211; [&#8230;]","protected":false},"featured_media":125129,"comment_status":"closed","ping_status":"closed","template":"","meta":{"_monsterinsights_skip_tracking":false,"_monsterinsights_sitenote_active":false,"_monsterinsights_sitenote_note":"","_monsterinsights_sitenote_category":0},"product_brand":[764],"product_cat":[132,20],"product_tag":[],"class_list":{"0":"post-2922","1":"product","2":"type-product","3":"status-publish","4":"has-post-thumbnail","6":"product_brand-ntf","7":"product_cat-contenitori","8":"product_cat-produttori-di-ghiaccio","9":"product_shipping_class-m","10":"pa_marca-ntf","12":"first","13":"instock","14":"taxable","15":"shipping-taxable","16":"purchasable","17":"product-type-simple"},"_links":{"self":[{"href":"https:\/\/www.creaearredanegozi.it\/de\/wp-json\/wp\/v2\/product\/2922","targetHints":{"allow":["GET"]}}],"collection":[{"href":"https:\/\/www.creaearredanegozi.it\/de\/wp-json\/wp\/v2\/product"}],"about":[{"href":"https:\/\/www.creaearredanegozi.it\/de\/wp-json\/wp\/v2\/types\/product"}],"replies":[{"embeddable":true,"href":"https:\/\/www.creaearredanegozi.it\/de\/wp-json\/wp\/v2\/comments?post=2922"}],"wp:featuredmedia":[{"embeddable":true,"href":"https:\/\/www.creaearredanegozi.it\/de\/wp-json\/wp\/v2\/media\/125129"}],"wp:attachment":[{"href":"https:\/\/www.creaearredanegozi.it\/de\/wp-json\/wp\/v2\/media?parent=2922"}],"wp:term":[{"taxonomy":"product_brand","embeddable":true,"href":"https:\/\/www.creaearredanegozi.it\/de\/wp-json\/wp\/v2\/product_brand?post=2922"},{"taxonomy":"product_cat","embeddable":true,"href":"https:\/\/www.creaearredanegozi.it\/de\/wp-json\/wp\/v2\/product_cat?post=2922"},{"taxonomy":"product_tag","embeddable":true,"href":"https:\/\/www.creaearredanegozi.it\/de\/wp-json\/wp\/v2\/product_tag?post=2922"}],"curies":[{"name":"wp","href":"https:\/\/api.w.org\/{rel}","templated":true}]}}