{"id":29356,"date":"2019-09-10T23:25:14","date_gmt":"2019-09-10T21:25:14","guid":{"rendered":"https:\/\/www.creaearredanegozi.it\/?post_type=product&#038;p=29356"},"modified":"2024-06-21T12:51:17","modified_gmt":"2024-06-21T10:51:17","slug":"regalhohe-180-cm-lochboden-tiefe-50-cm-edelstahl-aisi-430","status":"publish","type":"product","link":"https:\/\/www.creaearredanegozi.it\/de\/regalhohe-180-cm-lochboden-tiefe-50-cm-edelstahl-aisi-430\/","title":{"rendered":"Regalh\u00f6he 180 cm Lochblechb\u00f6den Tiefe 50 cm Edelstahl Aisi 430"},"content":{"rendered":"<p style=\"text-align: center;\"><strong>Regal aus Edelstahl 180\u00d750 cm Stahl Aisi 430<\/strong><\/p>\n<p>Regalschrank aus Edelstahl Aisi 430, mit 4 gelochten B\u00f6den, Tiefe 50 cm, h\u00f6henverstellbar<\/p>\n<p>RUNDE F\u00dcSSE \u00d8 35 mm<\/p>\n<p>Demontiert geliefert<\/p>\n<p style=\"text-align: center;\"><strong>Verf\u00fcgbare Gr\u00f6\u00dfen (cm)<\/strong><\/p>\n<table style=\"width: 100%;\" border=\"1px\">\n<tbody>\n<tr>\n<td style=\"width: 36.2108%; text-align: center;\"><strong>Breite<\/strong><\/td>\n<td style=\"width: 36.8834%; text-align: center;\"><strong>Tiefe<\/strong><\/td>\n<td style=\"width: 26.009%; text-align: center;\"><strong>H\u00f6he<\/strong><\/td>\n<\/tr>\n<tr>\n<td style=\"width: 36.2108%; text-align: center;\">80<\/td>\n<td style=\"width: 36.8834%; text-align: center;\" rowspan=\"13\">50<\/td>\n<td style=\"width: 26.009%; text-align: center;\" rowspan=\"13\">180<\/td>\n<\/tr>\n<tr>\n<td style=\"width: 36.2108%; text-align: center;\">90<\/td>\n<\/tr>\n<tr>\n<td style=\"width: 36.2108%; text-align: center;\">100<\/td>\n<\/tr>\n<tr>\n<td style=\"width: 36.2108%; text-align: center;\">110<\/td>\n<\/tr>\n<tr>\n<td style=\"width: 36.2108%; text-align: center;\">120<\/td>\n<\/tr>\n<tr>\n<td style=\"width: 36.2108%; text-align: center;\">130<\/td>\n<\/tr>\n<tr>\n<td style=\"width: 36.2108%; text-align: center;\">140<\/td>\n<\/tr>\n<tr>\n<td style=\"width: 36.2108%; text-align: center;\">150<\/td>\n<\/tr>\n<tr>\n<td style=\"width: 36.2108%; text-align: center;\">160<\/td>\n<\/tr>\n<tr>\n<td style=\"width: 36.2108%; text-align: center;\">170<\/td>\n<\/tr>\n<tr>\n<td style=\"width: 36.2108%; text-align: center;\">180<\/td>\n<\/tr>\n<tr>\n<td style=\"width: 36.2108%; text-align: center;\">190<\/td>\n<\/tr>\n<tr>\n<td style=\"width: 36.2108%; text-align: center;\">200<\/td>\n<\/tr>\n<\/tbody>\n<\/table>\n<p>&nbsp;<\/p>","protected":false},"excerpt":{"rendered":"<p>Scaffale inox 180\u00d750 cm acciaio Aisi 430 Scaffale in acciaio inox Aisi 430, con 4 ripiani forati profondit\u00e0 50 cm regolabili in altezza GAMBE TONDE \u00d8 35 mm Fornito Smontato Dimensioni disponibili (cm) Larghezza Profondit\u00e0 Altezza 80 50 180 90 100 110 120 130 140 150 160 170 180 190 200 &nbsp;<\/p>","protected":false},"featured_media":128301,"comment_status":"closed","ping_status":"closed","template":"","meta":{"_monsterinsights_skip_tracking":false,"_monsterinsights_sitenote_active":false,"_monsterinsights_sitenote_note":"","_monsterinsights_sitenote_category":0},"product_brand":[772],"product_cat":[120],"product_tag":[],"class_list":{"0":"post-29356","1":"product","2":"type-product","3":"status-publish","4":"has-post-thumbnail","6":"product_brand-crea-e-arreda-negozi","7":"product_cat-scaffali","8":"pa_tipo-acciaio-aisi-linea-eco-aisi-430","10":"first","11":"instock","12":"taxable","13":"shipping-taxable","14":"purchasable","15":"product-type-variable"},"_links":{"self":[{"href":"https:\/\/www.creaearredanegozi.it\/de\/wp-json\/wp\/v2\/product\/29356","targetHints":{"allow":["GET"]}}],"collection":[{"href":"https:\/\/www.creaearredanegozi.it\/de\/wp-json\/wp\/v2\/product"}],"about":[{"href":"https:\/\/www.creaearredanegozi.it\/de\/wp-json\/wp\/v2\/types\/product"}],"replies":[{"embeddable":true,"href":"https:\/\/www.creaearredanegozi.it\/de\/wp-json\/wp\/v2\/comments?post=29356"}],"wp:featuredmedia":[{"embeddable":true,"href":"https:\/\/www.creaearredanegozi.it\/de\/wp-json\/wp\/v2\/media\/128301"}],"wp:attachment":[{"href":"https:\/\/www.creaearredanegozi.it\/de\/wp-json\/wp\/v2\/media?parent=29356"}],"wp:term":[{"taxonomy":"product_brand","embeddable":true,"href":"https:\/\/www.creaearredanegozi.it\/de\/wp-json\/wp\/v2\/product_brand?post=29356"},{"taxonomy":"product_cat","embeddable":true,"href":"https:\/\/www.creaearredanegozi.it\/de\/wp-json\/wp\/v2\/product_cat?post=29356"},{"taxonomy":"product_tag","embeddable":true,"href":"https:\/\/www.creaearredanegozi.it\/de\/wp-json\/wp\/v2\/product_tag?post=29356"}],"curies":[{"name":"wp","href":"https:\/\/api.w.org\/{rel}","templated":true}]}}