{"id":29502,"date":"2019-09-11T11:58:32","date_gmt":"2019-09-11T09:58:32","guid":{"rendered":"https:\/\/www.creaearredanegozi.it\/?post_type=product&#038;p=29502"},"modified":"2023-11-08T19:40:24","modified_gmt":"2023-11-08T18:40:24","slug":"regalhohe-200-cm-glatte-regalboden-tiefe-40-cm-edelstahl-aisi-304-2","status":"publish","type":"product","link":"https:\/\/www.creaearredanegozi.it\/de\/regalhohe-200-cm-glatte-regalboden-tiefe-40-cm-edelstahl-aisi-304-2\/","title":{"rendered":"Regalh\u00f6he 200 cm glatte B\u00f6den Tiefe 40 cm Edelstahl Aisi 304"},"content":{"rendered":"<p style=\"text-align: center;\"><strong>Regal 200\u00d740 cm aus Edelstahl Aisi 304<\/strong><\/p>\n<p>Regal aus rostfreiem Stahl Aisi 304, mit 4 glatten, h\u00f6henverstellbaren B\u00f6den, Tiefe 40 cm<\/p>\n<p>RUNDE F\u00dcSSE \u00d8 35 mm<\/p>\n<p>Demontiert geliefert<\/p>\n<p style=\"text-align: center;\"><strong>Verf\u00fcgbare Gr\u00f6\u00dfen<\/strong><\/p>\n<table style=\"width: 100%; border-collapse: collapse;\" border=\"1px\">\n<tbody>\n<tr>\n<td style=\"width: 25%; text-align: center;\"><strong>Breite<\/strong><\/td>\n<td style=\"width: 25%; text-align: center;\"><strong>Tiefe<\/strong><\/td>\n<td style=\"width: 25%; text-align: center;\"><strong>H\u00f6he<\/strong><\/td>\n<td style=\"width: 25%; text-align: center;\"><strong>Gewicht<\/strong><\/td>\n<\/tr>\n<tr>\n<td style=\"width: 25%; text-align: center;\">80<\/td>\n<td style=\"width: 25%; text-align: center;\" rowspan=\"13\">40<\/td>\n<td style=\"width: 25%; text-align: center;\" rowspan=\"13\">200<\/td>\n<td style=\"width: 25%; text-align: center;\">29<\/td>\n<\/tr>\n<tr>\n<td style=\"width: 25%; text-align: center;\">90<\/td>\n<td style=\"width: 25%; text-align: center;\">31<\/td>\n<\/tr>\n<tr>\n<td style=\"width: 25%; text-align: center;\">100<\/td>\n<td style=\"width: 25%; text-align: center;\">33<\/td>\n<\/tr>\n<tr>\n<td style=\"width: 25%; text-align: center;\">110<\/td>\n<td style=\"width: 25%; text-align: center;\">34<\/td>\n<\/tr>\n<tr>\n<td style=\"width: 25%; text-align: center;\">120<\/td>\n<td style=\"width: 25%; text-align: center;\">36<\/td>\n<\/tr>\n<tr>\n<td style=\"width: 25%; text-align: center;\">130<\/td>\n<td style=\"width: 25%; text-align: center;\">38<\/td>\n<\/tr>\n<tr>\n<td style=\"width: 25%; text-align: center;\">140<\/td>\n<td style=\"width: 25%; text-align: center;\">41<\/td>\n<\/tr>\n<tr>\n<td style=\"width: 25%; text-align: center;\">150<\/td>\n<td style=\"width: 25%; text-align: center;\">43<\/td>\n<\/tr>\n<tr>\n<td style=\"width: 25%; text-align: center;\">160<\/td>\n<td style=\"width: 25%; text-align: center;\">45<\/td>\n<\/tr>\n<tr>\n<td style=\"width: 25%; text-align: center;\">170<\/td>\n<td style=\"width: 25%; text-align: center;\">49<\/td>\n<\/tr>\n<tr>\n<td style=\"width: 25%; text-align: center;\">180<\/td>\n<td style=\"width: 25%; text-align: center;\">51<\/td>\n<\/tr>\n<tr>\n<td style=\"width: 25%; text-align: center;\">190<\/td>\n<td style=\"width: 25%; text-align: center;\">53<\/td>\n<\/tr>\n<tr>\n<td style=\"width: 25%; text-align: center;\">200<\/td>\n<td style=\"width: 25%; text-align: center;\">55<\/td>\n<\/tr>\n<\/tbody>\n<\/table>\n<p>&nbsp;<\/p>","protected":false},"excerpt":{"rendered":"<p>Scaffale inox 200&#215;40 cm acciaio Aisi 304 Scaffale in acciaio inox Aisi 304, con 4 ripiani lisci profondit\u00e0 40 cm regolabili in altezza GAMBE TONDE \u00d8 35 mm Fornito Smontato Dimensioni disponibili Larghezza Profondit\u00e0 Altezza Peso 80 40 200 29 90 31 100 33 110 34 120 36 130 38 140 41 150 43 160 [&#8230;]","protected":false},"featured_media":126187,"comment_status":"closed","ping_status":"closed","template":"","meta":{"_monsterinsights_skip_tracking":false,"_monsterinsights_sitenote_active":false,"_monsterinsights_sitenote_note":"","_monsterinsights_sitenote_category":0},"product_brand":[772],"product_cat":[120],"product_tag":[],"class_list":{"0":"post-29502","1":"product","2":"type-product","3":"status-publish","4":"has-post-thumbnail","6":"product_brand-crea-e-arreda-negozi","7":"product_cat-scaffali","8":"pa_tipo-acciaio-aisi-linea-hq-aisi-304","10":"first","11":"instock","12":"taxable","13":"shipping-taxable","14":"purchasable","15":"product-type-variable"},"_links":{"self":[{"href":"https:\/\/www.creaearredanegozi.it\/de\/wp-json\/wp\/v2\/product\/29502","targetHints":{"allow":["GET"]}}],"collection":[{"href":"https:\/\/www.creaearredanegozi.it\/de\/wp-json\/wp\/v2\/product"}],"about":[{"href":"https:\/\/www.creaearredanegozi.it\/de\/wp-json\/wp\/v2\/types\/product"}],"replies":[{"embeddable":true,"href":"https:\/\/www.creaearredanegozi.it\/de\/wp-json\/wp\/v2\/comments?post=29502"}],"wp:featuredmedia":[{"embeddable":true,"href":"https:\/\/www.creaearredanegozi.it\/de\/wp-json\/wp\/v2\/media\/126187"}],"wp:attachment":[{"href":"https:\/\/www.creaearredanegozi.it\/de\/wp-json\/wp\/v2\/media?parent=29502"}],"wp:term":[{"taxonomy":"product_brand","embeddable":true,"href":"https:\/\/www.creaearredanegozi.it\/de\/wp-json\/wp\/v2\/product_brand?post=29502"},{"taxonomy":"product_cat","embeddable":true,"href":"https:\/\/www.creaearredanegozi.it\/de\/wp-json\/wp\/v2\/product_cat?post=29502"},{"taxonomy":"product_tag","embeddable":true,"href":"https:\/\/www.creaearredanegozi.it\/de\/wp-json\/wp\/v2\/product_tag?post=29502"}],"curies":[{"name":"wp","href":"https:\/\/api.w.org\/{rel}","templated":true}]}}