{"id":29549,"date":"2019-09-11T12:14:19","date_gmt":"2019-09-11T10:14:19","guid":{"rendered":"https:\/\/www.creaearredanegozi.it\/?post_type=product&#038;p=29549"},"modified":"2023-11-09T10:45:44","modified_gmt":"2023-11-09T09:45:44","slug":"scaffale-altezza-200-cm-ripiani-lisci-profondita-50-cm-acciaio-inox-aisi-430-2","status":"publish","type":"product","link":"https:\/\/www.creaearredanegozi.it\/de\/scaffale-altezza-200-cm-ripiani-lisci-profondita-50-cm-acciaio-inox-aisi-430-2\/","title":{"rendered":"Edelstahlregal H\u00f6he 200 cm glatte B\u00f6den Tiefe 50 cm Aisi 430"},"content":{"rendered":"<p style=\"text-align: center;\"><strong>Scaffale inox 200&#215;50 cm acciaio Aisi 430<\/strong><\/p>\n<p>Scaffale in acciaio inox Aisi 430, con 4 ripiani lisci profondit\u00e0 50 cm regolabili in altezza<\/p>\n<p>RUNDE F\u00dcSSE \u00d8 35 mm<\/p>\n<p>Demontiert geliefert<\/p>\n<p style=\"text-align: center;\"><strong>Verf\u00fcgbare Gr\u00f6\u00dfen<\/strong><\/p>\n<table style=\"width: 100%; border-collapse: collapse;\" border=\"1px\">\n<tbody>\n<tr>\n<td style=\"width: 25%; text-align: center;\"><strong>Breite<\/strong><\/td>\n<td style=\"width: 25%; text-align: center;\"><strong>Tiefe<\/strong><\/td>\n<td style=\"width: 25%; text-align: center;\"><strong>H\u00f6he<\/strong><\/td>\n<td style=\"width: 25%; text-align: center;\"><strong>Gewicht<\/strong><\/td>\n<\/tr>\n<tr>\n<td style=\"width: 25%; text-align: center;\">80<\/td>\n<td style=\"width: 25%; text-align: center;\" rowspan=\"13\">50<\/td>\n<td style=\"width: 25%; text-align: center;\" rowspan=\"13\">200<\/td>\n<td style=\"width: 25%; text-align: center;\">30<\/td>\n<\/tr>\n<tr>\n<td style=\"width: 25%; text-align: center;\">90<\/td>\n<td style=\"width: 25%; text-align: center;\">32<\/td>\n<\/tr>\n<tr>\n<td style=\"width: 25%; text-align: center;\">100<\/td>\n<td style=\"width: 25%; text-align: center;\">34<\/td>\n<\/tr>\n<tr>\n<td style=\"width: 25%; text-align: center;\">110<\/td>\n<td style=\"width: 25%; text-align: center;\">35<\/td>\n<\/tr>\n<tr>\n<td style=\"width: 25%; text-align: center;\">120<\/td>\n<td style=\"width: 25%; text-align: center;\">37<\/td>\n<\/tr>\n<tr>\n<td style=\"width: 25%; text-align: center;\">130<\/td>\n<td style=\"width: 25%; text-align: center;\">39<\/td>\n<\/tr>\n<tr>\n<td style=\"width: 25%; text-align: center;\">140<\/td>\n<td style=\"width: 25%; text-align: center;\">42<\/td>\n<\/tr>\n<tr>\n<td style=\"width: 25%; text-align: center;\">150<\/td>\n<td style=\"width: 25%; text-align: center;\">44<\/td>\n<\/tr>\n<tr>\n<td style=\"width: 25%; text-align: center;\">160<\/td>\n<td style=\"width: 25%; text-align: center;\">46<\/td>\n<\/tr>\n<tr>\n<td style=\"width: 25%; text-align: center;\">170<\/td>\n<td style=\"width: 25%; text-align: center;\">50<\/td>\n<\/tr>\n<tr>\n<td style=\"width: 25%; text-align: center;\">180<\/td>\n<td style=\"width: 25%; text-align: center;\">52<\/td>\n<\/tr>\n<tr>\n<td style=\"width: 25%; text-align: center;\">190<\/td>\n<td style=\"width: 25%; text-align: center;\">54<\/td>\n<\/tr>\n<tr>\n<td style=\"width: 25%; text-align: center;\">200<\/td>\n<td style=\"width: 25%; text-align: center;\">56<\/td>\n<\/tr>\n<\/tbody>\n<\/table>\n<p>&nbsp;<\/p>","protected":false},"excerpt":{"rendered":"<p>Scaffale inox 200&#215;50 cm acciaio Aisi 430 Scaffale in acciaio inox Aisi 430, con 4 ripiani lisci profondit\u00e0 50 cm regolabili in altezza GAMBE TONDE \u00d8 35 mm Fornito Smontato Dimensioni disponibili Larghezza Profondit\u00e0 Altezza Peso 80 50 200 30 90 32 100 34 110 35 120 37 130 39 140 42 150 44 160 [&#8230;]","protected":false},"featured_media":126195,"comment_status":"closed","ping_status":"closed","template":"","meta":{"_monsterinsights_skip_tracking":false,"_monsterinsights_sitenote_active":false,"_monsterinsights_sitenote_note":"","_monsterinsights_sitenote_category":0},"product_brand":[772],"product_cat":[120],"product_tag":[],"class_list":{"0":"post-29549","1":"product","2":"type-product","3":"status-publish","4":"has-post-thumbnail","6":"product_brand-crea-e-arreda-negozi","7":"product_cat-scaffali","8":"pa_tipo-acciaio-aisi-linea-eco-aisi-430","10":"first","11":"instock","12":"taxable","13":"shipping-taxable","14":"purchasable","15":"product-type-variable"},"_links":{"self":[{"href":"https:\/\/www.creaearredanegozi.it\/de\/wp-json\/wp\/v2\/product\/29549","targetHints":{"allow":["GET"]}}],"collection":[{"href":"https:\/\/www.creaearredanegozi.it\/de\/wp-json\/wp\/v2\/product"}],"about":[{"href":"https:\/\/www.creaearredanegozi.it\/de\/wp-json\/wp\/v2\/types\/product"}],"replies":[{"embeddable":true,"href":"https:\/\/www.creaearredanegozi.it\/de\/wp-json\/wp\/v2\/comments?post=29549"}],"wp:featuredmedia":[{"embeddable":true,"href":"https:\/\/www.creaearredanegozi.it\/de\/wp-json\/wp\/v2\/media\/126195"}],"wp:attachment":[{"href":"https:\/\/www.creaearredanegozi.it\/de\/wp-json\/wp\/v2\/media?parent=29549"}],"wp:term":[{"taxonomy":"product_brand","embeddable":true,"href":"https:\/\/www.creaearredanegozi.it\/de\/wp-json\/wp\/v2\/product_brand?post=29549"},{"taxonomy":"product_cat","embeddable":true,"href":"https:\/\/www.creaearredanegozi.it\/de\/wp-json\/wp\/v2\/product_cat?post=29549"},{"taxonomy":"product_tag","embeddable":true,"href":"https:\/\/www.creaearredanegozi.it\/de\/wp-json\/wp\/v2\/product_tag?post=29549"}],"curies":[{"name":"wp","href":"https:\/\/api.w.org\/{rel}","templated":true}]}}