{"id":29594,"date":"2019-09-11T12:28:58","date_gmt":"2019-09-11T10:28:58","guid":{"rendered":"https:\/\/www.creaearredanegozi.it\/?post_type=product&#038;p=29594"},"modified":"2023-11-08T19:05:02","modified_gmt":"2023-11-08T18:05:02","slug":"scaffale-altezza-180-cm-ripiani-forati-profondita-60-cm-acciaio-inox-aisi-430-2","status":"publish","type":"product","link":"https:\/\/www.creaearredanegozi.it\/de\/scaffale-altezza-180-cm-ripiani-forati-profondita-60-cm-acciaio-inox-aisi-430-2\/","title":{"rendered":"Edelstahlregal H\u00f6he 180 cm Lochblechb\u00f6den Tiefe 60 cm Aisi 304"},"content":{"rendered":"<p><strong>Regalh\u00f6he 180 cm Lochblechb\u00f6den Tiefe 60 cm Edelstahl Aisi 304<\/strong><\/p>\n<p>Regal aus rostfreiem Stahl Aisi 304, mit gelochten B\u00f6den.<\/p>\n<p>RUNDE F\u00dcSSE \u00d8 35 mm<\/p>\n<p>Demontiert geliefert<\/p>\n<p><strong>Verf\u00fcgbare Gr\u00f6\u00dfen:<\/strong><\/p>\n<ul>\n<li>80x60x180 cm<\/li>\n<li>90x60x180 cm<\/li>\n<li>100x60x180 cm<\/li>\n<li>110x60x180 cm<\/li>\n<li>120x60x180 cm<\/li>\n<li>130x60x180 cm<\/li>\n<li>140x60x180 cm<\/li>\n<li>150x60x180 cm<\/li>\n<li>160x60x180 cm<\/li>\n<li>170x60x180 cm<\/li>\n<li>180x60x180 cm<\/li>\n<li>190x60x180 cm<\/li>\n<li>200x60x180 cm<\/li>\n<\/ul>","protected":false},"excerpt":{"rendered":"<p>Scaffale altezza 180 cm ripiani forati profondit\u00e0 60 cm acciaio inox Aisi 304 Scaffale in acciaio inox Aisi 304, con ripiani forati. GAMBE TONDE \u00d8 35 mm Fornito Smontato Dimensioni disponibili: 80x60x180 cm 90x60x180 cm 100x60x180 cm 110x60x180 cm 120x60x180 cm 130x60x180 cm 140x60x180 cm 150x60x180 cm 160x60x180 cm 170x60x180 cm 180x60x180 cm 190x60x180 cm [&#8230;]","protected":false},"featured_media":126184,"comment_status":"closed","ping_status":"closed","template":"","meta":{"_monsterinsights_skip_tracking":false,"_monsterinsights_sitenote_active":false,"_monsterinsights_sitenote_note":"","_monsterinsights_sitenote_category":0},"product_brand":[772],"product_cat":[120],"product_tag":[],"class_list":{"0":"post-29594","1":"product","2":"type-product","3":"status-publish","4":"has-post-thumbnail","6":"product_brand-crea-e-arreda-negozi","7":"product_cat-scaffali","8":"pa_tipo-acciaio-aisi-linea-hq-aisi-304","10":"first","11":"instock","12":"taxable","13":"shipping-taxable","14":"purchasable","15":"product-type-variable"},"_links":{"self":[{"href":"https:\/\/www.creaearredanegozi.it\/de\/wp-json\/wp\/v2\/product\/29594","targetHints":{"allow":["GET"]}}],"collection":[{"href":"https:\/\/www.creaearredanegozi.it\/de\/wp-json\/wp\/v2\/product"}],"about":[{"href":"https:\/\/www.creaearredanegozi.it\/de\/wp-json\/wp\/v2\/types\/product"}],"replies":[{"embeddable":true,"href":"https:\/\/www.creaearredanegozi.it\/de\/wp-json\/wp\/v2\/comments?post=29594"}],"wp:featuredmedia":[{"embeddable":true,"href":"https:\/\/www.creaearredanegozi.it\/de\/wp-json\/wp\/v2\/media\/126184"}],"wp:attachment":[{"href":"https:\/\/www.creaearredanegozi.it\/de\/wp-json\/wp\/v2\/media?parent=29594"}],"wp:term":[{"taxonomy":"product_brand","embeddable":true,"href":"https:\/\/www.creaearredanegozi.it\/de\/wp-json\/wp\/v2\/product_brand?post=29594"},{"taxonomy":"product_cat","embeddable":true,"href":"https:\/\/www.creaearredanegozi.it\/de\/wp-json\/wp\/v2\/product_cat?post=29594"},{"taxonomy":"product_tag","embeddable":true,"href":"https:\/\/www.creaearredanegozi.it\/de\/wp-json\/wp\/v2\/product_tag?post=29594"}],"curies":[{"name":"wp","href":"https:\/\/api.w.org\/{rel}","templated":true}]}}