{"id":29668,"date":"2019-09-13T09:34:15","date_gmt":"2019-09-13T07:34:15","guid":{"rendered":"https:\/\/www.creaearredanegozi.it\/?post_type=product&#038;p=29668"},"modified":"2023-07-03T19:57:13","modified_gmt":"2023-07-03T17:57:13","slug":"wurzschrank-aus-edelstahl-aisi-304-immerwahrendes-touchpanel","status":"publish","type":"product","link":"https:\/\/www.creaearredanegozi.it\/de\/wurzschrank-aus-edelstahl-aisi-304-immerwahrendes-touchpanel\/","title":{"rendered":"Wurstw\u00fcrzschrank aus rostfreiem Stahl Aisi 304 Touch Panel Everlasting"},"content":{"rendered":"<p><strong>Wurstp\u00f6kelmaschine Edelstahl Aisi 304 Touch Panel MEATico Everlasting<\/strong><\/p>\n<p>Die Everlasting Seasoning Machine wurde mit Hilfe von Experten und Fachleuten aus der Fleischindustrie entwickelt.<br \/>\nWenn man nicht \u00fcber einen Keller oder einen geeigneten Ort f\u00fcr die Reifung und Lagerung von handwerklichen Produkten verf\u00fcgt, der sicher und vor Klima- und Umwelteinfl\u00fcssen gesch\u00fctzt ist, k\u00f6nnen die Ergebnisse leicht beeintr\u00e4chtigt werden.<\/p>\n<p>Die Seasoning Machine wurde als Antwort auf die Notwendigkeit eines modernen Weinkellers entwickelt, mit dem die perfekten Bedingungen f\u00fcr die Zubereitung von Wein geschaffen werden k\u00f6nnen. <strong>Gew\u00fcrze<\/strong> e <strong>Rollender<\/strong>das ganze Jahr \u00fcber, sicher und auf ganz nat\u00fcrliche Weise.<\/p>\n<p><strong>Merkmale:<\/strong><\/p>\n<ul>\n<li>Innen und au\u00dfen aus rostfreiem Stahl AISI 304. Innen mit abgerundeten Kanten und geformtem Boden.<\/li>\n<li>D\u00c4MMUNG Dicke 75 mm, Polyurethan hoher Dichte (42 kg\/m3).<\/li>\n<li>HUMIDIFIER als Standard (<strong>Wasseranschluss erforderlich<\/strong>).<\/li>\n<li>KONDENSATSAMMELUNG mit herausnehmbarer Wanne.<\/li>\n<li>H\u00f6henverstellbare F\u00fc\u00dfe aus rostfreiem Stahl (130-200 mm).<\/li>\n<li>LED-Licht (verglaste Modelle).<\/li>\n<li>SELBSTSCHLIESSENDE T\u00dcREN mit leicht austauschbaren Magnetdichtungen, SCHL\u00dcSSELschloss.<\/li>\n<li>HACCP ALARMS Management.<\/li>\n<li>Bel\u00fcfteter Verdampfer mit luftgek\u00fchltem Verfl\u00fcssigungssatz - K\u00e4ltemittelgas R290<\/li>\n<\/ul>\n<hr \/>\n<p><strong>EVERtouch-Bedienfeld<\/strong><\/p>\n<p>Farb-Touchscreen-Display. Gr\u00f6\u00dfe: 7\"<\/p>\n<p><img decoding=\"async\" class=\"alignnone wp-image-29669\" src=\"https:\/\/www.creaearredanegozi.it\/wp-content\/uploads\/2019\/09\/SCHEDA-EVERTOUCH-ITA-500x328.jpg\" alt=\"\" width=\"424\" height=\"278\" title=\"\" srcset=\"https:\/\/www.creaearredanegozi.it\/wp-content\/uploads\/2019\/09\/SCHEDA-EVERTOUCH-ITA-500x328.jpg 500w, https:\/\/www.creaearredanegozi.it\/wp-content\/uploads\/2019\/09\/SCHEDA-EVERTOUCH-ITA-516x339.jpg 516w, https:\/\/www.creaearredanegozi.it\/wp-content\/uploads\/2019\/09\/SCHEDA-EVERTOUCH-ITA-64x42.jpg 64w, https:\/\/www.creaearredanegozi.it\/wp-content\/uploads\/2019\/09\/SCHEDA-EVERTOUCH-ITA-200x131.jpg 200w, https:\/\/www.creaearredanegozi.it\/wp-content\/uploads\/2019\/09\/SCHEDA-EVERTOUCH-ITA-645x424.jpg 645w, https:\/\/www.creaearredanegozi.it\/wp-content\/uploads\/2019\/09\/SCHEDA-EVERTOUCH-ITA-560x368.jpg 560w, https:\/\/www.creaearredanegozi.it\/wp-content\/uploads\/2019\/09\/SCHEDA-EVERTOUCH-ITA-400x263.jpg 400w, https:\/\/www.creaearredanegozi.it\/wp-content\/uploads\/2019\/09\/SCHEDA-EVERTOUCH-ITA.jpg 740w\" sizes=\"(max-width: 424px) 100vw, 424px\" \/><\/p>\n<p><strong>10 voreingestellte Rezepte<\/strong>. Voreingestellte Rezepte sind ein Leitfaden<br \/>\nzu befolgen und entsprechend den eigenen Bed\u00fcrfnissen zu modifizieren<br \/>\nAnforderungen.<\/p>\n<p><strong>150 programmierbare Rezepte<\/strong><\/p>\n<p><strong>20 einzelne Schritte f\u00fcr jedes Rezept.<\/strong><\/p>\n<p style=\"text-align: left;\"><strong>Funktionen: <\/strong><\/p>\n<table class=\"table table-striped\" style=\"height: 214px;\" width=\"406\">\n<tbody>\n<tr>\n<td width=\"295\">Steuerung der L\u00fcftungsgeschwindigkeit<\/td>\n<\/tr>\n<tr>\n<td width=\"295\">T | HR | PH Graphen<\/td>\n<\/tr>\n<tr>\n<td width=\"295\">Visualisierung der Sonde<\/td>\n<\/tr>\n<tr>\n<td style=\"text-align: left;\" width=\"295\">M\u00e4rz-Stopp<\/td>\n<\/tr>\n<tr>\n<td width=\"295\">HACCP-Daten\/Alarmprotokoll<\/td>\n<\/tr>\n<tr>\n<td width=\"295\">Verbleibende Zeit in der Phase<\/td>\n<\/tr>\n<tr>\n<td width=\"395\">Anzeige der aktiven Relais<\/td>\n<\/tr>\n<tr>\n<td width=\"395\">Mehrsprachiges Men\u00fc<\/td>\n<\/tr>\n<tr>\n<td width=\"395\">Luftaustausch<\/td>\n<\/tr>\n<tr>\n<td width=\"395\">Automatische Abtauung des Verdampfers<\/td>\n<\/tr>\n<tr>\n<td width=\"395\">Software-Aktualisierung<\/td>\n<\/tr>\n<tr>\n<td width=\"395\">Import\/Export von Rezepten, Parametern und aufgezeichneten Daten<\/td>\n<\/tr>\n<\/tbody>\n<\/table>\n<hr \/>\n<p><strong>Technische Daten:<\/strong><\/p>\n<table class=\"table table-striped\">\n<tbody>\n<tr>\n<td>\n<div align=\"left\"><strong>Modell<\/strong><\/div>\n<\/td>\n<td>\n<div align=\"left\"><strong>STG ALL 700 INOX S EVERtouch<\/strong><\/div>\n<\/td>\n<\/tr>\n<tr>\n<td>\n<div align=\"left\">Abmessungen (BxTxH mm)<\/div>\n<\/td>\n<td>\n<div align=\"left\">750 x 850 x 2080<\/div>\n<\/td>\n<\/tr>\n<tr>\n<td>\n<div align=\"left\">Temperatur<\/div>\n<\/td>\n<td>\n<div align=\"left\">0\u00b0 + 30\u00b0C<\/div>\n<div align=\"left\">40% - 95% U.R<\/div>\n<\/td>\n<\/tr>\n<tr>\n<td>\n<div align=\"left\">Leistung des K\u00fchlschranks (in Watt)<\/div>\n<\/td>\n<td>\n<div align=\"left\">498<\/div>\n<\/td>\n<\/tr>\n<tr>\n<td>\n<div align=\"left\">Absorption (Watt)<\/div>\n<\/td>\n<td>\n<div align=\"left\">1800<\/div>\n<\/td>\n<\/tr>\n<tr>\n<td>\n<div align=\"left\">Kapazit\u00e4t<\/div>\n<\/td>\n<td>\n<div align=\"left\">Salami 100 kg<\/div>\n<\/td>\n<\/tr>\n<tr>\n<td>\n<div align=\"left\">Anzeige<\/div>\n<\/td>\n<td>\n<div align=\"left\">EVERtouch<\/div>\n<\/td>\n<\/tr>\n<tr>\n<td>\n<div align=\"left\">Nettogewicht (kg)<\/div>\n<\/td>\n<td>\n<div align=\"left\">133<\/div>\n<\/td>\n<\/tr>\n<tr>\n<td>\n<div align=\"left\">Bruttogewicht (kg)<\/div>\n<\/td>\n<td>\n<div align=\"left\">155<\/div>\n<\/td>\n<\/tr>\n<\/tbody>\n<\/table>\n<p>&nbsp;<\/p>\n<hr \/>\n<p>PASSEND:<\/p>\n<table class=\"table table-striped\">\n<tbody>\n<tr>\n<td>\n<div align=\"left\">\n<p>F\u00fchrungspaare aus rostfreiem Stahl<img decoding=\"async\" class=\"alignnone wp-image-29643\" src=\"https:\/\/www.creaearredanegozi.it\/wp-content\/uploads\/2019\/09\/coppia-guide-inox.jpg\" alt=\"\" width=\"80\" height=\"80\" title=\"\" srcset=\"https:\/\/www.creaearredanegozi.it\/wp-content\/uploads\/2019\/09\/coppia-guide-inox.jpg 150w, https:\/\/www.creaearredanegozi.it\/wp-content\/uploads\/2019\/09\/coppia-guide-inox-100x100.jpg 100w, https:\/\/www.creaearredanegozi.it\/wp-content\/uploads\/2019\/09\/coppia-guide-inox-64x64.jpg 64w\" sizes=\"(max-width: 80px) 100vw, 80px\" \/><\/p>\n<\/div>\n<\/td>\n<td>\n<div align=\"left\">N\u00b0 3<\/div>\n<\/td>\n<\/tr>\n<tr>\n<td>\n<div align=\"left\">Stabstahl aus nichtrostendem Stahl f\u00fcr<br \/>\nSalamihaken<img decoding=\"async\" class=\"alignnone wp-image-29647\" src=\"https:\/\/www.creaearredanegozi.it\/wp-content\/uploads\/2019\/09\/Barra-in-acciaio-.jpg\" alt=\"\" width=\"80\" height=\"80\" title=\"\" srcset=\"https:\/\/www.creaearredanegozi.it\/wp-content\/uploads\/2019\/09\/Barra-in-acciaio-.jpg 150w, https:\/\/www.creaearredanegozi.it\/wp-content\/uploads\/2019\/09\/Barra-in-acciaio--100x100.jpg 100w, https:\/\/www.creaearredanegozi.it\/wp-content\/uploads\/2019\/09\/Barra-in-acciaio--64x64.jpg 64w\" sizes=\"(max-width: 80px) 100vw, 80px\" \/><\/div>\n<\/td>\n<td>\n<div align=\"left\">N\u00b0 9<\/div>\n<\/td>\n<\/tr>\n<tr>\n<td>\n<div align=\"left\">Salami-Haken<img decoding=\"async\" class=\"alignnone wp-image-29648\" src=\"https:\/\/www.creaearredanegozi.it\/wp-content\/uploads\/2019\/09\/Gancio.jpg\" alt=\"\" width=\"80\" height=\"80\" title=\"\" srcset=\"https:\/\/www.creaearredanegozi.it\/wp-content\/uploads\/2019\/09\/Gancio.jpg 150w, https:\/\/www.creaearredanegozi.it\/wp-content\/uploads\/2019\/09\/Gancio-100x100.jpg 100w, https:\/\/www.creaearredanegozi.it\/wp-content\/uploads\/2019\/09\/Gancio-64x64.jpg 64w\" sizes=\"(max-width: 80px) 100vw, 80px\" \/><\/div>\n<\/td>\n<td>\n<div align=\"left\">N\u00b0 36<\/div>\n<\/td>\n<\/tr>\n<tr>\n<td>\n<div align=\"left\">Luftbefeuchter<\/div>\n<\/td>\n<td>\n<div align=\"left\">Standard<\/div>\n<\/td>\n<\/tr>\n<\/tbody>\n<\/table>\n<p>&nbsp;<\/p>","protected":false},"excerpt":{"rendered":"<p>Stagionatore Salumi inox Aisi 304 pannello touch MEATico Everlasting Lo Stagionatore Everlasting \u00e8 realizzato con l\u2019aiuto di esperti e professionisti che operano nell&#8217;industria della carne. Quando non si ha a disposizione una cantina o un luogo adatto alla maturazione e conservazione di prodotti artigianali, che sia sicuro e protetto da interferenze climatiche e ambientali, i [&#8230;]","protected":false},"featured_media":29672,"comment_status":"closed","ping_status":"closed","template":"","meta":{"_monsterinsights_skip_tracking":false,"_monsterinsights_sitenote_active":false,"_monsterinsights_sitenote_note":"","_monsterinsights_sitenote_category":0},"product_brand":[743],"product_cat":[21],"product_tag":[],"class_list":{"0":"post-29668","1":"product","2":"type-product","3":"status-publish","4":"has-post-thumbnail","6":"product_brand-everlasting","7":"product_cat-stagionatori-e-frollatori","8":"pa_marca-everlasting","10":"first","11":"instock","12":"taxable","13":"shipping-taxable","14":"purchasable","15":"product-type-simple"},"_links":{"self":[{"href":"https:\/\/www.creaearredanegozi.it\/de\/wp-json\/wp\/v2\/product\/29668","targetHints":{"allow":["GET"]}}],"collection":[{"href":"https:\/\/www.creaearredanegozi.it\/de\/wp-json\/wp\/v2\/product"}],"about":[{"href":"https:\/\/www.creaearredanegozi.it\/de\/wp-json\/wp\/v2\/types\/product"}],"replies":[{"embeddable":true,"href":"https:\/\/www.creaearredanegozi.it\/de\/wp-json\/wp\/v2\/comments?post=29668"}],"wp:featuredmedia":[{"embeddable":true,"href":"https:\/\/www.creaearredanegozi.it\/de\/wp-json\/wp\/v2\/media\/29672"}],"wp:attachment":[{"href":"https:\/\/www.creaearredanegozi.it\/de\/wp-json\/wp\/v2\/media?parent=29668"}],"wp:term":[{"taxonomy":"product_brand","embeddable":true,"href":"https:\/\/www.creaearredanegozi.it\/de\/wp-json\/wp\/v2\/product_brand?post=29668"},{"taxonomy":"product_cat","embeddable":true,"href":"https:\/\/www.creaearredanegozi.it\/de\/wp-json\/wp\/v2\/product_cat?post=29668"},{"taxonomy":"product_tag","embeddable":true,"href":"https:\/\/www.creaearredanegozi.it\/de\/wp-json\/wp\/v2\/product_tag?post=29668"}],"curies":[{"name":"wp","href":"https:\/\/api.w.org\/{rel}","templated":true}]}}