{"id":29687,"date":"2019-09-13T10:17:35","date_gmt":"2019-09-13T08:17:35","guid":{"rendered":"https:\/\/www.creaearredanegozi.it\/?post_type=product&#038;p=29687"},"modified":"2026-02-25T18:21:17","modified_gmt":"2026-02-25T17:21:17","slug":"fleischpokelvitrine-edelstahl-aisi-304-beruhrungsempfindliches-paneel-unverganglich","status":"publish","type":"product","link":"https:\/\/www.creaearredanegozi.it\/de\/fleischpokelvitrine-edelstahl-aisi-304-beruhrungsempfindliches-paneel-unverganglich\/","title":{"rendered":"Fleischp\u00f6kelvitrine Edelstahl Aisi 304 Touchpanel Unverg\u00e4nglich"},"content":{"rendered":"<p><strong>Fleischp\u00f6kelmaschine aus Edelstahl Aisi 304 Glast\u00fcr mit Touchpanel MEATico Everlasting<\/strong><\/p>\n<p>Der Everlasting Meat Seasoner wurde mit Hilfe von Experten und Fachleuten aus der Fleischindustrie entwickelt.<br \/>\nWenn man nicht \u00fcber einen Keller oder einen geeigneten Ort f\u00fcr die Reifung und Lagerung von handwerklichen Produkten verf\u00fcgt, der sicher und vor Klima- und Umwelteinfl\u00fcssen gesch\u00fctzt ist, k\u00f6nnen die Ergebnisse leicht beeintr\u00e4chtigt werden.<\/p>\n<p>Die Seasoning Machine wurde als Antwort auf die Notwendigkeit eines modernen Weinkellers entwickelt, mit dem die perfekten Bedingungen f\u00fcr die Zubereitung von Wein geschaffen werden k\u00f6nnen. <strong>Gew\u00fcrze<\/strong> e <strong>Rollender<\/strong>das ganze Jahr \u00fcber, sicher und auf ganz nat\u00fcrliche Weise.<\/p>\n<p><strong><\/strong><\/p>\n\n\t<section class=\"section dark has-parallax\" id=\"section_444840596\">\n\t\t<div class=\"section-bg fill\" data-parallax-container=\".section\" data-parallax-background data-parallax=\"-6\">\n\t\t\t<img decoding=\"async\" width=\"1600\" height=\"1008\" src=\"https:\/\/www.creaearredanegozi.it\/wp-content\/uploads\/2019\/09\/Carne.jpg\" class=\"bg attachment- size-\" alt=\"\" title=\"\">\t\t\t\t\t\t<div class=\"section-bg-overlay absolute fill\"><\/div>\n\t\t\t\n\n\t\t<\/div>\n\n\t\t\n\n\t\t<div class=\"section-content relative\">\n\t\t\t\n\t<div id=\"text-4176848045\" class=\"text\">\n\t\t\n<p>\u00a0<\/p>\n<p style=\"text-align: center;\"><strong>Eigenschaften<\/strong><\/p>\n<ul>\n<li>Au\u00dfen aus rostfreiem Stahl AISI 304 mit S. Brite-Finish, innen aus rostfreiem Stahl AISI 304.<\/li>\n<li>Vollglast\u00fcr mit siebbedrucktem Glas und schwarz eloxierten Profilen.<\/li>\n<li>Gestelle, Haken, Roste und F\u00fchrungen aus Edelstahl AISI 304<\/li>\n<li>Leicht austauschbares Monoblock-K\u00fchlaggregat<\/li>\n<li>Bel\u00fcftete K\u00fchlung mit kataphoresebehandeltem Verdampfer<\/li>\n<li>Luftgek\u00fchlter Verfl\u00fcssigungssatz der Klasse N (max. +32\u00b0C)<\/li>\n<li>Automatische Abtauung mit elektrischem Heizelement<\/li>\n<li>KONDENSATSAMMELUNG mit herausnehmbarer Wanne.<\/li>\n<li>Automatische Kondensatverdampfung mit selbstregulierendem elektrischen Heizelement<\/li>\n<li>D\u00c4MMUNG Dicke 75 mm, Polyurethan hoher Dichte (42 kg\/m3).<\/li>\n<li>HUMIDIFIER als Standard (<strong>Wasseranschluss erforderlich<\/strong>).<\/li>\n<li>H\u00f6henverstellbare F\u00fc\u00dfe aus rostfreiem Stahl (130-200 mm).<\/li>\n<li>Innenbeleuchtung mit K4000 LED-Leisten<\/li>\n<li>LED-UVC-Entkeimungslampe als Standard<\/li>\n<li>SELBSTSCHLIESSENDE T\u00dcREN mit leicht austauschbaren Magnetdichtungen, SCHL\u00dcSSELschloss.<\/li>\n<li>HACCP ALARMS Management.<\/li>\n<li>Bel\u00fcfteter Verdampfer mit luftgek\u00fchltem Verfl\u00fcssigungssatz - K\u00e4ltemittelgas R290<\/li>\n<li>MEATouch elektronisches Bedienfeld mit 4,3\"-Touchscreen-Display<\/li>\n<li>H\u00f6henverstellbare F\u00fc\u00dfe aus Edelstahl (130-200 mm)<\/li>\n<li><strong>WiFi-Verbindung als Standard<\/strong><br \/>Meatico stellt \u00fcber ein Wi-Fi-Netzwerk automatisch eine Verbindung zur Cloud her, so dass der Betrieb und die Parameter des Schranks oder der Zelle aus der Ferne verwaltet werden k\u00f6nnen.<\/li>\n<\/ul>\n\t\t\n<style>\n#text-4176848045 {\n  color: rgb(255,255,255);\n}\n#text-4176848045 > * {\n  color: rgb(255,255,255);\n}\n<\/style>\n\t<\/div>\n\t\n\t\t<\/div>\n\n\t\t\n<style>\n#section_444840596 {\n  padding-top: 0px;\n  padding-bottom: 0px;\n  margin-bottom: 0px;\n}\n#section_444840596 .section-bg-overlay {\n  background-color: rgba(25, 25, 25, 0.698);\n}\n#section_444840596 .section-bg img {\n  object-position: 0% 0%;\n}\n<\/style>\n\t<\/section>\n\t\n<hr \/>\n<h3 style=\"text-align: center;\"><strong>MEATouch-Bedienfeld<\/strong><\/h3>\n<p>Farb-Touchscreen-Display. Gr\u00f6\u00dfe: 4,3\"<\/p>\n<p><a href=\"https:\/\/www.creaearredanegozi.it\/wp-content\/uploads\/2019\/09\/Display_MEAT.jpg\"><img decoding=\"async\" class=\"alignnone wp-image-123963 size-full\" src=\"https:\/\/www.creaearredanegozi.it\/wp-content\/uploads\/2019\/09\/Display_MEAT.jpg\" alt=\"\" width=\"1046\" height=\"651\" title=\"\" srcset=\"https:\/\/www.creaearredanegozi.it\/wp-content\/uploads\/2019\/09\/Display_MEAT.jpg 1046w, https:\/\/www.creaearredanegozi.it\/wp-content\/uploads\/2019\/09\/Display_MEAT-516x321.jpg 516w, https:\/\/www.creaearredanegozi.it\/wp-content\/uploads\/2019\/09\/Display_MEAT-64x40.jpg 64w, https:\/\/www.creaearredanegozi.it\/wp-content\/uploads\/2019\/09\/Display_MEAT-643x400.jpg 643w, https:\/\/www.creaearredanegozi.it\/wp-content\/uploads\/2019\/09\/Display_MEAT-768x478.jpg 768w\" sizes=\"(max-width: 1046px) 100vw, 1046px\" \/><\/a><\/p>\n<p><strong>3 voreingestellte Rezepte<\/strong>bis zu 4 separate Schritte f\u00fcr jedes Rezept programmierbar<br \/>\n<strong>10 vollst\u00e4ndig anpassbare Rezepte<\/strong> einpr\u00e4gsam auf dem Instrument<\/p>\n<p><strong>4 separate Schritte f\u00fcr jedes Rezept.<\/strong><\/p>\n<p style=\"text-align: left;\"><strong>Funktionen: <\/strong><\/p>\n<table class=\"table table-striped\" style=\"width: 100%;\" width=\"100%\">\n<tbody>\n<tr>\n<td width=\"295\">Kontrollierte Parameter f\u00fcr jede Phase: Temperatur, Luftfeuchtigkeit, L\u00fcftergeschwindigkeit, Phasendauer<\/td>\n<\/tr>\n<tr>\n<td style=\"text-align: left;\" width=\"295\">Alarmverlauf kombiniert mit Pop-up-Warnmeldungen<\/td>\n<\/tr>\n<tr>\n<td width=\"295\">HACCP-Daten\/Alarmprotokoll<\/td>\n<\/tr>\n<tr>\n<td width=\"295\">St\u00e4ndige Anzeige von Raumtemperatur und Luftfeuchtigkeit<\/td>\n<\/tr>\n<tr>\n<td width=\"395\">Mehrsprachiges Men\u00fc<\/td>\n<\/tr>\n<tr>\n<td width=\"395\">Schnelle Einstellung und Anzeige von Temperatur und Luftfeuchtigkeit<\/td>\n<\/tr>\n<tr>\n<td width=\"395\">Manuelle oder zeitgesteuerte Aktivierung der UVC-Entkeimungslampe<\/td>\n<\/tr>\n<tr>\n<td width=\"395\">Anzeige der w\u00e4hrend des Rezepts gemessenen durchschnittlichen Temperatur- und Feuchtigkeitswerte<\/td>\n<\/tr>\n<tr>\n<td width=\"395\">Import\/Export von Rezepten, Parametern und aufgezeichneten Daten<\/td>\n<\/tr>\n<tr>\n<td>Wi-Fi-Verbindung f\u00fcr Fernanzeige und -steuerung<\/td>\n<\/tr>\n<\/tbody>\n<\/table>\n<hr \/>\n<p><strong>Technische Daten:<\/strong><\/p>\n<table class=\"table table-striped\" style=\"width: 100%;\">\n<tbody>\n<tr>\n<td>\n<div align=\"left\"><strong>Modell<\/strong><\/div>\n<\/td>\n<td>\n<div align=\"left\"><strong>STG GR\u00dcNES FLEISCH 700 <\/strong><strong>GLAS<\/strong><\/div>\n<\/td>\n<\/tr>\n<tr>\n<td>\n<div align=\"left\">Abmessungen (BxTxH mm)<\/div>\n<\/td>\n<td>\n<div align=\"left\">750 x 850 x 2080<\/div>\n<\/td>\n<\/tr>\n<tr>\n<td>\n<div align=\"left\">Temperatur<\/div>\n<\/td>\n<td>\n<div align=\"left\">0\u00b0 + 10\u00b0C<\/div>\n<div align=\"left\">40% - 90% U.R<\/div>\n<\/td>\n<\/tr>\n<tr>\n<td>\n<div align=\"left\">Leistung des K\u00fchlschranks (in Watt)<\/div>\n<\/td>\n<td>\n<div align=\"left\">498<\/div>\n<\/td>\n<\/tr>\n<tr>\n<td>\n<div align=\"left\">Absorption (Watt)<\/div>\n<\/td>\n<td>\n<div align=\"left\">1000<\/div>\n<\/td>\n<\/tr>\n<tr>\n<td>\n<div align=\"left\">Kapazit\u00e4t<\/div>\n<\/td>\n<td>\n<div align=\"left\">Fleisch 150 kg<\/div>\n<\/td>\n<\/tr>\n<tr>\n<td>\n<div align=\"left\">Anzeige<\/div>\n<\/td>\n<td>\n<div align=\"left\">MEATouch<\/div>\n<\/td>\n<\/tr>\n<tr>\n<td>\n<div align=\"left\">Nettogewicht (kg)<\/div>\n<\/td>\n<td>\n<div align=\"left\">149<\/div>\n<\/td>\n<\/tr>\n<tr>\n<td>\n<div align=\"left\">Bruttogewicht (kg)<\/div>\n<\/td>\n<td>\n<div align=\"left\">171<\/div>\n<\/td>\n<\/tr>\n<\/tbody>\n<\/table>\n<hr \/>\n<p style=\"text-align: center;\"><strong>STANDARDAUSSTATTUNG<\/strong><\/p>\n<table class=\"table table-striped\" style=\"width: 100%;\">\n<tbody>\n<tr>\n<th style=\"width: 25%;\" scope=\"col\">\n<div>\n<p><img decoding=\"async\" class=\"aligncenter\" title=\"Zweit\u00fcrige Fleisch- und K\u00e4sereifungsvitrine aus rostfreiem Stahl Aisi 304 VIP Version Everlasting\" src=\"https:\/\/www.creaearredanegozi.it\/wp-content\/uploads\/2019\/09\/Guide.jpg\" alt=\"Zweit\u00fcrige Fleisch- und K\u00e4sereifungsvitrine aus rostfreiem Stahl Aisi 304 VIP Version Everlasting\" width=\"80\" height=\"80\" \/><\/p>\n<\/div>\n<\/th>\n<td style=\"width: 50%;\">\n<p style=\"text-align: center;\">F\u00fchrungspaare aus rostfreiem Stahl<\/p>\n<\/td>\n<td style=\"width: 25%;\">\n<div style=\"text-align: center;\">N\u00b0 3<\/div>\n<\/td>\n<\/tr>\n<tr>\n<th style=\"width: 25%;\" scope=\"col\">\n<div><img decoding=\"async\" class=\"aligncenter\" style=\"text-align: start;\" title=\"Zweit\u00fcrige Fleisch- und K\u00e4sereifungsvitrine aus rostfreiem Stahl Aisi 304 VIP Version Everlasting\" src=\"https:\/\/www.creaearredanegozi.it\/wp-content\/uploads\/2019\/09\/Griglie-plastificate.jpg\" alt=\"Zweit\u00fcrige Fleisch- und K\u00e4sereifungsvitrine aus rostfreiem Stahl Aisi 304 VIP Version Everlasting\" width=\"80\" height=\"80\" \/><\/div>\n<\/th>\n<td>\n<div style=\"text-align: center;\">Roste aus rostfreiem Stahl<\/div>\n<\/td>\n<td>\n<div style=\"text-align: center;\">N\u00b0 3<\/div>\n<\/td>\n<\/tr>\n<tr>\n<th style=\"width: 25%;\" scope=\"col\">\n<div style=\"text-align: center;\"><img decoding=\"async\" class=\"alignnone wp-image-123906 size-full\" src=\"https:\/\/www.creaearredanegozi.it\/wp-content\/uploads\/2019\/09\/Ganciera.jpg\" alt=\"\" width=\"100\" height=\"100\" title=\"\" srcset=\"https:\/\/www.creaearredanegozi.it\/wp-content\/uploads\/2019\/09\/Ganciera.jpg 100w, https:\/\/www.creaearredanegozi.it\/wp-content\/uploads\/2019\/09\/Ganciera-64x64.jpg 64w\" sizes=\"(max-width: 100px) 100vw, 100px\" \/><\/div>\n<\/th>\n<td>\n<div style=\"text-align: center;\">Fleischerhaken mit 2 Haken<\/div>\n<\/td>\n<td style=\"text-align: center;\">N. 1<\/td>\n<\/tr>\n<\/tbody>\n<\/table>\n<table style=\"height: auto; width: 100%; border-collapse: collapse;\">\n<tbody>\n<tr style=\"height: 80px;\">\n<td style=\"height: auto; width: 39.9103%; text-align: center;\" colspan=\"4\"><strong>FERNVERBINDUNG ALS STANDARD<\/strong><br \/>\nMeatico stellt \u00fcber ein Wi-Fi-Netzwerk automatisch eine Verbindung zur Cloud her, so dass der Betrieb und die Parameter des Schranks oder der Zelle aus der Ferne verwaltet werden k\u00f6nnen.<\/td>\n<\/tr>\n<tr style=\"height: 284px;\">\n<td style=\"width: 39.9103%;\" rowspan=\"2\"><img decoding=\"async\" class=\"alignnone wp-image-123909 size-full\" src=\"https:\/\/www.creaearredanegozi.it\/wp-content\/uploads\/2019\/09\/App-Everlasting.jpg\" alt=\"\" width=\"479\" height=\"800\" title=\"\" srcset=\"https:\/\/www.creaearredanegozi.it\/wp-content\/uploads\/2019\/09\/App-Everlasting.jpg 479w, https:\/\/www.creaearredanegozi.it\/wp-content\/uploads\/2019\/09\/App-Everlasting-64x107.jpg 64w, https:\/\/www.creaearredanegozi.it\/wp-content\/uploads\/2019\/09\/App-Everlasting-240x400.jpg 240w\" sizes=\"(max-width: 479px) 100vw, 479px\" \/><\/td>\n<td style=\"width: 20%; height: auto; text-align: center;\"><img decoding=\"async\" class=\"alignnone wp-image-123910 size-full\" src=\"https:\/\/www.creaearredanegozi.it\/wp-content\/uploads\/2019\/09\/Ciclo.jpg\" alt=\"\" width=\"120\" height=\"120\" data-wp-editing=\"1\" title=\"\" srcset=\"https:\/\/www.creaearredanegozi.it\/wp-content\/uploads\/2019\/09\/Ciclo.jpg 120w, https:\/\/www.creaearredanegozi.it\/wp-content\/uploads\/2019\/09\/Ciclo-100x100.jpg 100w, https:\/\/www.creaearredanegozi.it\/wp-content\/uploads\/2019\/09\/Ciclo-64x64.jpg 64w\" sizes=\"(max-width: 120px) 100vw, 120px\" \/><\/p>\n<p>Visualisierung<br \/>\naktueller Zyklus<\/p>\n<\/td>\n<td style=\"width: 20%; height: auto; text-align: center;\"><img decoding=\"async\" class=\"alignnone wp-image-123907 size-full\" src=\"https:\/\/www.creaearredanegozi.it\/wp-content\/uploads\/2019\/09\/Accensione.jpg\" alt=\"\" width=\"113\" height=\"113\" title=\"\" srcset=\"https:\/\/www.creaearredanegozi.it\/wp-content\/uploads\/2019\/09\/Accensione.jpg 113w, https:\/\/www.creaearredanegozi.it\/wp-content\/uploads\/2019\/09\/Accensione-100x100.jpg 100w, https:\/\/www.creaearredanegozi.it\/wp-content\/uploads\/2019\/09\/Accensione-64x64.jpg 64w\" sizes=\"(max-width: 113px) 100vw, 113px\" \/><\/p>\n<p>Ein- und Ausschalten<br \/>\ndes Ger\u00e4ts<\/p>\n<\/td>\n<td style=\"width: 20%; height: auto; text-align: center;\"><img decoding=\"async\" class=\"alignnone wp-image-123911 size-full\" src=\"https:\/\/www.creaearredanegozi.it\/wp-content\/uploads\/2019\/09\/Grafico.jpg\" alt=\"\" width=\"120\" height=\"120\" title=\"\" srcset=\"https:\/\/www.creaearredanegozi.it\/wp-content\/uploads\/2019\/09\/Grafico.jpg 120w, https:\/\/www.creaearredanegozi.it\/wp-content\/uploads\/2019\/09\/Grafico-100x100.jpg 100w, https:\/\/www.creaearredanegozi.it\/wp-content\/uploads\/2019\/09\/Grafico-64x64.jpg 64w\" sizes=\"(max-width: 120px) 100vw, 120px\" \/><\/p>\n<p>Visualisierung von Grafiken<br \/>\naktueller Zyklus<\/p>\n<\/td>\n<\/tr>\n<tr style=\"height: 51px;\">\n<td style=\"width: 20%; height: 55px; text-align: center;\"><img decoding=\"async\" class=\"alignnone wp-image-123908 size-full\" src=\"https:\/\/www.creaearredanegozi.it\/wp-content\/uploads\/2019\/09\/Allarmi.jpg\" alt=\"\" width=\"120\" height=\"120\" title=\"\" srcset=\"https:\/\/www.creaearredanegozi.it\/wp-content\/uploads\/2019\/09\/Allarmi.jpg 120w, https:\/\/www.creaearredanegozi.it\/wp-content\/uploads\/2019\/09\/Allarmi-100x100.jpg 100w, https:\/\/www.creaearredanegozi.it\/wp-content\/uploads\/2019\/09\/Allarmi-64x64.jpg 64w\" sizes=\"(max-width: 120px) 100vw, 120px\" \/><\/p>\n<p>Bekanntmachung und Verwaltung von<br \/>\nm\u00f6gliche Alarme<\/p>\n<\/td>\n<td style=\"width: 20%; height: 55px; text-align: center;\"><img decoding=\"async\" class=\"alignnone wp-image-123913 size-full\" src=\"https:\/\/www.creaearredanegozi.it\/wp-content\/uploads\/2019\/09\/Ricette.jpg\" alt=\"\" width=\"119\" height=\"120\" title=\"\" srcset=\"https:\/\/www.creaearredanegozi.it\/wp-content\/uploads\/2019\/09\/Ricette.jpg 119w, https:\/\/www.creaearredanegozi.it\/wp-content\/uploads\/2019\/09\/Ricette-100x100.jpg 100w, https:\/\/www.creaearredanegozi.it\/wp-content\/uploads\/2019\/09\/Ricette-64x65.jpg 64w\" sizes=\"(max-width: 119px) 100vw, 119px\" \/><\/p>\n<p>Erstellung von<br \/>\nneue Rezepte<\/p>\n<\/td>\n<td style=\"width: 20%; height: 55px; text-align: center;\"><img decoding=\"async\" class=\"alignnone wp-image-123912 size-full\" src=\"https:\/\/www.creaearredanegozi.it\/wp-content\/uploads\/2019\/09\/parametri.jpg\" alt=\"\" width=\"120\" height=\"120\" title=\"\" srcset=\"https:\/\/www.creaearredanegozi.it\/wp-content\/uploads\/2019\/09\/parametri.jpg 120w, https:\/\/www.creaearredanegozi.it\/wp-content\/uploads\/2019\/09\/parametri-100x100.jpg 100w, https:\/\/www.creaearredanegozi.it\/wp-content\/uploads\/2019\/09\/parametri-64x64.jpg 64w\" sizes=\"(max-width: 120px) 100vw, 120px\" \/><\/p>\n<p>Visualisierung und<br \/>\nBearbeitungsparameter<\/p>\n<\/td>\n<\/tr>\n<\/tbody>\n<\/table>\n<p><a href=\"https:\/\/www.creaearredanegozi.it\/wp-content\/uploads\/2019\/09\/Banner_MEAT.jpg\"><img decoding=\"async\" class=\"alignnone size-full wp-image-123964\" src=\"https:\/\/www.creaearredanegozi.it\/wp-content\/uploads\/2019\/09\/Banner_MEAT.jpg\" alt=\"\" width=\"100%\" height=\"auto\" title=\"\" srcset=\"https:\/\/www.creaearredanegozi.it\/wp-content\/uploads\/2019\/09\/Banner_MEAT.jpg 1087w, https:\/\/www.creaearredanegozi.it\/wp-content\/uploads\/2019\/09\/Banner_MEAT-516x314.jpg 516w, https:\/\/www.creaearredanegozi.it\/wp-content\/uploads\/2019\/09\/Banner_MEAT-64x39.jpg 64w, https:\/\/www.creaearredanegozi.it\/wp-content\/uploads\/2019\/09\/Banner_MEAT-657x400.jpg 657w, https:\/\/www.creaearredanegozi.it\/wp-content\/uploads\/2019\/09\/Banner_MEAT-768x468.jpg 768w\" sizes=\"(max-width: 1087px) 100vw, 1087px\" \/><\/a><\/p>","protected":false},"excerpt":{"rendered":"<p>Stagionatore Carni inox Aisi 304 porta a vetro pannello touch MEATico Everlasting Lo Stagionatore Carni Everlasting \u00e8 realizzato con l\u2019aiuto di esperti e professionisti che operano nell&#8217;industria della carne. Quando non si ha a disposizione una cantina o un luogo adatto alla maturazione e conservazione di prodotti artigianali, che sia sicuro e protetto da interferenze [&#8230;]","protected":false},"featured_media":123966,"comment_status":"closed","ping_status":"closed","template":"","meta":{"_monsterinsights_skip_tracking":false,"_monsterinsights_sitenote_active":false,"_monsterinsights_sitenote_note":"","_monsterinsights_sitenote_category":0},"product_brand":[743],"product_cat":[21],"product_tag":[],"class_list":{"0":"post-29687","1":"product","2":"type-product","3":"status-publish","4":"has-post-thumbnail","6":"product_brand-everlasting","7":"product_cat-stagionatori-e-frollatori","8":"pa_marca-everlasting","10":"first","11":"instock","12":"taxable","13":"shipping-taxable","14":"purchasable","15":"product-type-simple"},"_links":{"self":[{"href":"https:\/\/www.creaearredanegozi.it\/de\/wp-json\/wp\/v2\/product\/29687","targetHints":{"allow":["GET"]}}],"collection":[{"href":"https:\/\/www.creaearredanegozi.it\/de\/wp-json\/wp\/v2\/product"}],"about":[{"href":"https:\/\/www.creaearredanegozi.it\/de\/wp-json\/wp\/v2\/types\/product"}],"replies":[{"embeddable":true,"href":"https:\/\/www.creaearredanegozi.it\/de\/wp-json\/wp\/v2\/comments?post=29687"}],"wp:featuredmedia":[{"embeddable":true,"href":"https:\/\/www.creaearredanegozi.it\/de\/wp-json\/wp\/v2\/media\/123966"}],"wp:attachment":[{"href":"https:\/\/www.creaearredanegozi.it\/de\/wp-json\/wp\/v2\/media?parent=29687"}],"wp:term":[{"taxonomy":"product_brand","embeddable":true,"href":"https:\/\/www.creaearredanegozi.it\/de\/wp-json\/wp\/v2\/product_brand?post=29687"},{"taxonomy":"product_cat","embeddable":true,"href":"https:\/\/www.creaearredanegozi.it\/de\/wp-json\/wp\/v2\/product_cat?post=29687"},{"taxonomy":"product_tag","embeddable":true,"href":"https:\/\/www.creaearredanegozi.it\/de\/wp-json\/wp\/v2\/product_tag?post=29687"}],"curies":[{"name":"wp","href":"https:\/\/api.w.org\/{rel}","templated":true}]}}