{"id":29711,"date":"2019-09-13T10:45:40","date_gmt":"2019-09-13T08:45:40","guid":{"rendered":"https:\/\/www.creaearredanegozi.it\/?post_type=product&#038;p=29711"},"modified":"2023-07-03T20:17:25","modified_gmt":"2023-07-03T18:17:25","slug":"fleisch-und-kasereifungsvitrine-edelstahl-aisi-304-touch-panel-vip-version-ewig","status":"publish","type":"product","link":"https:\/\/www.creaearredanegozi.it\/de\/fleisch-und-kasereifungsvitrine-edelstahl-aisi-304-touch-panel-vip-version-ewig\/","title":{"rendered":"Wurst-, Fleisch- und K\u00e4sep\u00f6kelmaschine aus Edelstahl Aisi 304 Glast\u00fcr mit Touchpanel VIP Everlasting Version"},"content":{"rendered":"<div id=\"text-189388051\" class=\"text\">\n\t\t\n<h2><strong>MEATico Everlasting Edelstahl-Vitrine f\u00fcr Fleisch- und K\u00e4sereifung<\/strong><\/h2>\n<p>Die Everlasting Seasoning Machine wurde mit Hilfe von Experten und Fachleuten aus der Fleischindustrie entwickelt.<br \/>\nWenn man nicht \u00fcber einen Keller oder einen geeigneten Ort f\u00fcr die Reifung und Lagerung von handwerklichen Produkten verf\u00fcgt, der sicher und vor Klima- und Umwelteinfl\u00fcssen gesch\u00fctzt ist, k\u00f6nnen die Ergebnisse leicht beeintr\u00e4chtigt werden.<\/p>\n<p>Die Seasoning Machine wurde als Antwort auf die Notwendigkeit eines modernen Weinkellers entwickelt, mit dem die perfekten Bedingungen f\u00fcr die Zubereitung von Wein geschaffen werden k\u00f6nnen. <strong>Gew\u00fcrze<\/strong> e <strong>Rollender<\/strong>das ganze Jahr \u00fcber, sicher und auf ganz nat\u00fcrliche Weise.<\/p>\n<p><strong>Merkmale:<\/strong><\/p>\n<ul>\n<li>Innen aus rostfreiem Stahl AISI 304 gefertigt.<\/li>\n<li>Geh\u00e4use aus rostfreiem Stahl AISI 304, Glast\u00fcr mit Stahlrahmen.<\/li>\n<li>D\u00c4MMUNG Dicke 75 mm, Polyurethan hoher Dichte<\/li>\n<li>Automatische Kondenswasserverdunstung<\/li>\n<li>KONDENSATSAMMELUNG mit herausnehmbarer Wanne.<\/li>\n<li>H\u00f6henverstellbare F\u00fc\u00dfe aus rostfreiem Stahl (130-200 mm).<\/li>\n<li>SELBSTSCHLIESSENDE T\u00dcREN mit 105\u00b0-Rastung, leicht austauschbare Magnetdichtungen, Verriegelung mit KEY.<\/li>\n<li>HACCP ALARMS Management.<\/li>\n<li>Bel\u00fcfteter Verdampfer mit luftgek\u00fchltem Verfl\u00fcssigungssatz - K\u00e4ltemittelgas R290<\/li>\n<li>Innen aus hochglanzpoliertem Edelstahl AISI 304, au\u00dfen aus schwarz kunststoffbeschichtetem Stahl mit Glast\u00fcr.<\/li>\n<li>MITGELIEFERTE AUSR\u00dcSTUNG: FLEISCH &amp; K\u00c4SE: Roste aus Edelstahl AISI 304 f\u00fcr die Reifung von Fleisch und K\u00e4se<\/li>\n<li>Wi-Fi-Anschlussmodul f\u00fcr die Fernverwaltung<\/li>\n<li><strong>FERNVERBINDUNG ALS STANDARD<\/strong>meatico verbindet sich automatisch \u00fcber das Wi-Fi-Netzwerk mit der Cloud und erm\u00f6glicht die Fernverwaltung des Schrankbetriebs und der Parameter \u00fcber die App<\/li>\n<li>Widerstandsbefeuchtereinheit als Standard (Wasseranschluss erforderlich)<\/li>\n<li>Elektronisches Bedienfeld EVERtouch mit 7\"-Touchscreen-Display<\/li>\n<li>Innenbeleuchtung mit LED-Leisten<\/li>\n<\/ul>\n<p><strong>Zwei Innenausstattungen<\/strong><\/p>\n<p>SALAMI - S<br \/>\nStangen und Haken aus rostfreiem Stahl zum P\u00f6keln von W\u00fcrsten<\/p>\n<p>FLEISCH UND K\u00c4SE - CF<br \/>\nRoste aus rostfreiem Stahl AISI 304 GN 2\/1 (530x650mm) f\u00fcr die Reifung von Fleisch und K\u00e4se<\/p>\n<hr \/>\n<p style=\"text-align: center;\"><strong>Evertouch-Bedienfeld<\/strong><\/p>\n\t\t\n<style>\n#text-189388051 {\n  line-height: 1.1;\n}\n<\/style>\n\t<\/div>\n\t\n<div class=\"slider-wrapper relative\" id=\"slider-1814000351\" >\n    <div class=\"slider slider-nav-circle slider-nav-large slider-nav-dark slider-style-container\"\n        data-flickity-options='{            \"cellAlign\": \"center\",            \"imagesLoaded\": true,            \"lazyLoad\": 1,            \"freeScroll\": true,            \"wrapAround\": true,            \"autoPlay\": 4500,            \"pauseAutoPlayOnHover\" : true,            \"prevNextButtons\": true,            \"contain\" : true,            \"adaptiveHeight\" : true,            \"dragThreshold\" : 10,            \"percentPosition\": true,            \"pageDots\": true,            \"rightToLeft\": false,            \"draggable\": true,            \"selectedAttraction\": 0.1,            \"parallax\" : 0,            \"friction\": 0.6        }'\n        >\n        \n\t<div class=\"img has-hover x md-x lg-x y md-y lg-y\" id=\"image_242021804\">\n\t\t\t\t\t\t\t\t<div class=\"img-inner dark\" >\n\t\t\t<img decoding=\"async\" width=\"941\" height=\"655\" src=\"https:\/\/www.creaearredanegozi.it\/wp-content\/uploads\/2023\/04\/DISPLAY_EVERTOUCH_salumi.jpg\" class=\"attachment-large size-large\" alt=\"\" srcset=\"https:\/\/www.creaearredanegozi.it\/wp-content\/uploads\/2023\/04\/DISPLAY_EVERTOUCH_salumi.jpg 941w, https:\/\/www.creaearredanegozi.it\/wp-content\/uploads\/2023\/04\/DISPLAY_EVERTOUCH_salumi-516x359.jpg 516w, https:\/\/www.creaearredanegozi.it\/wp-content\/uploads\/2023\/04\/DISPLAY_EVERTOUCH_salumi-64x45.jpg 64w, https:\/\/www.creaearredanegozi.it\/wp-content\/uploads\/2023\/04\/DISPLAY_EVERTOUCH_salumi-575x400.jpg 575w, https:\/\/www.creaearredanegozi.it\/wp-content\/uploads\/2023\/04\/DISPLAY_EVERTOUCH_salumi-768x535.jpg 768w\" sizes=\"(max-width: 941px) 100vw, 941px\" title=\"\">\t\t\t\t\t\t\n\t\t\t\t\t<\/div>\n\t\t\t\t\t\t\t\t\n<style>\n#image_242021804 {\n  width: 100%;\n}\n<\/style>\n\t<\/div>\n\t\n\t<div class=\"img has-hover x md-x lg-x y md-y lg-y\" id=\"image_154528165\">\n\t\t\t\t\t\t\t\t<div class=\"img-inner dark\" >\n\t\t\t<img decoding=\"async\" width=\"941\" height=\"655\" src=\"https:\/\/www.creaearredanegozi.it\/wp-content\/uploads\/2023\/04\/DISPLAY_EVERTOUCH_formaggi.jpg\" class=\"attachment-large size-large\" alt=\"\" srcset=\"https:\/\/www.creaearredanegozi.it\/wp-content\/uploads\/2023\/04\/DISPLAY_EVERTOUCH_formaggi.jpg 941w, https:\/\/www.creaearredanegozi.it\/wp-content\/uploads\/2023\/04\/DISPLAY_EVERTOUCH_formaggi-516x359.jpg 516w, https:\/\/www.creaearredanegozi.it\/wp-content\/uploads\/2023\/04\/DISPLAY_EVERTOUCH_formaggi-64x45.jpg 64w, https:\/\/www.creaearredanegozi.it\/wp-content\/uploads\/2023\/04\/DISPLAY_EVERTOUCH_formaggi-575x400.jpg 575w, https:\/\/www.creaearredanegozi.it\/wp-content\/uploads\/2023\/04\/DISPLAY_EVERTOUCH_formaggi-768x535.jpg 768w\" sizes=\"(max-width: 941px) 100vw, 941px\" title=\"\">\t\t\t\t\t\t\n\t\t\t\t\t<\/div>\n\t\t\t\t\t\t\t\t\n<style>\n#image_154528165 {\n  width: 100%;\n}\n<\/style>\n\t<\/div>\n\t\n\t<div class=\"img has-hover x md-x lg-x y md-y lg-y\" id=\"image_1321536738\">\n\t\t\t\t\t\t\t\t<div class=\"img-inner dark\" >\n\t\t\t<img decoding=\"async\" width=\"941\" height=\"655\" src=\"https:\/\/www.creaearredanegozi.it\/wp-content\/uploads\/2023\/04\/DISPLAY_EVERTOUCH_carne.jpg\" class=\"attachment-large size-large\" alt=\"\" srcset=\"https:\/\/www.creaearredanegozi.it\/wp-content\/uploads\/2023\/04\/DISPLAY_EVERTOUCH_carne.jpg 941w, https:\/\/www.creaearredanegozi.it\/wp-content\/uploads\/2023\/04\/DISPLAY_EVERTOUCH_carne-516x359.jpg 516w, https:\/\/www.creaearredanegozi.it\/wp-content\/uploads\/2023\/04\/DISPLAY_EVERTOUCH_carne-64x45.jpg 64w, https:\/\/www.creaearredanegozi.it\/wp-content\/uploads\/2023\/04\/DISPLAY_EVERTOUCH_carne-575x400.jpg 575w, https:\/\/www.creaearredanegozi.it\/wp-content\/uploads\/2023\/04\/DISPLAY_EVERTOUCH_carne-768x535.jpg 768w\" sizes=\"(max-width: 941px) 100vw, 941px\" title=\"\">\t\t\t\t\t\t\n\t\t\t\t\t<\/div>\n\t\t\t\t\t\t\t\t\n<style>\n#image_1321536738 {\n  width: 100%;\n}\n<\/style>\n\t<\/div>\n\t\n     <\/div>\n\n     <div class=\"loading-spin dark large centered\"><\/div>\n\n\t<\/div>\n\n\n<p><strong>10 voreingestellte Rezepte<\/strong>. Die vorgegebenen Rezepte sind ein Leitfaden, den man befolgen und je nach Bedarf ab\u00e4ndern kann.<\/p>\n<p>150 programmierbare Rezepte<br \/>\n20 einzelne Schritte f\u00fcr jedes Rezept<\/p>\n<p style=\"text-align: left;\"><strong>Funktionen: <\/strong><\/p>\n<table class=\"table table-striped\" style=\"height: 214px;\" width=\"406\">\n<tbody>\n<tr>\n<td width=\"295\">Visualisierung der Sonde<\/td>\n<\/tr>\n<tr>\n<td width=\"295\">Anzeige der aktiven Relais<\/td>\n<\/tr>\n<tr>\n<td style=\"text-align: left;\" width=\"295\">Mehrsprachiges Men\u00fc<\/td>\n<\/tr>\n<tr>\n<td width=\"295\">Automatische Abtauung des Verdampfers<\/td>\n<\/tr>\n<tr>\n<td width=\"295\">HACCP-Alarmprotokoll<\/td>\n<\/tr>\n<tr>\n<td width=\"395\">Keimt\u00f6tende LED-UVC-Lampe (optional)<\/td>\n<\/tr>\n<\/tbody>\n<\/table>\n<table class=\"table table-striped\" style=\"height: 214px;\" width=\"406\">\n<tbody>\n<tr>\n<td width=\"295\">Steuerung der L\u00fcftungsgeschwindigkeit<\/td>\n<\/tr>\n<tr>\n<td width=\"295\">T | HR | PH Graphen<\/td>\n<\/tr>\n<tr>\n<td style=\"text-align: left;\" width=\"295\">M\u00e4rz-Stopp<\/td>\n<\/tr>\n<tr>\n<td width=\"295\">Verbleibende Zeit in der Phase<\/td>\n<\/tr>\n<tr>\n<td width=\"395\">Luftaustausch<\/td>\n<\/tr>\n<tr>\n<td width=\"395\">Software-Aktualisierung<\/td>\n<\/tr>\n<tr>\n<td width=\"395\">Import\/Export von Rezepten, Parametern und aufgezeichneten Daten<\/td>\n<\/tr>\n<\/tbody>\n<\/table>\n<hr \/>\n<p><strong>Technische Daten:<\/strong><\/p>\n<table class=\"table table-striped\">\n<tbody>\n<tr>\n<td>\n<div align=\"left\"><strong>Modell<\/strong><\/div>\n<\/td>\n<td>\n<div align=\"left\"><strong>STG GR\u00dcN ALLE 700<\/strong><br \/>\n<strong>VIP<\/strong><\/div>\n<\/td>\n<\/tr>\n<tr>\n<td>\n<div align=\"left\">Abmessungen (BxTxH mm)<\/div>\n<\/td>\n<td>\n<div align=\"left\">750 x 850 x 2080<\/div>\n<\/td>\n<\/tr>\n<tr>\n<td>\n<div align=\"left\">Kapazit\u00e4t (Lt)<\/div>\n<\/td>\n<td>\n<div align=\"left\">625<\/div>\n<\/td>\n<\/tr>\n<tr>\n<td>\n<div align=\"left\">Temperatur<\/div>\n<\/td>\n<td>\n<div align=\"left\">0\u00b0 + 30\u00b0C<\/div>\n<div align=\"left\">40% - 95% U.R<\/div>\n<\/td>\n<\/tr>\n<tr>\n<td>\n<div align=\"left\">Leistung des K\u00fchlschranks (in Watt)<\/div>\n<\/td>\n<td>\n<div align=\"left\">498<\/div>\n<\/td>\n<\/tr>\n<tr>\n<td>\n<div align=\"left\">Absorption (Watt)<\/div>\n<\/td>\n<td>\n<div align=\"left\">1800<\/div>\n<\/td>\n<\/tr>\n<tr>\n<td>\n<div align=\"left\">Kapazit\u00e4t Ver. CF<\/div>\n<\/td>\n<td>\n<div align=\"left\">Fleisch 150 kg<\/div>\n<div align=\"left\">K\u00e4se 100 kg<\/div>\n<\/td>\n<\/tr>\n<tr>\n<td>\n<div align=\"left\">Kapazit\u00e4t Ver. S<\/div>\n<\/td>\n<td>\n<div align=\"left\">Wurstwaren 100 kg<\/div>\n<\/td>\n<\/tr>\n<tr>\n<td>\n<div align=\"left\">Anzeige<\/div>\n<\/td>\n<td>\n<div align=\"left\">Evertouch<\/div>\n<\/td>\n<\/tr>\n<tr>\n<td>\n<div align=\"left\">GAS<\/div>\n<\/td>\n<td>\n<div align=\"left\">R290<\/div>\n<\/td>\n<\/tr>\n<tr>\n<td>\n<div align=\"left\">Nettogewicht (kg)<\/div>\n<\/td>\n<td>\n<div align=\"left\">168<\/div>\n<\/td>\n<\/tr>\n<tr>\n<td>\n<div align=\"left\">Bruttogewicht (kg)<\/div>\n<\/td>\n<td>\n<div align=\"left\">188<\/div>\n<\/td>\n<\/tr>\n<\/tbody>\n<\/table>\n<p>&nbsp;<\/p>\n<hr \/>\n<p style=\"text-align: center;\"><strong>STANDARDAUSSTATTUNG FLEISCH\/K\u00c4SE-VERSION<\/strong><\/p>\n<table class=\"table table-striped\" style=\"width: 100%;\">\n<tbody>\n<tr>\n<td>\n<div align=\"left\">\n<p style=\"text-align: center;\">F\u00fchrungspaare aus rostfreiem Stahl <img decoding=\"async\" class=\"aligncenter\" src=\"https:\/\/www.creaearredanegozi.it\/wp-content\/uploads\/2019\/09\/Guide.jpg\" alt=\"\" width=\"80\" height=\"80\" title=\"\"><\/p>\n<\/div>\n<\/td>\n<td style=\"text-align: center;\">\n<div align=\"left\">N\u00b0 5<\/div>\n<\/td>\n<\/tr>\n<tr>\n<td style=\"width: 80%;\">\n<div style=\"text-align: center;\" align=\"left\">Roste aus rostfreiem Stahl <img decoding=\"async\" class=\"aligncenter\" src=\"https:\/\/www.creaearredanegozi.it\/wp-content\/uploads\/2019\/09\/Griglie-plastificate.jpg\" alt=\"\" width=\"80\" height=\"80\" title=\"\"><\/div>\n<\/td>\n<td style=\"text-align: center;\">\n<div align=\"left\">N\u00b0 5<\/div>\n<\/td>\n<\/tr>\n<\/tbody>\n<\/table>\n<hr \/>\n<p style=\"text-align: center;\"><strong>SERIENAUSSTATTUNG SALAMI-VERSION<\/strong><\/p>\n<table class=\"table table-striped\" style=\"width: 100%;\">\n<tbody>\n<tr>\n<td style=\"width: 80%; text-align: center;\">\n<div>\n<p>Paare von Edelstahl-F\u00fchrungen SALAMI (40 KG)<\/p>\n<p><img decoding=\"async\" class=\"alignnone wp-image-29643\" title=\"Zweit\u00fcrige Gew\u00fcrzvitrine aus rostfreiem Stahl Aisi 304 LCD-Panel VIP-Version Everlasting\" src=\"https:\/\/www.creaearredanegozi.it\/wp-content\/uploads\/2019\/09\/coppia-guide-inox.jpg\" sizes=\"(max-width: 80px) 100vw, 80px\" srcset=\"https:\/\/www.creaearredanegozi.it\/wp-content\/uploads\/2019\/09\/coppia-guide-inox.jpg 150w, https:\/\/www.creaearredanegozi.it\/wp-content\/uploads\/2019\/09\/coppia-guide-inox-100x100.jpg 100w, https:\/\/www.creaearredanegozi.it\/wp-content\/uploads\/2019\/09\/coppia-guide-inox-64x64.jpg 64w\" alt=\"Zweit\u00fcrige Gew\u00fcrzvitrine aus rostfreiem Stahl Aisi 304 LCD-Panel VIP-Version Everlasting\" width=\"80\" height=\"80\" \/><\/p>\n<\/div>\n<\/td>\n<td style=\"width: 100%; text-align: center;\">\n<div>N\u00b0 3<\/div>\n<\/td>\n<\/tr>\n<tr>\n<td style=\"width: 80%; text-align: center;\">\n<div>Stange aus rostfreiem Stahl f\u00fcr Wursthaken<\/div>\n<div><img decoding=\"async\" class=\"alignnone wp-image-29647\" title=\"Zweit\u00fcrige Gew\u00fcrzvitrine aus rostfreiem Stahl Aisi 304 LCD-Panel VIP-Version Everlasting\" src=\"https:\/\/www.creaearredanegozi.it\/wp-content\/uploads\/2019\/09\/Barra-in-acciaio-.jpg\" sizes=\"(max-width: 80px) 100vw, 80px\" srcset=\"https:\/\/www.creaearredanegozi.it\/wp-content\/uploads\/2019\/09\/Barra-in-acciaio-.jpg 150w, https:\/\/www.creaearredanegozi.it\/wp-content\/uploads\/2019\/09\/Barra-in-acciaio--100x100.jpg 100w, https:\/\/www.creaearredanegozi.it\/wp-content\/uploads\/2019\/09\/Barra-in-acciaio--64x64.jpg 64w\" alt=\"Zweit\u00fcrige Gew\u00fcrzvitrine aus rostfreiem Stahl Aisi 304 LCD-Panel VIP-Version Everlasting\" width=\"80\" height=\"80\" \/><\/div>\n<\/td>\n<td style=\"width: 20%; text-align: center;\">\n<div>N\u00b0 9<\/div>\n<\/td>\n<\/tr>\n<tr>\n<td>\n<div style=\"text-align: center;\">Wursthaken<\/div>\n<div style=\"text-align: center;\"><img decoding=\"async\" class=\"alignnone wp-image-29648\" title=\"Zweit\u00fcrige Gew\u00fcrzvitrine aus rostfreiem Stahl Aisi 304 LCD-Panel VIP-Version Everlasting\" src=\"https:\/\/www.creaearredanegozi.it\/wp-content\/uploads\/2019\/09\/Gancio.jpg\" sizes=\"(max-width: 80px) 100vw, 80px\" srcset=\"https:\/\/www.creaearredanegozi.it\/wp-content\/uploads\/2019\/09\/Gancio.jpg 150w, https:\/\/www.creaearredanegozi.it\/wp-content\/uploads\/2019\/09\/Gancio-100x100.jpg 100w, https:\/\/www.creaearredanegozi.it\/wp-content\/uploads\/2019\/09\/Gancio-64x64.jpg 64w\" alt=\"Zweit\u00fcrige Gew\u00fcrzvitrine aus rostfreiem Stahl Aisi 304 LCD-Panel VIP-Version Everlasting\" width=\"80\" height=\"80\" \/><\/div>\n<\/td>\n<td style=\"text-align: center;\">N. 36<\/td>\n<\/tr>\n<tr>\n<td colspan=\"2\">\n<div style=\"text-align: center;\"><em>geeignet zur Bildung von 3 Ebenen mit je 3 St\u00e4ben, 12 Haken pro Ebene (4 Haken pro Stab)<\/em><\/div>\n<\/td>\n<\/tr>\n<\/tbody>\n<\/table>\n<hr \/>\n<p style=\"text-align: center;\">OPTIONAL<br \/>\n<em>auf Anfrage<\/em><\/p>\n<table style=\"border-collapse: collapse; width: 100%;\">\n<tbody>\n<tr>\n<td style=\"width: 50%; text-align: center;\">\n<div style=\"text-align: center;\" align=\"left\">Keimt\u00f6tende U.V.C.-Lampe<\/div>\n<\/td>\n<td style=\"width: 50%; text-align: center;\">W\u00e4gezelle zum Wiegen von Probenwurst<\/td>\n<\/tr>\n<tr>\n<td style=\"width: 50%; text-align: center;\">Drehbares Karussell zum Aufh\u00e4ngen von W\u00fcrsten<\/td>\n<td style=\"width: 50%; text-align: center;\">Produkttemperatur-Stiftsonde<\/td>\n<\/tr>\n<tr>\n<td style=\"width: 50%; text-align: center;\">Ph-Messsonde in EVERtouch-Elektronik integriert<\/td>\n<td style=\"width: 50%; text-align: center;\">Tragbares Ph-Messger\u00e4t<\/td>\n<\/tr>\n<tr>\n<td style=\"width: 50%; text-align: center;\">Anwendung der R\u00e4der<\/td>\n<td style=\"width: 50%; text-align: center;\">Sockel zur Abdeckung der F\u00fc\u00dfe (nicht verf\u00fcgbar, wenn R\u00e4der vorhanden sind)<\/td>\n<\/tr>\n<\/tbody>\n<\/table>\n<p>&nbsp;<\/p>\n<p>&nbsp;<\/p>","protected":false},"excerpt":{"rendered":"<p>10 ricette pre-impostate. Le ricette pre-impostate sono una linea guida da seguire e modificare a seconda delle proprie esigenze. 150 ricette programmabili 20 fasi distinte per ogni ricetta Funzioni: Visualizzazione sonde Visualizzazione rel\u00e8 attivi Men\u00f9 multilingua Sbrinamento automatico evaporatore Registro allarmi HACCP Lampada UVC germicida a LED (Optional) Regolazione velocit\u00e0 ventilazione Grafici T | HR [&#8230;]","protected":false},"featured_media":29843,"comment_status":"closed","ping_status":"closed","template":"","meta":{"_monsterinsights_skip_tracking":false,"_monsterinsights_sitenote_active":false,"_monsterinsights_sitenote_note":"","_monsterinsights_sitenote_category":0},"product_brand":[743],"product_cat":[21],"product_tag":[],"class_list":{"0":"post-29711","1":"product","2":"type-product","3":"status-publish","4":"has-post-thumbnail","6":"product_brand-everlasting","7":"product_cat-stagionatori-e-frollatori","8":"pa_marca-everlasting","10":"first","11":"instock","12":"taxable","13":"shipping-taxable","14":"purchasable","15":"product-type-variable"},"_links":{"self":[{"href":"https:\/\/www.creaearredanegozi.it\/de\/wp-json\/wp\/v2\/product\/29711","targetHints":{"allow":["GET"]}}],"collection":[{"href":"https:\/\/www.creaearredanegozi.it\/de\/wp-json\/wp\/v2\/product"}],"about":[{"href":"https:\/\/www.creaearredanegozi.it\/de\/wp-json\/wp\/v2\/types\/product"}],"replies":[{"embeddable":true,"href":"https:\/\/www.creaearredanegozi.it\/de\/wp-json\/wp\/v2\/comments?post=29711"}],"wp:featuredmedia":[{"embeddable":true,"href":"https:\/\/www.creaearredanegozi.it\/de\/wp-json\/wp\/v2\/media\/29843"}],"wp:attachment":[{"href":"https:\/\/www.creaearredanegozi.it\/de\/wp-json\/wp\/v2\/media?parent=29711"}],"wp:term":[{"taxonomy":"product_brand","embeddable":true,"href":"https:\/\/www.creaearredanegozi.it\/de\/wp-json\/wp\/v2\/product_brand?post=29711"},{"taxonomy":"product_cat","embeddable":true,"href":"https:\/\/www.creaearredanegozi.it\/de\/wp-json\/wp\/v2\/product_cat?post=29711"},{"taxonomy":"product_tag","embeddable":true,"href":"https:\/\/www.creaearredanegozi.it\/de\/wp-json\/wp\/v2\/product_tag?post=29711"}],"curies":[{"name":"wp","href":"https:\/\/api.w.org\/{rel}","templated":true}]}}