{"id":29725,"date":"2019-09-16T11:15:40","date_gmt":"2019-09-16T09:15:40","guid":{"rendered":"https:\/\/www.creaearredanegozi.it\/?post_type=product&#038;p=29725"},"modified":"2023-07-03T19:57:13","modified_gmt":"2023-07-03T17:57:13","slug":"vetrina-stagionatore-salumi-acciaio-plastificato-nero-pannello-touch-everlasting-copia","status":"publish","type":"product","link":"https:\/\/www.creaearredanegozi.it\/de\/vetrina-stagionatore-salumi-acciaio-plastificato-nero-pannello-touch-everlasting-copia\/","title":{"rendered":"Wurstgew\u00fcrzvitrine schwarz kunststoffbeschichteter Stahl Touchpanel Everlasting"},"content":{"rendered":"<p><strong>MEATico Everlasting Salumi W\u00fcrzmaschine Glast\u00fcr mit Touchpanel<\/strong><\/p>\n<p>Der Everlasting Meat Seasoner wurde mit Hilfe von Experten und Fachleuten aus der Fleischindustrie entwickelt.<br \/>\nWenn man nicht \u00fcber einen Keller oder einen geeigneten Ort f\u00fcr die Reifung und Lagerung von handwerklichen Produkten verf\u00fcgt, der sicher und vor Klima- und Umwelteinfl\u00fcssen gesch\u00fctzt ist, k\u00f6nnen die Ergebnisse leicht beeintr\u00e4chtigt werden.<\/p>\n<p>Die Seasoning Machine wurde als Antwort auf die Notwendigkeit eines modernen Weinkellers entwickelt, mit dem die perfekten Bedingungen f\u00fcr die Zubereitung von Wein geschaffen werden k\u00f6nnen. <strong>Gew\u00fcrze<\/strong> e <strong>Rollender<\/strong>das ganze Jahr \u00fcber, sicher und auf ganz nat\u00fcrliche Weise.<\/p>\n<p style=\"text-align: center;\"><strong>Eigenschaften<\/strong><\/p>\n<ul>\n<li>Au\u00dfen aus rostfreiem Stahl AISI 304 mit S. Brite-Finish, innen aus rostfreiem Stahl AISI 304.<\/li>\n<li>Vollglast\u00fcr mit siebbedrucktem Glas und schwarz eloxierten Profilen.<\/li>\n<li>D\u00c4MMUNG Dicke 75 mm, Polyurethan hoher Dichte (42 kg\/m3).<\/li>\n<li>HUMIDIFIER als Standard (<strong>Wasseranschluss erforderlich<\/strong>).<\/li>\n<li>KONDENSATSAMMELUNG mit herausnehmbarer Wanne.<\/li>\n<li>H\u00f6henverstellbare F\u00fc\u00dfe aus rostfreiem Stahl (130-200 mm).<\/li>\n<li>LED-Licht<\/li>\n<li>SELBSTSCHLIESSENDE T\u00dcREN mit leicht austauschbaren Magnetdichtungen, SCHL\u00dcSSELschloss.<\/li>\n<li>HACCP ALARMS Management.<\/li>\n<li>Bel\u00fcfteter Verdampfer mit luftgek\u00fchltem Verfl\u00fcssigungssatz - K\u00e4ltemittelgas R290<\/li>\n<li><strong>FERNVERBINDUNG ALS STANDARD<\/strong><br \/>\nMeatico stellt \u00fcber ein Wi-Fi-Netzwerk automatisch eine Verbindung zur Cloud her, so dass der Betrieb und die Parameter des Schranks oder der Zelle aus der Ferne verwaltet werden k\u00f6nnen.<\/li>\n<\/ul>\n<hr \/>\n<h3 style=\"text-align: center;\"><strong>EVERtouch-Bedienfeld<\/strong><\/h3>\n<p>Farb-Touchscreen-Display. Gr\u00f6\u00dfe: 7\"<\/p>\n<p><a href=\"https:\/\/www.creaearredanegozi.it\/wp-content\/uploads\/2023\/04\/DISPLAY_EVERTOUCH_salumi.jpg\"><img decoding=\"async\" class=\"alignnone wp-image-123808 size-full\" src=\"https:\/\/www.creaearredanegozi.it\/wp-content\/uploads\/2023\/04\/DISPLAY_EVERTOUCH_salumi.jpg\" alt=\"\" width=\"941\" height=\"655\" title=\"\" srcset=\"https:\/\/www.creaearredanegozi.it\/wp-content\/uploads\/2023\/04\/DISPLAY_EVERTOUCH_salumi.jpg 941w, https:\/\/www.creaearredanegozi.it\/wp-content\/uploads\/2023\/04\/DISPLAY_EVERTOUCH_salumi-516x359.jpg 516w, https:\/\/www.creaearredanegozi.it\/wp-content\/uploads\/2023\/04\/DISPLAY_EVERTOUCH_salumi-64x45.jpg 64w, https:\/\/www.creaearredanegozi.it\/wp-content\/uploads\/2023\/04\/DISPLAY_EVERTOUCH_salumi-575x400.jpg 575w, https:\/\/www.creaearredanegozi.it\/wp-content\/uploads\/2023\/04\/DISPLAY_EVERTOUCH_salumi-768x535.jpg 768w\" sizes=\"(max-width: 941px) 100vw, 941px\" \/><\/a><\/p>\n<p><strong>10 ricette preimpostate<\/strong><\/p>\n<p><strong>150 ricette completamente personalizzabili<\/strong> einpr\u00e4gsam auf dem Instrument<\/p>\n<p><strong>20 einzelne Schritte f\u00fcr jedes Rezept.<\/strong><\/p>\n<p style=\"text-align: left;\"><strong>Funktionen: <\/strong><\/p>\n<table class=\"table table-striped\" style=\"width: 100%;\" width=\"100%\">\n<tbody>\n<tr>\n<td width=\"295\">Steuerung der L\u00fcftungsgeschwindigkeit<\/td>\n<\/tr>\n<tr>\n<td width=\"295\">T | HR | PH Graphen<\/td>\n<\/tr>\n<tr>\n<td width=\"295\">Visualisierung der Sonde<\/td>\n<\/tr>\n<tr>\n<td style=\"text-align: left;\" width=\"295\">M\u00e4rz-Stopp<\/td>\n<\/tr>\n<tr>\n<td width=\"295\">HACCP-Daten\/Alarmprotokoll<\/td>\n<\/tr>\n<tr>\n<td width=\"295\">Verbleibende Zeit in der Phase<\/td>\n<\/tr>\n<tr>\n<td width=\"395\">Anzeige der aktiven Relais<\/td>\n<\/tr>\n<tr>\n<td width=\"395\">Mehrsprachiges Men\u00fc<\/td>\n<\/tr>\n<tr>\n<td width=\"395\">Schnelle Einstellung und Anzeige von Temperatur und Luftfeuchtigkeit<\/td>\n<\/tr>\n<tr>\n<td width=\"395\">Automatische Abtauung des Verdampfers<\/td>\n<\/tr>\n<tr>\n<td width=\"395\">Software-Aktualisierung<\/td>\n<\/tr>\n<tr>\n<td width=\"395\">Import\/Export von Rezepten, Parametern und aufgezeichneten Daten<\/td>\n<\/tr>\n<tr>\n<td>Wi-Fi-Verbindung f\u00fcr Fernanzeige und -steuerung<\/td>\n<\/tr>\n<\/tbody>\n<\/table>\n<hr \/>\n<p><strong>Technische Daten:<\/strong><\/p>\n<table class=\"table table-striped\" style=\"width: 100%;\">\n<tbody>\n<tr>\n<td>\n<div align=\"left\"><strong>Modell<\/strong><\/div>\n<\/td>\n<td>\n<div align=\"left\"><strong>STG GR\u00dcN ALLE 700 <\/strong><strong>BLACK<\/strong><\/div>\n<\/td>\n<\/tr>\n<tr>\n<td>\n<div align=\"left\">Abmessungen (BxTxH mm)<\/div>\n<\/td>\n<td>\n<div align=\"left\">750 x 850 x 2080<\/div>\n<\/td>\n<\/tr>\n<tr>\n<td>\n<div align=\"left\">Temperatur<\/div>\n<\/td>\n<td>\n<div align=\"left\">0\u00b0 + 30\u00b0C<\/div>\n<div align=\"left\">40% - 95% U.R<\/div>\n<\/td>\n<\/tr>\n<tr>\n<td>\n<div align=\"left\">Leistung des K\u00fchlschranks (in Watt)<\/div>\n<\/td>\n<td>\n<div align=\"left\">498<\/div>\n<\/td>\n<\/tr>\n<tr>\n<td>\n<div align=\"left\">Absorption (Watt)<\/div>\n<\/td>\n<td>\n<div align=\"left\">1800<\/div>\n<\/td>\n<\/tr>\n<tr>\n<td>\n<div align=\"left\">Kapazit\u00e4t<\/div>\n<\/td>\n<td>\n<div align=\"left\">Wurstwaren 100 kg<\/div>\n<\/td>\n<\/tr>\n<tr>\n<td>\n<div align=\"left\">Anzeige<\/div>\n<\/td>\n<td>\n<div align=\"left\">EVERtouch<\/div>\n<\/td>\n<\/tr>\n<tr>\n<td>\n<div align=\"left\">Nettogewicht (kg)<\/div>\n<\/td>\n<td>\n<div align=\"left\">168<\/div>\n<\/td>\n<\/tr>\n<tr>\n<td>\n<div align=\"left\">Bruttogewicht (kg)<\/div>\n<\/td>\n<td>\n<div align=\"left\">188<\/div>\n<\/td>\n<\/tr>\n<\/tbody>\n<\/table>\n<hr \/>\n<p style=\"text-align: center;\"><strong>STANDARDAUSSTATTUNG<\/strong><\/p>\n<table class=\"table table-striped\" style=\"width: 100%;\">\n<tbody>\n<tr>\n<th style=\"width: 25%;\" scope=\"col\"><img decoding=\"async\" class=\"alignnone wp-image-29643\" title=\"Zweit\u00fcrige Gew\u00fcrzvitrine aus rostfreiem Stahl Aisi 304 LCD-Panel VIP-Version Everlasting\" src=\"https:\/\/www.creaearredanegozi.it\/wp-content\/uploads\/2019\/09\/coppia-guide-inox.jpg\" sizes=\"(max-width: 80px) 100vw, 80px\" srcset=\"https:\/\/www.creaearredanegozi.it\/wp-content\/uploads\/2019\/09\/coppia-guide-inox.jpg 150w, https:\/\/www.creaearredanegozi.it\/wp-content\/uploads\/2019\/09\/coppia-guide-inox-100x100.jpg 100w, https:\/\/www.creaearredanegozi.it\/wp-content\/uploads\/2019\/09\/coppia-guide-inox-64x64.jpg 64w\" alt=\"Zweit\u00fcrige Gew\u00fcrzvitrine aus rostfreiem Stahl Aisi 304 LCD-Panel VIP-Version Everlasting\" width=\"80\" height=\"80\" \/><\/th>\n<td style=\"width: 50%;\">\n<p style=\"text-align: center;\">Paare von Edelstahl-F\u00fchrungen SALAMI (40 KG)<\/p>\n<\/td>\n<td style=\"width: 25%;\">\n<div style=\"text-align: center;\">N\u00b0 3<\/div>\n<\/td>\n<\/tr>\n<tr>\n<th style=\"width: 25%;\" scope=\"col\"><img decoding=\"async\" class=\"alignnone wp-image-29647\" title=\"Zweit\u00fcrige Gew\u00fcrzvitrine aus rostfreiem Stahl Aisi 304 LCD-Panel VIP-Version Everlasting\" src=\"https:\/\/www.creaearredanegozi.it\/wp-content\/uploads\/2019\/09\/Barra-in-acciaio-.jpg\" sizes=\"(max-width: 80px) 100vw, 80px\" srcset=\"https:\/\/www.creaearredanegozi.it\/wp-content\/uploads\/2019\/09\/Barra-in-acciaio-.jpg 150w, https:\/\/www.creaearredanegozi.it\/wp-content\/uploads\/2019\/09\/Barra-in-acciaio--100x100.jpg 100w, https:\/\/www.creaearredanegozi.it\/wp-content\/uploads\/2019\/09\/Barra-in-acciaio--64x64.jpg 64w\" alt=\"Zweit\u00fcrige Gew\u00fcrzvitrine aus rostfreiem Stahl Aisi 304 LCD-Panel VIP-Version Everlasting\" width=\"80\" height=\"80\" \/><\/th>\n<td>\n<div style=\"text-align: center;\">Stange aus rostfreiem Stahl f\u00fcr Wursthaken<\/div>\n<\/td>\n<td>\n<div style=\"text-align: center;\">N\u00b0 9<\/div>\n<\/td>\n<\/tr>\n<tr>\n<th style=\"width: 25%;\" scope=\"col\">\n<div style=\"text-align: center;\"><img decoding=\"async\" class=\"alignnone wp-image-29648\" title=\"Zweit\u00fcrige Gew\u00fcrzvitrine aus rostfreiem Stahl Aisi 304 LCD-Panel VIP-Version Everlasting\" src=\"https:\/\/www.creaearredanegozi.it\/wp-content\/uploads\/2019\/09\/Gancio.jpg\" sizes=\"(max-width: 80px) 100vw, 80px\" srcset=\"https:\/\/www.creaearredanegozi.it\/wp-content\/uploads\/2019\/09\/Gancio.jpg 150w, https:\/\/www.creaearredanegozi.it\/wp-content\/uploads\/2019\/09\/Gancio-100x100.jpg 100w, https:\/\/www.creaearredanegozi.it\/wp-content\/uploads\/2019\/09\/Gancio-64x64.jpg 64w\" alt=\"Zweit\u00fcrige Gew\u00fcrzvitrine aus rostfreiem Stahl Aisi 304 LCD-Panel VIP-Version Everlasting\" width=\"80\" height=\"80\" \/><\/div>\n<\/th>\n<td>\n<div style=\"text-align: center;\">Wursthaken<\/div>\n<\/td>\n<td style=\"text-align: center;\">N. 36<\/td>\n<\/tr>\n<\/tbody>\n<\/table>\n<table style=\"height: auto; width: 100%; border-collapse: collapse;\">\n<tbody>\n<tr style=\"height: 80px;\">\n<td style=\"height: auto; width: 39.9103%; text-align: center;\" colspan=\"4\"><strong>FERNVERBINDUNG ALS STANDARD<\/strong><br \/>\nMeatico stellt \u00fcber ein Wi-Fi-Netzwerk automatisch eine Verbindung zur Cloud her, so dass der Betrieb und die Parameter des Schranks oder der Zelle aus der Ferne verwaltet werden k\u00f6nnen.<\/td>\n<\/tr>\n<tr style=\"height: 284px;\">\n<td style=\"width: 39.9103%;\" rowspan=\"2\"><img decoding=\"async\" class=\"alignnone wp-image-123909 size-full\" src=\"https:\/\/www.creaearredanegozi.it\/wp-content\/uploads\/2019\/09\/App-Everlasting.jpg\" alt=\"\" width=\"479\" height=\"800\" title=\"\" srcset=\"https:\/\/www.creaearredanegozi.it\/wp-content\/uploads\/2019\/09\/App-Everlasting.jpg 479w, https:\/\/www.creaearredanegozi.it\/wp-content\/uploads\/2019\/09\/App-Everlasting-64x107.jpg 64w, https:\/\/www.creaearredanegozi.it\/wp-content\/uploads\/2019\/09\/App-Everlasting-240x400.jpg 240w\" sizes=\"(max-width: 479px) 100vw, 479px\" \/><\/td>\n<td style=\"width: 20%; height: auto; text-align: center;\"><img decoding=\"async\" class=\"alignnone wp-image-123910 size-full\" src=\"https:\/\/www.creaearredanegozi.it\/wp-content\/uploads\/2019\/09\/Ciclo.jpg\" alt=\"\" width=\"120\" height=\"120\" title=\"\" srcset=\"https:\/\/www.creaearredanegozi.it\/wp-content\/uploads\/2019\/09\/Ciclo.jpg 120w, https:\/\/www.creaearredanegozi.it\/wp-content\/uploads\/2019\/09\/Ciclo-100x100.jpg 100w, https:\/\/www.creaearredanegozi.it\/wp-content\/uploads\/2019\/09\/Ciclo-64x64.jpg 64w\" sizes=\"(max-width: 120px) 100vw, 120px\" \/><\/p>\n<p>Visualisierung<br \/>\naktueller Zyklus<\/td>\n<td style=\"width: 20%; height: auto; text-align: center;\"><img decoding=\"async\" class=\"alignnone wp-image-123907 size-full\" src=\"https:\/\/www.creaearredanegozi.it\/wp-content\/uploads\/2019\/09\/Accensione.jpg\" alt=\"\" width=\"113\" height=\"113\" title=\"\" srcset=\"https:\/\/www.creaearredanegozi.it\/wp-content\/uploads\/2019\/09\/Accensione.jpg 113w, https:\/\/www.creaearredanegozi.it\/wp-content\/uploads\/2019\/09\/Accensione-100x100.jpg 100w, https:\/\/www.creaearredanegozi.it\/wp-content\/uploads\/2019\/09\/Accensione-64x64.jpg 64w\" sizes=\"(max-width: 113px) 100vw, 113px\" \/><\/p>\n<p>Ein- und Ausschalten<br \/>\ndes Ger\u00e4ts<\/td>\n<td style=\"width: 20%; height: auto; text-align: center;\"><img decoding=\"async\" class=\"alignnone wp-image-123911 size-full\" src=\"https:\/\/www.creaearredanegozi.it\/wp-content\/uploads\/2019\/09\/Grafico.jpg\" alt=\"\" width=\"120\" height=\"120\" title=\"\" srcset=\"https:\/\/www.creaearredanegozi.it\/wp-content\/uploads\/2019\/09\/Grafico.jpg 120w, https:\/\/www.creaearredanegozi.it\/wp-content\/uploads\/2019\/09\/Grafico-100x100.jpg 100w, https:\/\/www.creaearredanegozi.it\/wp-content\/uploads\/2019\/09\/Grafico-64x64.jpg 64w\" sizes=\"(max-width: 120px) 100vw, 120px\" \/><\/p>\n<p>Visualisierung von Grafiken<br \/>\naktueller Zyklus<\/td>\n<\/tr>\n<tr style=\"height: 51px;\">\n<td style=\"width: 20%; height: 55px; text-align: center;\"><img decoding=\"async\" class=\"alignnone wp-image-123908 size-full\" src=\"https:\/\/www.creaearredanegozi.it\/wp-content\/uploads\/2019\/09\/Allarmi.jpg\" alt=\"\" width=\"120\" height=\"120\" title=\"\" srcset=\"https:\/\/www.creaearredanegozi.it\/wp-content\/uploads\/2019\/09\/Allarmi.jpg 120w, https:\/\/www.creaearredanegozi.it\/wp-content\/uploads\/2019\/09\/Allarmi-100x100.jpg 100w, https:\/\/www.creaearredanegozi.it\/wp-content\/uploads\/2019\/09\/Allarmi-64x64.jpg 64w\" sizes=\"(max-width: 120px) 100vw, 120px\" \/><\/p>\n<p>Bekanntmachung und Verwaltung von<br \/>\nm\u00f6gliche Alarme<\/td>\n<td style=\"width: 20%; height: 55px; text-align: center;\"><img decoding=\"async\" class=\"alignnone wp-image-123913 size-full\" src=\"https:\/\/www.creaearredanegozi.it\/wp-content\/uploads\/2019\/09\/Ricette.jpg\" alt=\"\" width=\"119\" height=\"120\" title=\"\" srcset=\"https:\/\/www.creaearredanegozi.it\/wp-content\/uploads\/2019\/09\/Ricette.jpg 119w, https:\/\/www.creaearredanegozi.it\/wp-content\/uploads\/2019\/09\/Ricette-100x100.jpg 100w, https:\/\/www.creaearredanegozi.it\/wp-content\/uploads\/2019\/09\/Ricette-64x65.jpg 64w\" sizes=\"(max-width: 119px) 100vw, 119px\" \/><\/p>\n<p>Erstellung von<br \/>\nneue Rezepte<\/td>\n<td style=\"width: 20%; height: 55px; text-align: center;\"><img decoding=\"async\" class=\"alignnone wp-image-123912 size-full\" src=\"https:\/\/www.creaearredanegozi.it\/wp-content\/uploads\/2019\/09\/parametri.jpg\" alt=\"\" width=\"120\" height=\"120\" title=\"\" srcset=\"https:\/\/www.creaearredanegozi.it\/wp-content\/uploads\/2019\/09\/parametri.jpg 120w, https:\/\/www.creaearredanegozi.it\/wp-content\/uploads\/2019\/09\/parametri-100x100.jpg 100w, https:\/\/www.creaearredanegozi.it\/wp-content\/uploads\/2019\/09\/parametri-64x64.jpg 64w\" sizes=\"(max-width: 120px) 100vw, 120px\" \/><\/p>\n<p>Visualisierung und<br \/>\nBearbeitungsparameter<\/td>\n<\/tr>\n<\/tbody>\n<\/table>","protected":false},"excerpt":{"rendered":"<p>Stagionatore Salumi porta a vetro pannello touch MEATico Everlasting Lo Stagionatore Carni Everlasting \u00e8 realizzato con l\u2019aiuto di esperti e professionisti che operano nell&#8217;industria della carne. Quando non si ha a disposizione una cantina o un luogo adatto alla maturazione e conservazione di prodotti artigianali, che sia sicuro e protetto da interferenze climatiche e ambientali, [&#8230;]","protected":false},"featured_media":123797,"comment_status":"closed","ping_status":"closed","template":"","meta":{"_monsterinsights_skip_tracking":false,"_monsterinsights_sitenote_active":false,"_monsterinsights_sitenote_note":"","_monsterinsights_sitenote_category":0},"product_brand":[743],"product_cat":[21],"product_tag":[],"class_list":{"0":"post-29725","1":"product","2":"type-product","3":"status-publish","4":"has-post-thumbnail","6":"product_brand-everlasting","7":"product_cat-stagionatori-e-frollatori","9":"first","10":"instock","11":"taxable","12":"shipping-taxable","13":"purchasable","14":"product-type-simple"},"_links":{"self":[{"href":"https:\/\/www.creaearredanegozi.it\/de\/wp-json\/wp\/v2\/product\/29725","targetHints":{"allow":["GET"]}}],"collection":[{"href":"https:\/\/www.creaearredanegozi.it\/de\/wp-json\/wp\/v2\/product"}],"about":[{"href":"https:\/\/www.creaearredanegozi.it\/de\/wp-json\/wp\/v2\/types\/product"}],"replies":[{"embeddable":true,"href":"https:\/\/www.creaearredanegozi.it\/de\/wp-json\/wp\/v2\/comments?post=29725"}],"wp:featuredmedia":[{"embeddable":true,"href":"https:\/\/www.creaearredanegozi.it\/de\/wp-json\/wp\/v2\/media\/123797"}],"wp:attachment":[{"href":"https:\/\/www.creaearredanegozi.it\/de\/wp-json\/wp\/v2\/media?parent=29725"}],"wp:term":[{"taxonomy":"product_brand","embeddable":true,"href":"https:\/\/www.creaearredanegozi.it\/de\/wp-json\/wp\/v2\/product_brand?post=29725"},{"taxonomy":"product_cat","embeddable":true,"href":"https:\/\/www.creaearredanegozi.it\/de\/wp-json\/wp\/v2\/product_cat?post=29725"},{"taxonomy":"product_tag","embeddable":true,"href":"https:\/\/www.creaearredanegozi.it\/de\/wp-json\/wp\/v2\/product_tag?post=29725"}],"curies":[{"name":"wp","href":"https:\/\/api.w.org\/{rel}","templated":true}]}}