{"id":29803,"date":"2019-09-23T18:02:16","date_gmt":"2019-09-23T16:02:16","guid":{"rendered":"https:\/\/www.creaearredanegozi.it\/?post_type=product&#038;p=29803"},"modified":"2023-07-03T19:57:20","modified_gmt":"2023-07-03T17:57:20","slug":"zweiturige-gewurzvitrine-schwarz-kunststoffbeschichteter-stahl-mit-touchpanel-fur-immer","status":"publish","type":"product","link":"https:\/\/www.creaearredanegozi.it\/de\/zweiturige-gewurzvitrine-schwarz-kunststoffbeschichteter-stahl-mit-touchpanel-fur-immer\/","title":{"rendered":"Zweit\u00fcrige Gew\u00fcrzvitrine schwarz kunststoffbeschichteter Stahl Touchpanel Everlasting"},"content":{"rendered":"<div id=\"text-488610770\" class=\"text\">\n\t\t\n<h2><strong>MEATico Unverg\u00e4ngliches W\u00fcrzdisplay f\u00fcr Wurstwaren<\/strong><\/h2>\n<p>Die Everlasting Seasoning Machine wurde mit Hilfe von Experten und Fachleuten aus der Fleischindustrie entwickelt.<br \/>\nWenn man nicht \u00fcber einen Keller oder einen geeigneten Ort f\u00fcr die Reifung und Lagerung von handwerklichen Produkten verf\u00fcgt, der sicher und vor Klima- und Umwelteinfl\u00fcssen gesch\u00fctzt ist, k\u00f6nnen die Ergebnisse leicht beeintr\u00e4chtigt werden.<\/p>\n<p>Die Seasoning Machine wurde als Antwort auf die Notwendigkeit eines modernen Weinkellers entwickelt, mit dem die perfekten Bedingungen f\u00fcr die Zubereitung von Wein geschaffen werden k\u00f6nnen. <strong>Gew\u00fcrze<\/strong> e <strong>Rollender<\/strong>das ganze Jahr \u00fcber, sicher und auf ganz nat\u00fcrliche Weise.<\/p>\n<p><strong>Merkmale:<\/strong><\/p>\n<ul>\n<li>Innenseite aus hochglanzpoliertem Edelstahl AISI 304<\/li>\n<li>Schwarzes kunststoffbeschichtetes Stahlgeh\u00e4use mit Glast\u00fcr<\/li>\n<li>D\u00c4MMUNG Dicke 75 mm, Polyurethan hoher Dichte<\/li>\n<li>Automatische Kondenswasserverdunstung<\/li>\n<li>KONDENSATSAMMELUNG mit herausnehmbarer Wanne.<\/li>\n<li>H\u00f6henverstellbare F\u00fc\u00dfe aus rostfreiem Stahl (130-200 mm).<\/li>\n<li>Innenbeleuchtung mit K4000 LED-Leisten<\/li>\n<li>SELBSTSCHLIESSENDE T\u00dcREN mit 105\u00b0-Rastung, leicht austauschbare Magnetdichtungen, Verriegelung mit KEY.<\/li>\n<li>HACCP ALARMS Management.<\/li>\n<li>Bel\u00fcfteter Verdampfer mit luftgek\u00fchltem Verfl\u00fcssigungssatz - K\u00e4ltemittelgas R290<\/li>\n<li>Innen aus hochglanzpoliertem Edelstahl AISI 304, au\u00dfen aus schwarz kunststoffbeschichtetem Stahl mit Glast\u00fcr.<\/li>\n<li>GELIEFERTE AUSR\u00dcSTUNG: Stangen und Haken aus rostfreiem Stahl zum P\u00f6keln von W\u00fcrsten<\/li>\n<li>Wi-Fi-Anschlussmodul f\u00fcr die Fernverwaltung<\/li>\n<li>STANDARDM\u00c4SSIGE FERNVERBINDUNG: meatico verbindet sich automatisch \u00fcber das Wi-Fi-Netzwerk mit der Cloud und erm\u00f6glicht die Fernverwaltung des Schrankbetriebs und der Parameter \u00fcber die App<\/li>\n<li>Widerstandsbefeuchtereinheit als Standard (Wasseranschluss erforderlich)<\/li>\n<li>Elektronisches Bedienfeld EVERtouch mit 7\"-Touchscreen-Display<\/li>\n<\/ul>\n<hr \/>\n<p style=\"text-align: center;\"><strong>Evertouch-Bedienfeld<\/strong><\/p>\n\t\t\n<style>\n#text-488610770 {\n  line-height: 1.1;\n}\n<\/style>\n\t<\/div>\n\t\n<div class=\"slider-wrapper relative\" id=\"slider-770756434\" >\n    <div class=\"slider slider-nav-circle slider-nav-large slider-nav-dark slider-style-container\"\n        data-flickity-options='{            \"cellAlign\": \"center\",            \"imagesLoaded\": true,            \"lazyLoad\": 1,            \"freeScroll\": true,            \"wrapAround\": true,            \"autoPlay\": 4500,            \"pauseAutoPlayOnHover\" : true,            \"prevNextButtons\": true,            \"contain\" : true,            \"adaptiveHeight\" : true,            \"dragThreshold\" : 10,            \"percentPosition\": true,            \"pageDots\": true,            \"rightToLeft\": false,            \"draggable\": true,            \"selectedAttraction\": 0.1,            \"parallax\" : 0,            \"friction\": 0.6        }'\n        >\n        \n\t<div class=\"img has-hover x md-x lg-x y md-y lg-y\" id=\"image_296083846\">\n\t\t\t\t\t\t\t\t<div class=\"img-inner dark\" >\n\t\t\t<img decoding=\"async\" width=\"941\" height=\"655\" src=\"https:\/\/www.creaearredanegozi.it\/wp-content\/uploads\/2023\/04\/DISPLAY_EVERTOUCH_salumi.jpg\" class=\"attachment-large size-large\" alt=\"\" srcset=\"https:\/\/www.creaearredanegozi.it\/wp-content\/uploads\/2023\/04\/DISPLAY_EVERTOUCH_salumi.jpg 941w, https:\/\/www.creaearredanegozi.it\/wp-content\/uploads\/2023\/04\/DISPLAY_EVERTOUCH_salumi-516x359.jpg 516w, https:\/\/www.creaearredanegozi.it\/wp-content\/uploads\/2023\/04\/DISPLAY_EVERTOUCH_salumi-64x45.jpg 64w, https:\/\/www.creaearredanegozi.it\/wp-content\/uploads\/2023\/04\/DISPLAY_EVERTOUCH_salumi-575x400.jpg 575w, https:\/\/www.creaearredanegozi.it\/wp-content\/uploads\/2023\/04\/DISPLAY_EVERTOUCH_salumi-768x535.jpg 768w\" sizes=\"(max-width: 941px) 100vw, 941px\" title=\"\">\t\t\t\t\t\t\n\t\t\t\t\t<\/div>\n\t\t\t\t\t\t\t\t\n<style>\n#image_296083846 {\n  width: 100%;\n}\n<\/style>\n\t<\/div>\n\t\n\t<div class=\"img has-hover x md-x lg-x y md-y lg-y\" id=\"image_1013747924\">\n\t\t\t\t\t\t\t\t<div class=\"img-inner dark\" >\n\t\t\t<img decoding=\"async\" width=\"941\" height=\"655\" src=\"https:\/\/www.creaearredanegozi.it\/wp-content\/uploads\/2023\/04\/DISPLAY_EVERTOUCH_formaggi.jpg\" class=\"attachment-large size-large\" alt=\"\" srcset=\"https:\/\/www.creaearredanegozi.it\/wp-content\/uploads\/2023\/04\/DISPLAY_EVERTOUCH_formaggi.jpg 941w, https:\/\/www.creaearredanegozi.it\/wp-content\/uploads\/2023\/04\/DISPLAY_EVERTOUCH_formaggi-516x359.jpg 516w, https:\/\/www.creaearredanegozi.it\/wp-content\/uploads\/2023\/04\/DISPLAY_EVERTOUCH_formaggi-64x45.jpg 64w, https:\/\/www.creaearredanegozi.it\/wp-content\/uploads\/2023\/04\/DISPLAY_EVERTOUCH_formaggi-575x400.jpg 575w, https:\/\/www.creaearredanegozi.it\/wp-content\/uploads\/2023\/04\/DISPLAY_EVERTOUCH_formaggi-768x535.jpg 768w\" sizes=\"(max-width: 941px) 100vw, 941px\" title=\"\">\t\t\t\t\t\t\n\t\t\t\t\t<\/div>\n\t\t\t\t\t\t\t\t\n<style>\n#image_1013747924 {\n  width: 100%;\n}\n<\/style>\n\t<\/div>\n\t\n\t<div class=\"img has-hover x md-x lg-x y md-y lg-y\" id=\"image_1898345214\">\n\t\t\t\t\t\t\t\t<div class=\"img-inner dark\" >\n\t\t\t<img decoding=\"async\" width=\"941\" height=\"655\" src=\"https:\/\/www.creaearredanegozi.it\/wp-content\/uploads\/2023\/04\/DISPLAY_EVERTOUCH_carne.jpg\" class=\"attachment-large size-large\" alt=\"\" srcset=\"https:\/\/www.creaearredanegozi.it\/wp-content\/uploads\/2023\/04\/DISPLAY_EVERTOUCH_carne.jpg 941w, https:\/\/www.creaearredanegozi.it\/wp-content\/uploads\/2023\/04\/DISPLAY_EVERTOUCH_carne-516x359.jpg 516w, https:\/\/www.creaearredanegozi.it\/wp-content\/uploads\/2023\/04\/DISPLAY_EVERTOUCH_carne-64x45.jpg 64w, https:\/\/www.creaearredanegozi.it\/wp-content\/uploads\/2023\/04\/DISPLAY_EVERTOUCH_carne-575x400.jpg 575w, https:\/\/www.creaearredanegozi.it\/wp-content\/uploads\/2023\/04\/DISPLAY_EVERTOUCH_carne-768x535.jpg 768w\" sizes=\"(max-width: 941px) 100vw, 941px\" title=\"\">\t\t\t\t\t\t\n\t\t\t\t\t<\/div>\n\t\t\t\t\t\t\t\t\n<style>\n#image_1898345214 {\n  width: 100%;\n}\n<\/style>\n\t<\/div>\n\t\n     <\/div>\n\n     <div class=\"loading-spin dark large centered\"><\/div>\n\n\t<\/div>\n\n\n<hr \/>\n<p><strong>10 voreingestellte Rezepte<\/strong>. Die vorgegebenen Rezepte sind ein Leitfaden, den man befolgen und je nach Bedarf ab\u00e4ndern kann.<br \/>\n<strong>150 programmierbare Rezepte<\/strong><br \/>\n<strong>20 einzelne Schritte f\u00fcr jedes Rezept<\/strong><\/p>\n<p style=\"text-align: left;\"><strong>Funktionen: <\/strong><\/p>\n<table class=\"table table-striped\" style=\"width: 100%;\" width=\"100%\">\n<tbody>\n<tr>\n<td width=\"295\">Visualisierung der Sonde<\/td>\n<\/tr>\n<tr>\n<td width=\"295\">Anzeige der aktiven Relais<\/td>\n<\/tr>\n<tr>\n<td style=\"text-align: left;\" width=\"295\">Mehrsprachiges Men\u00fc<\/td>\n<\/tr>\n<tr>\n<td width=\"295\">Automatische Abtauung des Verdampfers<\/td>\n<\/tr>\n<tr>\n<td width=\"295\">HACCP-Alarmprotokoll<\/td>\n<\/tr>\n<tr>\n<td width=\"395\">Keimt\u00f6tende LED-UVC-Lampe (optional)<\/td>\n<\/tr>\n<\/tbody>\n<\/table>\n<p>&nbsp;<\/p>\n<hr \/>\n<p><strong>Technische Daten:<\/strong><\/p>\n<table class=\"table table-striped\" style=\"width: 100%;\">\n<tbody>\n<tr>\n<td>\n<div align=\"left\"><strong>Modell<\/strong><\/div>\n<\/td>\n<td>\n<div align=\"left\"><strong>STG GR\u00dcN ALLE 1500 SCHWARZ S<\/strong><\/div>\n<\/td>\n<\/tr>\n<tr>\n<td>\n<div align=\"left\">Abmessungen (BxTxH mm)<\/div>\n<\/td>\n<td>\n<div align=\"left\">150 x 850 x 2080<\/div>\n<\/td>\n<\/tr>\n<tr>\n<td>\n<div align=\"left\">Kapazit\u00e4t (Lt)<\/div>\n<\/td>\n<td>\n<div align=\"left\">1365<\/div>\n<\/td>\n<\/tr>\n<tr>\n<td>\n<div align=\"left\">Temperatur<\/div>\n<\/td>\n<td>\n<div align=\"left\">0\u00b0 + 30\u00b0C<\/div>\n<div align=\"left\">40% - 95% U.R<\/div>\n<\/td>\n<\/tr>\n<tr>\n<td>\n<div align=\"left\">Leistung des K\u00fchlschranks (in Watt)<\/div>\n<\/td>\n<td>\n<div align=\"left\">1040<\/div>\n<\/td>\n<\/tr>\n<tr>\n<td>\n<div align=\"left\">Absorption (Watt)<\/div>\n<\/td>\n<td>\n<div align=\"left\">2600<\/div>\n<\/td>\n<\/tr>\n<tr>\n<td>\n<div align=\"left\">Kapazit\u00e4t Ver. S<\/div>\n<\/td>\n<td>\n<div align=\"left\">Wurstwaren 200 kg<\/div>\n<\/td>\n<\/tr>\n<tr>\n<td>\n<div align=\"left\">Anzeige<\/div>\n<\/td>\n<td>\n<div align=\"left\">Evertouch<\/div>\n<\/td>\n<\/tr>\n<tr>\n<td>\n<div align=\"left\">GAS<\/div>\n<\/td>\n<td>\n<div align=\"left\">R290<\/div>\n<\/td>\n<\/tr>\n<tr>\n<td>\n<div align=\"left\">Nettogewicht (kg)<\/div>\n<\/td>\n<td>\n<div align=\"left\">305<\/div>\n<\/td>\n<\/tr>\n<tr>\n<td>\n<div align=\"left\">Bruttogewicht (kg)<\/div>\n<\/td>\n<td>\n<div align=\"left\">330<\/div>\n<\/td>\n<\/tr>\n<\/tbody>\n<\/table>\n<p>&nbsp;<\/p>\n<hr \/>\n<p>&nbsp;<\/p>\n<p style=\"text-align: center;\"><strong>STANDARDAUSSTATTUNG<\/strong><\/p>\n<table class=\"table table-striped\" style=\"width: 100%;\">\n<tbody>\n<tr>\n<td style=\"width: 80%; text-align: center;\">\n<div>\n<p>Paare von Edelstahl-F\u00fchrungen SALAMI (40 KG)<\/p>\n<p><img decoding=\"async\" class=\"alignnone wp-image-29643\" title=\"Zweit\u00fcrige Gew\u00fcrzvitrine aus rostfreiem Stahl Aisi 304 LCD-Panel VIP-Version Everlasting\" src=\"https:\/\/www.creaearredanegozi.it\/wp-content\/uploads\/2019\/09\/coppia-guide-inox.jpg\" sizes=\"(max-width: 80px) 100vw, 80px\" srcset=\"https:\/\/www.creaearredanegozi.it\/wp-content\/uploads\/2019\/09\/coppia-guide-inox.jpg 150w, https:\/\/www.creaearredanegozi.it\/wp-content\/uploads\/2019\/09\/coppia-guide-inox-100x100.jpg 100w, https:\/\/www.creaearredanegozi.it\/wp-content\/uploads\/2019\/09\/coppia-guide-inox-64x64.jpg 64w\" alt=\"Zweit\u00fcrige Gew\u00fcrzvitrine aus rostfreiem Stahl Aisi 304 LCD-Panel VIP-Version Everlasting\" width=\"80\" height=\"80\" \/><\/p>\n<\/div>\n<\/td>\n<td>\n<div style=\"text-align: center;\">N\u00b0 6<\/div>\n<\/td>\n<\/tr>\n<tr>\n<td style=\"width: 80%; text-align: center;\">\n<div>Stange aus rostfreiem Stahl f\u00fcr Wursthaken<\/div>\n<div><img decoding=\"async\" class=\"alignnone wp-image-29647\" title=\"Zweit\u00fcrige Gew\u00fcrzvitrine aus rostfreiem Stahl Aisi 304 LCD-Panel VIP-Version Everlasting\" src=\"https:\/\/www.creaearredanegozi.it\/wp-content\/uploads\/2019\/09\/Barra-in-acciaio-.jpg\" sizes=\"(max-width: 80px) 100vw, 80px\" srcset=\"https:\/\/www.creaearredanegozi.it\/wp-content\/uploads\/2019\/09\/Barra-in-acciaio-.jpg 150w, https:\/\/www.creaearredanegozi.it\/wp-content\/uploads\/2019\/09\/Barra-in-acciaio--100x100.jpg 100w, https:\/\/www.creaearredanegozi.it\/wp-content\/uploads\/2019\/09\/Barra-in-acciaio--64x64.jpg 64w\" alt=\"Zweit\u00fcrige Gew\u00fcrzvitrine aus rostfreiem Stahl Aisi 304 LCD-Panel VIP-Version Everlasting\" width=\"80\" height=\"80\" \/><\/div>\n<\/td>\n<td style=\"width: 20%; text-align: center;\">\n<div>N\u00b0 18<\/div>\n<\/td>\n<\/tr>\n<tr>\n<td>\n<div style=\"text-align: center;\">Wursthaken<\/div>\n<div style=\"text-align: center;\"><img decoding=\"async\" class=\"alignnone wp-image-29648\" title=\"Zweit\u00fcrige Gew\u00fcrzvitrine aus rostfreiem Stahl Aisi 304 LCD-Panel VIP-Version Everlasting\" src=\"https:\/\/www.creaearredanegozi.it\/wp-content\/uploads\/2019\/09\/Gancio.jpg\" sizes=\"(max-width: 80px) 100vw, 80px\" srcset=\"https:\/\/www.creaearredanegozi.it\/wp-content\/uploads\/2019\/09\/Gancio.jpg 150w, https:\/\/www.creaearredanegozi.it\/wp-content\/uploads\/2019\/09\/Gancio-100x100.jpg 100w, https:\/\/www.creaearredanegozi.it\/wp-content\/uploads\/2019\/09\/Gancio-64x64.jpg 64w\" alt=\"Zweit\u00fcrige Gew\u00fcrzvitrine aus rostfreiem Stahl Aisi 304 LCD-Panel VIP-Version Everlasting\" width=\"80\" height=\"80\" \/><\/div>\n<\/td>\n<td style=\"text-align: center;\">N. 72<\/td>\n<\/tr>\n<tr>\n<td colspan=\"2\">\n<div style=\"text-align: center;\"><em>geeignet zur Bildung von 3+3 Ebenen mit je 3 St\u00e4ben, 12 Haken pro Ebene (4 Haken pro Stab)<\/em><\/div>\n<\/td>\n<\/tr>\n<\/tbody>\n<\/table>\n<hr \/>\n<p style=\"text-align: center;\"><strong>OPTIONAL<\/strong><br \/>\n<em>auf Anfrage<\/em><\/p>\n<table style=\"border-collapse: collapse; width: 100%;\">\n<tbody>\n<tr>\n<td style=\"width: 50%; text-align: center;\">\n<div style=\"text-align: center;\" align=\"left\">Keimt\u00f6tende U.V.C.-Lampe<\/div>\n<\/td>\n<td style=\"width: 50%; text-align: center;\">W\u00e4gezelle zum Wiegen von Probenwurst<\/td>\n<\/tr>\n<tr>\n<td style=\"width: 50%; text-align: center;\">Drehbares Karussell zum Aufh\u00e4ngen von W\u00fcrsten<\/td>\n<td style=\"width: 50%; text-align: center;\">Produkttemperatur-Stiftsonde<\/td>\n<\/tr>\n<tr>\n<td style=\"width: 50%; text-align: center;\">Ph-Messsonde in EVERtouch-Elektronik integriert<\/td>\n<td style=\"width: 50%; text-align: center;\">Tragbares Ph-Messger\u00e4t<\/td>\n<\/tr>\n<tr>\n<td style=\"width: 50%; text-align: center;\">Anwendung der R\u00e4der<\/td>\n<td style=\"width: 50%; text-align: center;\">Sockel zur Abdeckung der F\u00fc\u00dfe (nicht verf\u00fcgbar, wenn R\u00e4der vorhanden sind)<\/td>\n<\/tr>\n<\/tbody>\n<\/table>","protected":false},"excerpt":{"rendered":"<p>10 ricette pre-impostate. Le ricette pre-impostate sono una linea guida da seguire e modificare a seconda delle proprie esigenze. 150 ricette programmabili 20 fasi distinte per ogni ricetta Funzioni: Visualizzazione sonde Visualizzazione rel\u00e8 attivi Men\u00f9 multilingua Sbrinamento automatico evaporatore Registro allarmi HACCP Lampada UVC germicida a LED (Optional) &nbsp; Dati tecnici: Modello STG GREEN ALL [&#8230;]","protected":false},"featured_media":123971,"comment_status":"closed","ping_status":"closed","template":"","meta":{"_monsterinsights_skip_tracking":false,"_monsterinsights_sitenote_active":false,"_monsterinsights_sitenote_note":"","_monsterinsights_sitenote_category":0},"product_brand":[743],"product_cat":[21],"product_tag":[],"class_list":{"0":"post-29803","1":"product","2":"type-product","3":"status-publish","4":"has-post-thumbnail","6":"product_brand-everlasting","7":"product_cat-stagionatori-e-frollatori","9":"first","10":"instock","11":"taxable","12":"shipping-taxable","13":"purchasable","14":"product-type-simple"},"_links":{"self":[{"href":"https:\/\/www.creaearredanegozi.it\/de\/wp-json\/wp\/v2\/product\/29803","targetHints":{"allow":["GET"]}}],"collection":[{"href":"https:\/\/www.creaearredanegozi.it\/de\/wp-json\/wp\/v2\/product"}],"about":[{"href":"https:\/\/www.creaearredanegozi.it\/de\/wp-json\/wp\/v2\/types\/product"}],"replies":[{"embeddable":true,"href":"https:\/\/www.creaearredanegozi.it\/de\/wp-json\/wp\/v2\/comments?post=29803"}],"wp:featuredmedia":[{"embeddable":true,"href":"https:\/\/www.creaearredanegozi.it\/de\/wp-json\/wp\/v2\/media\/123971"}],"wp:attachment":[{"href":"https:\/\/www.creaearredanegozi.it\/de\/wp-json\/wp\/v2\/media?parent=29803"}],"wp:term":[{"taxonomy":"product_brand","embeddable":true,"href":"https:\/\/www.creaearredanegozi.it\/de\/wp-json\/wp\/v2\/product_brand?post=29803"},{"taxonomy":"product_cat","embeddable":true,"href":"https:\/\/www.creaearredanegozi.it\/de\/wp-json\/wp\/v2\/product_cat?post=29803"},{"taxonomy":"product_tag","embeddable":true,"href":"https:\/\/www.creaearredanegozi.it\/de\/wp-json\/wp\/v2\/product_tag?post=29803"}],"curies":[{"name":"wp","href":"https:\/\/api.w.org\/{rel}","templated":true}]}}