{"id":29806,"date":"2019-09-23T18:07:08","date_gmt":"2019-09-23T16:07:08","guid":{"rendered":"https:\/\/www.creaearredanegozi.it\/?post_type=product&#038;p=29806"},"modified":"2023-07-03T19:57:20","modified_gmt":"2023-07-03T17:57:20","slug":"vetrina-stagionatore-due-porte-carni-e-formaggi-acciaio-plastificato-nero-pannello-touch-everlasting","status":"publish","type":"product","link":"https:\/\/www.creaearredanegozi.it\/de\/vetrina-stagionatore-due-porte-carni-e-formaggi-acciaio-plastificato-nero-pannello-touch-everlasting\/","title":{"rendered":"Fleischp\u00f6kelmaschine 2 Glast\u00fcren schwarz kunststoffbeschichteter Stahl Touchpanel Everlasting"},"content":{"rendered":"<p><strong>Friteuse Glast\u00fcr Touchpanel MEATico Everlasting<\/strong><\/p>\n<p>Der Everlasting Meat Seasoner wurde mit Hilfe von Experten und Fachleuten aus der Fleischindustrie entwickelt.<br \/>\nWenn man nicht \u00fcber einen Keller oder einen geeigneten Ort f\u00fcr die Reifung und Lagerung von handwerklichen Produkten verf\u00fcgt, der sicher und vor Klima- und Umwelteinfl\u00fcssen gesch\u00fctzt ist, k\u00f6nnen die Ergebnisse leicht beeintr\u00e4chtigt werden.<\/p>\n<p>Die Seasoning Machine wurde als Antwort auf die Notwendigkeit eines modernen Weinkellers entwickelt, mit dem die perfekten Bedingungen f\u00fcr die Zubereitung von Wein geschaffen werden k\u00f6nnen. <strong>Gew\u00fcrze<\/strong> e <strong>Rollender<\/strong>das ganze Jahr \u00fcber, sicher und auf ganz nat\u00fcrliche Weise.<\/p>\n<div class=\"row row-boxed\"  id=\"row-1100462695\">\n\n\t<div id=\"col-427600070\" class=\"col medium-1\/1 large-12\"  data-animate=\"fadeInLeft\">\n\t\t\t\t<div class=\"col-inner\"  >\n\t\t\t\n\t\t\t\n<h3><span style=\"font-size: 100%;\"><strong>Eigenschaften<\/strong><\/span><\/h3>\n<p><span style=\"font-size: 100%;\"><div class=\"is-divider divider clearfix\" ><\/div><\/span><\/p>\n<ul>\n<li><span style=\"font-size: 100%;\">Schwarzes kunststoffbeschichtetes Stahlgeh\u00e4use mit Glast\u00fcr<\/span><\/li>\n<li><span style=\"font-size: 100%;\">Interno in acciaio inox AISI 304 lucido a specchio, con spigoli arrotondati e fondo stampato<\/span><\/li>\n<li><span style=\"font-size: 100%;\">Gestelle, Haken, Roste und F\u00fchrungen aus Edelstahl AISI 304<\/span><\/li>\n<li><span style=\"font-size: 100%;\">Leicht austauschbares Monoblock-K\u00fchlaggregat<\/span><\/li>\n<li><span style=\"font-size: 100%;\">Bel\u00fcftete K\u00fchlung mit kataphoresebehandeltem Verdampfer<\/span><\/li>\n<li><span style=\"font-size: 100%;\">Luftgek\u00fchlter Verfl\u00fcssigungssatz der Klasse N (max. +32\u00b0C)<\/span><\/li>\n<li><span style=\"font-size: 100%;\">Automatische Abtauung mit elektrischem Heizelement<\/span><\/li>\n<li><span style=\"font-size: 100%;\">Automatische Kondensatverdampfung mit selbstregulierendem elektrischen Heizelement<\/span><\/li>\n<li><span style=\"font-size: 100%;\">D\u00c4MMUNG Dicke 75 mm, Polyurethan hoher Dichte (42 kg\/m3).<\/span><\/li>\n<li><span style=\"font-size: 100%;\">HUMIDIFIER als Standard (<strong>Wasseranschluss erforderlich<\/strong>).<\/span><\/li>\n<li><span style=\"font-size: 100%;\">KONDENSATSAMMELUNG mit herausnehmbarer Wanne.<\/span><\/li>\n<li><span style=\"font-size: 100%;\">H\u00f6henverstellbare F\u00fc\u00dfe aus rostfreiem Stahl (130-200 mm).<\/span><\/li>\n<li><span style=\"font-size: 100%;\">Innenbeleuchtung mit K4000 LED-Leisten<\/span><\/li>\n<li><span style=\"font-size: 100%;\">LED-UVC-Entkeimungslampe als Standard<\/span><\/li>\n<li><span style=\"font-size: 100%;\">SELBSTSCHLIESSENDE T\u00dcREN mit leicht austauschbaren Magnetdichtungen, SCHL\u00dcSSELschloss.<\/span><\/li>\n<li><span style=\"font-size: 100%;\">HACCP ALARMS Management.<\/span><\/li>\n<li><span style=\"font-size: 100%;\">Bel\u00fcfteter Verdampfer mit luftgek\u00fchltem Verfl\u00fcssigungssatz - K\u00e4ltemittelgas R290<\/span><\/li>\n<li><span style=\"font-size: 100%;\">MEATouch elektronisches Bedienfeld mit 4,3\"-Touchscreen-Display<\/span><\/li>\n<li><span style=\"font-size: 100%;\">H\u00f6henverstellbare F\u00fc\u00dfe aus Edelstahl (130-200 mm)<\/span><\/li>\n<li><span style=\"font-size: 100%;\"><strong>WiFi-Verbindung als Standard<\/strong><\/span><br \/>\n<span style=\"font-size: 100%;\">Meatico stellt \u00fcber ein Wi-Fi-Netzwerk automatisch eine Verbindung zur Cloud her, so dass der Betrieb und die Parameter des Schranks oder der Zelle aus der Ferne verwaltet werden k\u00f6nnen.<\/span><\/li>\n<\/ul>\n\t\t<\/div>\n\t\t\t\t\t<\/div>\n\n\t\n<\/div>\n<hr \/>\n<h3 style=\"text-align: center;\"><strong>MEATouch-Bedienfeld<\/strong><\/h3>\n<p>Farb-Touchscreen-Display. Gr\u00f6\u00dfe: 4,3\"<\/p>\n<p><a href=\"https:\/\/www.creaearredanegozi.it\/wp-content\/uploads\/2019\/09\/Display_MEAT.jpg\"><img decoding=\"async\" class=\"alignnone wp-image-123963 size-full\" src=\"https:\/\/www.creaearredanegozi.it\/wp-content\/uploads\/2019\/09\/Display_MEAT.jpg\" alt=\"\" width=\"1046\" height=\"651\" title=\"\" srcset=\"https:\/\/www.creaearredanegozi.it\/wp-content\/uploads\/2019\/09\/Display_MEAT.jpg 1046w, https:\/\/www.creaearredanegozi.it\/wp-content\/uploads\/2019\/09\/Display_MEAT-516x321.jpg 516w, https:\/\/www.creaearredanegozi.it\/wp-content\/uploads\/2019\/09\/Display_MEAT-64x40.jpg 64w, https:\/\/www.creaearredanegozi.it\/wp-content\/uploads\/2019\/09\/Display_MEAT-643x400.jpg 643w, https:\/\/www.creaearredanegozi.it\/wp-content\/uploads\/2019\/09\/Display_MEAT-768x478.jpg 768w\" sizes=\"(max-width: 1046px) 100vw, 1046px\" \/><\/a><\/p>\n<p><strong>3 voreingestellte Rezepte<\/strong>bis zu 4 separate Schritte f\u00fcr jedes Rezept programmierbar<br \/>\n<strong>10 vollst\u00e4ndig anpassbare Rezepte<\/strong> einpr\u00e4gsam auf dem Instrument<\/p>\n<p><strong>4 separate Schritte f\u00fcr jedes Rezept.<\/strong><\/p>\n<p style=\"text-align: left;\"><strong>Funktionen: <\/strong><\/p>\n<table class=\"table table-striped\" style=\"width: 100%;\" width=\"100%\">\n<tbody>\n<tr>\n<td width=\"295\">Kontrollierte Parameter f\u00fcr jede Phase: Temperatur, Luftfeuchtigkeit, L\u00fcftergeschwindigkeit, Phasendauer<\/td>\n<\/tr>\n<tr>\n<td style=\"text-align: left;\" width=\"295\">Alarmverlauf kombiniert mit Pop-up-Warnmeldungen<\/td>\n<\/tr>\n<tr>\n<td width=\"295\">HACCP-Daten\/Alarmprotokoll<\/td>\n<\/tr>\n<tr>\n<td width=\"295\">St\u00e4ndige Anzeige von Raumtemperatur und Luftfeuchtigkeit<\/td>\n<\/tr>\n<tr>\n<td width=\"395\">Mehrsprachiges Men\u00fc<\/td>\n<\/tr>\n<tr>\n<td width=\"395\">Schnelle Einstellung und Anzeige von Temperatur und Luftfeuchtigkeit<\/td>\n<\/tr>\n<tr>\n<td width=\"395\">Manuelle oder zeitgesteuerte Aktivierung der UVC-Entkeimungslampe<\/td>\n<\/tr>\n<tr>\n<td width=\"395\">Anzeige der w\u00e4hrend des Rezepts gemessenen durchschnittlichen Temperatur- und Feuchtigkeitswerte<\/td>\n<\/tr>\n<tr>\n<td width=\"395\">Import\/Export von Rezepten, Parametern und aufgezeichneten Daten<\/td>\n<\/tr>\n<tr>\n<td>Wi-Fi-Verbindung f\u00fcr Fernanzeige und -steuerung<\/td>\n<\/tr>\n<\/tbody>\n<\/table>\n<hr \/>\n<p style=\"text-align: center;\"><strong>TECHNISCHE DATEN<\/strong><\/p>\n<table class=\"table table-striped\" style=\"width: 100%;\">\n<tbody>\n<tr>\n<td>\n<div align=\"left\"><strong>Modell<\/strong><\/div>\n<\/td>\n<td>\n<div align=\"left\"><strong>STG GREEN MEAT 1500 <\/strong><strong>BLACK<\/strong><\/div>\n<\/td>\n<\/tr>\n<tr>\n<td>\n<div align=\"left\">Abmessungen (BxTxH mm)<\/div>\n<\/td>\n<td>\n<div align=\"left\">1500 x 850 x 2080<\/div>\n<\/td>\n<\/tr>\n<tr>\n<td>\n<div align=\"left\">Temperatur<\/div>\n<\/td>\n<td>\n<div align=\"left\">0\u00b0 + 10\u00b0C<\/div>\n<div align=\"left\">40% - 90% U.R<\/div>\n<\/td>\n<\/tr>\n<tr>\n<td>\n<div align=\"left\">Leistung des K\u00fchlschranks (in Watt)<\/div>\n<\/td>\n<td>\n<div align=\"left\">1040<\/div>\n<\/td>\n<\/tr>\n<tr>\n<td>\n<div align=\"left\">Absorption (Watt)<\/div>\n<\/td>\n<td>\n<div align=\"left\">1700<\/div>\n<\/td>\n<\/tr>\n<tr>\n<td>\n<div align=\"left\">Kapazit\u00e4t<\/div>\n<\/td>\n<td>\n<div align=\"left\">Fleisch 300 kg<\/div>\n<\/td>\n<\/tr>\n<tr>\n<td>\n<div align=\"left\">Anzeige<\/div>\n<\/td>\n<td>\n<div align=\"left\">MEATouch<\/div>\n<\/td>\n<\/tr>\n<tr>\n<td>\n<div align=\"left\">Nettogewicht (kg)<\/div>\n<\/td>\n<td>\n<div align=\"left\">305<\/div>\n<\/td>\n<\/tr>\n<tr>\n<td>\n<div align=\"left\">Bruttogewicht (kg)<\/div>\n<\/td>\n<td>\n<div align=\"left\">330<\/div>\n<\/td>\n<\/tr>\n<\/tbody>\n<\/table>\n<hr \/>\n<p style=\"text-align: center;\"><strong>STANDARDAUSSTATTUNG<\/strong><\/p>\n<table class=\"table table-striped\" style=\"width: 100%;\">\n<tbody>\n<tr>\n<th style=\"width: 25%;\" scope=\"col\">\n<div>\n<p><img decoding=\"async\" class=\"aligncenter\" title=\"Zweit\u00fcrige Fleisch- und K\u00e4sereifungsvitrine aus rostfreiem Stahl Aisi 304 VIP Version Everlasting\" src=\"https:\/\/www.creaearredanegozi.it\/wp-content\/uploads\/2019\/09\/Guide.jpg\" alt=\"Zweit\u00fcrige Fleisch- und K\u00e4sereifungsvitrine aus rostfreiem Stahl Aisi 304 VIP Version Everlasting\" width=\"80\" height=\"80\" \/><\/p>\n<\/div>\n<\/th>\n<td style=\"width: 50%;\">\n<p style=\"text-align: center;\">F\u00fchrungspaare aus rostfreiem Stahl<\/p>\n<\/td>\n<td style=\"width: 25%;\">\n<div style=\"text-align: center;\">N\u00b0 6<\/div>\n<\/td>\n<\/tr>\n<tr>\n<th style=\"width: 25%;\" scope=\"col\">\n<div><img decoding=\"async\" class=\"aligncenter\" style=\"text-align: start;\" title=\"Zweit\u00fcrige Fleisch- und K\u00e4sereifungsvitrine aus rostfreiem Stahl Aisi 304 VIP Version Everlasting\" src=\"https:\/\/www.creaearredanegozi.it\/wp-content\/uploads\/2019\/09\/Griglie-plastificate.jpg\" alt=\"Zweit\u00fcrige Fleisch- und K\u00e4sereifungsvitrine aus rostfreiem Stahl Aisi 304 VIP Version Everlasting\" width=\"80\" height=\"80\" \/><\/div>\n<\/th>\n<td>\n<div style=\"text-align: center;\">Roste aus rostfreiem Stahl<\/div>\n<\/td>\n<td>\n<div style=\"text-align: center;\">N\u00b0 6<\/div>\n<\/td>\n<\/tr>\n<tr>\n<th style=\"width: 25%;\" scope=\"col\">\n<div style=\"text-align: center;\"><img decoding=\"async\" class=\"alignnone wp-image-123906 size-full\" src=\"https:\/\/www.creaearredanegozi.it\/wp-content\/uploads\/2019\/09\/Ganciera.jpg\" alt=\"\" width=\"100\" height=\"100\" title=\"\" srcset=\"https:\/\/www.creaearredanegozi.it\/wp-content\/uploads\/2019\/09\/Ganciera.jpg 100w, https:\/\/www.creaearredanegozi.it\/wp-content\/uploads\/2019\/09\/Ganciera-64x64.jpg 64w\" sizes=\"(max-width: 100px) 100vw, 100px\" \/><\/div>\n<\/th>\n<td>\n<div style=\"text-align: center;\">Fleischerhaken mit 2 Haken<\/div>\n<\/td>\n<td style=\"text-align: center;\">N. 2<\/td>\n<\/tr>\n<\/tbody>\n<\/table>\n<table style=\"height: auto; width: 100%; border-collapse: collapse;\">\n<tbody>\n<tr style=\"height: 80px;\">\n<td style=\"height: auto; width: 39.9103%; text-align: center;\" colspan=\"4\"><strong>FERNVERBINDUNG ALS STANDARD<\/strong><br \/>\nMeatico stellt \u00fcber ein Wi-Fi-Netzwerk automatisch eine Verbindung zur Cloud her, so dass der Betrieb und die Parameter des Schranks oder der Zelle aus der Ferne verwaltet werden k\u00f6nnen.<\/td>\n<\/tr>\n<tr style=\"height: 284px;\">\n<td style=\"width: 39.9103%;\" rowspan=\"2\"><img decoding=\"async\" class=\"alignnone wp-image-123909 size-full\" src=\"https:\/\/www.creaearredanegozi.it\/wp-content\/uploads\/2019\/09\/App-Everlasting.jpg\" alt=\"\" width=\"479\" height=\"800\" title=\"\" srcset=\"https:\/\/www.creaearredanegozi.it\/wp-content\/uploads\/2019\/09\/App-Everlasting.jpg 479w, https:\/\/www.creaearredanegozi.it\/wp-content\/uploads\/2019\/09\/App-Everlasting-64x107.jpg 64w, https:\/\/www.creaearredanegozi.it\/wp-content\/uploads\/2019\/09\/App-Everlasting-240x400.jpg 240w\" sizes=\"(max-width: 479px) 100vw, 479px\" \/><\/td>\n<td style=\"width: 20%; height: auto; text-align: center;\"><img decoding=\"async\" class=\"alignnone wp-image-123910 size-full\" src=\"https:\/\/www.creaearredanegozi.it\/wp-content\/uploads\/2019\/09\/Ciclo.jpg\" alt=\"\" width=\"120\" height=\"120\" title=\"\" srcset=\"https:\/\/www.creaearredanegozi.it\/wp-content\/uploads\/2019\/09\/Ciclo.jpg 120w, https:\/\/www.creaearredanegozi.it\/wp-content\/uploads\/2019\/09\/Ciclo-100x100.jpg 100w, https:\/\/www.creaearredanegozi.it\/wp-content\/uploads\/2019\/09\/Ciclo-64x64.jpg 64w\" sizes=\"(max-width: 120px) 100vw, 120px\" \/><\/p>\n<p>Visualisierung<br \/>\naktueller Zyklus<\/td>\n<td style=\"width: 20%; height: auto; text-align: center;\"><img decoding=\"async\" class=\"alignnone wp-image-123907 size-full\" src=\"https:\/\/www.creaearredanegozi.it\/wp-content\/uploads\/2019\/09\/Accensione.jpg\" alt=\"\" width=\"113\" height=\"113\" title=\"\" srcset=\"https:\/\/www.creaearredanegozi.it\/wp-content\/uploads\/2019\/09\/Accensione.jpg 113w, https:\/\/www.creaearredanegozi.it\/wp-content\/uploads\/2019\/09\/Accensione-100x100.jpg 100w, https:\/\/www.creaearredanegozi.it\/wp-content\/uploads\/2019\/09\/Accensione-64x64.jpg 64w\" sizes=\"(max-width: 113px) 100vw, 113px\" \/><\/p>\n<p>Ein- und Ausschalten<br \/>\ndes Ger\u00e4ts<\/td>\n<td style=\"width: 20%; height: auto; text-align: center;\"><img decoding=\"async\" class=\"alignnone wp-image-123911 size-full\" src=\"https:\/\/www.creaearredanegozi.it\/wp-content\/uploads\/2019\/09\/Grafico.jpg\" alt=\"\" width=\"120\" height=\"120\" title=\"\" srcset=\"https:\/\/www.creaearredanegozi.it\/wp-content\/uploads\/2019\/09\/Grafico.jpg 120w, https:\/\/www.creaearredanegozi.it\/wp-content\/uploads\/2019\/09\/Grafico-100x100.jpg 100w, https:\/\/www.creaearredanegozi.it\/wp-content\/uploads\/2019\/09\/Grafico-64x64.jpg 64w\" sizes=\"(max-width: 120px) 100vw, 120px\" \/><\/p>\n<p>Visualisierung von Grafiken<br \/>\naktueller Zyklus<\/td>\n<\/tr>\n<tr style=\"height: 51px;\">\n<td style=\"width: 20%; height: 55px; text-align: center;\"><img decoding=\"async\" class=\"alignnone wp-image-123908 size-full\" src=\"https:\/\/www.creaearredanegozi.it\/wp-content\/uploads\/2019\/09\/Allarmi.jpg\" alt=\"\" width=\"120\" height=\"120\" title=\"\" srcset=\"https:\/\/www.creaearredanegozi.it\/wp-content\/uploads\/2019\/09\/Allarmi.jpg 120w, https:\/\/www.creaearredanegozi.it\/wp-content\/uploads\/2019\/09\/Allarmi-100x100.jpg 100w, https:\/\/www.creaearredanegozi.it\/wp-content\/uploads\/2019\/09\/Allarmi-64x64.jpg 64w\" sizes=\"(max-width: 120px) 100vw, 120px\" \/><\/p>\n<p>Bekanntmachung und Verwaltung von<br \/>\nm\u00f6gliche Alarme<\/td>\n<td style=\"width: 20%; height: 55px; text-align: center;\"><img decoding=\"async\" class=\"alignnone wp-image-123913 size-full\" src=\"https:\/\/www.creaearredanegozi.it\/wp-content\/uploads\/2019\/09\/Ricette.jpg\" alt=\"\" width=\"119\" height=\"120\" title=\"\" srcset=\"https:\/\/www.creaearredanegozi.it\/wp-content\/uploads\/2019\/09\/Ricette.jpg 119w, https:\/\/www.creaearredanegozi.it\/wp-content\/uploads\/2019\/09\/Ricette-100x100.jpg 100w, https:\/\/www.creaearredanegozi.it\/wp-content\/uploads\/2019\/09\/Ricette-64x65.jpg 64w\" sizes=\"(max-width: 119px) 100vw, 119px\" \/><\/p>\n<p>Erstellung von<br \/>\nneue Rezepte<\/td>\n<td style=\"width: 20%; height: 55px; text-align: center;\"><img decoding=\"async\" class=\"alignnone wp-image-123912 size-full\" src=\"https:\/\/www.creaearredanegozi.it\/wp-content\/uploads\/2019\/09\/parametri.jpg\" alt=\"\" width=\"120\" height=\"120\" title=\"\" srcset=\"https:\/\/www.creaearredanegozi.it\/wp-content\/uploads\/2019\/09\/parametri.jpg 120w, https:\/\/www.creaearredanegozi.it\/wp-content\/uploads\/2019\/09\/parametri-100x100.jpg 100w, https:\/\/www.creaearredanegozi.it\/wp-content\/uploads\/2019\/09\/parametri-64x64.jpg 64w\" sizes=\"(max-width: 120px) 100vw, 120px\" \/><\/p>\n<p>Visualisierung und<br \/>\nBearbeitungsparameter<\/td>\n<\/tr>\n<\/tbody>\n<\/table>\n<p><a href=\"https:\/\/www.creaearredanegozi.it\/wp-content\/uploads\/2019\/09\/Banner_MEAT.jpg\"><img decoding=\"async\" class=\"alignnone size-full wp-image-123964\" src=\"https:\/\/www.creaearredanegozi.it\/wp-content\/uploads\/2019\/09\/Banner_MEAT.jpg\" alt=\"\" width=\"100%\" height=\"auto\" title=\"\" srcset=\"https:\/\/www.creaearredanegozi.it\/wp-content\/uploads\/2019\/09\/Banner_MEAT.jpg 1087w, https:\/\/www.creaearredanegozi.it\/wp-content\/uploads\/2019\/09\/Banner_MEAT-516x314.jpg 516w, https:\/\/www.creaearredanegozi.it\/wp-content\/uploads\/2019\/09\/Banner_MEAT-64x39.jpg 64w, https:\/\/www.creaearredanegozi.it\/wp-content\/uploads\/2019\/09\/Banner_MEAT-657x400.jpg 657w, https:\/\/www.creaearredanegozi.it\/wp-content\/uploads\/2019\/09\/Banner_MEAT-768x468.jpg 768w\" sizes=\"(max-width: 1087px) 100vw, 1087px\" \/><\/a><\/p>\n<p><strong>ACCESSORI DISPONIBILI A RICHIESTA<\/strong><\/p>\n<ul>\n<li style=\"text-align: left;\">Produkttemperatur-Stiftsonde<\/li>\n<li style=\"text-align: left;\">Sonda di misurazione Ph integrata nell\u2019elettronica MEATouch<\/li>\n<li style=\"text-align: left;\">Tragbares Ph-Messger\u00e4t<\/li>\n<li style=\"text-align: left;\">Anwendung der R\u00e4der<\/li>\n<li style=\"text-align: left;\">Sockel zur Abdeckung der F\u00fc\u00dfe (nicht verf\u00fcgbar, wenn R\u00e4der vorhanden sind)<\/li>\n<li style=\"text-align: left;\">Unit\u00e0 condensatrice remota (versioni REM)<\/li>\n<\/ul>","protected":false},"excerpt":{"rendered":"<p>Frollatore Carni porta a vetro pannello touch MEATico Everlasting Lo Stagionatore Carni Everlasting \u00e8 realizzato con l\u2019aiuto di esperti e professionisti che operano nell&#8217;industria della carne. Quando non si ha a disposizione una cantina o un luogo adatto alla maturazione e conservazione di prodotti artigianali, che sia sicuro e protetto da interferenze climatiche e ambientali, [&#8230;]","protected":false},"featured_media":123969,"comment_status":"closed","ping_status":"closed","template":"","meta":{"_monsterinsights_skip_tracking":false,"_monsterinsights_sitenote_active":false,"_monsterinsights_sitenote_note":"","_monsterinsights_sitenote_category":0},"product_brand":[743],"product_cat":[21],"product_tag":[],"class_list":{"0":"post-29806","1":"product","2":"type-product","3":"status-publish","4":"has-post-thumbnail","6":"product_brand-everlasting","7":"product_cat-stagionatori-e-frollatori","9":"first","10":"instock","11":"taxable","12":"shipping-taxable","13":"purchasable","14":"product-type-simple"},"_links":{"self":[{"href":"https:\/\/www.creaearredanegozi.it\/de\/wp-json\/wp\/v2\/product\/29806","targetHints":{"allow":["GET"]}}],"collection":[{"href":"https:\/\/www.creaearredanegozi.it\/de\/wp-json\/wp\/v2\/product"}],"about":[{"href":"https:\/\/www.creaearredanegozi.it\/de\/wp-json\/wp\/v2\/types\/product"}],"replies":[{"embeddable":true,"href":"https:\/\/www.creaearredanegozi.it\/de\/wp-json\/wp\/v2\/comments?post=29806"}],"wp:featuredmedia":[{"embeddable":true,"href":"https:\/\/www.creaearredanegozi.it\/de\/wp-json\/wp\/v2\/media\/123969"}],"wp:attachment":[{"href":"https:\/\/www.creaearredanegozi.it\/de\/wp-json\/wp\/v2\/media?parent=29806"}],"wp:term":[{"taxonomy":"product_brand","embeddable":true,"href":"https:\/\/www.creaearredanegozi.it\/de\/wp-json\/wp\/v2\/product_brand?post=29806"},{"taxonomy":"product_cat","embeddable":true,"href":"https:\/\/www.creaearredanegozi.it\/de\/wp-json\/wp\/v2\/product_cat?post=29806"},{"taxonomy":"product_tag","embeddable":true,"href":"https:\/\/www.creaearredanegozi.it\/de\/wp-json\/wp\/v2\/product_tag?post=29806"}],"curies":[{"name":"wp","href":"https:\/\/api.w.org\/{rel}","templated":true}]}}